{"id":1127,"date":"2021-04-13T11:03:29","date_gmt":"2021-04-13T14:03:29","guid":{"rendered":"http:\/\/web.web.devops.arsat.com.ar\/?page_id=1127"},"modified":"2021-07-29T12:05:19","modified_gmt":"2021-07-29T15:05:19","slug":"television-digital-satelital","status":"publish","type":"page","link":"https:\/\/\/web.devops.arsat.com.ar\/infraestructura-tecnologica\/television-digital-abierta\/television-digital-abierta-subseccion\/television-digital-satelital\/","title":{"rendered":"Televisi\u00f3n Digital Satelital"},"content":{"rendered":"<p>Este sat\u00e9lite lo desarrollamos, entre otras prestaciones, para transportar se\u00f1ales de video para canales de TV y brindar servicios de televisi\u00f3n directa al hogar (TDH), complementando la cobertura de la TV digital terrestre.<\/p>\n<p>Beneficios adicionales que se han incorporado dentro de la Televisi\u00f3n Digital Abierta, son los denominados:<\/p>\n<ul>\n<li aria-level=\"1\">EPG: Gu\u00eda Electr\u00f3nica de Programas, que permite al televidente conocer los contenidos de las se\u00f1ales con anticipaci\u00f3n.<\/li>\n<li aria-level=\"1\">Ginga: canal de datos para poder desarrollar aplicaciones de inter\u00e9s general como estado del tiempo, del tr\u00e1nsito, estad\u00edsticas deportivas, etc. y depender\u00e1 de la se\u00f1al si desea implementarlo, sin ser una obligaci\u00f3n<\/li>\n<\/ul>\n","protected":false},"excerpt":{"rendered":"Este sat\u00e9lite lo desarrollamos, entre otras prestaciones, para transportar se\u00f1ales de video para canales de TV y brindar servicios de televisi\u00f3n directa al hogar (TDH), complementando la cobertura de la TV digital terrestre. Beneficios adicionales que se han incorporado dentro de la Televisi\u00f3n Digital Abierta, son los denominados: EPG: Gu\u00eda Electr\u00f3nica de Programas, que permite&#8230; <a class=\"view-article\" href=\"https:\/\/\/web.devops.arsat.com.ar\/infraestructura-tecnologica\/television-digital-abierta\/television-digital-abierta-subseccion\/television-digital-satelital\/\">View Article<\/a>","protected":false},"author":15,"featured_media":1128,"parent":1190,"menu_order":198,"comment_status":"closed","ping_status":"closed","template":"template-producto-servicio.php","meta":{"footnotes":""},"class_list":["post-1127","page","type-page","status-publish","has-post-thumbnail","hentry"],"acf":[],"yoast_head":"<!-- This site is optimized with the Yoast SEO plugin v19.7.2 - https:\/\/yoast.com\/wordpress\/plugins\/seo\/ -->\n<title>Televisi\u00f3n Digital Satelital - Arsat<\/title>\n<meta name=\"robots\" content=\"index, follow, max-snippet:-1, max-image-preview:large, max-video-preview:-1\" \/>\n<link rel=\"canonical\" href=\"https:\/\/web.devops.arsat.com.ar\/infraestructura-tecnologica\/television-digital-abierta\/television-digital-abierta-subseccion\/television-digital-satelital\/\" \/>\n<meta property=\"og:locale\" content=\"es_ES\" \/>\n<meta property=\"og:type\" content=\"article\" \/>\n<meta property=\"og:title\" content=\"Televisi\u00f3n Digital Satelital - Arsat\" \/>\n<meta property=\"og:description\" content=\"Este sat\u00e9lite lo desarrollamos, entre otras prestaciones, para transportar se\u00f1ales de video para canales de TV y brindar servicios de televisi\u00f3n directa al hogar (TDH), complementando la cobertura de la TV digital terrestre. Beneficios adicionales que se han incorporado dentro de la Televisi\u00f3n Digital Abierta, son los denominados: EPG: Gu\u00eda Electr\u00f3nica de Programas, que permite... View Article\" \/>\n<meta property=\"og:url\" content=\"https:\/\/\/web.devops.arsat.com.ar\/infraestructura-tecnologica\/television-digital-abierta\/television-digital-abierta-subseccion\/television-digital-satelital\/\" \/>\n<meta property=\"og:site_name\" content=\"Arsat\" \/>\n<meta property=\"article:publisher\" content=\"https:\/\/www.facebook.com\/arsatsa\/\" \/>\n<meta property=\"article:modified_time\" content=\"2021-07-29T15:05:19+00:00\" \/>\n<meta property=\"og:image\" content=\"https:\/\/web.devops.arsat.com.ar\/wp-content\/uploads\/2021\/04\/tda-tdsatelital-1750x983.jpg\" \/>\n\t<meta property=\"og:image:width\" content=\"1920\" \/>\n\t<meta property=\"og:image:height\" content=\"1079\" \/>\n\t<meta property=\"og:image:type\" content=\"image\/jpeg\" \/>\n<meta name=\"twitter:card\" content=\"summary_large_image\" \/>\n<meta name=\"twitter:site\" content=\"@ARSATSA\" \/>\n<meta name=\"twitter:label1\" content=\"Tiempo de lectura\" \/>\n\t<meta name=\"twitter:data1\" content=\"1 minuto\" \/>\n<script type=\"application\/ld+json\" class=\"yoast-schema-graph\">{\"@context\":\"https:\/\/schema.org\",\"@graph\":[{\"@type\":\"WebPage\",\"@id\":\"https:\/\/\/web.devops.arsat.com.ar\/infraestructura-tecnologica\/television-digital-abierta\/television-digital-abierta-subseccion\/television-digital-satelital\/\",\"url\":\"https:\/\/\/web.devops.arsat.com.ar\/infraestructura-tecnologica\/television-digital-abierta\/television-digital-abierta-subseccion\/television-digital-satelital\/\",\"name\":\"Televisi\u00f3n Digital Satelital - Arsat\",\"isPartOf\":{\"@id\":\"https:\/\/\/web.devops.arsat.com.ar\/#website\"},\"datePublished\":\"2021-04-13T14:03:29+00:00\",\"dateModified\":\"2021-07-29T15:05:19+00:00\",\"breadcrumb\":{\"@id\":\"https:\/\/\/web.devops.arsat.com.ar\/infraestructura-tecnologica\/television-digital-abierta\/television-digital-abierta-subseccion\/television-digital-satelital\/#breadcrumb\"},\"inLanguage\":\"es\",\"potentialAction\":[{\"@type\":\"ReadAction\",\"target\":[\"https:\/\/\/web.devops.arsat.com.ar\/infraestructura-tecnologica\/television-digital-abierta\/television-digital-abierta-subseccion\/television-digital-satelital\/\"]}]},{\"@type\":\"BreadcrumbList\",\"@id\":\"https:\/\/\/web.devops.arsat.com.ar\/infraestructura-tecnologica\/television-digital-abierta\/television-digital-abierta-subseccion\/television-digital-satelital\/#breadcrumb\",\"itemListElement\":[{\"@type\":\"ListItem\",\"position\":1,\"name\":\"Inicio\",\"item\":\"\/\"},{\"@type\":\"ListItem\",\"position\":2,\"name\":\"Infraestructura Tecnol\u00f3gica\",\"item\":\"\/\"},{\"@type\":\"ListItem\",\"position\":3,\"name\":\"Televisi\u00f3n Digital Abierta\",\"item\":\"\/\"},{\"@type\":\"ListItem\",\"position\":4,\"name\":\"Televisi\u00f3n Digital Abierta &#8211; Subsecci\u00f3n\",\"item\":\"\/\"},{\"@type\":\"ListItem\",\"position\":5,\"name\":\"Televisi\u00f3n Digital Satelital\"}]},{\"@type\":\"WebSite\",\"@id\":\"https:\/\/\/web.devops.arsat.com.ar\/#website\",\"url\":\"https:\/\/\/web.devops.arsat.com.ar\/\",\"name\":\"Arsat\",\"description\":\"Estamos conectados\",\"publisher\":{\"@id\":\"https:\/\/\/web.devops.arsat.com.ar\/#organization\"},\"potentialAction\":[{\"@type\":\"SearchAction\",\"target\":{\"@type\":\"EntryPoint\",\"urlTemplate\":\"https:\/\/\/web.devops.arsat.com.ar\/?s={search_term_string}\"},\"query-input\":\"required name=search_term_string\"}],\"inLanguage\":\"es\"},{\"@type\":\"Organization\",\"@id\":\"https:\/\/\/web.devops.arsat.com.ar\/#organization\",\"name\":\"ARSAT\",\"url\":\"https:\/\/\/web.devops.arsat.com.ar\/\",\"sameAs\":[\"https:\/\/www.instagram.com\/arsatok\/\",\"https:\/\/www.youtube.com\/channel\/UCzMa-rxDrzoFGPdmhsewDiA\",\"https:\/\/www.facebook.com\/arsatsa\/\",\"https:\/\/twitter.com\/ARSATSA\"],\"logo\":{\"@type\":\"ImageObject\",\"inLanguage\":\"es\",\"@id\":\"https:\/\/\/web.devops.arsat.com.ar\/#\/schema\/logo\/image\/\",\"url\":\"https:\/\/www.arsat.com.ar\/wp-content\/uploads\/2021\/03\/Antena-desde-aire.jpg\",\"contentUrl\":\"https:\/\/www.arsat.com.ar\/wp-content\/uploads\/2021\/03\/Antena-desde-aire.jpg\",\"width\":1750,\"height\":984,\"caption\":\"ARSAT\"},\"image\":{\"@id\":\"https:\/\/\/web.devops.arsat.com.ar\/#\/schema\/logo\/image\/\"}}]}<\/script>\n<!-- \/ Yoast SEO plugin. -->","yoast_head_json":{"title":"Televisi\u00f3n Digital Satelital - Arsat","robots":{"index":"index","follow":"follow","max-snippet":"max-snippet:-1","max-image-preview":"max-image-preview:large","max-video-preview":"max-video-preview:-1"},"canonical":"https:\/\/web.devops.arsat.com.ar\/infraestructura-tecnologica\/television-digital-abierta\/television-digital-abierta-subseccion\/television-digital-satelital\/","og_locale":"es_ES","og_type":"article","og_title":"Televisi\u00f3n Digital Satelital - Arsat","og_description":"Este sat\u00e9lite lo desarrollamos, entre otras prestaciones, para transportar se\u00f1ales de video para canales de TV y brindar servicios de televisi\u00f3n directa al hogar (TDH), complementando la cobertura de la TV digital terrestre. Beneficios adicionales que se han incorporado dentro de la Televisi\u00f3n Digital Abierta, son los denominados: EPG: Gu\u00eda Electr\u00f3nica de Programas, que permite... View Article","og_url":"https:\/\/\/web.devops.arsat.com.ar\/infraestructura-tecnologica\/television-digital-abierta\/television-digital-abierta-subseccion\/television-digital-satelital\/","og_site_name":"Arsat","article_publisher":"https:\/\/www.facebook.com\/arsatsa\/","article_modified_time":"2021-07-29T15:05:19+00:00","og_image":[{"width":1920,"height":1079,"url":"https:\/\/web.devops.arsat.com.ar\/wp-content\/uploads\/2021\/04\/tda-tdsatelital-1750x983.jpg","type":"image\/jpeg"}],"twitter_card":"summary_large_image","twitter_site":"@ARSATSA","twitter_misc":{"Tiempo de lectura":"1 minuto"},"schema":{"@context":"https:\/\/schema.org","@graph":[{"@type":"WebPage","@id":"https:\/\/\/web.devops.arsat.com.ar\/infraestructura-tecnologica\/television-digital-abierta\/television-digital-abierta-subseccion\/television-digital-satelital\/","url":"https:\/\/\/web.devops.arsat.com.ar\/infraestructura-tecnologica\/television-digital-abierta\/television-digital-abierta-subseccion\/television-digital-satelital\/","name":"Televisi\u00f3n Digital Satelital - Arsat","isPartOf":{"@id":"https:\/\/\/web.devops.arsat.com.ar\/#website"},"datePublished":"2021-04-13T14:03:29+00:00","dateModified":"2021-07-29T15:05:19+00:00","breadcrumb":{"@id":"https:\/\/\/web.devops.arsat.com.ar\/infraestructura-tecnologica\/television-digital-abierta\/television-digital-abierta-subseccion\/television-digital-satelital\/#breadcrumb"},"inLanguage":"es","potentialAction":[{"@type":"ReadAction","target":["https:\/\/\/web.devops.arsat.com.ar\/infraestructura-tecnologica\/television-digital-abierta\/television-digital-abierta-subseccion\/television-digital-satelital\/"]}]},{"@type":"BreadcrumbList","@id":"https:\/\/\/web.devops.arsat.com.ar\/infraestructura-tecnologica\/television-digital-abierta\/television-digital-abierta-subseccion\/television-digital-satelital\/#breadcrumb","itemListElement":[{"@type":"ListItem","position":1,"name":"Inicio","item":"\/"},{"@type":"ListItem","position":2,"name":"Infraestructura Tecnol\u00f3gica","item":"\/"},{"@type":"ListItem","position":3,"name":"Televisi\u00f3n Digital Abierta","item":"\/"},{"@type":"ListItem","position":4,"name":"Televisi\u00f3n Digital Abierta &#8211; Subsecci\u00f3n","item":"\/"},{"@type":"ListItem","position":5,"name":"Televisi\u00f3n Digital Satelital"}]},{"@type":"WebSite","@id":"https:\/\/\/web.devops.arsat.com.ar\/#website","url":"https:\/\/\/web.devops.arsat.com.ar\/","name":"Arsat","description":"Estamos conectados","publisher":{"@id":"https:\/\/\/web.devops.arsat.com.ar\/#organization"},"potentialAction":[{"@type":"SearchAction","target":{"@type":"EntryPoint","urlTemplate":"https:\/\/\/web.devops.arsat.com.ar\/?s={search_term_string}"},"query-input":"required name=search_term_string"}],"inLanguage":"es"},{"@type":"Organization","@id":"https:\/\/\/web.devops.arsat.com.ar\/#organization","name":"ARSAT","url":"https:\/\/\/web.devops.arsat.com.ar\/","sameAs":["https:\/\/www.instagram.com\/arsatok\/","https:\/\/www.youtube.com\/channel\/UCzMa-rxDrzoFGPdmhsewDiA","https:\/\/www.facebook.com\/arsatsa\/","https:\/\/twitter.com\/ARSATSA"],"logo":{"@type":"ImageObject","inLanguage":"es","@id":"https:\/\/\/web.devops.arsat.com.ar\/#\/schema\/logo\/image\/","url":"https:\/\/www.arsat.com.ar\/wp-content\/uploads\/2021\/03\/Antena-desde-aire.jpg","contentUrl":"https:\/\/www.arsat.com.ar\/wp-content\/uploads\/2021\/03\/Antena-desde-aire.jpg","width":1750,"height":984,"caption":"ARSAT"},"image":{"@id":"https:\/\/\/web.devops.arsat.com.ar\/#\/schema\/logo\/image\/"}}]}},"_links":{"self":[{"href":"https:\/\/\/web.devops.arsat.com.ar\/wp-json\/wp\/v2\/pages\/1127","targetHints":{"allow":["GET"]}}],"collection":[{"href":"https:\/\/\/web.devops.arsat.com.ar\/wp-json\/wp\/v2\/pages"}],"about":[{"href":"https:\/\/\/web.devops.arsat.com.ar\/wp-json\/wp\/v2\/types\/page"}],"author":[{"embeddable":true,"href":"https:\/\/\/web.devops.arsat.com.ar\/wp-json\/wp\/v2\/users\/15"}],"replies":[{"embeddable":true,"href":"https:\/\/\/web.devops.arsat.com.ar\/wp-json\/wp\/v2\/comments?post=1127"}],"version-history":[{"count":3,"href":"https:\/\/\/web.devops.arsat.com.ar\/wp-json\/wp\/v2\/pages\/1127\/revisions"}],"predecessor-version":[{"id":3618,"href":"https:\/\/\/web.devops.arsat.com.ar\/wp-json\/wp\/v2\/pages\/1127\/revisions\/3618"}],"up":[{"embeddable":true,"href":"https:\/\/\/web.devops.arsat.com.ar\/wp-json\/wp\/v2\/pages\/1190"}],"wp:featuredmedia":[{"embeddable":true,"href":"https:\/\/\/web.devops.arsat.com.ar\/wp-json\/wp\/v2\/media\/1128"}],"wp:attachment":[{"href":"https:\/\/\/web.devops.arsat.com.ar\/wp-json\/wp\/v2\/media?parent=1127"}],"curies":[{"name":"wp","href":"https:\/\/api.w.org\/{rel}","templated":true}]}}