{"id":1226,"date":"2021-04-16T08:57:23","date_gmt":"2021-04-16T11:57:23","guid":{"rendered":"http:\/\/web.web.devops.arsat.com.ar\/?page_id=1226"},"modified":"2021-07-29T16:21:53","modified_gmt":"2021-07-29T19:21:53","slug":"mision-y-vision","status":"publish","type":"page","link":"https:\/\/\/web.devops.arsat.com.ar\/infraestructura-tecnologica\/datacenter\/proyectos\/cinear-play\/mision-y-vision\/","title":{"rendered":"Misi\u00f3n y visi\u00f3n"},"content":{"rendered":"<p>\u00bfQu\u00e9 se busc\u00f3 con la creaci\u00f3n de la plataforma?<\/p>\n<ul>\n<li>Establecer una nueva ventana digital de exhibici\u00f3n para el estreno y puesta a disposici\u00f3n de la poblaci\u00f3n de contenidos audiovisuales nacionales<\/li>\n<li>Poner a disposici\u00f3n de la poblaci\u00f3n la cinematograf\u00eda nacional en nuevos formatos tecnol\u00f3gicos.<\/li>\n<li>Ofrecer una alternativa para la difusi\u00f3n de contenidos audiovisuales tanto en territorio nacional como internacional<\/li>\n<li>Generar un nuevo circuito comercial que contribuya al fomento del sector<\/li>\n<li>Generar un nuevo escenario para la exhibici\u00f3n de contenidos audiovisuales nacionales que atienda el desaf\u00edo de la convergencia tecnol\u00f3gica<\/li>\n<\/ul>\n<p>El usuario final, con un simple registro, accede de manera gratuita a una gran cantidad de contenidos sin moverse de su casa, a trav\u00e9s de una soluci\u00f3n personalizada, multi pantalla y a pocos clics de distancia. Cine.Ar Play se la encuentra a trav\u00e9s de la siguiente URL <b>\u00a0<\/b><a href=\"https:\/\/play.cine.ar\/\"><b>https:\/\/play.cine.ar\/<\/b><\/a><b>.<\/b><\/p>\n<p>&nbsp;<\/p>\n","protected":false},"excerpt":{"rendered":"\u00bfQu\u00e9 se busc\u00f3 con la creaci\u00f3n de la plataforma? Establecer una nueva ventana digital de exhibici\u00f3n para el estreno y puesta a disposici\u00f3n de la poblaci\u00f3n de contenidos audiovisuales nacionales Poner a disposici\u00f3n de la poblaci\u00f3n la cinematograf\u00eda nacional en nuevos formatos tecnol\u00f3gicos. Ofrecer una alternativa para la difusi\u00f3n de contenidos audiovisuales tanto en territorio&#8230; <a class=\"view-article\" href=\"https:\/\/\/web.devops.arsat.com.ar\/infraestructura-tecnologica\/datacenter\/proyectos\/cinear-play\/mision-y-vision\/\">View Article<\/a>","protected":false},"author":15,"featured_media":1375,"parent":322,"menu_order":46,"comment_status":"closed","ping_status":"closed","template":"template-producto-servicio.php","meta":{"footnotes":""},"class_list":["post-1226","page","type-page","status-publish","has-post-thumbnail","hentry"],"acf":[],"yoast_head":"<!-- This site is optimized with the Yoast SEO plugin v19.7.2 - https:\/\/yoast.com\/wordpress\/plugins\/seo\/ -->\n<title>Misi\u00f3n y visi\u00f3n - Arsat<\/title>\n<meta name=\"robots\" content=\"index, follow, max-snippet:-1, max-image-preview:large, max-video-preview:-1\" \/>\n<link rel=\"canonical\" href=\"https:\/\/web.devops.arsat.com.ar\/infraestructura-tecnologica\/datacenter\/proyectos\/cinear-play\/mision-y-vision\/\" \/>\n<meta property=\"og:locale\" content=\"es_ES\" \/>\n<meta property=\"og:type\" content=\"article\" \/>\n<meta property=\"og:title\" content=\"Misi\u00f3n y visi\u00f3n - Arsat\" \/>\n<meta property=\"og:description\" content=\"\u00bfQu\u00e9 se busc\u00f3 con la creaci\u00f3n de la plataforma? Establecer una nueva ventana digital de exhibici\u00f3n para el estreno y puesta a disposici\u00f3n de la poblaci\u00f3n de contenidos audiovisuales nacionales Poner a disposici\u00f3n de la poblaci\u00f3n la cinematograf\u00eda nacional en nuevos formatos tecnol\u00f3gicos. Ofrecer una alternativa para la difusi\u00f3n de contenidos audiovisuales tanto en territorio... View Article\" \/>\n<meta property=\"og:url\" content=\"https:\/\/\/web.devops.arsat.com.ar\/infraestructura-tecnologica\/datacenter\/proyectos\/cinear-play\/mision-y-vision\/\" \/>\n<meta property=\"og:site_name\" content=\"Arsat\" \/>\n<meta property=\"article:publisher\" content=\"https:\/\/www.facebook.com\/arsatsa\/\" \/>\n<meta property=\"article:modified_time\" content=\"2021-07-29T19:21:53+00:00\" \/>\n<meta property=\"og:image\" content=\"https:\/\/web.devops.arsat.com.ar\/wp-content\/uploads\/2021\/04\/cinear-mision-1750x1168.jpg\" \/>\n\t<meta property=\"og:image:width\" content=\"1920\" \/>\n\t<meta property=\"og:image:height\" content=\"1281\" \/>\n\t<meta property=\"og:image:type\" content=\"image\/jpeg\" \/>\n<meta name=\"twitter:card\" content=\"summary_large_image\" \/>\n<meta name=\"twitter:site\" content=\"@ARSATSA\" \/>\n<meta name=\"twitter:label1\" content=\"Tiempo de lectura\" \/>\n\t<meta name=\"twitter:data1\" content=\"1 minuto\" \/>\n<script type=\"application\/ld+json\" class=\"yoast-schema-graph\">{\"@context\":\"https:\/\/schema.org\",\"@graph\":[{\"@type\":\"WebPage\",\"@id\":\"https:\/\/\/web.devops.arsat.com.ar\/infraestructura-tecnologica\/datacenter\/proyectos\/cinear-play\/mision-y-vision\/\",\"url\":\"https:\/\/\/web.devops.arsat.com.ar\/infraestructura-tecnologica\/datacenter\/proyectos\/cinear-play\/mision-y-vision\/\",\"name\":\"Misi\u00f3n y visi\u00f3n - Arsat\",\"isPartOf\":{\"@id\":\"https:\/\/\/web.devops.arsat.com.ar\/#website\"},\"datePublished\":\"2021-04-16T11:57:23+00:00\",\"dateModified\":\"2021-07-29T19:21:53+00:00\",\"breadcrumb\":{\"@id\":\"https:\/\/\/web.devops.arsat.com.ar\/infraestructura-tecnologica\/datacenter\/proyectos\/cinear-play\/mision-y-vision\/#breadcrumb\"},\"inLanguage\":\"es\",\"potentialAction\":[{\"@type\":\"ReadAction\",\"target\":[\"https:\/\/\/web.devops.arsat.com.ar\/infraestructura-tecnologica\/datacenter\/proyectos\/cinear-play\/mision-y-vision\/\"]}]},{\"@type\":\"BreadcrumbList\",\"@id\":\"https:\/\/\/web.devops.arsat.com.ar\/infraestructura-tecnologica\/datacenter\/proyectos\/cinear-play\/mision-y-vision\/#breadcrumb\",\"itemListElement\":[{\"@type\":\"ListItem\",\"position\":1,\"name\":\"Inicio\",\"item\":\"\/\"},{\"@type\":\"ListItem\",\"position\":2,\"name\":\"Infraestructura Tecnol\u00f3gica\",\"item\":\"\/\"},{\"@type\":\"ListItem\",\"position\":3,\"name\":\"Datacenter\",\"item\":\"\/\"},{\"@type\":\"ListItem\",\"position\":4,\"name\":\"Proyectos\",\"item\":\"\/\"},{\"@type\":\"ListItem\",\"position\":5,\"name\":\"CINE.AR PLAY\",\"item\":\"\/\"},{\"@type\":\"ListItem\",\"position\":6,\"name\":\"Misi\u00f3n y visi\u00f3n\"}]},{\"@type\":\"WebSite\",\"@id\":\"https:\/\/\/web.devops.arsat.com.ar\/#website\",\"url\":\"https:\/\/\/web.devops.arsat.com.ar\/\",\"name\":\"Arsat\",\"description\":\"Estamos conectados\",\"publisher\":{\"@id\":\"https:\/\/\/web.devops.arsat.com.ar\/#organization\"},\"potentialAction\":[{\"@type\":\"SearchAction\",\"target\":{\"@type\":\"EntryPoint\",\"urlTemplate\":\"https:\/\/\/web.devops.arsat.com.ar\/?s={search_term_string}\"},\"query-input\":\"required name=search_term_string\"}],\"inLanguage\":\"es\"},{\"@type\":\"Organization\",\"@id\":\"https:\/\/\/web.devops.arsat.com.ar\/#organization\",\"name\":\"ARSAT\",\"url\":\"https:\/\/\/web.devops.arsat.com.ar\/\",\"sameAs\":[\"https:\/\/www.instagram.com\/arsatok\/\",\"https:\/\/www.youtube.com\/channel\/UCzMa-rxDrzoFGPdmhsewDiA\",\"https:\/\/www.facebook.com\/arsatsa\/\",\"https:\/\/twitter.com\/ARSATSA\"],\"logo\":{\"@type\":\"ImageObject\",\"inLanguage\":\"es\",\"@id\":\"https:\/\/\/web.devops.arsat.com.ar\/#\/schema\/logo\/image\/\",\"url\":\"https:\/\/www.arsat.com.ar\/wp-content\/uploads\/2021\/03\/Antena-desde-aire.jpg\",\"contentUrl\":\"https:\/\/www.arsat.com.ar\/wp-content\/uploads\/2021\/03\/Antena-desde-aire.jpg\",\"width\":1750,\"height\":984,\"caption\":\"ARSAT\"},\"image\":{\"@id\":\"https:\/\/\/web.devops.arsat.com.ar\/#\/schema\/logo\/image\/\"}}]}<\/script>\n<!-- \/ Yoast SEO plugin. -->","yoast_head_json":{"title":"Misi\u00f3n y visi\u00f3n - Arsat","robots":{"index":"index","follow":"follow","max-snippet":"max-snippet:-1","max-image-preview":"max-image-preview:large","max-video-preview":"max-video-preview:-1"},"canonical":"https:\/\/web.devops.arsat.com.ar\/infraestructura-tecnologica\/datacenter\/proyectos\/cinear-play\/mision-y-vision\/","og_locale":"es_ES","og_type":"article","og_title":"Misi\u00f3n y visi\u00f3n - Arsat","og_description":"\u00bfQu\u00e9 se busc\u00f3 con la creaci\u00f3n de la plataforma? Establecer una nueva ventana digital de exhibici\u00f3n para el estreno y puesta a disposici\u00f3n de la poblaci\u00f3n de contenidos audiovisuales nacionales Poner a disposici\u00f3n de la poblaci\u00f3n la cinematograf\u00eda nacional en nuevos formatos tecnol\u00f3gicos. Ofrecer una alternativa para la difusi\u00f3n de contenidos audiovisuales tanto en territorio... View Article","og_url":"https:\/\/\/web.devops.arsat.com.ar\/infraestructura-tecnologica\/datacenter\/proyectos\/cinear-play\/mision-y-vision\/","og_site_name":"Arsat","article_publisher":"https:\/\/www.facebook.com\/arsatsa\/","article_modified_time":"2021-07-29T19:21:53+00:00","og_image":[{"width":1920,"height":1281,"url":"https:\/\/web.devops.arsat.com.ar\/wp-content\/uploads\/2021\/04\/cinear-mision-1750x1168.jpg","type":"image\/jpeg"}],"twitter_card":"summary_large_image","twitter_site":"@ARSATSA","twitter_misc":{"Tiempo de lectura":"1 minuto"},"schema":{"@context":"https:\/\/schema.org","@graph":[{"@type":"WebPage","@id":"https:\/\/\/web.devops.arsat.com.ar\/infraestructura-tecnologica\/datacenter\/proyectos\/cinear-play\/mision-y-vision\/","url":"https:\/\/\/web.devops.arsat.com.ar\/infraestructura-tecnologica\/datacenter\/proyectos\/cinear-play\/mision-y-vision\/","name":"Misi\u00f3n y visi\u00f3n - Arsat","isPartOf":{"@id":"https:\/\/\/web.devops.arsat.com.ar\/#website"},"datePublished":"2021-04-16T11:57:23+00:00","dateModified":"2021-07-29T19:21:53+00:00","breadcrumb":{"@id":"https:\/\/\/web.devops.arsat.com.ar\/infraestructura-tecnologica\/datacenter\/proyectos\/cinear-play\/mision-y-vision\/#breadcrumb"},"inLanguage":"es","potentialAction":[{"@type":"ReadAction","target":["https:\/\/\/web.devops.arsat.com.ar\/infraestructura-tecnologica\/datacenter\/proyectos\/cinear-play\/mision-y-vision\/"]}]},{"@type":"BreadcrumbList","@id":"https:\/\/\/web.devops.arsat.com.ar\/infraestructura-tecnologica\/datacenter\/proyectos\/cinear-play\/mision-y-vision\/#breadcrumb","itemListElement":[{"@type":"ListItem","position":1,"name":"Inicio","item":"\/"},{"@type":"ListItem","position":2,"name":"Infraestructura Tecnol\u00f3gica","item":"\/"},{"@type":"ListItem","position":3,"name":"Datacenter","item":"\/"},{"@type":"ListItem","position":4,"name":"Proyectos","item":"\/"},{"@type":"ListItem","position":5,"name":"CINE.AR PLAY","item":"\/"},{"@type":"ListItem","position":6,"name":"Misi\u00f3n y visi\u00f3n"}]},{"@type":"WebSite","@id":"https:\/\/\/web.devops.arsat.com.ar\/#website","url":"https:\/\/\/web.devops.arsat.com.ar\/","name":"Arsat","description":"Estamos conectados","publisher":{"@id":"https:\/\/\/web.devops.arsat.com.ar\/#organization"},"potentialAction":[{"@type":"SearchAction","target":{"@type":"EntryPoint","urlTemplate":"https:\/\/\/web.devops.arsat.com.ar\/?s={search_term_string}"},"query-input":"required name=search_term_string"}],"inLanguage":"es"},{"@type":"Organization","@id":"https:\/\/\/web.devops.arsat.com.ar\/#organization","name":"ARSAT","url":"https:\/\/\/web.devops.arsat.com.ar\/","sameAs":["https:\/\/www.instagram.com\/arsatok\/","https:\/\/www.youtube.com\/channel\/UCzMa-rxDrzoFGPdmhsewDiA","https:\/\/www.facebook.com\/arsatsa\/","https:\/\/twitter.com\/ARSATSA"],"logo":{"@type":"ImageObject","inLanguage":"es","@id":"https:\/\/\/web.devops.arsat.com.ar\/#\/schema\/logo\/image\/","url":"https:\/\/www.arsat.com.ar\/wp-content\/uploads\/2021\/03\/Antena-desde-aire.jpg","contentUrl":"https:\/\/www.arsat.com.ar\/wp-content\/uploads\/2021\/03\/Antena-desde-aire.jpg","width":1750,"height":984,"caption":"ARSAT"},"image":{"@id":"https:\/\/\/web.devops.arsat.com.ar\/#\/schema\/logo\/image\/"}}]}},"_links":{"self":[{"href":"https:\/\/\/web.devops.arsat.com.ar\/wp-json\/wp\/v2\/pages\/1226","targetHints":{"allow":["GET"]}}],"collection":[{"href":"https:\/\/\/web.devops.arsat.com.ar\/wp-json\/wp\/v2\/pages"}],"about":[{"href":"https:\/\/\/web.devops.arsat.com.ar\/wp-json\/wp\/v2\/types\/page"}],"author":[{"embeddable":true,"href":"https:\/\/\/web.devops.arsat.com.ar\/wp-json\/wp\/v2\/users\/15"}],"replies":[{"embeddable":true,"href":"https:\/\/\/web.devops.arsat.com.ar\/wp-json\/wp\/v2\/comments?post=1226"}],"version-history":[{"count":3,"href":"https:\/\/\/web.devops.arsat.com.ar\/wp-json\/wp\/v2\/pages\/1226\/revisions"}],"predecessor-version":[{"id":3657,"href":"https:\/\/\/web.devops.arsat.com.ar\/wp-json\/wp\/v2\/pages\/1226\/revisions\/3657"}],"up":[{"embeddable":true,"href":"https:\/\/\/web.devops.arsat.com.ar\/wp-json\/wp\/v2\/pages\/322"}],"wp:featuredmedia":[{"embeddable":true,"href":"https:\/\/\/web.devops.arsat.com.ar\/wp-json\/wp\/v2\/media\/1375"}],"wp:attachment":[{"href":"https:\/\/\/web.devops.arsat.com.ar\/wp-json\/wp\/v2\/media?parent=1226"}],"curies":[{"name":"wp","href":"https:\/\/api.w.org\/{rel}","templated":true}]}}