{"id":1384,"date":"2021-04-26T12:57:40","date_gmt":"2021-04-26T15:57:40","guid":{"rendered":"http:\/\/web.web.devops.arsat.com.ar\/?page_id=1384"},"modified":"2021-04-26T12:57:40","modified_gmt":"2021-04-26T15:57:40","slug":"menciones","status":"publish","type":"page","link":"https:\/\/\/web.devops.arsat.com.ar\/infraestructura-tecnologica\/datacenter\/proyectos\/cinear-play\/menciones\/","title":{"rendered":"Menciones"},"content":{"rendered":"<p>Entre los premios y reconocimientos m\u00e1s salientes figuran:<\/p>\n<ul>\n<li>Nominada en \u201cMart\u00edn Fierro Digitales\u201d 2017.<\/li>\n<li>Ganadora de los \u201cPremios Tal\u201d 2018, Montevideo, Uruguay \u2013 (Gran destaque: Ideas que transforman).<\/li>\n<li>Ganadora de los Premios \u201cPRODU AWARDS\u201d, 2018, (Las Vegas, EE.UU.): \u201cMejor plataforma de pel\u00edculas y series de Latinoam\u00e9rica\u201d. Este reconocimiento involucra a los exponentes m\u00e1s destacados de la industria de la innovaci\u00f3n y el desarrollo tecnol\u00f3gico latinoamericano, en funci\u00f3n de la producci\u00f3n, posproducci\u00f3n, transmisi\u00f3n y difusi\u00f3n de contenidos.<\/li>\n<li>Ganadora Premio \u201cPRODU AWARDS\u201d Tecnolog\u00eda, 2018, (Las Vegas, EE.UU): \u201cMejor contribuci\u00f3n IP\u201d.<\/li>\n<\/ul>\n","protected":false},"excerpt":{"rendered":"Entre los premios y reconocimientos m\u00e1s salientes figuran: Nominada en \u201cMart\u00edn Fierro Digitales\u201d 2017. Ganadora de los \u201cPremios Tal\u201d 2018, Montevideo, Uruguay \u2013 (Gran destaque: Ideas que transforman). Ganadora de los Premios \u201cPRODU AWARDS\u201d, 2018, (Las Vegas, EE.UU.): \u201cMejor plataforma de pel\u00edculas y series de Latinoam\u00e9rica\u201d. Este reconocimiento involucra a los exponentes m\u00e1s destacados de&#8230; <a class=\"view-article\" href=\"https:\/\/\/web.devops.arsat.com.ar\/infraestructura-tecnologica\/datacenter\/proyectos\/cinear-play\/menciones\/\">View Article<\/a>","protected":false},"author":15,"featured_media":1386,"parent":322,"menu_order":49,"comment_status":"closed","ping_status":"closed","template":"template-producto-servicio.php","meta":{"footnotes":""},"class_list":["post-1384","page","type-page","status-publish","has-post-thumbnail","hentry"],"acf":[],"yoast_head":"<!-- This site is optimized with the Yoast SEO plugin v19.7.2 - https:\/\/yoast.com\/wordpress\/plugins\/seo\/ -->\n<title>Menciones - Arsat<\/title>\n<meta name=\"robots\" content=\"index, follow, max-snippet:-1, max-image-preview:large, max-video-preview:-1\" \/>\n<link rel=\"canonical\" href=\"https:\/\/web.devops.arsat.com.ar\/infraestructura-tecnologica\/datacenter\/proyectos\/cinear-play\/menciones\/\" \/>\n<meta property=\"og:locale\" content=\"es_ES\" \/>\n<meta property=\"og:type\" content=\"article\" \/>\n<meta property=\"og:title\" content=\"Menciones - Arsat\" \/>\n<meta property=\"og:description\" content=\"Entre los premios y reconocimientos m\u00e1s salientes figuran: Nominada en \u201cMart\u00edn Fierro Digitales\u201d 2017. Ganadora de los \u201cPremios Tal\u201d 2018, Montevideo, Uruguay \u2013 (Gran destaque: Ideas que transforman). Ganadora de los Premios \u201cPRODU AWARDS\u201d, 2018, (Las Vegas, EE.UU.): \u201cMejor plataforma de pel\u00edculas y series de Latinoam\u00e9rica\u201d. Este reconocimiento involucra a los exponentes m\u00e1s destacados de... View Article\" \/>\n<meta property=\"og:url\" content=\"https:\/\/\/web.devops.arsat.com.ar\/infraestructura-tecnologica\/datacenter\/proyectos\/cinear-play\/menciones\/\" \/>\n<meta property=\"og:site_name\" content=\"Arsat\" \/>\n<meta property=\"article:publisher\" content=\"https:\/\/www.facebook.com\/arsatsa\/\" \/>\n<meta property=\"og:image\" content=\"https:\/\/web.devops.arsat.com.ar\/wp-content\/uploads\/2021\/04\/mensiones-1750x1167.jpg\" \/>\n\t<meta property=\"og:image:width\" content=\"1920\" \/>\n\t<meta property=\"og:image:height\" content=\"1280\" \/>\n\t<meta property=\"og:image:type\" content=\"image\/jpeg\" \/>\n<meta name=\"twitter:card\" content=\"summary_large_image\" \/>\n<meta name=\"twitter:site\" content=\"@ARSATSA\" \/>\n<script type=\"application\/ld+json\" class=\"yoast-schema-graph\">{\"@context\":\"https:\/\/schema.org\",\"@graph\":[{\"@type\":\"WebPage\",\"@id\":\"https:\/\/\/web.devops.arsat.com.ar\/infraestructura-tecnologica\/datacenter\/proyectos\/cinear-play\/menciones\/\",\"url\":\"https:\/\/\/web.devops.arsat.com.ar\/infraestructura-tecnologica\/datacenter\/proyectos\/cinear-play\/menciones\/\",\"name\":\"Menciones - Arsat\",\"isPartOf\":{\"@id\":\"https:\/\/\/web.devops.arsat.com.ar\/#website\"},\"datePublished\":\"2021-04-26T15:57:40+00:00\",\"dateModified\":\"2021-04-26T15:57:40+00:00\",\"breadcrumb\":{\"@id\":\"https:\/\/\/web.devops.arsat.com.ar\/infraestructura-tecnologica\/datacenter\/proyectos\/cinear-play\/menciones\/#breadcrumb\"},\"inLanguage\":\"es\",\"potentialAction\":[{\"@type\":\"ReadAction\",\"target\":[\"https:\/\/\/web.devops.arsat.com.ar\/infraestructura-tecnologica\/datacenter\/proyectos\/cinear-play\/menciones\/\"]}]},{\"@type\":\"BreadcrumbList\",\"@id\":\"https:\/\/\/web.devops.arsat.com.ar\/infraestructura-tecnologica\/datacenter\/proyectos\/cinear-play\/menciones\/#breadcrumb\",\"itemListElement\":[{\"@type\":\"ListItem\",\"position\":1,\"name\":\"Inicio\",\"item\":\"\/\"},{\"@type\":\"ListItem\",\"position\":2,\"name\":\"Infraestructura Tecnol\u00f3gica\",\"item\":\"\/\"},{\"@type\":\"ListItem\",\"position\":3,\"name\":\"Datacenter\",\"item\":\"\/\"},{\"@type\":\"ListItem\",\"position\":4,\"name\":\"Proyectos\",\"item\":\"\/\"},{\"@type\":\"ListItem\",\"position\":5,\"name\":\"CINE.AR PLAY\",\"item\":\"\/\"},{\"@type\":\"ListItem\",\"position\":6,\"name\":\"Menciones\"}]},{\"@type\":\"WebSite\",\"@id\":\"https:\/\/\/web.devops.arsat.com.ar\/#website\",\"url\":\"https:\/\/\/web.devops.arsat.com.ar\/\",\"name\":\"Arsat\",\"description\":\"Estamos conectados\",\"publisher\":{\"@id\":\"https:\/\/\/web.devops.arsat.com.ar\/#organization\"},\"potentialAction\":[{\"@type\":\"SearchAction\",\"target\":{\"@type\":\"EntryPoint\",\"urlTemplate\":\"https:\/\/\/web.devops.arsat.com.ar\/?s={search_term_string}\"},\"query-input\":\"required name=search_term_string\"}],\"inLanguage\":\"es\"},{\"@type\":\"Organization\",\"@id\":\"https:\/\/\/web.devops.arsat.com.ar\/#organization\",\"name\":\"ARSAT\",\"url\":\"https:\/\/\/web.devops.arsat.com.ar\/\",\"sameAs\":[\"https:\/\/www.instagram.com\/arsatok\/\",\"https:\/\/www.youtube.com\/channel\/UCzMa-rxDrzoFGPdmhsewDiA\",\"https:\/\/www.facebook.com\/arsatsa\/\",\"https:\/\/twitter.com\/ARSATSA\"],\"logo\":{\"@type\":\"ImageObject\",\"inLanguage\":\"es\",\"@id\":\"https:\/\/\/web.devops.arsat.com.ar\/#\/schema\/logo\/image\/\",\"url\":\"https:\/\/www.arsat.com.ar\/wp-content\/uploads\/2021\/03\/Antena-desde-aire.jpg\",\"contentUrl\":\"https:\/\/www.arsat.com.ar\/wp-content\/uploads\/2021\/03\/Antena-desde-aire.jpg\",\"width\":1750,\"height\":984,\"caption\":\"ARSAT\"},\"image\":{\"@id\":\"https:\/\/\/web.devops.arsat.com.ar\/#\/schema\/logo\/image\/\"}}]}<\/script>\n<!-- \/ Yoast SEO plugin. -->","yoast_head_json":{"title":"Menciones - Arsat","robots":{"index":"index","follow":"follow","max-snippet":"max-snippet:-1","max-image-preview":"max-image-preview:large","max-video-preview":"max-video-preview:-1"},"canonical":"https:\/\/web.devops.arsat.com.ar\/infraestructura-tecnologica\/datacenter\/proyectos\/cinear-play\/menciones\/","og_locale":"es_ES","og_type":"article","og_title":"Menciones - Arsat","og_description":"Entre los premios y reconocimientos m\u00e1s salientes figuran: Nominada en \u201cMart\u00edn Fierro Digitales\u201d 2017. Ganadora de los \u201cPremios Tal\u201d 2018, Montevideo, Uruguay \u2013 (Gran destaque: Ideas que transforman). Ganadora de los Premios \u201cPRODU AWARDS\u201d, 2018, (Las Vegas, EE.UU.): \u201cMejor plataforma de pel\u00edculas y series de Latinoam\u00e9rica\u201d. Este reconocimiento involucra a los exponentes m\u00e1s destacados de... View Article","og_url":"https:\/\/\/web.devops.arsat.com.ar\/infraestructura-tecnologica\/datacenter\/proyectos\/cinear-play\/menciones\/","og_site_name":"Arsat","article_publisher":"https:\/\/www.facebook.com\/arsatsa\/","og_image":[{"width":1920,"height":1280,"url":"https:\/\/web.devops.arsat.com.ar\/wp-content\/uploads\/2021\/04\/mensiones-1750x1167.jpg","type":"image\/jpeg"}],"twitter_card":"summary_large_image","twitter_site":"@ARSATSA","schema":{"@context":"https:\/\/schema.org","@graph":[{"@type":"WebPage","@id":"https:\/\/\/web.devops.arsat.com.ar\/infraestructura-tecnologica\/datacenter\/proyectos\/cinear-play\/menciones\/","url":"https:\/\/\/web.devops.arsat.com.ar\/infraestructura-tecnologica\/datacenter\/proyectos\/cinear-play\/menciones\/","name":"Menciones - Arsat","isPartOf":{"@id":"https:\/\/\/web.devops.arsat.com.ar\/#website"},"datePublished":"2021-04-26T15:57:40+00:00","dateModified":"2021-04-26T15:57:40+00:00","breadcrumb":{"@id":"https:\/\/\/web.devops.arsat.com.ar\/infraestructura-tecnologica\/datacenter\/proyectos\/cinear-play\/menciones\/#breadcrumb"},"inLanguage":"es","potentialAction":[{"@type":"ReadAction","target":["https:\/\/\/web.devops.arsat.com.ar\/infraestructura-tecnologica\/datacenter\/proyectos\/cinear-play\/menciones\/"]}]},{"@type":"BreadcrumbList","@id":"https:\/\/\/web.devops.arsat.com.ar\/infraestructura-tecnologica\/datacenter\/proyectos\/cinear-play\/menciones\/#breadcrumb","itemListElement":[{"@type":"ListItem","position":1,"name":"Inicio","item":"\/"},{"@type":"ListItem","position":2,"name":"Infraestructura Tecnol\u00f3gica","item":"\/"},{"@type":"ListItem","position":3,"name":"Datacenter","item":"\/"},{"@type":"ListItem","position":4,"name":"Proyectos","item":"\/"},{"@type":"ListItem","position":5,"name":"CINE.AR PLAY","item":"\/"},{"@type":"ListItem","position":6,"name":"Menciones"}]},{"@type":"WebSite","@id":"https:\/\/\/web.devops.arsat.com.ar\/#website","url":"https:\/\/\/web.devops.arsat.com.ar\/","name":"Arsat","description":"Estamos conectados","publisher":{"@id":"https:\/\/\/web.devops.arsat.com.ar\/#organization"},"potentialAction":[{"@type":"SearchAction","target":{"@type":"EntryPoint","urlTemplate":"https:\/\/\/web.devops.arsat.com.ar\/?s={search_term_string}"},"query-input":"required name=search_term_string"}],"inLanguage":"es"},{"@type":"Organization","@id":"https:\/\/\/web.devops.arsat.com.ar\/#organization","name":"ARSAT","url":"https:\/\/\/web.devops.arsat.com.ar\/","sameAs":["https:\/\/www.instagram.com\/arsatok\/","https:\/\/www.youtube.com\/channel\/UCzMa-rxDrzoFGPdmhsewDiA","https:\/\/www.facebook.com\/arsatsa\/","https:\/\/twitter.com\/ARSATSA"],"logo":{"@type":"ImageObject","inLanguage":"es","@id":"https:\/\/\/web.devops.arsat.com.ar\/#\/schema\/logo\/image\/","url":"https:\/\/www.arsat.com.ar\/wp-content\/uploads\/2021\/03\/Antena-desde-aire.jpg","contentUrl":"https:\/\/www.arsat.com.ar\/wp-content\/uploads\/2021\/03\/Antena-desde-aire.jpg","width":1750,"height":984,"caption":"ARSAT"},"image":{"@id":"https:\/\/\/web.devops.arsat.com.ar\/#\/schema\/logo\/image\/"}}]}},"_links":{"self":[{"href":"https:\/\/\/web.devops.arsat.com.ar\/wp-json\/wp\/v2\/pages\/1384","targetHints":{"allow":["GET"]}}],"collection":[{"href":"https:\/\/\/web.devops.arsat.com.ar\/wp-json\/wp\/v2\/pages"}],"about":[{"href":"https:\/\/\/web.devops.arsat.com.ar\/wp-json\/wp\/v2\/types\/page"}],"author":[{"embeddable":true,"href":"https:\/\/\/web.devops.arsat.com.ar\/wp-json\/wp\/v2\/users\/15"}],"replies":[{"embeddable":true,"href":"https:\/\/\/web.devops.arsat.com.ar\/wp-json\/wp\/v2\/comments?post=1384"}],"version-history":[{"count":1,"href":"https:\/\/\/web.devops.arsat.com.ar\/wp-json\/wp\/v2\/pages\/1384\/revisions"}],"predecessor-version":[{"id":1387,"href":"https:\/\/\/web.devops.arsat.com.ar\/wp-json\/wp\/v2\/pages\/1384\/revisions\/1387"}],"up":[{"embeddable":true,"href":"https:\/\/\/web.devops.arsat.com.ar\/wp-json\/wp\/v2\/pages\/322"}],"wp:featuredmedia":[{"embeddable":true,"href":"https:\/\/\/web.devops.arsat.com.ar\/wp-json\/wp\/v2\/media\/1386"}],"wp:attachment":[{"href":"https:\/\/\/web.devops.arsat.com.ar\/wp-json\/wp\/v2\/media?parent=1384"}],"curies":[{"name":"wp","href":"https:\/\/api.w.org\/{rel}","templated":true}]}}