{"id":198,"date":"2021-02-19T10:24:34","date_gmt":"2021-02-19T13:24:34","guid":{"rendered":"http:\/\/web.web.devops.arsat.com.ar\/?page_id=198"},"modified":"2023-09-13T09:53:57","modified_gmt":"2023-09-13T12:53:57","slug":"transparencia-activa","status":"publish","type":"page","link":"https:\/\/\/web.devops.arsat.com.ar\/acerca-de-arsat\/transparencia-activa\/","title":{"rendered":"Transparencia activa"},"content":{"rendered":"<h3>C\u00f3digo de \u00c9tica ARSAT<\/h3>\n<p>El C\u00f3digo de \u00c9tica establece las pautas m\u00ednimas de conducta que deben guiar a la totalidad de los empleados y personal jer\u00e1rquico de nuestra empresa, independientemente de su funci\u00f3n o jerarqu\u00eda, sirviendo tambi\u00e9n de gu\u00eda para aquellos que proveen servicios, productos y bienes.<\/p>\n<p><a href=\"https:\/\/www.web.devops.web.devops.web.devops.arsat.com.ar\/wp-content\/uploads\/2022\/06\/Codigo-de-Etica-ARSAT-y-Anexos-mayo2022-1.pdf\" target=\"_blank\" rel=\"noopener\">Ver c\u00f3digo de \u00e9tica<\/a><\/p>\n<p>&nbsp;<\/p>\n<h5><strong>Responsable de acceso a la informaci\u00f3n p\u00fablica Dra. Mariana Coroleu<br \/>\n<\/strong><\/h5>\n<p><strong>Direcci\u00f3n de e-mail:<\/strong>\u00a0 <a href=\"mailto:transparencia@web.devops.web.devops.web.devops.arsat.com.ar\">transparencia@web.devops.web.devops.web.devops.arsat.com.ar<\/a><br \/>\n<strong>Mesa de entradas:<\/strong> <a href=\"https:\/\/goo.gl\/maps\/15XkHiJNMjPYNbvm9\">https:\/\/goo.gl\/maps\/15XkHiJNMjPYNbvm9<\/a><\/p>\n","protected":false},"excerpt":{"rendered":"C\u00f3digo de \u00c9tica ARSAT El C\u00f3digo de \u00c9tica establece las pautas m\u00ednimas de conducta que deben guiar a la totalidad de los empleados y personal jer\u00e1rquico de nuestra empresa, independientemente de su funci\u00f3n o jerarqu\u00eda, sirviendo tambi\u00e9n de gu\u00eda para aquellos que proveen servicios, productos y bienes. Ver c\u00f3digo de \u00e9tica &nbsp; Responsable de acceso&#8230; <a class=\"view-article\" href=\"https:\/\/\/web.devops.arsat.com.ar\/acerca-de-arsat\/transparencia-activa\/\">View Article<\/a>","protected":false},"author":1,"featured_media":7325,"parent":2,"menu_order":79,"comment_status":"closed","ping_status":"closed","template":"template-transparencia-activa.php","meta":{"footnotes":""},"class_list":["post-198","page","type-page","status-publish","has-post-thumbnail","hentry"],"acf":[],"yoast_head":"<!-- This site is optimized with the Yoast SEO plugin v19.7.2 - https:\/\/yoast.com\/wordpress\/plugins\/seo\/ -->\n<title>Transparencia activa - Arsat<\/title>\n<meta name=\"robots\" content=\"index, follow, max-snippet:-1, max-image-preview:large, max-video-preview:-1\" \/>\n<link rel=\"canonical\" href=\"https:\/\/web.devops.arsat.com.ar\/acerca-de-arsat\/transparencia-activa\/\" \/>\n<meta property=\"og:locale\" content=\"es_ES\" \/>\n<meta property=\"og:type\" content=\"article\" \/>\n<meta property=\"og:title\" content=\"Transparencia activa - Arsat\" \/>\n<meta property=\"og:description\" content=\"C\u00f3digo de \u00c9tica ARSAT El C\u00f3digo de \u00c9tica establece las pautas m\u00ednimas de conducta que deben guiar a la totalidad de los empleados y personal jer\u00e1rquico de nuestra empresa, independientemente de su funci\u00f3n o jerarqu\u00eda, sirviendo tambi\u00e9n de gu\u00eda para aquellos que proveen servicios, productos y bienes. Ver c\u00f3digo de \u00e9tica &nbsp; Responsable de acceso... View Article\" \/>\n<meta property=\"og:url\" content=\"https:\/\/\/web.devops.arsat.com.ar\/acerca-de-arsat\/transparencia-activa\/\" \/>\n<meta property=\"og:site_name\" content=\"Arsat\" \/>\n<meta property=\"article:publisher\" content=\"https:\/\/www.facebook.com\/arsatsa\/\" \/>\n<meta property=\"article:modified_time\" content=\"2023-09-13T12:53:57+00:00\" \/>\n<meta property=\"og:image\" content=\"https:\/\/web.devops.arsat.com.ar\/wp-content\/uploads\/2022\/08\/misiones-y-funciones.jpg\" \/>\n\t<meta property=\"og:image:width\" content=\"1700\" \/>\n\t<meta property=\"og:image:height\" content=\"1135\" \/>\n\t<meta property=\"og:image:type\" content=\"image\/jpeg\" \/>\n<meta name=\"twitter:card\" content=\"summary_large_image\" \/>\n<meta name=\"twitter:site\" content=\"@ARSATSA\" \/>\n<meta name=\"twitter:label1\" content=\"Tiempo de lectura\" \/>\n\t<meta name=\"twitter:data1\" content=\"1 minuto\" \/>\n<script type=\"application\/ld+json\" class=\"yoast-schema-graph\">{\"@context\":\"https:\/\/schema.org\",\"@graph\":[{\"@type\":\"WebPage\",\"@id\":\"https:\/\/\/web.devops.arsat.com.ar\/acerca-de-arsat\/transparencia-activa\/\",\"url\":\"https:\/\/\/web.devops.arsat.com.ar\/acerca-de-arsat\/transparencia-activa\/\",\"name\":\"Transparencia activa - Arsat\",\"isPartOf\":{\"@id\":\"https:\/\/\/web.devops.arsat.com.ar\/#website\"},\"datePublished\":\"2021-02-19T13:24:34+00:00\",\"dateModified\":\"2023-09-13T12:53:57+00:00\",\"breadcrumb\":{\"@id\":\"https:\/\/\/web.devops.arsat.com.ar\/acerca-de-arsat\/transparencia-activa\/#breadcrumb\"},\"inLanguage\":\"es\",\"potentialAction\":[{\"@type\":\"ReadAction\",\"target\":[\"https:\/\/\/web.devops.arsat.com.ar\/acerca-de-arsat\/transparencia-activa\/\"]}]},{\"@type\":\"BreadcrumbList\",\"@id\":\"https:\/\/\/web.devops.arsat.com.ar\/acerca-de-arsat\/transparencia-activa\/#breadcrumb\",\"itemListElement\":[{\"@type\":\"ListItem\",\"position\":1,\"name\":\"Inicio\",\"item\":\"\/\"},{\"@type\":\"ListItem\",\"position\":2,\"name\":\"Acerca de ARSAT\",\"item\":\"\/\"},{\"@type\":\"ListItem\",\"position\":3,\"name\":\"Transparencia activa\"}]},{\"@type\":\"WebSite\",\"@id\":\"https:\/\/\/web.devops.arsat.com.ar\/#website\",\"url\":\"https:\/\/\/web.devops.arsat.com.ar\/\",\"name\":\"Arsat\",\"description\":\"Estamos conectados\",\"publisher\":{\"@id\":\"https:\/\/\/web.devops.arsat.com.ar\/#organization\"},\"potentialAction\":[{\"@type\":\"SearchAction\",\"target\":{\"@type\":\"EntryPoint\",\"urlTemplate\":\"https:\/\/\/web.devops.arsat.com.ar\/?s={search_term_string}\"},\"query-input\":\"required name=search_term_string\"}],\"inLanguage\":\"es\"},{\"@type\":\"Organization\",\"@id\":\"https:\/\/\/web.devops.arsat.com.ar\/#organization\",\"name\":\"ARSAT\",\"url\":\"https:\/\/\/web.devops.arsat.com.ar\/\",\"sameAs\":[\"https:\/\/www.instagram.com\/arsatok\/\",\"https:\/\/www.youtube.com\/channel\/UCzMa-rxDrzoFGPdmhsewDiA\",\"https:\/\/www.facebook.com\/arsatsa\/\",\"https:\/\/twitter.com\/ARSATSA\"],\"logo\":{\"@type\":\"ImageObject\",\"inLanguage\":\"es\",\"@id\":\"https:\/\/\/web.devops.arsat.com.ar\/#\/schema\/logo\/image\/\",\"url\":\"https:\/\/www.arsat.com.ar\/wp-content\/uploads\/2021\/03\/Antena-desde-aire.jpg\",\"contentUrl\":\"https:\/\/www.arsat.com.ar\/wp-content\/uploads\/2021\/03\/Antena-desde-aire.jpg\",\"width\":1750,\"height\":984,\"caption\":\"ARSAT\"},\"image\":{\"@id\":\"https:\/\/\/web.devops.arsat.com.ar\/#\/schema\/logo\/image\/\"}}]}<\/script>\n<!-- \/ Yoast SEO plugin. -->","yoast_head_json":{"title":"Transparencia activa - Arsat","robots":{"index":"index","follow":"follow","max-snippet":"max-snippet:-1","max-image-preview":"max-image-preview:large","max-video-preview":"max-video-preview:-1"},"canonical":"https:\/\/web.devops.arsat.com.ar\/acerca-de-arsat\/transparencia-activa\/","og_locale":"es_ES","og_type":"article","og_title":"Transparencia activa - Arsat","og_description":"C\u00f3digo de \u00c9tica ARSAT El C\u00f3digo de \u00c9tica establece las pautas m\u00ednimas de conducta que deben guiar a la totalidad de los empleados y personal jer\u00e1rquico de nuestra empresa, independientemente de su funci\u00f3n o jerarqu\u00eda, sirviendo tambi\u00e9n de gu\u00eda para aquellos que proveen servicios, productos y bienes. Ver c\u00f3digo de \u00e9tica &nbsp; Responsable de acceso... View Article","og_url":"https:\/\/\/web.devops.arsat.com.ar\/acerca-de-arsat\/transparencia-activa\/","og_site_name":"Arsat","article_publisher":"https:\/\/www.facebook.com\/arsatsa\/","article_modified_time":"2023-09-13T12:53:57+00:00","og_image":[{"width":1700,"height":1135,"url":"https:\/\/web.devops.arsat.com.ar\/wp-content\/uploads\/2022\/08\/misiones-y-funciones.jpg","type":"image\/jpeg"}],"twitter_card":"summary_large_image","twitter_site":"@ARSATSA","twitter_misc":{"Tiempo de lectura":"1 minuto"},"schema":{"@context":"https:\/\/schema.org","@graph":[{"@type":"WebPage","@id":"https:\/\/\/web.devops.arsat.com.ar\/acerca-de-arsat\/transparencia-activa\/","url":"https:\/\/\/web.devops.arsat.com.ar\/acerca-de-arsat\/transparencia-activa\/","name":"Transparencia activa - Arsat","isPartOf":{"@id":"https:\/\/\/web.devops.arsat.com.ar\/#website"},"datePublished":"2021-02-19T13:24:34+00:00","dateModified":"2023-09-13T12:53:57+00:00","breadcrumb":{"@id":"https:\/\/\/web.devops.arsat.com.ar\/acerca-de-arsat\/transparencia-activa\/#breadcrumb"},"inLanguage":"es","potentialAction":[{"@type":"ReadAction","target":["https:\/\/\/web.devops.arsat.com.ar\/acerca-de-arsat\/transparencia-activa\/"]}]},{"@type":"BreadcrumbList","@id":"https:\/\/\/web.devops.arsat.com.ar\/acerca-de-arsat\/transparencia-activa\/#breadcrumb","itemListElement":[{"@type":"ListItem","position":1,"name":"Inicio","item":"\/"},{"@type":"ListItem","position":2,"name":"Acerca de ARSAT","item":"\/"},{"@type":"ListItem","position":3,"name":"Transparencia activa"}]},{"@type":"WebSite","@id":"https:\/\/\/web.devops.arsat.com.ar\/#website","url":"https:\/\/\/web.devops.arsat.com.ar\/","name":"Arsat","description":"Estamos conectados","publisher":{"@id":"https:\/\/\/web.devops.arsat.com.ar\/#organization"},"potentialAction":[{"@type":"SearchAction","target":{"@type":"EntryPoint","urlTemplate":"https:\/\/\/web.devops.arsat.com.ar\/?s={search_term_string}"},"query-input":"required name=search_term_string"}],"inLanguage":"es"},{"@type":"Organization","@id":"https:\/\/\/web.devops.arsat.com.ar\/#organization","name":"ARSAT","url":"https:\/\/\/web.devops.arsat.com.ar\/","sameAs":["https:\/\/www.instagram.com\/arsatok\/","https:\/\/www.youtube.com\/channel\/UCzMa-rxDrzoFGPdmhsewDiA","https:\/\/www.facebook.com\/arsatsa\/","https:\/\/twitter.com\/ARSATSA"],"logo":{"@type":"ImageObject","inLanguage":"es","@id":"https:\/\/\/web.devops.arsat.com.ar\/#\/schema\/logo\/image\/","url":"https:\/\/www.arsat.com.ar\/wp-content\/uploads\/2021\/03\/Antena-desde-aire.jpg","contentUrl":"https:\/\/www.arsat.com.ar\/wp-content\/uploads\/2021\/03\/Antena-desde-aire.jpg","width":1750,"height":984,"caption":"ARSAT"},"image":{"@id":"https:\/\/\/web.devops.arsat.com.ar\/#\/schema\/logo\/image\/"}}]}},"_links":{"self":[{"href":"https:\/\/\/web.devops.arsat.com.ar\/wp-json\/wp\/v2\/pages\/198","targetHints":{"allow":["GET"]}}],"collection":[{"href":"https:\/\/\/web.devops.arsat.com.ar\/wp-json\/wp\/v2\/pages"}],"about":[{"href":"https:\/\/\/web.devops.arsat.com.ar\/wp-json\/wp\/v2\/types\/page"}],"author":[{"embeddable":true,"href":"https:\/\/\/web.devops.arsat.com.ar\/wp-json\/wp\/v2\/users\/1"}],"replies":[{"embeddable":true,"href":"https:\/\/\/web.devops.arsat.com.ar\/wp-json\/wp\/v2\/comments?post=198"}],"version-history":[{"count":20,"href":"https:\/\/\/web.devops.arsat.com.ar\/wp-json\/wp\/v2\/pages\/198\/revisions"}],"predecessor-version":[{"id":8843,"href":"https:\/\/\/web.devops.arsat.com.ar\/wp-json\/wp\/v2\/pages\/198\/revisions\/8843"}],"up":[{"embeddable":true,"href":"https:\/\/\/web.devops.arsat.com.ar\/wp-json\/wp\/v2\/pages\/2"}],"wp:featuredmedia":[{"embeddable":true,"href":"https:\/\/\/web.devops.arsat.com.ar\/wp-json\/wp\/v2\/media\/7325"}],"wp:attachment":[{"href":"https:\/\/\/web.devops.arsat.com.ar\/wp-json\/wp\/v2\/media?parent=198"}],"curies":[{"name":"wp","href":"https:\/\/api.w.org\/{rel}","templated":true}]}}