{"id":200,"date":"2021-02-19T10:24:50","date_gmt":"2021-02-19T13:24:50","guid":{"rendered":"http:\/\/web.web.devops.arsat.com.ar\/?page_id=200"},"modified":"2021-04-27T17:57:49","modified_gmt":"2021-04-27T20:57:49","slug":"politica-rse","status":"publish","type":"page","link":"https:\/\/\/web.devops.arsat.com.ar\/acerca-de-arsat\/politica-rse\/","title":{"rendered":"Pol\u00edtica RSE"},"content":{"rendered":"<h5>Reducci\u00f3n de la huella de carbono \u2013 transporte comunitario eficiente<\/h5>\n<p>La utilizaci\u00f3n del transporte comunitario nos permite reducir el consumo de combustible, emitir una menor cantidad de di\u00f3xido de carbono en la atm\u00f3sfera y disminuir el impacto sobre el medio ambiente. Esto equivale a la eliminaci\u00f3n de 238 veh\u00edculos en tr\u00e1nsito, generando una mayor eficiencia en el uso de los recursos naturales y econ\u00f3micos.<\/p>\n<h5>Separaci\u00f3n de residuos<\/h5>\n<p>Mediante nuestra pol\u00edtica de separaci\u00f3n y reutilizaci\u00f3n de residuos reducimos el impacto ambiental de la empresa al mismo tiempo que trabajamos con organizaciones de nuestra comunidad. As\u00ed, destinamos al Hospital Garrahan todo el reciclaje de papel; trabajamos junto a la cooperativa \u201cCreando Conciencia\u201d para el reciclaje de envases pl\u00e1sticos; y reutilizamos los desechos org\u00e1nicos que generamos en una compostera propia ubicada en nuestro predio.<\/p>\n<h5>Espacios verdes<\/h5>\n<p>Plantamos en todo nuestro predio especies aut\u00f3ctonas de la zona de influencia de Benavidez fomentando la biodiversidad en el ecosistema. Desarrollamos una huerta ecol\u00f3gica, con plantas arom\u00e1ticas y distintas verduras que contribuyen a condimentar los diferentes platos que se consumen en el comedor de la compa\u00f1\u00eda.<\/p>\n<p><img loading=\"lazy\" decoding=\"async\" class=\"alignnone wp-image-986 size-full\" src=\"https:\/\/www.web.devops.web.devops.web.devops.arsat.com.ar\/wp-content\/uploads\/2021\/03\/Politica-RSE-Espacios-Verdes-02-e1616618659310.jpg\" alt=\"Cajones y macetas con plantas, previo a ser colocadas en un cantero. Al fondo se ven las antenas parab\u00f3licas en la Estaci\u00f3n Terrena de Benav\u00eddez.\" width=\"1700\" height=\"905\" srcset=\"https:\/\/web.devops.arsat.com.ar\/wp-content\/uploads\/2021\/03\/Politica-RSE-Espacios-Verdes-02-e1616618659310.jpg 1700w, https:\/\/web.devops.arsat.com.ar\/wp-content\/uploads\/2021\/03\/Politica-RSE-Espacios-Verdes-02-e1616618659310-700x373.jpg 700w, https:\/\/web.devops.arsat.com.ar\/wp-content\/uploads\/2021\/03\/Politica-RSE-Espacios-Verdes-02-e1616618659310-1280x681.jpg 1280w, https:\/\/web.devops.arsat.com.ar\/wp-content\/uploads\/2021\/03\/Politica-RSE-Espacios-Verdes-02-e1616618659310-768x409.jpg 768w, https:\/\/web.devops.arsat.com.ar\/wp-content\/uploads\/2021\/03\/Politica-RSE-Espacios-Verdes-02-e1616618659310-1536x818.jpg 1536w, https:\/\/web.devops.arsat.com.ar\/wp-content\/uploads\/2021\/03\/Politica-RSE-Espacios-Verdes-02-e1616618659310-250x133.jpg 250w\" sizes=\"auto, (max-width: 1700px) 100vw, 1700px\" \/><\/p>\n<h5>Inclusi\u00f3n laboral<\/h5>\n<p>Colaboramos con la inclusi\u00f3n en el \u00e1mbito laboral contactando, por medio de las bases de datos de organismos nacionales, a personas que cuenten con un perfil adecuado a las necesidades de la empresa. Adem\u00e1s, realizamos capacitaciones continuas en Lengua de Se\u00f1as Argentinas y nuestra infraestructura edilicia est\u00e1 certificada por ALPI como 100% accesible.<\/p>\n<h5>Inclusi\u00f3n de Grupos Vulnerables<\/h5>\n<p>Participamos en un proyecto de conectividad, desarrollo educativo, econ\u00f3mico y social con m\u00e1s de 4500 mujeres de comunidades ind\u00edgenas originarias de Chaco, Formosa, Salta y Jujuy. Asimismo, facilitamos la Educaci\u00f3n Secundaria para Adultos y favorecemos la capacitaci\u00f3n para la formaci\u00f3n de oficios.<\/p>\n<p><img loading=\"lazy\" decoding=\"async\" class=\"alignnone wp-image-987 size-full\" src=\"https:\/\/www.web.devops.web.devops.web.devops.arsat.com.ar\/wp-content\/uploads\/2021\/03\/Politica-RSE-inclusion-grupos-vulnerables-02-e1616618736141.jpg\" alt=\"De espaldas, un hombre de la Fundaci\u00f3n del Hospital Garraham traslada una bolsa con reciclajes, al fondo se ve un panel con logos de Arsat.\" width=\"1700\" height=\"786\" srcset=\"https:\/\/web.devops.arsat.com.ar\/wp-content\/uploads\/2021\/03\/Politica-RSE-inclusion-grupos-vulnerables-02-e1616618736141.jpg 1700w, https:\/\/web.devops.arsat.com.ar\/wp-content\/uploads\/2021\/03\/Politica-RSE-inclusion-grupos-vulnerables-02-e1616618736141-700x324.jpg 700w, https:\/\/web.devops.arsat.com.ar\/wp-content\/uploads\/2021\/03\/Politica-RSE-inclusion-grupos-vulnerables-02-e1616618736141-1280x592.jpg 1280w, https:\/\/web.devops.arsat.com.ar\/wp-content\/uploads\/2021\/03\/Politica-RSE-inclusion-grupos-vulnerables-02-e1616618736141-768x355.jpg 768w, https:\/\/web.devops.arsat.com.ar\/wp-content\/uploads\/2021\/03\/Politica-RSE-inclusion-grupos-vulnerables-02-e1616618736141-1536x710.jpg 1536w, https:\/\/web.devops.arsat.com.ar\/wp-content\/uploads\/2021\/03\/Politica-RSE-inclusion-grupos-vulnerables-02-e1616618736141-250x116.jpg 250w\" sizes=\"auto, (max-width: 1700px) 100vw, 1700px\" \/><\/p>\n<h5>Capacitaci\u00f3n T\u00e9cnica con certificaciones internacionales<\/h5>\n<p>Consideramos que el proceso de capacitaci\u00f3n del personal es indispensable para dotarnos del potencial humano acorde a nuestra misi\u00f3n. La constante actualizaci\u00f3n t\u00e9cnica con certificaciones a nivel internacional de nuestros profesionales nos permite sostener un alto nivel de servicios brindados.<\/p>\n","protected":false},"excerpt":{"rendered":"Reducci\u00f3n de la huella de carbono \u2013 transporte comunitario eficiente La utilizaci\u00f3n del transporte comunitario nos permite reducir el consumo de combustible, emitir una menor cantidad de di\u00f3xido de carbono en la atm\u00f3sfera y disminuir el impacto sobre el medio ambiente. Esto equivale a la eliminaci\u00f3n de 238 veh\u00edculos en tr\u00e1nsito, generando una mayor eficiencia&#8230; <a class=\"view-article\" href=\"https:\/\/\/web.devops.arsat.com.ar\/acerca-de-arsat\/politica-rse\/\">View Article<\/a>","protected":false},"author":1,"featured_media":985,"parent":2,"menu_order":78,"comment_status":"closed","ping_status":"closed","template":"","meta":{"footnotes":""},"class_list":["post-200","page","type-page","status-publish","has-post-thumbnail","hentry"],"acf":[],"yoast_head":"<!-- This site is optimized with the Yoast SEO plugin v19.7.2 - https:\/\/yoast.com\/wordpress\/plugins\/seo\/ -->\n<title>Pol\u00edtica RSE - Arsat<\/title>\n<meta name=\"robots\" content=\"index, follow, max-snippet:-1, max-image-preview:large, max-video-preview:-1\" \/>\n<link rel=\"canonical\" href=\"https:\/\/web.devops.arsat.com.ar\/acerca-de-arsat\/politica-rse\/\" \/>\n<meta property=\"og:locale\" content=\"es_ES\" \/>\n<meta property=\"og:type\" content=\"article\" \/>\n<meta property=\"og:title\" content=\"Pol\u00edtica RSE - Arsat\" \/>\n<meta property=\"og:description\" content=\"Reducci\u00f3n de la huella de carbono \u2013 transporte comunitario eficiente La utilizaci\u00f3n del transporte comunitario nos permite reducir el consumo de combustible, emitir una menor cantidad de di\u00f3xido de carbono en la atm\u00f3sfera y disminuir el impacto sobre el medio ambiente. Esto equivale a la eliminaci\u00f3n de 238 veh\u00edculos en tr\u00e1nsito, generando una mayor eficiencia... View Article\" \/>\n<meta property=\"og:url\" content=\"https:\/\/\/web.devops.arsat.com.ar\/acerca-de-arsat\/politica-rse\/\" \/>\n<meta property=\"og:site_name\" content=\"Arsat\" \/>\n<meta property=\"article:publisher\" content=\"https:\/\/www.facebook.com\/arsatsa\/\" \/>\n<meta property=\"article:modified_time\" content=\"2021-04-27T20:57:49+00:00\" \/>\n<meta property=\"og:image\" content=\"https:\/\/web.devops.arsat.com.ar\/wp-content\/uploads\/2021\/03\/Politica-RSE-Certificacion-LEED-04.jpg\" \/>\n\t<meta property=\"og:image:width\" content=\"1700\" \/>\n\t<meta property=\"og:image:height\" content=\"1135\" \/>\n\t<meta property=\"og:image:type\" content=\"image\/jpeg\" \/>\n<meta name=\"twitter:card\" content=\"summary_large_image\" \/>\n<meta name=\"twitter:site\" content=\"@ARSATSA\" \/>\n<meta name=\"twitter:label1\" content=\"Tiempo de lectura\" \/>\n\t<meta name=\"twitter:data1\" content=\"2 minutos\" \/>\n<script type=\"application\/ld+json\" class=\"yoast-schema-graph\">{\"@context\":\"https:\/\/schema.org\",\"@graph\":[{\"@type\":\"WebPage\",\"@id\":\"https:\/\/\/web.devops.arsat.com.ar\/acerca-de-arsat\/politica-rse\/\",\"url\":\"https:\/\/\/web.devops.arsat.com.ar\/acerca-de-arsat\/politica-rse\/\",\"name\":\"Pol\u00edtica RSE - Arsat\",\"isPartOf\":{\"@id\":\"https:\/\/\/web.devops.arsat.com.ar\/#website\"},\"datePublished\":\"2021-02-19T13:24:50+00:00\",\"dateModified\":\"2021-04-27T20:57:49+00:00\",\"breadcrumb\":{\"@id\":\"https:\/\/\/web.devops.arsat.com.ar\/acerca-de-arsat\/politica-rse\/#breadcrumb\"},\"inLanguage\":\"es\",\"potentialAction\":[{\"@type\":\"ReadAction\",\"target\":[\"https:\/\/\/web.devops.arsat.com.ar\/acerca-de-arsat\/politica-rse\/\"]}]},{\"@type\":\"BreadcrumbList\",\"@id\":\"https:\/\/\/web.devops.arsat.com.ar\/acerca-de-arsat\/politica-rse\/#breadcrumb\",\"itemListElement\":[{\"@type\":\"ListItem\",\"position\":1,\"name\":\"Inicio\",\"item\":\"\/\"},{\"@type\":\"ListItem\",\"position\":2,\"name\":\"Acerca de ARSAT\",\"item\":\"\/\"},{\"@type\":\"ListItem\",\"position\":3,\"name\":\"Pol\u00edtica RSE\"}]},{\"@type\":\"WebSite\",\"@id\":\"https:\/\/\/web.devops.arsat.com.ar\/#website\",\"url\":\"https:\/\/\/web.devops.arsat.com.ar\/\",\"name\":\"Arsat\",\"description\":\"Estamos conectados\",\"publisher\":{\"@id\":\"https:\/\/\/web.devops.arsat.com.ar\/#organization\"},\"potentialAction\":[{\"@type\":\"SearchAction\",\"target\":{\"@type\":\"EntryPoint\",\"urlTemplate\":\"https:\/\/\/web.devops.arsat.com.ar\/?s={search_term_string}\"},\"query-input\":\"required name=search_term_string\"}],\"inLanguage\":\"es\"},{\"@type\":\"Organization\",\"@id\":\"https:\/\/\/web.devops.arsat.com.ar\/#organization\",\"name\":\"ARSAT\",\"url\":\"https:\/\/\/web.devops.arsat.com.ar\/\",\"sameAs\":[\"https:\/\/www.instagram.com\/arsatok\/\",\"https:\/\/www.youtube.com\/channel\/UCzMa-rxDrzoFGPdmhsewDiA\",\"https:\/\/www.facebook.com\/arsatsa\/\",\"https:\/\/twitter.com\/ARSATSA\"],\"logo\":{\"@type\":\"ImageObject\",\"inLanguage\":\"es\",\"@id\":\"https:\/\/\/web.devops.arsat.com.ar\/#\/schema\/logo\/image\/\",\"url\":\"https:\/\/www.arsat.com.ar\/wp-content\/uploads\/2021\/03\/Antena-desde-aire.jpg\",\"contentUrl\":\"https:\/\/www.arsat.com.ar\/wp-content\/uploads\/2021\/03\/Antena-desde-aire.jpg\",\"width\":1750,\"height\":984,\"caption\":\"ARSAT\"},\"image\":{\"@id\":\"https:\/\/\/web.devops.arsat.com.ar\/#\/schema\/logo\/image\/\"}}]}<\/script>\n<!-- \/ Yoast SEO plugin. -->","yoast_head_json":{"title":"Pol\u00edtica RSE - Arsat","robots":{"index":"index","follow":"follow","max-snippet":"max-snippet:-1","max-image-preview":"max-image-preview:large","max-video-preview":"max-video-preview:-1"},"canonical":"https:\/\/web.devops.arsat.com.ar\/acerca-de-arsat\/politica-rse\/","og_locale":"es_ES","og_type":"article","og_title":"Pol\u00edtica RSE - Arsat","og_description":"Reducci\u00f3n de la huella de carbono \u2013 transporte comunitario eficiente La utilizaci\u00f3n del transporte comunitario nos permite reducir el consumo de combustible, emitir una menor cantidad de di\u00f3xido de carbono en la atm\u00f3sfera y disminuir el impacto sobre el medio ambiente. Esto equivale a la eliminaci\u00f3n de 238 veh\u00edculos en tr\u00e1nsito, generando una mayor eficiencia... View Article","og_url":"https:\/\/\/web.devops.arsat.com.ar\/acerca-de-arsat\/politica-rse\/","og_site_name":"Arsat","article_publisher":"https:\/\/www.facebook.com\/arsatsa\/","article_modified_time":"2021-04-27T20:57:49+00:00","og_image":[{"width":1700,"height":1135,"url":"https:\/\/web.devops.arsat.com.ar\/wp-content\/uploads\/2021\/03\/Politica-RSE-Certificacion-LEED-04.jpg","type":"image\/jpeg"}],"twitter_card":"summary_large_image","twitter_site":"@ARSATSA","twitter_misc":{"Tiempo de lectura":"2 minutos"},"schema":{"@context":"https:\/\/schema.org","@graph":[{"@type":"WebPage","@id":"https:\/\/\/web.devops.arsat.com.ar\/acerca-de-arsat\/politica-rse\/","url":"https:\/\/\/web.devops.arsat.com.ar\/acerca-de-arsat\/politica-rse\/","name":"Pol\u00edtica RSE - Arsat","isPartOf":{"@id":"https:\/\/\/web.devops.arsat.com.ar\/#website"},"datePublished":"2021-02-19T13:24:50+00:00","dateModified":"2021-04-27T20:57:49+00:00","breadcrumb":{"@id":"https:\/\/\/web.devops.arsat.com.ar\/acerca-de-arsat\/politica-rse\/#breadcrumb"},"inLanguage":"es","potentialAction":[{"@type":"ReadAction","target":["https:\/\/\/web.devops.arsat.com.ar\/acerca-de-arsat\/politica-rse\/"]}]},{"@type":"BreadcrumbList","@id":"https:\/\/\/web.devops.arsat.com.ar\/acerca-de-arsat\/politica-rse\/#breadcrumb","itemListElement":[{"@type":"ListItem","position":1,"name":"Inicio","item":"\/"},{"@type":"ListItem","position":2,"name":"Acerca de ARSAT","item":"\/"},{"@type":"ListItem","position":3,"name":"Pol\u00edtica RSE"}]},{"@type":"WebSite","@id":"https:\/\/\/web.devops.arsat.com.ar\/#website","url":"https:\/\/\/web.devops.arsat.com.ar\/","name":"Arsat","description":"Estamos conectados","publisher":{"@id":"https:\/\/\/web.devops.arsat.com.ar\/#organization"},"potentialAction":[{"@type":"SearchAction","target":{"@type":"EntryPoint","urlTemplate":"https:\/\/\/web.devops.arsat.com.ar\/?s={search_term_string}"},"query-input":"required name=search_term_string"}],"inLanguage":"es"},{"@type":"Organization","@id":"https:\/\/\/web.devops.arsat.com.ar\/#organization","name":"ARSAT","url":"https:\/\/\/web.devops.arsat.com.ar\/","sameAs":["https:\/\/www.instagram.com\/arsatok\/","https:\/\/www.youtube.com\/channel\/UCzMa-rxDrzoFGPdmhsewDiA","https:\/\/www.facebook.com\/arsatsa\/","https:\/\/twitter.com\/ARSATSA"],"logo":{"@type":"ImageObject","inLanguage":"es","@id":"https:\/\/\/web.devops.arsat.com.ar\/#\/schema\/logo\/image\/","url":"https:\/\/www.arsat.com.ar\/wp-content\/uploads\/2021\/03\/Antena-desde-aire.jpg","contentUrl":"https:\/\/www.arsat.com.ar\/wp-content\/uploads\/2021\/03\/Antena-desde-aire.jpg","width":1750,"height":984,"caption":"ARSAT"},"image":{"@id":"https:\/\/\/web.devops.arsat.com.ar\/#\/schema\/logo\/image\/"}}]}},"_links":{"self":[{"href":"https:\/\/\/web.devops.arsat.com.ar\/wp-json\/wp\/v2\/pages\/200","targetHints":{"allow":["GET"]}}],"collection":[{"href":"https:\/\/\/web.devops.arsat.com.ar\/wp-json\/wp\/v2\/pages"}],"about":[{"href":"https:\/\/\/web.devops.arsat.com.ar\/wp-json\/wp\/v2\/types\/page"}],"author":[{"embeddable":true,"href":"https:\/\/\/web.devops.arsat.com.ar\/wp-json\/wp\/v2\/users\/1"}],"replies":[{"embeddable":true,"href":"https:\/\/\/web.devops.arsat.com.ar\/wp-json\/wp\/v2\/comments?post=200"}],"version-history":[{"count":11,"href":"https:\/\/\/web.devops.arsat.com.ar\/wp-json\/wp\/v2\/pages\/200\/revisions"}],"predecessor-version":[{"id":1462,"href":"https:\/\/\/web.devops.arsat.com.ar\/wp-json\/wp\/v2\/pages\/200\/revisions\/1462"}],"up":[{"embeddable":true,"href":"https:\/\/\/web.devops.arsat.com.ar\/wp-json\/wp\/v2\/pages\/2"}],"wp:featuredmedia":[{"embeddable":true,"href":"https:\/\/\/web.devops.arsat.com.ar\/wp-json\/wp\/v2\/media\/985"}],"wp:attachment":[{"href":"https:\/\/\/web.devops.arsat.com.ar\/wp-json\/wp\/v2\/media?parent=200"}],"curies":[{"name":"wp","href":"https:\/\/api.w.org\/{rel}","templated":true}]}}