{"id":220,"date":"2021-02-19T10:30:11","date_gmt":"2021-02-19T13:30:11","guid":{"rendered":"http:\/\/web.web.devops.arsat.com.ar\/?page_id=220"},"modified":"2022-08-16T16:14:02","modified_gmt":"2022-08-16T19:14:02","slug":"programa-de-genero","status":"publish","type":"page","link":"https:\/\/\/web.devops.arsat.com.ar\/acerca-de-arsat\/programa-de-genero\/","title":{"rendered":"Programa de G\u00e9nero"},"content":{"rendered":"<h4><strong>Ejes del Programa:<\/strong><\/h4>\n<p><span style=\"font-weight: 400;\"><strong>CONOCERNOS, s\u00e9 tu propia voz.\u00a0<\/strong><br \/>\n<\/span><span style=\"font-weight: 400;\">Compartimos un espacio de intercambio para las mujeres de la empresa.\u00a0<\/span><\/p>\n<ul>\n<li style=\"font-weight: 400;\" aria-level=\"1\"><span style=\"font-weight: 400;\">Realizamos la primera mateada virtual integrada por participantes de ARSAT, la Comisi\u00f3n de G\u00e9nero llevada adelante por el sindicato FOETRA y la partici\u00f3n especial de\u00a0 Estela D\u00edaz, Ministra de las Mujeres, Pol\u00edticas de G\u00e9nero y Diversidad Sexual de la provincia de Buenos Aires y Claudia Lazzaro, Directora de Pol\u00edticas para La Equidad Laboral, Formaci\u00f3n para el Trabajo y Pol\u00edticas de Cuidado.<\/span><\/li>\n<\/ul>\n<p><span style=\"font-weight: 400;\"><strong>ACTUEMOS, cambiando la realidad.\u00a0<\/strong><br \/>\n<\/span><span style=\"font-weight: 400;\">Impulsamos actividades para visibilizar y transformar la realidad sumando valor con creatividad y propuestas para todas las mujeres de la comunidad STEM (por sus siglas en Ingl\u00e9s &#8211; Ciencias, Tecnolog\u00edas, Ingenier\u00edas y Matem\u00e1ticas)\u00a0<\/span><\/p>\n<ul>\n<li style=\"font-weight: 400;\" aria-level=\"1\"><span style=\"font-weight: 400;\">Otorgamos las primeras becas para realizar un Curso de posgrado: \u201cObjetivos y desaf\u00edos para profesionales TIC\u201d<\/span><\/li>\n<\/ul>\n<p><span style=\"font-weight: 400;\"><strong>INSPIREMOS, visibilizando\u00a0 nuevas referentes.\u00a0<\/strong><br \/>\n<\/span><span style=\"font-weight: 400;\">Promocionamos\u00a0 visiones y experiencias de mujeres afines al \u00e1rea\u00a0 con la finalidad de despertar el inter\u00e9s en tecnolog\u00eda de las futuras generaciones.<\/span><\/p>\n<ul>\n<li style=\"font-weight: 400;\" aria-level=\"1\"><span style=\"font-weight: 400;\">Participamos del evento Strong Her, organizado por Nokia Argentina.<\/span><\/li>\n<li style=\"font-weight: 400;\" aria-level=\"1\"><span style=\"font-weight: 400;\">Fuimos parte de la segunda edici\u00f3n del \u201cOEA Cyberwomen Challenge\u201d<\/span><\/li>\n<\/ul>\n","protected":false},"excerpt":{"rendered":"Ejes del Programa: CONOCERNOS, s\u00e9 tu propia voz.\u00a0 Compartimos un espacio de intercambio para las mujeres de la empresa.\u00a0 Realizamos la primera mateada virtual integrada por participantes de ARSAT, la Comisi\u00f3n de G\u00e9nero llevada adelante por el sindicato FOETRA y la partici\u00f3n especial de\u00a0 Estela D\u00edaz, Ministra de las Mujeres, Pol\u00edticas de G\u00e9nero y Diversidad&#8230; <a class=\"view-article\" href=\"https:\/\/\/web.devops.arsat.com.ar\/acerca-de-arsat\/programa-de-genero\/\">View Article<\/a>","protected":false},"author":1,"featured_media":1053,"parent":2,"menu_order":168,"comment_status":"closed","ping_status":"closed","template":"template-slider.php","meta":{"footnotes":""},"class_list":["post-220","page","type-page","status-publish","has-post-thumbnail","hentry"],"acf":[],"yoast_head":"<!-- This site is optimized with the Yoast SEO plugin v19.7.2 - https:\/\/yoast.com\/wordpress\/plugins\/seo\/ -->\n<title>Programa de G\u00e9nero - Arsat<\/title>\n<meta name=\"robots\" content=\"index, follow, max-snippet:-1, max-image-preview:large, max-video-preview:-1\" \/>\n<link rel=\"canonical\" href=\"https:\/\/web.devops.arsat.com.ar\/acerca-de-arsat\/programa-de-genero\/\" \/>\n<meta property=\"og:locale\" content=\"es_ES\" \/>\n<meta property=\"og:type\" content=\"article\" \/>\n<meta property=\"og:title\" content=\"Programa de G\u00e9nero - Arsat\" \/>\n<meta property=\"og:description\" content=\"Ejes del Programa: CONOCERNOS, s\u00e9 tu propia voz.\u00a0 Compartimos un espacio de intercambio para las mujeres de la empresa.\u00a0 Realizamos la primera mateada virtual integrada por participantes de ARSAT, la Comisi\u00f3n de G\u00e9nero llevada adelante por el sindicato FOETRA y la partici\u00f3n especial de\u00a0 Estela D\u00edaz, Ministra de las Mujeres, Pol\u00edticas de G\u00e9nero y Diversidad... View Article\" \/>\n<meta property=\"og:url\" content=\"https:\/\/\/web.devops.arsat.com.ar\/acerca-de-arsat\/programa-de-genero\/\" \/>\n<meta property=\"og:site_name\" content=\"Arsat\" \/>\n<meta property=\"article:publisher\" content=\"https:\/\/www.facebook.com\/arsatsa\/\" \/>\n<meta property=\"article:modified_time\" content=\"2022-08-16T19:14:02+00:00\" \/>\n<meta property=\"og:image\" content=\"https:\/\/web.devops.arsat.com.ar\/wp-content\/uploads\/2021\/03\/generoARSAT.jpg\" \/>\n\t<meta property=\"og:image:width\" content=\"1600\" \/>\n\t<meta property=\"og:image:height\" content=\"1068\" \/>\n\t<meta property=\"og:image:type\" content=\"image\/jpeg\" \/>\n<meta name=\"twitter:card\" content=\"summary_large_image\" \/>\n<meta name=\"twitter:site\" content=\"@ARSATSA\" \/>\n<meta name=\"twitter:label1\" content=\"Tiempo de lectura\" \/>\n\t<meta name=\"twitter:data1\" content=\"1 minuto\" \/>\n<script type=\"application\/ld+json\" class=\"yoast-schema-graph\">{\"@context\":\"https:\/\/schema.org\",\"@graph\":[{\"@type\":\"WebPage\",\"@id\":\"https:\/\/\/web.devops.arsat.com.ar\/acerca-de-arsat\/programa-de-genero\/\",\"url\":\"https:\/\/\/web.devops.arsat.com.ar\/acerca-de-arsat\/programa-de-genero\/\",\"name\":\"Programa de G\u00e9nero - Arsat\",\"isPartOf\":{\"@id\":\"https:\/\/\/web.devops.arsat.com.ar\/#website\"},\"datePublished\":\"2021-02-19T13:30:11+00:00\",\"dateModified\":\"2022-08-16T19:14:02+00:00\",\"breadcrumb\":{\"@id\":\"https:\/\/\/web.devops.arsat.com.ar\/acerca-de-arsat\/programa-de-genero\/#breadcrumb\"},\"inLanguage\":\"es\",\"potentialAction\":[{\"@type\":\"ReadAction\",\"target\":[\"https:\/\/\/web.devops.arsat.com.ar\/acerca-de-arsat\/programa-de-genero\/\"]}]},{\"@type\":\"BreadcrumbList\",\"@id\":\"https:\/\/\/web.devops.arsat.com.ar\/acerca-de-arsat\/programa-de-genero\/#breadcrumb\",\"itemListElement\":[{\"@type\":\"ListItem\",\"position\":1,\"name\":\"Inicio\",\"item\":\"\/\"},{\"@type\":\"ListItem\",\"position\":2,\"name\":\"Acerca de ARSAT\",\"item\":\"\/\"},{\"@type\":\"ListItem\",\"position\":3,\"name\":\"Programa de G\u00e9nero\"}]},{\"@type\":\"WebSite\",\"@id\":\"https:\/\/\/web.devops.arsat.com.ar\/#website\",\"url\":\"https:\/\/\/web.devops.arsat.com.ar\/\",\"name\":\"Arsat\",\"description\":\"Estamos conectados\",\"publisher\":{\"@id\":\"https:\/\/\/web.devops.arsat.com.ar\/#organization\"},\"potentialAction\":[{\"@type\":\"SearchAction\",\"target\":{\"@type\":\"EntryPoint\",\"urlTemplate\":\"https:\/\/\/web.devops.arsat.com.ar\/?s={search_term_string}\"},\"query-input\":\"required name=search_term_string\"}],\"inLanguage\":\"es\"},{\"@type\":\"Organization\",\"@id\":\"https:\/\/\/web.devops.arsat.com.ar\/#organization\",\"name\":\"ARSAT\",\"url\":\"https:\/\/\/web.devops.arsat.com.ar\/\",\"sameAs\":[\"https:\/\/www.instagram.com\/arsatok\/\",\"https:\/\/www.youtube.com\/channel\/UCzMa-rxDrzoFGPdmhsewDiA\",\"https:\/\/www.facebook.com\/arsatsa\/\",\"https:\/\/twitter.com\/ARSATSA\"],\"logo\":{\"@type\":\"ImageObject\",\"inLanguage\":\"es\",\"@id\":\"https:\/\/\/web.devops.arsat.com.ar\/#\/schema\/logo\/image\/\",\"url\":\"https:\/\/www.arsat.com.ar\/wp-content\/uploads\/2021\/03\/Antena-desde-aire.jpg\",\"contentUrl\":\"https:\/\/www.arsat.com.ar\/wp-content\/uploads\/2021\/03\/Antena-desde-aire.jpg\",\"width\":1750,\"height\":984,\"caption\":\"ARSAT\"},\"image\":{\"@id\":\"https:\/\/\/web.devops.arsat.com.ar\/#\/schema\/logo\/image\/\"}}]}<\/script>\n<!-- \/ Yoast SEO plugin. -->","yoast_head_json":{"title":"Programa de G\u00e9nero - Arsat","robots":{"index":"index","follow":"follow","max-snippet":"max-snippet:-1","max-image-preview":"max-image-preview:large","max-video-preview":"max-video-preview:-1"},"canonical":"https:\/\/web.devops.arsat.com.ar\/acerca-de-arsat\/programa-de-genero\/","og_locale":"es_ES","og_type":"article","og_title":"Programa de G\u00e9nero - Arsat","og_description":"Ejes del Programa: CONOCERNOS, s\u00e9 tu propia voz.\u00a0 Compartimos un espacio de intercambio para las mujeres de la empresa.\u00a0 Realizamos la primera mateada virtual integrada por participantes de ARSAT, la Comisi\u00f3n de G\u00e9nero llevada adelante por el sindicato FOETRA y la partici\u00f3n especial de\u00a0 Estela D\u00edaz, Ministra de las Mujeres, Pol\u00edticas de G\u00e9nero y Diversidad... View Article","og_url":"https:\/\/\/web.devops.arsat.com.ar\/acerca-de-arsat\/programa-de-genero\/","og_site_name":"Arsat","article_publisher":"https:\/\/www.facebook.com\/arsatsa\/","article_modified_time":"2022-08-16T19:14:02+00:00","og_image":[{"width":1600,"height":1068,"url":"https:\/\/web.devops.arsat.com.ar\/wp-content\/uploads\/2021\/03\/generoARSAT.jpg","type":"image\/jpeg"}],"twitter_card":"summary_large_image","twitter_site":"@ARSATSA","twitter_misc":{"Tiempo de lectura":"1 minuto"},"schema":{"@context":"https:\/\/schema.org","@graph":[{"@type":"WebPage","@id":"https:\/\/\/web.devops.arsat.com.ar\/acerca-de-arsat\/programa-de-genero\/","url":"https:\/\/\/web.devops.arsat.com.ar\/acerca-de-arsat\/programa-de-genero\/","name":"Programa de G\u00e9nero - Arsat","isPartOf":{"@id":"https:\/\/\/web.devops.arsat.com.ar\/#website"},"datePublished":"2021-02-19T13:30:11+00:00","dateModified":"2022-08-16T19:14:02+00:00","breadcrumb":{"@id":"https:\/\/\/web.devops.arsat.com.ar\/acerca-de-arsat\/programa-de-genero\/#breadcrumb"},"inLanguage":"es","potentialAction":[{"@type":"ReadAction","target":["https:\/\/\/web.devops.arsat.com.ar\/acerca-de-arsat\/programa-de-genero\/"]}]},{"@type":"BreadcrumbList","@id":"https:\/\/\/web.devops.arsat.com.ar\/acerca-de-arsat\/programa-de-genero\/#breadcrumb","itemListElement":[{"@type":"ListItem","position":1,"name":"Inicio","item":"\/"},{"@type":"ListItem","position":2,"name":"Acerca de ARSAT","item":"\/"},{"@type":"ListItem","position":3,"name":"Programa de G\u00e9nero"}]},{"@type":"WebSite","@id":"https:\/\/\/web.devops.arsat.com.ar\/#website","url":"https:\/\/\/web.devops.arsat.com.ar\/","name":"Arsat","description":"Estamos conectados","publisher":{"@id":"https:\/\/\/web.devops.arsat.com.ar\/#organization"},"potentialAction":[{"@type":"SearchAction","target":{"@type":"EntryPoint","urlTemplate":"https:\/\/\/web.devops.arsat.com.ar\/?s={search_term_string}"},"query-input":"required name=search_term_string"}],"inLanguage":"es"},{"@type":"Organization","@id":"https:\/\/\/web.devops.arsat.com.ar\/#organization","name":"ARSAT","url":"https:\/\/\/web.devops.arsat.com.ar\/","sameAs":["https:\/\/www.instagram.com\/arsatok\/","https:\/\/www.youtube.com\/channel\/UCzMa-rxDrzoFGPdmhsewDiA","https:\/\/www.facebook.com\/arsatsa\/","https:\/\/twitter.com\/ARSATSA"],"logo":{"@type":"ImageObject","inLanguage":"es","@id":"https:\/\/\/web.devops.arsat.com.ar\/#\/schema\/logo\/image\/","url":"https:\/\/www.arsat.com.ar\/wp-content\/uploads\/2021\/03\/Antena-desde-aire.jpg","contentUrl":"https:\/\/www.arsat.com.ar\/wp-content\/uploads\/2021\/03\/Antena-desde-aire.jpg","width":1750,"height":984,"caption":"ARSAT"},"image":{"@id":"https:\/\/\/web.devops.arsat.com.ar\/#\/schema\/logo\/image\/"}}]}},"_links":{"self":[{"href":"https:\/\/\/web.devops.arsat.com.ar\/wp-json\/wp\/v2\/pages\/220","targetHints":{"allow":["GET"]}}],"collection":[{"href":"https:\/\/\/web.devops.arsat.com.ar\/wp-json\/wp\/v2\/pages"}],"about":[{"href":"https:\/\/\/web.devops.arsat.com.ar\/wp-json\/wp\/v2\/types\/page"}],"author":[{"embeddable":true,"href":"https:\/\/\/web.devops.arsat.com.ar\/wp-json\/wp\/v2\/users\/1"}],"replies":[{"embeddable":true,"href":"https:\/\/\/web.devops.arsat.com.ar\/wp-json\/wp\/v2\/comments?post=220"}],"version-history":[{"count":8,"href":"https:\/\/\/web.devops.arsat.com.ar\/wp-json\/wp\/v2\/pages\/220\/revisions"}],"predecessor-version":[{"id":3675,"href":"https:\/\/\/web.devops.arsat.com.ar\/wp-json\/wp\/v2\/pages\/220\/revisions\/3675"}],"up":[{"embeddable":true,"href":"https:\/\/\/web.devops.arsat.com.ar\/wp-json\/wp\/v2\/pages\/2"}],"wp:featuredmedia":[{"embeddable":true,"href":"https:\/\/\/web.devops.arsat.com.ar\/wp-json\/wp\/v2\/media\/1053"}],"wp:attachment":[{"href":"https:\/\/\/web.devops.arsat.com.ar\/wp-json\/wp\/v2\/media?parent=220"}],"curies":[{"name":"wp","href":"https:\/\/api.w.org\/{rel}","templated":true}]}}