{"id":221,"date":"2021-02-19T10:41:36","date_gmt":"2021-02-19T13:41:36","guid":{"rendered":"http:\/\/web.web.devops.arsat.com.ar\/?page_id=221"},"modified":"2024-05-10T15:19:15","modified_gmt":"2024-05-10T18:19:15","slug":"satelital","status":"publish","type":"page","link":"https:\/\/\/web.devops.arsat.com.ar\/infraestructura-tecnologica\/satelital\/","title":{"rendered":"Satelital"},"content":{"rendered":"<p>La Uni\u00f3n Internacional de Telecomunicaciones (U.I.T.) es el organismo de Naciones Unidas encargado de establecer los criterios para la asignaci\u00f3n de posiciones orbitales, proceder a su asignaci\u00f3n y verificar su uso eficiente. Dado que las posiciones geoestacionarias son un recurso estrat\u00e9gico muy valioso y extremadamente escaso, los pa\u00edses a los que se les asigna una posici\u00f3n orbital corren el riesgo de perderla si no la ocupan y explotan en un lapso de tres a\u00f1os.<\/p>\n<p>Actualmente la Argentina tiene asignadas dos posiciones orbitales: 72\u00b0 y 81\u00b0 longitud Oeste.<\/p>\n","protected":false},"excerpt":{"rendered":"La Uni\u00f3n Internacional de Telecomunicaciones (U.I.T.) es el organismo de Naciones Unidas encargado de establecer los criterios para la asignaci\u00f3n de posiciones orbitales, proceder a su asignaci\u00f3n y verificar su uso eficiente. Dado que las posiciones geoestacionarias son un recurso estrat\u00e9gico muy valioso y extremadamente escaso, los pa\u00edses a los que se les asigna una&#8230; <a class=\"view-article\" href=\"https:\/\/\/web.devops.arsat.com.ar\/infraestructura-tecnologica\/satelital\/\">View Article<\/a>","protected":false},"author":1,"featured_media":524,"parent":7919,"menu_order":11,"comment_status":"closed","ping_status":"closed","template":"template-unidad.php","meta":{"footnotes":""},"class_list":["post-221","page","type-page","status-publish","has-post-thumbnail","hentry"],"acf":[],"yoast_head":"<!-- This site is optimized with the Yoast SEO plugin v19.7.2 - https:\/\/yoast.com\/wordpress\/plugins\/seo\/ -->\n<title>Satelital - Arsat<\/title>\n<meta name=\"description\" content=\"A trav\u00e9s de nuestros sat\u00e9lites geoestacionarios ARSAT-1 y ARSAT-2 ofrecemos internet y otros servicios de telecomunicaciones.\" \/>\n<meta name=\"robots\" content=\"index, follow, max-snippet:-1, max-image-preview:large, max-video-preview:-1\" \/>\n<link rel=\"canonical\" href=\"https:\/\/web.devops.arsat.com.ar\/infraestructura-tecnologica\/satelital\/\" \/>\n<meta property=\"og:locale\" content=\"es_ES\" \/>\n<meta property=\"og:type\" content=\"article\" \/>\n<meta property=\"og:title\" content=\"Satelital - Arsat\" \/>\n<meta property=\"og:description\" content=\"A trav\u00e9s de nuestros sat\u00e9lites geoestacionarios ARSAT-1 y ARSAT-2 ofrecemos internet y otros servicios de telecomunicaciones.\" \/>\n<meta property=\"og:url\" content=\"https:\/\/\/web.devops.arsat.com.ar\/infraestructura-tecnologica\/satelital\/\" \/>\n<meta property=\"og:site_name\" content=\"Arsat\" \/>\n<meta property=\"article:publisher\" content=\"https:\/\/www.facebook.com\/arsatsa\/\" \/>\n<meta property=\"article:modified_time\" content=\"2024-05-10T18:19:15+00:00\" \/>\n<meta property=\"og:image\" content=\"https:\/\/web.devops.arsat.com.ar\/wp-content\/uploads\/2021\/03\/arsat-satelital-1750x1159.jpg\" \/>\n\t<meta property=\"og:image:width\" content=\"1800\" \/>\n\t<meta property=\"og:image:height\" content=\"1192\" \/>\n\t<meta property=\"og:image:type\" content=\"image\/jpeg\" \/>\n<meta name=\"twitter:card\" content=\"summary_large_image\" \/>\n<meta name=\"twitter:site\" content=\"@ARSATSA\" \/>\n<meta name=\"twitter:label1\" content=\"Tiempo de lectura\" \/>\n\t<meta name=\"twitter:data1\" content=\"1 minuto\" \/>\n<script type=\"application\/ld+json\" class=\"yoast-schema-graph\">{\"@context\":\"https:\/\/schema.org\",\"@graph\":[{\"@type\":\"WebPage\",\"@id\":\"https:\/\/\/web.devops.arsat.com.ar\/infraestructura-tecnologica\/satelital\/\",\"url\":\"https:\/\/\/web.devops.arsat.com.ar\/infraestructura-tecnologica\/satelital\/\",\"name\":\"Satelital - Arsat\",\"isPartOf\":{\"@id\":\"https:\/\/\/web.devops.arsat.com.ar\/#website\"},\"datePublished\":\"2021-02-19T13:41:36+00:00\",\"dateModified\":\"2024-05-10T18:19:15+00:00\",\"description\":\"A trav\u00e9s de nuestros sat\u00e9lites geoestacionarios ARSAT-1 y ARSAT-2 ofrecemos internet y otros servicios de telecomunicaciones.\",\"breadcrumb\":{\"@id\":\"https:\/\/\/web.devops.arsat.com.ar\/infraestructura-tecnologica\/satelital\/#breadcrumb\"},\"inLanguage\":\"es\",\"potentialAction\":[{\"@type\":\"ReadAction\",\"target\":[\"https:\/\/\/web.devops.arsat.com.ar\/infraestructura-tecnologica\/satelital\/\"]}]},{\"@type\":\"BreadcrumbList\",\"@id\":\"https:\/\/\/web.devops.arsat.com.ar\/infraestructura-tecnologica\/satelital\/#breadcrumb\",\"itemListElement\":[{\"@type\":\"ListItem\",\"position\":1,\"name\":\"Inicio\",\"item\":\"\/\"},{\"@type\":\"ListItem\",\"position\":2,\"name\":\"Infraestructura Tecnol\u00f3gica\",\"item\":\"\/\"},{\"@type\":\"ListItem\",\"position\":3,\"name\":\"Satelital\"}]},{\"@type\":\"WebSite\",\"@id\":\"https:\/\/\/web.devops.arsat.com.ar\/#website\",\"url\":\"https:\/\/\/web.devops.arsat.com.ar\/\",\"name\":\"Arsat\",\"description\":\"Estamos conectados\",\"publisher\":{\"@id\":\"https:\/\/\/web.devops.arsat.com.ar\/#organization\"},\"potentialAction\":[{\"@type\":\"SearchAction\",\"target\":{\"@type\":\"EntryPoint\",\"urlTemplate\":\"https:\/\/\/web.devops.arsat.com.ar\/?s={search_term_string}\"},\"query-input\":\"required name=search_term_string\"}],\"inLanguage\":\"es\"},{\"@type\":\"Organization\",\"@id\":\"https:\/\/\/web.devops.arsat.com.ar\/#organization\",\"name\":\"ARSAT\",\"url\":\"https:\/\/\/web.devops.arsat.com.ar\/\",\"sameAs\":[\"https:\/\/www.instagram.com\/arsatok\/\",\"https:\/\/www.youtube.com\/channel\/UCzMa-rxDrzoFGPdmhsewDiA\",\"https:\/\/www.facebook.com\/arsatsa\/\",\"https:\/\/twitter.com\/ARSATSA\"],\"logo\":{\"@type\":\"ImageObject\",\"inLanguage\":\"es\",\"@id\":\"https:\/\/\/web.devops.arsat.com.ar\/#\/schema\/logo\/image\/\",\"url\":\"https:\/\/www.arsat.com.ar\/wp-content\/uploads\/2021\/03\/Antena-desde-aire.jpg\",\"contentUrl\":\"https:\/\/www.arsat.com.ar\/wp-content\/uploads\/2021\/03\/Antena-desde-aire.jpg\",\"width\":1750,\"height\":984,\"caption\":\"ARSAT\"},\"image\":{\"@id\":\"https:\/\/\/web.devops.arsat.com.ar\/#\/schema\/logo\/image\/\"}}]}<\/script>\n<!-- \/ Yoast SEO plugin. -->","yoast_head_json":{"title":"Satelital - Arsat","description":"A trav\u00e9s de nuestros sat\u00e9lites geoestacionarios ARSAT-1 y ARSAT-2 ofrecemos internet y otros servicios de telecomunicaciones.","robots":{"index":"index","follow":"follow","max-snippet":"max-snippet:-1","max-image-preview":"max-image-preview:large","max-video-preview":"max-video-preview:-1"},"canonical":"https:\/\/web.devops.arsat.com.ar\/infraestructura-tecnologica\/satelital\/","og_locale":"es_ES","og_type":"article","og_title":"Satelital - Arsat","og_description":"A trav\u00e9s de nuestros sat\u00e9lites geoestacionarios ARSAT-1 y ARSAT-2 ofrecemos internet y otros servicios de telecomunicaciones.","og_url":"https:\/\/\/web.devops.arsat.com.ar\/infraestructura-tecnologica\/satelital\/","og_site_name":"Arsat","article_publisher":"https:\/\/www.facebook.com\/arsatsa\/","article_modified_time":"2024-05-10T18:19:15+00:00","og_image":[{"width":1800,"height":1192,"url":"https:\/\/web.devops.arsat.com.ar\/wp-content\/uploads\/2021\/03\/arsat-satelital-1750x1159.jpg","type":"image\/jpeg"}],"twitter_card":"summary_large_image","twitter_site":"@ARSATSA","twitter_misc":{"Tiempo de lectura":"1 minuto"},"schema":{"@context":"https:\/\/schema.org","@graph":[{"@type":"WebPage","@id":"https:\/\/\/web.devops.arsat.com.ar\/infraestructura-tecnologica\/satelital\/","url":"https:\/\/\/web.devops.arsat.com.ar\/infraestructura-tecnologica\/satelital\/","name":"Satelital - Arsat","isPartOf":{"@id":"https:\/\/\/web.devops.arsat.com.ar\/#website"},"datePublished":"2021-02-19T13:41:36+00:00","dateModified":"2024-05-10T18:19:15+00:00","description":"A trav\u00e9s de nuestros sat\u00e9lites geoestacionarios ARSAT-1 y ARSAT-2 ofrecemos internet y otros servicios de telecomunicaciones.","breadcrumb":{"@id":"https:\/\/\/web.devops.arsat.com.ar\/infraestructura-tecnologica\/satelital\/#breadcrumb"},"inLanguage":"es","potentialAction":[{"@type":"ReadAction","target":["https:\/\/\/web.devops.arsat.com.ar\/infraestructura-tecnologica\/satelital\/"]}]},{"@type":"BreadcrumbList","@id":"https:\/\/\/web.devops.arsat.com.ar\/infraestructura-tecnologica\/satelital\/#breadcrumb","itemListElement":[{"@type":"ListItem","position":1,"name":"Inicio","item":"\/"},{"@type":"ListItem","position":2,"name":"Infraestructura Tecnol\u00f3gica","item":"\/"},{"@type":"ListItem","position":3,"name":"Satelital"}]},{"@type":"WebSite","@id":"https:\/\/\/web.devops.arsat.com.ar\/#website","url":"https:\/\/\/web.devops.arsat.com.ar\/","name":"Arsat","description":"Estamos conectados","publisher":{"@id":"https:\/\/\/web.devops.arsat.com.ar\/#organization"},"potentialAction":[{"@type":"SearchAction","target":{"@type":"EntryPoint","urlTemplate":"https:\/\/\/web.devops.arsat.com.ar\/?s={search_term_string}"},"query-input":"required name=search_term_string"}],"inLanguage":"es"},{"@type":"Organization","@id":"https:\/\/\/web.devops.arsat.com.ar\/#organization","name":"ARSAT","url":"https:\/\/\/web.devops.arsat.com.ar\/","sameAs":["https:\/\/www.instagram.com\/arsatok\/","https:\/\/www.youtube.com\/channel\/UCzMa-rxDrzoFGPdmhsewDiA","https:\/\/www.facebook.com\/arsatsa\/","https:\/\/twitter.com\/ARSATSA"],"logo":{"@type":"ImageObject","inLanguage":"es","@id":"https:\/\/\/web.devops.arsat.com.ar\/#\/schema\/logo\/image\/","url":"https:\/\/www.arsat.com.ar\/wp-content\/uploads\/2021\/03\/Antena-desde-aire.jpg","contentUrl":"https:\/\/www.arsat.com.ar\/wp-content\/uploads\/2021\/03\/Antena-desde-aire.jpg","width":1750,"height":984,"caption":"ARSAT"},"image":{"@id":"https:\/\/\/web.devops.arsat.com.ar\/#\/schema\/logo\/image\/"}}]}},"_links":{"self":[{"href":"https:\/\/\/web.devops.arsat.com.ar\/wp-json\/wp\/v2\/pages\/221","targetHints":{"allow":["GET"]}}],"collection":[{"href":"https:\/\/\/web.devops.arsat.com.ar\/wp-json\/wp\/v2\/pages"}],"about":[{"href":"https:\/\/\/web.devops.arsat.com.ar\/wp-json\/wp\/v2\/types\/page"}],"author":[{"embeddable":true,"href":"https:\/\/\/web.devops.arsat.com.ar\/wp-json\/wp\/v2\/users\/1"}],"replies":[{"embeddable":true,"href":"https:\/\/\/web.devops.arsat.com.ar\/wp-json\/wp\/v2\/comments?post=221"}],"version-history":[{"count":67,"href":"https:\/\/\/web.devops.arsat.com.ar\/wp-json\/wp\/v2\/pages\/221\/revisions"}],"predecessor-version":[{"id":9205,"href":"https:\/\/\/web.devops.arsat.com.ar\/wp-json\/wp\/v2\/pages\/221\/revisions\/9205"}],"up":[{"embeddable":true,"href":"https:\/\/\/web.devops.arsat.com.ar\/wp-json\/wp\/v2\/pages\/7919"}],"wp:featuredmedia":[{"embeddable":true,"href":"https:\/\/\/web.devops.arsat.com.ar\/wp-json\/wp\/v2\/media\/524"}],"wp:attachment":[{"href":"https:\/\/\/web.devops.arsat.com.ar\/wp-json\/wp\/v2\/media?parent=221"}],"curies":[{"name":"wp","href":"https:\/\/api.w.org\/{rel}","templated":true}]}}