{"id":278,"date":"2021-02-19T12:48:28","date_gmt":"2021-02-19T15:48:28","guid":{"rendered":"http:\/\/web.web.devops.arsat.com.ar\/?page_id=278"},"modified":"2022-08-29T18:52:39","modified_gmt":"2022-08-29T21:52:39","slug":"puntos-wifi","status":"publish","type":"page","link":"https:\/\/\/web.devops.arsat.com.ar\/infraestructura-tecnologica\/red-federal-de-fibra-optica\/proyectos\/puntos-wifi\/","title":{"rendered":"Puntos WIFI"},"content":{"rendered":"<p>El objetivo es que las personas puedan comunicarse mientras se encuentran de viaje en las rutas de la Argentina, especialmente en zonas donde no hay ning\u00fan otro tipo de conectividad.<\/p>\n<p>Es por eso que instalamos estas \u00e1reas WiFi al costado del camino, dispuestos con una distancia de 25 kil\u00f3metros uno del otro, y con un radio de cobertura superior a los 800 metros. De forma libre y gratuita, los spots pueden conectar hasta 100 personas en simult\u00e1neo.<\/p>\n","protected":false},"excerpt":{"rendered":"El objetivo es que las personas puedan comunicarse mientras se encuentran de viaje en las rutas de la Argentina, especialmente en zonas donde no hay ning\u00fan otro tipo de conectividad. Es por eso que instalamos estas \u00e1reas WiFi al costado del camino, dispuestos con una distancia de 25 kil\u00f3metros uno del otro, y con un&#8230; <a class=\"view-article\" href=\"https:\/\/\/web.devops.arsat.com.ar\/infraestructura-tecnologica\/red-federal-de-fibra-optica\/proyectos\/puntos-wifi\/\">View Article<\/a>","protected":false},"author":1,"featured_media":7459,"parent":276,"menu_order":176,"comment_status":"closed","ping_status":"closed","template":"template-producto-servicio.php","meta":{"footnotes":""},"class_list":["post-278","page","type-page","status-publish","has-post-thumbnail","hentry"],"acf":[],"yoast_head":"<!-- This site is optimized with the Yoast SEO plugin v19.7.2 - https:\/\/yoast.com\/wordpress\/plugins\/seo\/ -->\n<title>Puntos WIFI - Arsat<\/title>\n<meta name=\"robots\" content=\"index, follow, max-snippet:-1, max-image-preview:large, max-video-preview:-1\" \/>\n<link rel=\"canonical\" href=\"https:\/\/web.devops.arsat.com.ar\/infraestructura-tecnologica\/red-federal-de-fibra-optica\/proyectos\/puntos-wifi\/\" \/>\n<meta property=\"og:locale\" content=\"es_ES\" \/>\n<meta property=\"og:type\" content=\"article\" \/>\n<meta property=\"og:title\" content=\"Puntos WIFI - Arsat\" \/>\n<meta property=\"og:description\" content=\"El objetivo es que las personas puedan comunicarse mientras se encuentran de viaje en las rutas de la Argentina, especialmente en zonas donde no hay ning\u00fan otro tipo de conectividad. Es por eso que instalamos estas \u00e1reas WiFi al costado del camino, dispuestos con una distancia de 25 kil\u00f3metros uno del otro, y con un... View Article\" \/>\n<meta property=\"og:url\" content=\"https:\/\/\/web.devops.arsat.com.ar\/infraestructura-tecnologica\/red-federal-de-fibra-optica\/proyectos\/puntos-wifi\/\" \/>\n<meta property=\"og:site_name\" content=\"Arsat\" \/>\n<meta property=\"article:publisher\" content=\"https:\/\/www.facebook.com\/arsatsa\/\" \/>\n<meta property=\"article:modified_time\" content=\"2022-08-29T21:52:39+00:00\" \/>\n<meta property=\"og:image\" content=\"https:\/\/web.devops.arsat.com.ar\/wp-content\/uploads\/2022\/08\/1534-1024-5-1-1.jpg\" \/>\n\t<meta property=\"og:image:width\" content=\"1534\" \/>\n\t<meta property=\"og:image:height\" content=\"1024\" \/>\n\t<meta property=\"og:image:type\" content=\"image\/jpeg\" \/>\n<meta name=\"twitter:card\" content=\"summary_large_image\" \/>\n<meta name=\"twitter:site\" content=\"@ARSATSA\" \/>\n<meta name=\"twitter:label1\" content=\"Tiempo de lectura\" \/>\n\t<meta name=\"twitter:data1\" content=\"1 minuto\" \/>\n<script type=\"application\/ld+json\" class=\"yoast-schema-graph\">{\"@context\":\"https:\/\/schema.org\",\"@graph\":[{\"@type\":\"WebPage\",\"@id\":\"https:\/\/\/web.devops.arsat.com.ar\/infraestructura-tecnologica\/red-federal-de-fibra-optica\/proyectos\/puntos-wifi\/\",\"url\":\"https:\/\/\/web.devops.arsat.com.ar\/infraestructura-tecnologica\/red-federal-de-fibra-optica\/proyectos\/puntos-wifi\/\",\"name\":\"Puntos WIFI - Arsat\",\"isPartOf\":{\"@id\":\"https:\/\/\/web.devops.arsat.com.ar\/#website\"},\"datePublished\":\"2021-02-19T15:48:28+00:00\",\"dateModified\":\"2022-08-29T21:52:39+00:00\",\"breadcrumb\":{\"@id\":\"https:\/\/\/web.devops.arsat.com.ar\/infraestructura-tecnologica\/red-federal-de-fibra-optica\/proyectos\/puntos-wifi\/#breadcrumb\"},\"inLanguage\":\"es\",\"potentialAction\":[{\"@type\":\"ReadAction\",\"target\":[\"https:\/\/\/web.devops.arsat.com.ar\/infraestructura-tecnologica\/red-federal-de-fibra-optica\/proyectos\/puntos-wifi\/\"]}]},{\"@type\":\"BreadcrumbList\",\"@id\":\"https:\/\/\/web.devops.arsat.com.ar\/infraestructura-tecnologica\/red-federal-de-fibra-optica\/proyectos\/puntos-wifi\/#breadcrumb\",\"itemListElement\":[{\"@type\":\"ListItem\",\"position\":1,\"name\":\"Inicio\",\"item\":\"\/\"},{\"@type\":\"ListItem\",\"position\":2,\"name\":\"Infraestructura Tecnol\u00f3gica\",\"item\":\"\/\"},{\"@type\":\"ListItem\",\"position\":3,\"name\":\"Red Federal de Fibra \u00d3ptica\",\"item\":\"\/\"},{\"@type\":\"ListItem\",\"position\":4,\"name\":\"Proyectos\",\"item\":\"\/\"},{\"@type\":\"ListItem\",\"position\":5,\"name\":\"Puntos WIFI\"}]},{\"@type\":\"WebSite\",\"@id\":\"https:\/\/\/web.devops.arsat.com.ar\/#website\",\"url\":\"https:\/\/\/web.devops.arsat.com.ar\/\",\"name\":\"Arsat\",\"description\":\"Estamos conectados\",\"publisher\":{\"@id\":\"https:\/\/\/web.devops.arsat.com.ar\/#organization\"},\"potentialAction\":[{\"@type\":\"SearchAction\",\"target\":{\"@type\":\"EntryPoint\",\"urlTemplate\":\"https:\/\/\/web.devops.arsat.com.ar\/?s={search_term_string}\"},\"query-input\":\"required name=search_term_string\"}],\"inLanguage\":\"es\"},{\"@type\":\"Organization\",\"@id\":\"https:\/\/\/web.devops.arsat.com.ar\/#organization\",\"name\":\"ARSAT\",\"url\":\"https:\/\/\/web.devops.arsat.com.ar\/\",\"sameAs\":[\"https:\/\/www.instagram.com\/arsatok\/\",\"https:\/\/www.youtube.com\/channel\/UCzMa-rxDrzoFGPdmhsewDiA\",\"https:\/\/www.facebook.com\/arsatsa\/\",\"https:\/\/twitter.com\/ARSATSA\"],\"logo\":{\"@type\":\"ImageObject\",\"inLanguage\":\"es\",\"@id\":\"https:\/\/\/web.devops.arsat.com.ar\/#\/schema\/logo\/image\/\",\"url\":\"https:\/\/www.arsat.com.ar\/wp-content\/uploads\/2021\/03\/Antena-desde-aire.jpg\",\"contentUrl\":\"https:\/\/www.arsat.com.ar\/wp-content\/uploads\/2021\/03\/Antena-desde-aire.jpg\",\"width\":1750,\"height\":984,\"caption\":\"ARSAT\"},\"image\":{\"@id\":\"https:\/\/\/web.devops.arsat.com.ar\/#\/schema\/logo\/image\/\"}}]}<\/script>\n<!-- \/ Yoast SEO plugin. -->","yoast_head_json":{"title":"Puntos WIFI - Arsat","robots":{"index":"index","follow":"follow","max-snippet":"max-snippet:-1","max-image-preview":"max-image-preview:large","max-video-preview":"max-video-preview:-1"},"canonical":"https:\/\/web.devops.arsat.com.ar\/infraestructura-tecnologica\/red-federal-de-fibra-optica\/proyectos\/puntos-wifi\/","og_locale":"es_ES","og_type":"article","og_title":"Puntos WIFI - Arsat","og_description":"El objetivo es que las personas puedan comunicarse mientras se encuentran de viaje en las rutas de la Argentina, especialmente en zonas donde no hay ning\u00fan otro tipo de conectividad. Es por eso que instalamos estas \u00e1reas WiFi al costado del camino, dispuestos con una distancia de 25 kil\u00f3metros uno del otro, y con un... View Article","og_url":"https:\/\/\/web.devops.arsat.com.ar\/infraestructura-tecnologica\/red-federal-de-fibra-optica\/proyectos\/puntos-wifi\/","og_site_name":"Arsat","article_publisher":"https:\/\/www.facebook.com\/arsatsa\/","article_modified_time":"2022-08-29T21:52:39+00:00","og_image":[{"width":1534,"height":1024,"url":"https:\/\/web.devops.arsat.com.ar\/wp-content\/uploads\/2022\/08\/1534-1024-5-1-1.jpg","type":"image\/jpeg"}],"twitter_card":"summary_large_image","twitter_site":"@ARSATSA","twitter_misc":{"Tiempo de lectura":"1 minuto"},"schema":{"@context":"https:\/\/schema.org","@graph":[{"@type":"WebPage","@id":"https:\/\/\/web.devops.arsat.com.ar\/infraestructura-tecnologica\/red-federal-de-fibra-optica\/proyectos\/puntos-wifi\/","url":"https:\/\/\/web.devops.arsat.com.ar\/infraestructura-tecnologica\/red-federal-de-fibra-optica\/proyectos\/puntos-wifi\/","name":"Puntos WIFI - Arsat","isPartOf":{"@id":"https:\/\/\/web.devops.arsat.com.ar\/#website"},"datePublished":"2021-02-19T15:48:28+00:00","dateModified":"2022-08-29T21:52:39+00:00","breadcrumb":{"@id":"https:\/\/\/web.devops.arsat.com.ar\/infraestructura-tecnologica\/red-federal-de-fibra-optica\/proyectos\/puntos-wifi\/#breadcrumb"},"inLanguage":"es","potentialAction":[{"@type":"ReadAction","target":["https:\/\/\/web.devops.arsat.com.ar\/infraestructura-tecnologica\/red-federal-de-fibra-optica\/proyectos\/puntos-wifi\/"]}]},{"@type":"BreadcrumbList","@id":"https:\/\/\/web.devops.arsat.com.ar\/infraestructura-tecnologica\/red-federal-de-fibra-optica\/proyectos\/puntos-wifi\/#breadcrumb","itemListElement":[{"@type":"ListItem","position":1,"name":"Inicio","item":"\/"},{"@type":"ListItem","position":2,"name":"Infraestructura Tecnol\u00f3gica","item":"\/"},{"@type":"ListItem","position":3,"name":"Red Federal de Fibra \u00d3ptica","item":"\/"},{"@type":"ListItem","position":4,"name":"Proyectos","item":"\/"},{"@type":"ListItem","position":5,"name":"Puntos WIFI"}]},{"@type":"WebSite","@id":"https:\/\/\/web.devops.arsat.com.ar\/#website","url":"https:\/\/\/web.devops.arsat.com.ar\/","name":"Arsat","description":"Estamos conectados","publisher":{"@id":"https:\/\/\/web.devops.arsat.com.ar\/#organization"},"potentialAction":[{"@type":"SearchAction","target":{"@type":"EntryPoint","urlTemplate":"https:\/\/\/web.devops.arsat.com.ar\/?s={search_term_string}"},"query-input":"required name=search_term_string"}],"inLanguage":"es"},{"@type":"Organization","@id":"https:\/\/\/web.devops.arsat.com.ar\/#organization","name":"ARSAT","url":"https:\/\/\/web.devops.arsat.com.ar\/","sameAs":["https:\/\/www.instagram.com\/arsatok\/","https:\/\/www.youtube.com\/channel\/UCzMa-rxDrzoFGPdmhsewDiA","https:\/\/www.facebook.com\/arsatsa\/","https:\/\/twitter.com\/ARSATSA"],"logo":{"@type":"ImageObject","inLanguage":"es","@id":"https:\/\/\/web.devops.arsat.com.ar\/#\/schema\/logo\/image\/","url":"https:\/\/www.arsat.com.ar\/wp-content\/uploads\/2021\/03\/Antena-desde-aire.jpg","contentUrl":"https:\/\/www.arsat.com.ar\/wp-content\/uploads\/2021\/03\/Antena-desde-aire.jpg","width":1750,"height":984,"caption":"ARSAT"},"image":{"@id":"https:\/\/\/web.devops.arsat.com.ar\/#\/schema\/logo\/image\/"}}]}},"_links":{"self":[{"href":"https:\/\/\/web.devops.arsat.com.ar\/wp-json\/wp\/v2\/pages\/278","targetHints":{"allow":["GET"]}}],"collection":[{"href":"https:\/\/\/web.devops.arsat.com.ar\/wp-json\/wp\/v2\/pages"}],"about":[{"href":"https:\/\/\/web.devops.arsat.com.ar\/wp-json\/wp\/v2\/types\/page"}],"author":[{"embeddable":true,"href":"https:\/\/\/web.devops.arsat.com.ar\/wp-json\/wp\/v2\/users\/1"}],"replies":[{"embeddable":true,"href":"https:\/\/\/web.devops.arsat.com.ar\/wp-json\/wp\/v2\/comments?post=278"}],"version-history":[{"count":7,"href":"https:\/\/\/web.devops.arsat.com.ar\/wp-json\/wp\/v2\/pages\/278\/revisions"}],"predecessor-version":[{"id":7499,"href":"https:\/\/\/web.devops.arsat.com.ar\/wp-json\/wp\/v2\/pages\/278\/revisions\/7499"}],"up":[{"embeddable":true,"href":"https:\/\/\/web.devops.arsat.com.ar\/wp-json\/wp\/v2\/pages\/276"}],"wp:featuredmedia":[{"embeddable":true,"href":"https:\/\/\/web.devops.arsat.com.ar\/wp-json\/wp\/v2\/media\/7459"}],"wp:attachment":[{"href":"https:\/\/\/web.devops.arsat.com.ar\/wp-json\/wp\/v2\/media?parent=278"}],"curies":[{"name":"wp","href":"https:\/\/api.w.org\/{rel}","templated":true}]}}