{"id":282,"date":"2021-02-19T12:49:31","date_gmt":"2021-02-19T15:49:31","guid":{"rendered":"http:\/\/web.web.devops.arsat.com.ar\/?page_id=282"},"modified":"2021-07-12T15:56:06","modified_gmt":"2021-07-12T18:56:06","slug":"television-digital-terrestre","status":"publish","type":"page","link":"https:\/\/\/web.devops.arsat.com.ar\/infraestructura-tecnologica\/television-digital-abierta\/television-digital-abierta-subseccion\/television-digital-terrestre\/","title":{"rendered":"Televisi\u00f3n Digital Terrestre"},"content":{"rendered":"<p>Ofrecemos el servicio de infraestructura, multiplexado y transmisi\u00f3n para se\u00f1ales de televisi\u00f3n en la norma ISDB-T, est\u00e1ndar adoptado por la Argentina y por la mayor\u00eda de los pa\u00edses de Am\u00e9rica Latina, destinado a radiodifusores con licencia o autorizaci\u00f3n.<br \/>\nLa norma utiliza una codificaci\u00f3n denominada MPEG-4 en lugar de MPEG-2 de la norma original, permitiendo mejorar la calidad y cantidad de se\u00f1ales que pueden ser emitidas en un mismo canal espectral de 6 MHz de ancho de banda.<br \/>\nAdem\u00e1s, se han incorporado servicios adicionales como el de audio descripci\u00f3n y los subt\u00edtulos, que pueden activarse bajo demanda, transformando una televisi\u00f3n inclusiva para aquellas personas con problemas de visi\u00f3n o audici\u00f3n.<\/p>\n","protected":false},"excerpt":{"rendered":"Ofrecemos el servicio de infraestructura, multiplexado y transmisi\u00f3n para se\u00f1ales de televisi\u00f3n en la norma ISDB-T, est\u00e1ndar adoptado por la Argentina y por la mayor\u00eda de los pa\u00edses de Am\u00e9rica Latina, destinado a radiodifusores con licencia o autorizaci\u00f3n. La norma utiliza una codificaci\u00f3n denominada MPEG-4 en lugar de MPEG-2 de la norma original, permitiendo mejorar&#8230; <a class=\"view-article\" href=\"https:\/\/\/web.devops.arsat.com.ar\/infraestructura-tecnologica\/television-digital-abierta\/television-digital-abierta-subseccion\/television-digital-terrestre\/\">View Article<\/a>","protected":false},"author":1,"featured_media":1139,"parent":1190,"menu_order":196,"comment_status":"closed","ping_status":"closed","template":"template-producto-servicio.php","meta":{"footnotes":""},"class_list":["post-282","page","type-page","status-publish","has-post-thumbnail","hentry"],"acf":[],"yoast_head":"<!-- This site is optimized with the Yoast SEO plugin v19.7.2 - https:\/\/yoast.com\/wordpress\/plugins\/seo\/ -->\n<title>Televisi\u00f3n Digital Terrestre - Arsat<\/title>\n<meta name=\"robots\" content=\"index, follow, max-snippet:-1, max-image-preview:large, max-video-preview:-1\" \/>\n<link rel=\"canonical\" href=\"https:\/\/web.devops.arsat.com.ar\/infraestructura-tecnologica\/television-digital-abierta\/television-digital-abierta-subseccion\/television-digital-terrestre\/\" \/>\n<meta property=\"og:locale\" content=\"es_ES\" \/>\n<meta property=\"og:type\" content=\"article\" \/>\n<meta property=\"og:title\" content=\"Televisi\u00f3n Digital Terrestre - Arsat\" \/>\n<meta property=\"og:description\" content=\"Ofrecemos el servicio de infraestructura, multiplexado y transmisi\u00f3n para se\u00f1ales de televisi\u00f3n en la norma ISDB-T, est\u00e1ndar adoptado por la Argentina y por la mayor\u00eda de los pa\u00edses de Am\u00e9rica Latina, destinado a radiodifusores con licencia o autorizaci\u00f3n. La norma utiliza una codificaci\u00f3n denominada MPEG-4 en lugar de MPEG-2 de la norma original, permitiendo mejorar... View Article\" \/>\n<meta property=\"og:url\" content=\"https:\/\/\/web.devops.arsat.com.ar\/infraestructura-tecnologica\/television-digital-abierta\/television-digital-abierta-subseccion\/television-digital-terrestre\/\" \/>\n<meta property=\"og:site_name\" content=\"Arsat\" \/>\n<meta property=\"article:publisher\" content=\"https:\/\/www.facebook.com\/arsatsa\/\" \/>\n<meta property=\"article:modified_time\" content=\"2021-07-12T18:56:06+00:00\" \/>\n<meta property=\"og:image\" content=\"https:\/\/web.devops.arsat.com.ar\/wp-content\/uploads\/2021\/04\/tda-tdterrestre-1750x1168.jpg\" \/>\n\t<meta property=\"og:image:width\" content=\"1920\" \/>\n\t<meta property=\"og:image:height\" content=\"1281\" \/>\n\t<meta property=\"og:image:type\" content=\"image\/jpeg\" \/>\n<meta name=\"twitter:card\" content=\"summary_large_image\" \/>\n<meta name=\"twitter:site\" content=\"@ARSATSA\" \/>\n<meta name=\"twitter:label1\" content=\"Tiempo de lectura\" \/>\n\t<meta name=\"twitter:data1\" content=\"1 minuto\" \/>\n<script type=\"application\/ld+json\" class=\"yoast-schema-graph\">{\"@context\":\"https:\/\/schema.org\",\"@graph\":[{\"@type\":\"WebPage\",\"@id\":\"https:\/\/\/web.devops.arsat.com.ar\/infraestructura-tecnologica\/television-digital-abierta\/television-digital-abierta-subseccion\/television-digital-terrestre\/\",\"url\":\"https:\/\/\/web.devops.arsat.com.ar\/infraestructura-tecnologica\/television-digital-abierta\/television-digital-abierta-subseccion\/television-digital-terrestre\/\",\"name\":\"Televisi\u00f3n Digital Terrestre - Arsat\",\"isPartOf\":{\"@id\":\"https:\/\/\/web.devops.arsat.com.ar\/#website\"},\"datePublished\":\"2021-02-19T15:49:31+00:00\",\"dateModified\":\"2021-07-12T18:56:06+00:00\",\"breadcrumb\":{\"@id\":\"https:\/\/\/web.devops.arsat.com.ar\/infraestructura-tecnologica\/television-digital-abierta\/television-digital-abierta-subseccion\/television-digital-terrestre\/#breadcrumb\"},\"inLanguage\":\"es\",\"potentialAction\":[{\"@type\":\"ReadAction\",\"target\":[\"https:\/\/\/web.devops.arsat.com.ar\/infraestructura-tecnologica\/television-digital-abierta\/television-digital-abierta-subseccion\/television-digital-terrestre\/\"]}]},{\"@type\":\"BreadcrumbList\",\"@id\":\"https:\/\/\/web.devops.arsat.com.ar\/infraestructura-tecnologica\/television-digital-abierta\/television-digital-abierta-subseccion\/television-digital-terrestre\/#breadcrumb\",\"itemListElement\":[{\"@type\":\"ListItem\",\"position\":1,\"name\":\"Inicio\",\"item\":\"\/\"},{\"@type\":\"ListItem\",\"position\":2,\"name\":\"Infraestructura Tecnol\u00f3gica\",\"item\":\"\/\"},{\"@type\":\"ListItem\",\"position\":3,\"name\":\"Televisi\u00f3n Digital Abierta\",\"item\":\"\/\"},{\"@type\":\"ListItem\",\"position\":4,\"name\":\"Televisi\u00f3n Digital Abierta &#8211; Subsecci\u00f3n\",\"item\":\"\/\"},{\"@type\":\"ListItem\",\"position\":5,\"name\":\"Televisi\u00f3n Digital Terrestre\"}]},{\"@type\":\"WebSite\",\"@id\":\"https:\/\/\/web.devops.arsat.com.ar\/#website\",\"url\":\"https:\/\/\/web.devops.arsat.com.ar\/\",\"name\":\"Arsat\",\"description\":\"Estamos conectados\",\"publisher\":{\"@id\":\"https:\/\/\/web.devops.arsat.com.ar\/#organization\"},\"potentialAction\":[{\"@type\":\"SearchAction\",\"target\":{\"@type\":\"EntryPoint\",\"urlTemplate\":\"https:\/\/\/web.devops.arsat.com.ar\/?s={search_term_string}\"},\"query-input\":\"required name=search_term_string\"}],\"inLanguage\":\"es\"},{\"@type\":\"Organization\",\"@id\":\"https:\/\/\/web.devops.arsat.com.ar\/#organization\",\"name\":\"ARSAT\",\"url\":\"https:\/\/\/web.devops.arsat.com.ar\/\",\"sameAs\":[\"https:\/\/www.instagram.com\/arsatok\/\",\"https:\/\/www.youtube.com\/channel\/UCzMa-rxDrzoFGPdmhsewDiA\",\"https:\/\/www.facebook.com\/arsatsa\/\",\"https:\/\/twitter.com\/ARSATSA\"],\"logo\":{\"@type\":\"ImageObject\",\"inLanguage\":\"es\",\"@id\":\"https:\/\/\/web.devops.arsat.com.ar\/#\/schema\/logo\/image\/\",\"url\":\"https:\/\/www.arsat.com.ar\/wp-content\/uploads\/2021\/03\/Antena-desde-aire.jpg\",\"contentUrl\":\"https:\/\/www.arsat.com.ar\/wp-content\/uploads\/2021\/03\/Antena-desde-aire.jpg\",\"width\":1750,\"height\":984,\"caption\":\"ARSAT\"},\"image\":{\"@id\":\"https:\/\/\/web.devops.arsat.com.ar\/#\/schema\/logo\/image\/\"}}]}<\/script>\n<!-- \/ Yoast SEO plugin. -->","yoast_head_json":{"title":"Televisi\u00f3n Digital Terrestre - Arsat","robots":{"index":"index","follow":"follow","max-snippet":"max-snippet:-1","max-image-preview":"max-image-preview:large","max-video-preview":"max-video-preview:-1"},"canonical":"https:\/\/web.devops.arsat.com.ar\/infraestructura-tecnologica\/television-digital-abierta\/television-digital-abierta-subseccion\/television-digital-terrestre\/","og_locale":"es_ES","og_type":"article","og_title":"Televisi\u00f3n Digital Terrestre - Arsat","og_description":"Ofrecemos el servicio de infraestructura, multiplexado y transmisi\u00f3n para se\u00f1ales de televisi\u00f3n en la norma ISDB-T, est\u00e1ndar adoptado por la Argentina y por la mayor\u00eda de los pa\u00edses de Am\u00e9rica Latina, destinado a radiodifusores con licencia o autorizaci\u00f3n. La norma utiliza una codificaci\u00f3n denominada MPEG-4 en lugar de MPEG-2 de la norma original, permitiendo mejorar... View Article","og_url":"https:\/\/\/web.devops.arsat.com.ar\/infraestructura-tecnologica\/television-digital-abierta\/television-digital-abierta-subseccion\/television-digital-terrestre\/","og_site_name":"Arsat","article_publisher":"https:\/\/www.facebook.com\/arsatsa\/","article_modified_time":"2021-07-12T18:56:06+00:00","og_image":[{"width":1920,"height":1281,"url":"https:\/\/web.devops.arsat.com.ar\/wp-content\/uploads\/2021\/04\/tda-tdterrestre-1750x1168.jpg","type":"image\/jpeg"}],"twitter_card":"summary_large_image","twitter_site":"@ARSATSA","twitter_misc":{"Tiempo de lectura":"1 minuto"},"schema":{"@context":"https:\/\/schema.org","@graph":[{"@type":"WebPage","@id":"https:\/\/\/web.devops.arsat.com.ar\/infraestructura-tecnologica\/television-digital-abierta\/television-digital-abierta-subseccion\/television-digital-terrestre\/","url":"https:\/\/\/web.devops.arsat.com.ar\/infraestructura-tecnologica\/television-digital-abierta\/television-digital-abierta-subseccion\/television-digital-terrestre\/","name":"Televisi\u00f3n Digital Terrestre - Arsat","isPartOf":{"@id":"https:\/\/\/web.devops.arsat.com.ar\/#website"},"datePublished":"2021-02-19T15:49:31+00:00","dateModified":"2021-07-12T18:56:06+00:00","breadcrumb":{"@id":"https:\/\/\/web.devops.arsat.com.ar\/infraestructura-tecnologica\/television-digital-abierta\/television-digital-abierta-subseccion\/television-digital-terrestre\/#breadcrumb"},"inLanguage":"es","potentialAction":[{"@type":"ReadAction","target":["https:\/\/\/web.devops.arsat.com.ar\/infraestructura-tecnologica\/television-digital-abierta\/television-digital-abierta-subseccion\/television-digital-terrestre\/"]}]},{"@type":"BreadcrumbList","@id":"https:\/\/\/web.devops.arsat.com.ar\/infraestructura-tecnologica\/television-digital-abierta\/television-digital-abierta-subseccion\/television-digital-terrestre\/#breadcrumb","itemListElement":[{"@type":"ListItem","position":1,"name":"Inicio","item":"\/"},{"@type":"ListItem","position":2,"name":"Infraestructura Tecnol\u00f3gica","item":"\/"},{"@type":"ListItem","position":3,"name":"Televisi\u00f3n Digital Abierta","item":"\/"},{"@type":"ListItem","position":4,"name":"Televisi\u00f3n Digital Abierta &#8211; Subsecci\u00f3n","item":"\/"},{"@type":"ListItem","position":5,"name":"Televisi\u00f3n Digital Terrestre"}]},{"@type":"WebSite","@id":"https:\/\/\/web.devops.arsat.com.ar\/#website","url":"https:\/\/\/web.devops.arsat.com.ar\/","name":"Arsat","description":"Estamos conectados","publisher":{"@id":"https:\/\/\/web.devops.arsat.com.ar\/#organization"},"potentialAction":[{"@type":"SearchAction","target":{"@type":"EntryPoint","urlTemplate":"https:\/\/\/web.devops.arsat.com.ar\/?s={search_term_string}"},"query-input":"required name=search_term_string"}],"inLanguage":"es"},{"@type":"Organization","@id":"https:\/\/\/web.devops.arsat.com.ar\/#organization","name":"ARSAT","url":"https:\/\/\/web.devops.arsat.com.ar\/","sameAs":["https:\/\/www.instagram.com\/arsatok\/","https:\/\/www.youtube.com\/channel\/UCzMa-rxDrzoFGPdmhsewDiA","https:\/\/www.facebook.com\/arsatsa\/","https:\/\/twitter.com\/ARSATSA"],"logo":{"@type":"ImageObject","inLanguage":"es","@id":"https:\/\/\/web.devops.arsat.com.ar\/#\/schema\/logo\/image\/","url":"https:\/\/www.arsat.com.ar\/wp-content\/uploads\/2021\/03\/Antena-desde-aire.jpg","contentUrl":"https:\/\/www.arsat.com.ar\/wp-content\/uploads\/2021\/03\/Antena-desde-aire.jpg","width":1750,"height":984,"caption":"ARSAT"},"image":{"@id":"https:\/\/\/web.devops.arsat.com.ar\/#\/schema\/logo\/image\/"}}]}},"_links":{"self":[{"href":"https:\/\/\/web.devops.arsat.com.ar\/wp-json\/wp\/v2\/pages\/282","targetHints":{"allow":["GET"]}}],"collection":[{"href":"https:\/\/\/web.devops.arsat.com.ar\/wp-json\/wp\/v2\/pages"}],"about":[{"href":"https:\/\/\/web.devops.arsat.com.ar\/wp-json\/wp\/v2\/types\/page"}],"author":[{"embeddable":true,"href":"https:\/\/\/web.devops.arsat.com.ar\/wp-json\/wp\/v2\/users\/1"}],"replies":[{"embeddable":true,"href":"https:\/\/\/web.devops.arsat.com.ar\/wp-json\/wp\/v2\/comments?post=282"}],"version-history":[{"count":4,"href":"https:\/\/\/web.devops.arsat.com.ar\/wp-json\/wp\/v2\/pages\/282\/revisions"}],"predecessor-version":[{"id":3456,"href":"https:\/\/\/web.devops.arsat.com.ar\/wp-json\/wp\/v2\/pages\/282\/revisions\/3456"}],"up":[{"embeddable":true,"href":"https:\/\/\/web.devops.arsat.com.ar\/wp-json\/wp\/v2\/pages\/1190"}],"wp:featuredmedia":[{"embeddable":true,"href":"https:\/\/\/web.devops.arsat.com.ar\/wp-json\/wp\/v2\/media\/1139"}],"wp:attachment":[{"href":"https:\/\/\/web.devops.arsat.com.ar\/wp-json\/wp\/v2\/media?parent=282"}],"curies":[{"name":"wp","href":"https:\/\/api.w.org\/{rel}","templated":true}]}}