{"id":284,"date":"2021-02-19T12:49:41","date_gmt":"2021-02-19T15:49:41","guid":{"rendered":"http:\/\/web.web.devops.arsat.com.ar\/?page_id=284"},"modified":"2021-07-12T15:57:29","modified_gmt":"2021-07-12T18:57:29","slug":"mapa-estaciones-digitales-terrestres","status":"publish","type":"page","link":"https:\/\/\/web.devops.arsat.com.ar\/infraestructura-tecnologica\/television-digital-abierta\/television-digital-abierta-subseccion\/mapa-estaciones-digitales-terrestres\/","title":{"rendered":"Mapa Estaciones Digitales Terrestres"},"content":{"rendered":"<p>Est\u00e1n distribuidas en las principales ciudades de todo el pa\u00eds, brindando se\u00f1ales digitales a m\u00e1s del 84% de la poblaci\u00f3n.<\/p>\n<p>Todas las estaciones digitales tienen equipos redundantes de respaldo en los subsistemas m\u00e1s cr\u00edticos y mantenimiento con personal t\u00e9cnico local, para garantizar el servicio.<\/p>\n","protected":false},"excerpt":{"rendered":"Est\u00e1n distribuidas en las principales ciudades de todo el pa\u00eds, brindando se\u00f1ales digitales a m\u00e1s del 84% de la poblaci\u00f3n. Todas las estaciones digitales tienen equipos redundantes de respaldo en los subsistemas m\u00e1s cr\u00edticos y mantenimiento con personal t\u00e9cnico local, para garantizar el servicio.","protected":false},"author":1,"featured_media":1673,"parent":1190,"menu_order":136,"comment_status":"closed","ping_status":"closed","template":"template-producto-servicio.php","meta":{"footnotes":""},"class_list":["post-284","page","type-page","status-publish","has-post-thumbnail","hentry"],"acf":[],"yoast_head":"<!-- This site is optimized with the Yoast SEO plugin v19.7.2 - https:\/\/yoast.com\/wordpress\/plugins\/seo\/ -->\n<title>Mapa Estaciones Digitales Terrestres - Arsat<\/title>\n<meta name=\"robots\" content=\"index, follow, max-snippet:-1, max-image-preview:large, max-video-preview:-1\" \/>\n<link rel=\"canonical\" href=\"https:\/\/web.devops.arsat.com.ar\/infraestructura-tecnologica\/television-digital-abierta\/television-digital-abierta-subseccion\/mapa-estaciones-digitales-terrestres\/\" \/>\n<meta property=\"og:locale\" content=\"es_ES\" \/>\n<meta property=\"og:type\" content=\"article\" \/>\n<meta property=\"og:title\" content=\"Mapa Estaciones Digitales Terrestres - Arsat\" \/>\n<meta property=\"og:description\" content=\"Est\u00e1n distribuidas en las principales ciudades de todo el pa\u00eds, brindando se\u00f1ales digitales a m\u00e1s del 84% de la poblaci\u00f3n. Todas las estaciones digitales tienen equipos redundantes de respaldo en los subsistemas m\u00e1s cr\u00edticos y mantenimiento con personal t\u00e9cnico local, para garantizar el servicio.\" \/>\n<meta property=\"og:url\" content=\"https:\/\/\/web.devops.arsat.com.ar\/infraestructura-tecnologica\/television-digital-abierta\/television-digital-abierta-subseccion\/mapa-estaciones-digitales-terrestres\/\" \/>\n<meta property=\"og:site_name\" content=\"Arsat\" \/>\n<meta property=\"article:publisher\" content=\"https:\/\/www.facebook.com\/arsatsa\/\" \/>\n<meta property=\"article:modified_time\" content=\"2021-07-12T18:57:29+00:00\" \/>\n<meta property=\"og:image\" content=\"https:\/\/web.devops.arsat.com.ar\/wp-content\/uploads\/2021\/05\/mapa_de_cobertura-1750x983.jpg\" \/>\n\t<meta property=\"og:image:width\" content=\"1800\" \/>\n\t<meta property=\"og:image:height\" content=\"1011\" \/>\n\t<meta property=\"og:image:type\" content=\"image\/jpeg\" \/>\n<meta name=\"twitter:card\" content=\"summary_large_image\" \/>\n<meta name=\"twitter:site\" content=\"@ARSATSA\" \/>\n<meta name=\"twitter:label1\" content=\"Tiempo de lectura\" \/>\n\t<meta name=\"twitter:data1\" content=\"1 minuto\" \/>\n<script type=\"application\/ld+json\" class=\"yoast-schema-graph\">{\"@context\":\"https:\/\/schema.org\",\"@graph\":[{\"@type\":\"WebPage\",\"@id\":\"https:\/\/\/web.devops.arsat.com.ar\/infraestructura-tecnologica\/television-digital-abierta\/television-digital-abierta-subseccion\/mapa-estaciones-digitales-terrestres\/\",\"url\":\"https:\/\/\/web.devops.arsat.com.ar\/infraestructura-tecnologica\/television-digital-abierta\/television-digital-abierta-subseccion\/mapa-estaciones-digitales-terrestres\/\",\"name\":\"Mapa Estaciones Digitales Terrestres - Arsat\",\"isPartOf\":{\"@id\":\"https:\/\/\/web.devops.arsat.com.ar\/#website\"},\"datePublished\":\"2021-02-19T15:49:41+00:00\",\"dateModified\":\"2021-07-12T18:57:29+00:00\",\"breadcrumb\":{\"@id\":\"https:\/\/\/web.devops.arsat.com.ar\/infraestructura-tecnologica\/television-digital-abierta\/television-digital-abierta-subseccion\/mapa-estaciones-digitales-terrestres\/#breadcrumb\"},\"inLanguage\":\"es\",\"potentialAction\":[{\"@type\":\"ReadAction\",\"target\":[\"https:\/\/\/web.devops.arsat.com.ar\/infraestructura-tecnologica\/television-digital-abierta\/television-digital-abierta-subseccion\/mapa-estaciones-digitales-terrestres\/\"]}]},{\"@type\":\"BreadcrumbList\",\"@id\":\"https:\/\/\/web.devops.arsat.com.ar\/infraestructura-tecnologica\/television-digital-abierta\/television-digital-abierta-subseccion\/mapa-estaciones-digitales-terrestres\/#breadcrumb\",\"itemListElement\":[{\"@type\":\"ListItem\",\"position\":1,\"name\":\"Inicio\",\"item\":\"\/\"},{\"@type\":\"ListItem\",\"position\":2,\"name\":\"Infraestructura Tecnol\u00f3gica\",\"item\":\"\/\"},{\"@type\":\"ListItem\",\"position\":3,\"name\":\"Televisi\u00f3n Digital Abierta\",\"item\":\"\/\"},{\"@type\":\"ListItem\",\"position\":4,\"name\":\"Televisi\u00f3n Digital Abierta &#8211; Subsecci\u00f3n\",\"item\":\"\/\"},{\"@type\":\"ListItem\",\"position\":5,\"name\":\"Mapa Estaciones Digitales Terrestres\"}]},{\"@type\":\"WebSite\",\"@id\":\"https:\/\/\/web.devops.arsat.com.ar\/#website\",\"url\":\"https:\/\/\/web.devops.arsat.com.ar\/\",\"name\":\"Arsat\",\"description\":\"Estamos conectados\",\"publisher\":{\"@id\":\"https:\/\/\/web.devops.arsat.com.ar\/#organization\"},\"potentialAction\":[{\"@type\":\"SearchAction\",\"target\":{\"@type\":\"EntryPoint\",\"urlTemplate\":\"https:\/\/\/web.devops.arsat.com.ar\/?s={search_term_string}\"},\"query-input\":\"required name=search_term_string\"}],\"inLanguage\":\"es\"},{\"@type\":\"Organization\",\"@id\":\"https:\/\/\/web.devops.arsat.com.ar\/#organization\",\"name\":\"ARSAT\",\"url\":\"https:\/\/\/web.devops.arsat.com.ar\/\",\"sameAs\":[\"https:\/\/www.instagram.com\/arsatok\/\",\"https:\/\/www.youtube.com\/channel\/UCzMa-rxDrzoFGPdmhsewDiA\",\"https:\/\/www.facebook.com\/arsatsa\/\",\"https:\/\/twitter.com\/ARSATSA\"],\"logo\":{\"@type\":\"ImageObject\",\"inLanguage\":\"es\",\"@id\":\"https:\/\/\/web.devops.arsat.com.ar\/#\/schema\/logo\/image\/\",\"url\":\"https:\/\/www.arsat.com.ar\/wp-content\/uploads\/2021\/03\/Antena-desde-aire.jpg\",\"contentUrl\":\"https:\/\/www.arsat.com.ar\/wp-content\/uploads\/2021\/03\/Antena-desde-aire.jpg\",\"width\":1750,\"height\":984,\"caption\":\"ARSAT\"},\"image\":{\"@id\":\"https:\/\/\/web.devops.arsat.com.ar\/#\/schema\/logo\/image\/\"}}]}<\/script>\n<!-- \/ Yoast SEO plugin. -->","yoast_head_json":{"title":"Mapa Estaciones Digitales Terrestres - Arsat","robots":{"index":"index","follow":"follow","max-snippet":"max-snippet:-1","max-image-preview":"max-image-preview:large","max-video-preview":"max-video-preview:-1"},"canonical":"https:\/\/web.devops.arsat.com.ar\/infraestructura-tecnologica\/television-digital-abierta\/television-digital-abierta-subseccion\/mapa-estaciones-digitales-terrestres\/","og_locale":"es_ES","og_type":"article","og_title":"Mapa Estaciones Digitales Terrestres - Arsat","og_description":"Est\u00e1n distribuidas en las principales ciudades de todo el pa\u00eds, brindando se\u00f1ales digitales a m\u00e1s del 84% de la poblaci\u00f3n. Todas las estaciones digitales tienen equipos redundantes de respaldo en los subsistemas m\u00e1s cr\u00edticos y mantenimiento con personal t\u00e9cnico local, para garantizar el servicio.","og_url":"https:\/\/\/web.devops.arsat.com.ar\/infraestructura-tecnologica\/television-digital-abierta\/television-digital-abierta-subseccion\/mapa-estaciones-digitales-terrestres\/","og_site_name":"Arsat","article_publisher":"https:\/\/www.facebook.com\/arsatsa\/","article_modified_time":"2021-07-12T18:57:29+00:00","og_image":[{"width":1800,"height":1011,"url":"https:\/\/web.devops.arsat.com.ar\/wp-content\/uploads\/2021\/05\/mapa_de_cobertura-1750x983.jpg","type":"image\/jpeg"}],"twitter_card":"summary_large_image","twitter_site":"@ARSATSA","twitter_misc":{"Tiempo de lectura":"1 minuto"},"schema":{"@context":"https:\/\/schema.org","@graph":[{"@type":"WebPage","@id":"https:\/\/\/web.devops.arsat.com.ar\/infraestructura-tecnologica\/television-digital-abierta\/television-digital-abierta-subseccion\/mapa-estaciones-digitales-terrestres\/","url":"https:\/\/\/web.devops.arsat.com.ar\/infraestructura-tecnologica\/television-digital-abierta\/television-digital-abierta-subseccion\/mapa-estaciones-digitales-terrestres\/","name":"Mapa Estaciones Digitales Terrestres - Arsat","isPartOf":{"@id":"https:\/\/\/web.devops.arsat.com.ar\/#website"},"datePublished":"2021-02-19T15:49:41+00:00","dateModified":"2021-07-12T18:57:29+00:00","breadcrumb":{"@id":"https:\/\/\/web.devops.arsat.com.ar\/infraestructura-tecnologica\/television-digital-abierta\/television-digital-abierta-subseccion\/mapa-estaciones-digitales-terrestres\/#breadcrumb"},"inLanguage":"es","potentialAction":[{"@type":"ReadAction","target":["https:\/\/\/web.devops.arsat.com.ar\/infraestructura-tecnologica\/television-digital-abierta\/television-digital-abierta-subseccion\/mapa-estaciones-digitales-terrestres\/"]}]},{"@type":"BreadcrumbList","@id":"https:\/\/\/web.devops.arsat.com.ar\/infraestructura-tecnologica\/television-digital-abierta\/television-digital-abierta-subseccion\/mapa-estaciones-digitales-terrestres\/#breadcrumb","itemListElement":[{"@type":"ListItem","position":1,"name":"Inicio","item":"\/"},{"@type":"ListItem","position":2,"name":"Infraestructura Tecnol\u00f3gica","item":"\/"},{"@type":"ListItem","position":3,"name":"Televisi\u00f3n Digital Abierta","item":"\/"},{"@type":"ListItem","position":4,"name":"Televisi\u00f3n Digital Abierta &#8211; Subsecci\u00f3n","item":"\/"},{"@type":"ListItem","position":5,"name":"Mapa Estaciones Digitales Terrestres"}]},{"@type":"WebSite","@id":"https:\/\/\/web.devops.arsat.com.ar\/#website","url":"https:\/\/\/web.devops.arsat.com.ar\/","name":"Arsat","description":"Estamos conectados","publisher":{"@id":"https:\/\/\/web.devops.arsat.com.ar\/#organization"},"potentialAction":[{"@type":"SearchAction","target":{"@type":"EntryPoint","urlTemplate":"https:\/\/\/web.devops.arsat.com.ar\/?s={search_term_string}"},"query-input":"required name=search_term_string"}],"inLanguage":"es"},{"@type":"Organization","@id":"https:\/\/\/web.devops.arsat.com.ar\/#organization","name":"ARSAT","url":"https:\/\/\/web.devops.arsat.com.ar\/","sameAs":["https:\/\/www.instagram.com\/arsatok\/","https:\/\/www.youtube.com\/channel\/UCzMa-rxDrzoFGPdmhsewDiA","https:\/\/www.facebook.com\/arsatsa\/","https:\/\/twitter.com\/ARSATSA"],"logo":{"@type":"ImageObject","inLanguage":"es","@id":"https:\/\/\/web.devops.arsat.com.ar\/#\/schema\/logo\/image\/","url":"https:\/\/www.arsat.com.ar\/wp-content\/uploads\/2021\/03\/Antena-desde-aire.jpg","contentUrl":"https:\/\/www.arsat.com.ar\/wp-content\/uploads\/2021\/03\/Antena-desde-aire.jpg","width":1750,"height":984,"caption":"ARSAT"},"image":{"@id":"https:\/\/\/web.devops.arsat.com.ar\/#\/schema\/logo\/image\/"}}]}},"_links":{"self":[{"href":"https:\/\/\/web.devops.arsat.com.ar\/wp-json\/wp\/v2\/pages\/284","targetHints":{"allow":["GET"]}}],"collection":[{"href":"https:\/\/\/web.devops.arsat.com.ar\/wp-json\/wp\/v2\/pages"}],"about":[{"href":"https:\/\/\/web.devops.arsat.com.ar\/wp-json\/wp\/v2\/types\/page"}],"author":[{"embeddable":true,"href":"https:\/\/\/web.devops.arsat.com.ar\/wp-json\/wp\/v2\/users\/1"}],"replies":[{"embeddable":true,"href":"https:\/\/\/web.devops.arsat.com.ar\/wp-json\/wp\/v2\/comments?post=284"}],"version-history":[{"count":7,"href":"https:\/\/\/web.devops.arsat.com.ar\/wp-json\/wp\/v2\/pages\/284\/revisions"}],"predecessor-version":[{"id":3457,"href":"https:\/\/\/web.devops.arsat.com.ar\/wp-json\/wp\/v2\/pages\/284\/revisions\/3457"}],"up":[{"embeddable":true,"href":"https:\/\/\/web.devops.arsat.com.ar\/wp-json\/wp\/v2\/pages\/1190"}],"wp:featuredmedia":[{"embeddable":true,"href":"https:\/\/\/web.devops.arsat.com.ar\/wp-json\/wp\/v2\/media\/1673"}],"wp:attachment":[{"href":"https:\/\/\/web.devops.arsat.com.ar\/wp-json\/wp\/v2\/media?parent=284"}],"curies":[{"name":"wp","href":"https:\/\/api.w.org\/{rel}","templated":true}]}}