{"id":286,"date":"2021-02-19T12:49:49","date_gmt":"2021-02-19T15:49:49","guid":{"rendered":"http:\/\/web.web.devops.arsat.com.ar\/?page_id=286"},"modified":"2021-07-12T16:07:40","modified_gmt":"2021-07-12T19:07:40","slug":"canales-nacionales-y-provinciales","status":"publish","type":"page","link":"https:\/\/\/web.devops.arsat.com.ar\/infraestructura-tecnologica\/television-digital-abierta\/television-digital-abierta-subseccion\/canales-nacionales-y-provinciales\/","title":{"rendered":"Grilla de canales de distribuci\u00f3n nacional y provincial (Sistema experimental)"},"content":{"rendered":"<p>22.1 Encuentro<br \/>\n22.2 Paka Paka<br \/>\n22.3 Mirador<br \/>\n22.4 CINE.AR<br \/>\n22.5 TecTV<br \/>\n23.1 TV P\u00fablica HD<br \/>\n23.2 Construir<br \/>\n24.1 DeporTV HD<br \/>\n24.2 Canal 26<br \/>\n24.3 France 24<br \/>\n24.4 Cr\u00f3nica TV<br \/>\n24.5 IP<br \/>\n25.1 CN23<br \/>\n25.2 C5N<br \/>\n25.3 La Naci\u00f3n +<br \/>\n25.4 teleSUR<br \/>\n25.5 RT Rusia Today<\/p>\n","protected":false},"excerpt":{"rendered":"22.1 Encuentro 22.2 Paka Paka 22.3 Mirador 22.4 CINE.AR 22.5 TecTV 23.1 TV P\u00fablica HD 23.2 Construir 24.1 DeporTV HD 24.2 Canal 26 24.3 France 24 24.4 Cr\u00f3nica TV 24.5 IP 25.1 CN23 25.2 C5N 25.3 La Naci\u00f3n + 25.4 teleSUR 25.5 RT Rusia Today","protected":false},"author":1,"featured_media":1134,"parent":1190,"menu_order":81,"comment_status":"closed","ping_status":"closed","template":"template-producto-servicio.php","meta":{"footnotes":""},"class_list":["post-286","page","type-page","status-publish","has-post-thumbnail","hentry"],"acf":[],"yoast_head":"<!-- This site is optimized with the Yoast SEO plugin v19.7.2 - https:\/\/yoast.com\/wordpress\/plugins\/seo\/ -->\n<title>Grilla de canales de distribuci\u00f3n nacional y provincial (Sistema experimental) - Arsat<\/title>\n<meta name=\"robots\" content=\"index, follow, max-snippet:-1, max-image-preview:large, max-video-preview:-1\" \/>\n<link rel=\"canonical\" href=\"https:\/\/web.devops.arsat.com.ar\/infraestructura-tecnologica\/television-digital-abierta\/television-digital-abierta-subseccion\/canales-nacionales-y-provinciales\/\" \/>\n<meta property=\"og:locale\" content=\"es_ES\" \/>\n<meta property=\"og:type\" content=\"article\" \/>\n<meta property=\"og:title\" content=\"Grilla de canales de distribuci\u00f3n nacional y provincial (Sistema experimental) - Arsat\" \/>\n<meta property=\"og:description\" content=\"22.1 Encuentro 22.2 Paka Paka 22.3 Mirador 22.4 CINE.AR 22.5 TecTV 23.1 TV P\u00fablica HD 23.2 Construir 24.1 DeporTV HD 24.2 Canal 26 24.3 France 24 24.4 Cr\u00f3nica TV 24.5 IP 25.1 CN23 25.2 C5N 25.3 La Naci\u00f3n + 25.4 teleSUR 25.5 RT Rusia Today\" \/>\n<meta property=\"og:url\" content=\"https:\/\/\/web.devops.arsat.com.ar\/infraestructura-tecnologica\/television-digital-abierta\/television-digital-abierta-subseccion\/canales-nacionales-y-provinciales\/\" \/>\n<meta property=\"og:site_name\" content=\"Arsat\" \/>\n<meta property=\"article:publisher\" content=\"https:\/\/www.facebook.com\/arsatsa\/\" \/>\n<meta property=\"article:modified_time\" content=\"2021-07-12T19:07:40+00:00\" \/>\n<meta property=\"og:image\" content=\"https:\/\/web.devops.arsat.com.ar\/wp-content\/uploads\/2021\/04\/tda-canales-1750x1168.jpg\" \/>\n\t<meta property=\"og:image:width\" content=\"1920\" \/>\n\t<meta property=\"og:image:height\" content=\"1281\" \/>\n\t<meta property=\"og:image:type\" content=\"image\/jpeg\" \/>\n<meta name=\"twitter:card\" content=\"summary_large_image\" \/>\n<meta name=\"twitter:site\" content=\"@ARSATSA\" \/>\n<script type=\"application\/ld+json\" class=\"yoast-schema-graph\">{\"@context\":\"https:\/\/schema.org\",\"@graph\":[{\"@type\":\"WebPage\",\"@id\":\"https:\/\/\/web.devops.arsat.com.ar\/infraestructura-tecnologica\/television-digital-abierta\/television-digital-abierta-subseccion\/canales-nacionales-y-provinciales\/\",\"url\":\"https:\/\/\/web.devops.arsat.com.ar\/infraestructura-tecnologica\/television-digital-abierta\/television-digital-abierta-subseccion\/canales-nacionales-y-provinciales\/\",\"name\":\"Grilla de canales de distribuci\u00f3n nacional y provincial (Sistema experimental) - Arsat\",\"isPartOf\":{\"@id\":\"https:\/\/\/web.devops.arsat.com.ar\/#website\"},\"datePublished\":\"2021-02-19T15:49:49+00:00\",\"dateModified\":\"2021-07-12T19:07:40+00:00\",\"breadcrumb\":{\"@id\":\"https:\/\/\/web.devops.arsat.com.ar\/infraestructura-tecnologica\/television-digital-abierta\/television-digital-abierta-subseccion\/canales-nacionales-y-provinciales\/#breadcrumb\"},\"inLanguage\":\"es\",\"potentialAction\":[{\"@type\":\"ReadAction\",\"target\":[\"https:\/\/\/web.devops.arsat.com.ar\/infraestructura-tecnologica\/television-digital-abierta\/television-digital-abierta-subseccion\/canales-nacionales-y-provinciales\/\"]}]},{\"@type\":\"BreadcrumbList\",\"@id\":\"https:\/\/\/web.devops.arsat.com.ar\/infraestructura-tecnologica\/television-digital-abierta\/television-digital-abierta-subseccion\/canales-nacionales-y-provinciales\/#breadcrumb\",\"itemListElement\":[{\"@type\":\"ListItem\",\"position\":1,\"name\":\"Inicio\",\"item\":\"\/\"},{\"@type\":\"ListItem\",\"position\":2,\"name\":\"Infraestructura Tecnol\u00f3gica\",\"item\":\"\/\"},{\"@type\":\"ListItem\",\"position\":3,\"name\":\"Televisi\u00f3n Digital Abierta\",\"item\":\"\/\"},{\"@type\":\"ListItem\",\"position\":4,\"name\":\"Televisi\u00f3n Digital Abierta &#8211; Subsecci\u00f3n\",\"item\":\"\/\"},{\"@type\":\"ListItem\",\"position\":5,\"name\":\"Grilla de canales de distribuci\u00f3n nacional y provincial (Sistema experimental)\"}]},{\"@type\":\"WebSite\",\"@id\":\"https:\/\/\/web.devops.arsat.com.ar\/#website\",\"url\":\"https:\/\/\/web.devops.arsat.com.ar\/\",\"name\":\"Arsat\",\"description\":\"Estamos conectados\",\"publisher\":{\"@id\":\"https:\/\/\/web.devops.arsat.com.ar\/#organization\"},\"potentialAction\":[{\"@type\":\"SearchAction\",\"target\":{\"@type\":\"EntryPoint\",\"urlTemplate\":\"https:\/\/\/web.devops.arsat.com.ar\/?s={search_term_string}\"},\"query-input\":\"required name=search_term_string\"}],\"inLanguage\":\"es\"},{\"@type\":\"Organization\",\"@id\":\"https:\/\/\/web.devops.arsat.com.ar\/#organization\",\"name\":\"ARSAT\",\"url\":\"https:\/\/\/web.devops.arsat.com.ar\/\",\"sameAs\":[\"https:\/\/www.instagram.com\/arsatok\/\",\"https:\/\/www.youtube.com\/channel\/UCzMa-rxDrzoFGPdmhsewDiA\",\"https:\/\/www.facebook.com\/arsatsa\/\",\"https:\/\/twitter.com\/ARSATSA\"],\"logo\":{\"@type\":\"ImageObject\",\"inLanguage\":\"es\",\"@id\":\"https:\/\/\/web.devops.arsat.com.ar\/#\/schema\/logo\/image\/\",\"url\":\"https:\/\/www.arsat.com.ar\/wp-content\/uploads\/2021\/03\/Antena-desde-aire.jpg\",\"contentUrl\":\"https:\/\/www.arsat.com.ar\/wp-content\/uploads\/2021\/03\/Antena-desde-aire.jpg\",\"width\":1750,\"height\":984,\"caption\":\"ARSAT\"},\"image\":{\"@id\":\"https:\/\/\/web.devops.arsat.com.ar\/#\/schema\/logo\/image\/\"}}]}<\/script>\n<!-- \/ Yoast SEO plugin. -->","yoast_head_json":{"title":"Grilla de canales de distribuci\u00f3n nacional y provincial (Sistema experimental) - Arsat","robots":{"index":"index","follow":"follow","max-snippet":"max-snippet:-1","max-image-preview":"max-image-preview:large","max-video-preview":"max-video-preview:-1"},"canonical":"https:\/\/web.devops.arsat.com.ar\/infraestructura-tecnologica\/television-digital-abierta\/television-digital-abierta-subseccion\/canales-nacionales-y-provinciales\/","og_locale":"es_ES","og_type":"article","og_title":"Grilla de canales de distribuci\u00f3n nacional y provincial (Sistema experimental) - Arsat","og_description":"22.1 Encuentro 22.2 Paka Paka 22.3 Mirador 22.4 CINE.AR 22.5 TecTV 23.1 TV P\u00fablica HD 23.2 Construir 24.1 DeporTV HD 24.2 Canal 26 24.3 France 24 24.4 Cr\u00f3nica TV 24.5 IP 25.1 CN23 25.2 C5N 25.3 La Naci\u00f3n + 25.4 teleSUR 25.5 RT Rusia Today","og_url":"https:\/\/\/web.devops.arsat.com.ar\/infraestructura-tecnologica\/television-digital-abierta\/television-digital-abierta-subseccion\/canales-nacionales-y-provinciales\/","og_site_name":"Arsat","article_publisher":"https:\/\/www.facebook.com\/arsatsa\/","article_modified_time":"2021-07-12T19:07:40+00:00","og_image":[{"width":1920,"height":1281,"url":"https:\/\/web.devops.arsat.com.ar\/wp-content\/uploads\/2021\/04\/tda-canales-1750x1168.jpg","type":"image\/jpeg"}],"twitter_card":"summary_large_image","twitter_site":"@ARSATSA","schema":{"@context":"https:\/\/schema.org","@graph":[{"@type":"WebPage","@id":"https:\/\/\/web.devops.arsat.com.ar\/infraestructura-tecnologica\/television-digital-abierta\/television-digital-abierta-subseccion\/canales-nacionales-y-provinciales\/","url":"https:\/\/\/web.devops.arsat.com.ar\/infraestructura-tecnologica\/television-digital-abierta\/television-digital-abierta-subseccion\/canales-nacionales-y-provinciales\/","name":"Grilla de canales de distribuci\u00f3n nacional y provincial (Sistema experimental) - Arsat","isPartOf":{"@id":"https:\/\/\/web.devops.arsat.com.ar\/#website"},"datePublished":"2021-02-19T15:49:49+00:00","dateModified":"2021-07-12T19:07:40+00:00","breadcrumb":{"@id":"https:\/\/\/web.devops.arsat.com.ar\/infraestructura-tecnologica\/television-digital-abierta\/television-digital-abierta-subseccion\/canales-nacionales-y-provinciales\/#breadcrumb"},"inLanguage":"es","potentialAction":[{"@type":"ReadAction","target":["https:\/\/\/web.devops.arsat.com.ar\/infraestructura-tecnologica\/television-digital-abierta\/television-digital-abierta-subseccion\/canales-nacionales-y-provinciales\/"]}]},{"@type":"BreadcrumbList","@id":"https:\/\/\/web.devops.arsat.com.ar\/infraestructura-tecnologica\/television-digital-abierta\/television-digital-abierta-subseccion\/canales-nacionales-y-provinciales\/#breadcrumb","itemListElement":[{"@type":"ListItem","position":1,"name":"Inicio","item":"\/"},{"@type":"ListItem","position":2,"name":"Infraestructura Tecnol\u00f3gica","item":"\/"},{"@type":"ListItem","position":3,"name":"Televisi\u00f3n Digital Abierta","item":"\/"},{"@type":"ListItem","position":4,"name":"Televisi\u00f3n Digital Abierta &#8211; Subsecci\u00f3n","item":"\/"},{"@type":"ListItem","position":5,"name":"Grilla de canales de distribuci\u00f3n nacional y provincial (Sistema experimental)"}]},{"@type":"WebSite","@id":"https:\/\/\/web.devops.arsat.com.ar\/#website","url":"https:\/\/\/web.devops.arsat.com.ar\/","name":"Arsat","description":"Estamos conectados","publisher":{"@id":"https:\/\/\/web.devops.arsat.com.ar\/#organization"},"potentialAction":[{"@type":"SearchAction","target":{"@type":"EntryPoint","urlTemplate":"https:\/\/\/web.devops.arsat.com.ar\/?s={search_term_string}"},"query-input":"required name=search_term_string"}],"inLanguage":"es"},{"@type":"Organization","@id":"https:\/\/\/web.devops.arsat.com.ar\/#organization","name":"ARSAT","url":"https:\/\/\/web.devops.arsat.com.ar\/","sameAs":["https:\/\/www.instagram.com\/arsatok\/","https:\/\/www.youtube.com\/channel\/UCzMa-rxDrzoFGPdmhsewDiA","https:\/\/www.facebook.com\/arsatsa\/","https:\/\/twitter.com\/ARSATSA"],"logo":{"@type":"ImageObject","inLanguage":"es","@id":"https:\/\/\/web.devops.arsat.com.ar\/#\/schema\/logo\/image\/","url":"https:\/\/www.arsat.com.ar\/wp-content\/uploads\/2021\/03\/Antena-desde-aire.jpg","contentUrl":"https:\/\/www.arsat.com.ar\/wp-content\/uploads\/2021\/03\/Antena-desde-aire.jpg","width":1750,"height":984,"caption":"ARSAT"},"image":{"@id":"https:\/\/\/web.devops.arsat.com.ar\/#\/schema\/logo\/image\/"}}]}},"_links":{"self":[{"href":"https:\/\/\/web.devops.arsat.com.ar\/wp-json\/wp\/v2\/pages\/286","targetHints":{"allow":["GET"]}}],"collection":[{"href":"https:\/\/\/web.devops.arsat.com.ar\/wp-json\/wp\/v2\/pages"}],"about":[{"href":"https:\/\/\/web.devops.arsat.com.ar\/wp-json\/wp\/v2\/types\/page"}],"author":[{"embeddable":true,"href":"https:\/\/\/web.devops.arsat.com.ar\/wp-json\/wp\/v2\/users\/1"}],"replies":[{"embeddable":true,"href":"https:\/\/\/web.devops.arsat.com.ar\/wp-json\/wp\/v2\/comments?post=286"}],"version-history":[{"count":6,"href":"https:\/\/\/web.devops.arsat.com.ar\/wp-json\/wp\/v2\/pages\/286\/revisions"}],"predecessor-version":[{"id":3462,"href":"https:\/\/\/web.devops.arsat.com.ar\/wp-json\/wp\/v2\/pages\/286\/revisions\/3462"}],"up":[{"embeddable":true,"href":"https:\/\/\/web.devops.arsat.com.ar\/wp-json\/wp\/v2\/pages\/1190"}],"wp:featuredmedia":[{"embeddable":true,"href":"https:\/\/\/web.devops.arsat.com.ar\/wp-json\/wp\/v2\/media\/1134"}],"wp:attachment":[{"href":"https:\/\/\/web.devops.arsat.com.ar\/wp-json\/wp\/v2\/media?parent=286"}],"curies":[{"name":"wp","href":"https:\/\/api.w.org\/{rel}","templated":true}]}}