{"id":305,"date":"2021-02-19T12:53:19","date_gmt":"2021-02-19T15:53:19","guid":{"rendered":"http:\/\/web.web.devops.arsat.com.ar\/?page_id=305"},"modified":"2021-07-29T12:20:54","modified_gmt":"2021-07-29T15:20:54","slug":"certificaciones","status":"publish","type":"page","link":"https:\/\/\/web.devops.arsat.com.ar\/infraestructura-tecnologica\/datacenter\/certificaciones\/","title":{"rendered":"Certificaciones"},"content":{"rendered":"<p>Adem\u00e1s, planteamos conseguir nuevas certificaciones:<\/p>\n<ul>\n<li><b>Realizaci\u00f3n de An\u00e1lisis de Gap para la obtenci\u00f3n de la Certificaci\u00f3n<\/b> <b>Tier por Sustentabilidad de las Operaciones: <\/b>Asegura la operaci\u00f3n, garantizando que todas las pr\u00e1cticas, procesos y procedimientos se encuentren preparados para evitar errores que pueden prevenirse, mantener la funcionalidad y respaldar la operaci\u00f3n efectiva del Centro de Datos.<\/li>\n<li><b>Mantenimiento de las Certificaciones<\/b> <b>Alcanzadas<\/b>: <b><i>ISO\/IEC 27001:2013.\u00a0 ISO 9001:2015<\/i><\/b> -Avalados por T\u00dcV Rheinland Argentina.<\/li>\n<li><b>Mantenimiento de la Homologaci\u00f3n<\/b> <b>Comunicaci\u00f3n \u201cA\u201d 6354 BCRA:<\/b> Son las normas establecidas por el Banco Central de la Rep\u00fablica Argentina sobre \u201cExpansi\u00f3n de entidades financieras\u201d y \u201cRequisitos m\u00ednimos de gesti\u00f3n, implementaci\u00f3n y control de los riesgos relacionados con tecnolog\u00eda inform\u00e1tica, sistemas de informaci\u00f3n y recursos asociados para las entidades financieras\u201d.<\/li>\n<li><b>Realizaci\u00f3n de Gap An\u00e1lisis<\/b> <b>ISO 20000-1: <\/b>Proporciona una norma para el sistema de gesti\u00f3n y soporte de servicios de TI. Define un conjunto de procesos necesarios para ofrecer un servicio efectivo.<\/li>\n<li>Es importante aclarar que las certificaciones seguir\u00e1n vigentes, salvo que modifiquemos el dise\u00f1o (layout).<\/li>\n<\/ul>\n","protected":false},"excerpt":{"rendered":"Adem\u00e1s, planteamos conseguir nuevas certificaciones: Realizaci\u00f3n de An\u00e1lisis de Gap para la obtenci\u00f3n de la Certificaci\u00f3n Tier por Sustentabilidad de las Operaciones: Asegura la operaci\u00f3n, garantizando que todas las pr\u00e1cticas, procesos y procedimientos se encuentren preparados para evitar errores que pueden prevenirse, mantener la funcionalidad y respaldar la operaci\u00f3n efectiva del Centro de Datos. Mantenimiento&#8230; <a class=\"view-article\" href=\"https:\/\/\/web.devops.arsat.com.ar\/infraestructura-tecnologica\/datacenter\/certificaciones\/\">View Article<\/a>","protected":false},"author":1,"featured_media":1181,"parent":300,"menu_order":144,"comment_status":"closed","ping_status":"closed","template":"template-producto-servicio.php","meta":{"footnotes":""},"class_list":["post-305","page","type-page","status-publish","has-post-thumbnail","hentry"],"acf":[],"yoast_head":"<!-- This site is optimized with the Yoast SEO plugin v19.7.2 - https:\/\/yoast.com\/wordpress\/plugins\/seo\/ -->\n<title>Certificaciones - Arsat<\/title>\n<meta name=\"robots\" content=\"index, follow, max-snippet:-1, max-image-preview:large, max-video-preview:-1\" \/>\n<link rel=\"canonical\" href=\"https:\/\/web.devops.arsat.com.ar\/infraestructura-tecnologica\/datacenter\/certificaciones\/\" \/>\n<meta property=\"og:locale\" content=\"es_ES\" \/>\n<meta property=\"og:type\" content=\"article\" \/>\n<meta property=\"og:title\" content=\"Certificaciones - Arsat\" \/>\n<meta property=\"og:description\" content=\"Adem\u00e1s, planteamos conseguir nuevas certificaciones: Realizaci\u00f3n de An\u00e1lisis de Gap para la obtenci\u00f3n de la Certificaci\u00f3n Tier por Sustentabilidad de las Operaciones: Asegura la operaci\u00f3n, garantizando que todas las pr\u00e1cticas, procesos y procedimientos se encuentren preparados para evitar errores que pueden prevenirse, mantener la funcionalidad y respaldar la operaci\u00f3n efectiva del Centro de Datos. Mantenimiento... View Article\" \/>\n<meta property=\"og:url\" content=\"https:\/\/\/web.devops.arsat.com.ar\/infraestructura-tecnologica\/datacenter\/certificaciones\/\" \/>\n<meta property=\"og:site_name\" content=\"Arsat\" \/>\n<meta property=\"article:publisher\" content=\"https:\/\/www.facebook.com\/arsatsa\/\" \/>\n<meta property=\"article:modified_time\" content=\"2021-07-29T15:20:54+00:00\" \/>\n<meta property=\"og:image\" content=\"https:\/\/web.devops.arsat.com.ar\/wp-content\/uploads\/2021\/04\/cnd-certificaciones-1750x1168.jpg\" \/>\n\t<meta property=\"og:image:width\" content=\"1920\" \/>\n\t<meta property=\"og:image:height\" content=\"1281\" \/>\n\t<meta property=\"og:image:type\" content=\"image\/jpeg\" \/>\n<meta name=\"twitter:card\" content=\"summary_large_image\" \/>\n<meta name=\"twitter:site\" content=\"@ARSATSA\" \/>\n<meta name=\"twitter:label1\" content=\"Tiempo de lectura\" \/>\n\t<meta name=\"twitter:data1\" content=\"1 minuto\" \/>\n<script type=\"application\/ld+json\" class=\"yoast-schema-graph\">{\"@context\":\"https:\/\/schema.org\",\"@graph\":[{\"@type\":\"WebPage\",\"@id\":\"https:\/\/\/web.devops.arsat.com.ar\/infraestructura-tecnologica\/datacenter\/certificaciones\/\",\"url\":\"https:\/\/\/web.devops.arsat.com.ar\/infraestructura-tecnologica\/datacenter\/certificaciones\/\",\"name\":\"Certificaciones - Arsat\",\"isPartOf\":{\"@id\":\"https:\/\/\/web.devops.arsat.com.ar\/#website\"},\"datePublished\":\"2021-02-19T15:53:19+00:00\",\"dateModified\":\"2021-07-29T15:20:54+00:00\",\"breadcrumb\":{\"@id\":\"https:\/\/\/web.devops.arsat.com.ar\/infraestructura-tecnologica\/datacenter\/certificaciones\/#breadcrumb\"},\"inLanguage\":\"es\",\"potentialAction\":[{\"@type\":\"ReadAction\",\"target\":[\"https:\/\/\/web.devops.arsat.com.ar\/infraestructura-tecnologica\/datacenter\/certificaciones\/\"]}]},{\"@type\":\"BreadcrumbList\",\"@id\":\"https:\/\/\/web.devops.arsat.com.ar\/infraestructura-tecnologica\/datacenter\/certificaciones\/#breadcrumb\",\"itemListElement\":[{\"@type\":\"ListItem\",\"position\":1,\"name\":\"Inicio\",\"item\":\"\/\"},{\"@type\":\"ListItem\",\"position\":2,\"name\":\"Infraestructura Tecnol\u00f3gica\",\"item\":\"\/\"},{\"@type\":\"ListItem\",\"position\":3,\"name\":\"Datacenter\",\"item\":\"\/\"},{\"@type\":\"ListItem\",\"position\":4,\"name\":\"Certificaciones\"}]},{\"@type\":\"WebSite\",\"@id\":\"https:\/\/\/web.devops.arsat.com.ar\/#website\",\"url\":\"https:\/\/\/web.devops.arsat.com.ar\/\",\"name\":\"Arsat\",\"description\":\"Estamos conectados\",\"publisher\":{\"@id\":\"https:\/\/\/web.devops.arsat.com.ar\/#organization\"},\"potentialAction\":[{\"@type\":\"SearchAction\",\"target\":{\"@type\":\"EntryPoint\",\"urlTemplate\":\"https:\/\/\/web.devops.arsat.com.ar\/?s={search_term_string}\"},\"query-input\":\"required name=search_term_string\"}],\"inLanguage\":\"es\"},{\"@type\":\"Organization\",\"@id\":\"https:\/\/\/web.devops.arsat.com.ar\/#organization\",\"name\":\"ARSAT\",\"url\":\"https:\/\/\/web.devops.arsat.com.ar\/\",\"sameAs\":[\"https:\/\/www.instagram.com\/arsatok\/\",\"https:\/\/www.youtube.com\/channel\/UCzMa-rxDrzoFGPdmhsewDiA\",\"https:\/\/www.facebook.com\/arsatsa\/\",\"https:\/\/twitter.com\/ARSATSA\"],\"logo\":{\"@type\":\"ImageObject\",\"inLanguage\":\"es\",\"@id\":\"https:\/\/\/web.devops.arsat.com.ar\/#\/schema\/logo\/image\/\",\"url\":\"https:\/\/www.arsat.com.ar\/wp-content\/uploads\/2021\/03\/Antena-desde-aire.jpg\",\"contentUrl\":\"https:\/\/www.arsat.com.ar\/wp-content\/uploads\/2021\/03\/Antena-desde-aire.jpg\",\"width\":1750,\"height\":984,\"caption\":\"ARSAT\"},\"image\":{\"@id\":\"https:\/\/\/web.devops.arsat.com.ar\/#\/schema\/logo\/image\/\"}}]}<\/script>\n<!-- \/ Yoast SEO plugin. -->","yoast_head_json":{"title":"Certificaciones - Arsat","robots":{"index":"index","follow":"follow","max-snippet":"max-snippet:-1","max-image-preview":"max-image-preview:large","max-video-preview":"max-video-preview:-1"},"canonical":"https:\/\/web.devops.arsat.com.ar\/infraestructura-tecnologica\/datacenter\/certificaciones\/","og_locale":"es_ES","og_type":"article","og_title":"Certificaciones - Arsat","og_description":"Adem\u00e1s, planteamos conseguir nuevas certificaciones: Realizaci\u00f3n de An\u00e1lisis de Gap para la obtenci\u00f3n de la Certificaci\u00f3n Tier por Sustentabilidad de las Operaciones: Asegura la operaci\u00f3n, garantizando que todas las pr\u00e1cticas, procesos y procedimientos se encuentren preparados para evitar errores que pueden prevenirse, mantener la funcionalidad y respaldar la operaci\u00f3n efectiva del Centro de Datos. Mantenimiento... View Article","og_url":"https:\/\/\/web.devops.arsat.com.ar\/infraestructura-tecnologica\/datacenter\/certificaciones\/","og_site_name":"Arsat","article_publisher":"https:\/\/www.facebook.com\/arsatsa\/","article_modified_time":"2021-07-29T15:20:54+00:00","og_image":[{"width":1920,"height":1281,"url":"https:\/\/web.devops.arsat.com.ar\/wp-content\/uploads\/2021\/04\/cnd-certificaciones-1750x1168.jpg","type":"image\/jpeg"}],"twitter_card":"summary_large_image","twitter_site":"@ARSATSA","twitter_misc":{"Tiempo de lectura":"1 minuto"},"schema":{"@context":"https:\/\/schema.org","@graph":[{"@type":"WebPage","@id":"https:\/\/\/web.devops.arsat.com.ar\/infraestructura-tecnologica\/datacenter\/certificaciones\/","url":"https:\/\/\/web.devops.arsat.com.ar\/infraestructura-tecnologica\/datacenter\/certificaciones\/","name":"Certificaciones - Arsat","isPartOf":{"@id":"https:\/\/\/web.devops.arsat.com.ar\/#website"},"datePublished":"2021-02-19T15:53:19+00:00","dateModified":"2021-07-29T15:20:54+00:00","breadcrumb":{"@id":"https:\/\/\/web.devops.arsat.com.ar\/infraestructura-tecnologica\/datacenter\/certificaciones\/#breadcrumb"},"inLanguage":"es","potentialAction":[{"@type":"ReadAction","target":["https:\/\/\/web.devops.arsat.com.ar\/infraestructura-tecnologica\/datacenter\/certificaciones\/"]}]},{"@type":"BreadcrumbList","@id":"https:\/\/\/web.devops.arsat.com.ar\/infraestructura-tecnologica\/datacenter\/certificaciones\/#breadcrumb","itemListElement":[{"@type":"ListItem","position":1,"name":"Inicio","item":"\/"},{"@type":"ListItem","position":2,"name":"Infraestructura Tecnol\u00f3gica","item":"\/"},{"@type":"ListItem","position":3,"name":"Datacenter","item":"\/"},{"@type":"ListItem","position":4,"name":"Certificaciones"}]},{"@type":"WebSite","@id":"https:\/\/\/web.devops.arsat.com.ar\/#website","url":"https:\/\/\/web.devops.arsat.com.ar\/","name":"Arsat","description":"Estamos conectados","publisher":{"@id":"https:\/\/\/web.devops.arsat.com.ar\/#organization"},"potentialAction":[{"@type":"SearchAction","target":{"@type":"EntryPoint","urlTemplate":"https:\/\/\/web.devops.arsat.com.ar\/?s={search_term_string}"},"query-input":"required name=search_term_string"}],"inLanguage":"es"},{"@type":"Organization","@id":"https:\/\/\/web.devops.arsat.com.ar\/#organization","name":"ARSAT","url":"https:\/\/\/web.devops.arsat.com.ar\/","sameAs":["https:\/\/www.instagram.com\/arsatok\/","https:\/\/www.youtube.com\/channel\/UCzMa-rxDrzoFGPdmhsewDiA","https:\/\/www.facebook.com\/arsatsa\/","https:\/\/twitter.com\/ARSATSA"],"logo":{"@type":"ImageObject","inLanguage":"es","@id":"https:\/\/\/web.devops.arsat.com.ar\/#\/schema\/logo\/image\/","url":"https:\/\/www.arsat.com.ar\/wp-content\/uploads\/2021\/03\/Antena-desde-aire.jpg","contentUrl":"https:\/\/www.arsat.com.ar\/wp-content\/uploads\/2021\/03\/Antena-desde-aire.jpg","width":1750,"height":984,"caption":"ARSAT"},"image":{"@id":"https:\/\/\/web.devops.arsat.com.ar\/#\/schema\/logo\/image\/"}}]}},"_links":{"self":[{"href":"https:\/\/\/web.devops.arsat.com.ar\/wp-json\/wp\/v2\/pages\/305","targetHints":{"allow":["GET"]}}],"collection":[{"href":"https:\/\/\/web.devops.arsat.com.ar\/wp-json\/wp\/v2\/pages"}],"about":[{"href":"https:\/\/\/web.devops.arsat.com.ar\/wp-json\/wp\/v2\/types\/page"}],"author":[{"embeddable":true,"href":"https:\/\/\/web.devops.arsat.com.ar\/wp-json\/wp\/v2\/users\/1"}],"replies":[{"embeddable":true,"href":"https:\/\/\/web.devops.arsat.com.ar\/wp-json\/wp\/v2\/comments?post=305"}],"version-history":[{"count":7,"href":"https:\/\/\/web.devops.arsat.com.ar\/wp-json\/wp\/v2\/pages\/305\/revisions"}],"predecessor-version":[{"id":3630,"href":"https:\/\/\/web.devops.arsat.com.ar\/wp-json\/wp\/v2\/pages\/305\/revisions\/3630"}],"up":[{"embeddable":true,"href":"https:\/\/\/web.devops.arsat.com.ar\/wp-json\/wp\/v2\/pages\/300"}],"wp:featuredmedia":[{"embeddable":true,"href":"https:\/\/\/web.devops.arsat.com.ar\/wp-json\/wp\/v2\/media\/1181"}],"wp:attachment":[{"href":"https:\/\/\/web.devops.arsat.com.ar\/wp-json\/wp\/v2\/media?parent=305"}],"curies":[{"name":"wp","href":"https:\/\/api.w.org\/{rel}","templated":true}]}}