{"id":3514,"date":"2021-07-19T18:20:42","date_gmt":"2021-07-19T21:20:42","guid":{"rendered":"https:\/\/192.168.15.207\/?page_id=3514"},"modified":"2021-07-19T18:20:42","modified_gmt":"2021-07-19T21:20:42","slug":"mapa-del-sitio","status":"publish","type":"page","link":"https:\/\/\/web.devops.arsat.com.ar\/mapa-del-sitio\/","title":{"rendered":"Mapa del sitio"},"content":{"rendered":"<p><div class=\"wsp-container\"><h2 class=\"wsp-pages-title\">P\u00e1ginas<\/h2>\n<ul class=\"wsp-pages-list\">\n<li class=\"page_item page-item-9212\"><a href=\"https:\/\/\/web.devops.arsat.com.ar\/transparencia\/\">Transparencia<\/a><\/li>\n<li class=\"page_item page-item-8759\"><a href=\"https:\/\/\/web.devops.arsat.com.ar\/encontranos-en-oil-gas-expo\/\">Encontranos en la XIV Argentina Oil &#038; Gas Expo<\/a><\/li>\n<li class=\"page_item page-item-7919 page_item_has_children\"><a href=\"https:\/\/\/web.devops.arsat.com.ar\/infraestructura-tecnologica\/\">Infraestructura Tecnol\u00f3gica<\/a>\n<ul class='children'>\n\t<li class=\"page_item page-item-221 page_item_has_children\"><a href=\"https:\/\/\/web.devops.arsat.com.ar\/infraestructura-tecnologica\/satelital\/\">Satelital<\/a>\n\t<ul class='children'>\n\t\t<li class=\"page_item page-item-7374 page_item_has_children\"><a href=\"https:\/\/\/web.devops.arsat.com.ar\/infraestructura-tecnologica\/satelital\/nuestros-satelites\/\">Nuestros Sat\u00e9lites<\/a>\n\t\t<ul class='children'>\n\t\t\t<li class=\"page_item page-item-7408\"><a href=\"https:\/\/\/web.devops.arsat.com.ar\/infraestructura-tecnologica\/satelital\/nuestros-satelites\/historia-de-las-posiciones-orbitales\/\">Historia de las posiciones orbitales<\/a><\/li>\n\t\t<\/ul>\n<\/li>\n\t\t<li class=\"page_item page-item-226 page_item_has_children\"><a href=\"https:\/\/\/web.devops.arsat.com.ar\/infraestructura-tecnologica\/satelital\/proyectos\/\">Proyectos<\/a>\n\t\t<ul class='children'>\n\t\t\t<li class=\"page_item page-item-559\"><a href=\"https:\/\/\/web.devops.arsat.com.ar\/infraestructura-tecnologica\/satelital\/proyectos\/conectividad-en-escuelas-rurales\/\">Conectividad en escuelas rurales<\/a><\/li>\n\t\t\t<li class=\"page_item page-item-242\"><a href=\"https:\/\/\/web.devops.arsat.com.ar\/infraestructura-tecnologica\/satelital\/proyectos\/instalacion-de-vsats-en-centros-de-salud\/\">Instalaci\u00f3n de Vsats en Centros de Salud<\/a><\/li>\n\t\t\t<li class=\"page_item page-item-555\"><a href=\"https:\/\/\/web.devops.arsat.com.ar\/infraestructura-tecnologica\/satelital\/proyectos\/wi-fi-en-plazas-municipales\/\">Wi- Fi en plazas municipales<\/a><\/li>\n\t\t<\/ul>\n<\/li>\n\t<\/ul>\n<\/li>\n\t<li class=\"page_item page-item-254 page_item_has_children\"><a href=\"https:\/\/\/web.devops.arsat.com.ar\/infraestructura-tecnologica\/red-federal-de-fibra-optica\/\">Red Federal de Fibra \u00d3ptica<\/a>\n\t<ul class='children'>\n\t\t<li class=\"page_item page-item-276 page_item_has_children\"><a href=\"https:\/\/\/web.devops.arsat.com.ar\/infraestructura-tecnologica\/red-federal-de-fibra-optica\/proyectos\/\">Proyectos<\/a>\n\t\t<ul class='children'>\n\t\t\t<li class=\"page_item page-item-278\"><a href=\"https:\/\/\/web.devops.arsat.com.ar\/infraestructura-tecnologica\/red-federal-de-fibra-optica\/proyectos\/puntos-wifi\/\">Puntos WIFI<\/a><\/li>\n\t\t<\/ul>\n<\/li>\n\t<\/ul>\n<\/li>\n\t<li class=\"page_item page-item-280 page_item_has_children\"><a href=\"https:\/\/\/web.devops.arsat.com.ar\/infraestructura-tecnologica\/television-digital-abierta\/\">Televisi\u00f3n Digital Abierta<\/a>\n\t<ul class='children'>\n\t\t<li class=\"page_item page-item-1190 page_item_has_children\"><a href=\"https:\/\/\/web.devops.arsat.com.ar\/infraestructura-tecnologica\/television-digital-abierta\/television-digital-abierta-subseccion\/\">Televisi\u00f3n Digital Abierta &#8211; Subsecci\u00f3n<\/a>\n\t\t<ul class='children'>\n\t\t\t<li class=\"page_item page-item-286\"><a href=\"https:\/\/\/web.devops.arsat.com.ar\/infraestructura-tecnologica\/television-digital-abierta\/television-digital-abierta-subseccion\/canales-nacionales-y-provinciales\/\">Grilla de canales de distribuci\u00f3n nacional y provincial (Sistema experimental)<\/a><\/li>\n\t\t\t<li class=\"page_item page-item-284\"><a href=\"https:\/\/\/web.devops.arsat.com.ar\/infraestructura-tecnologica\/television-digital-abierta\/television-digital-abierta-subseccion\/mapa-estaciones-digitales-terrestres\/\">Mapa Estaciones Digitales Terrestres<\/a><\/li>\n\t\t\t<li class=\"page_item page-item-282\"><a href=\"https:\/\/\/web.devops.arsat.com.ar\/infraestructura-tecnologica\/television-digital-abierta\/television-digital-abierta-subseccion\/television-digital-terrestre\/\">Televisi\u00f3n Digital Terrestre<\/a><\/li>\n\t\t\t<li class=\"page_item page-item-1127\"><a href=\"https:\/\/\/web.devops.arsat.com.ar\/infraestructura-tecnologica\/television-digital-abierta\/television-digital-abierta-subseccion\/television-digital-satelital\/\">Televisi\u00f3n Digital Satelital<\/a><\/li>\n\t\t<\/ul>\n<\/li>\n\t\t<li class=\"page_item page-item-290\"><a href=\"https:\/\/\/web.devops.arsat.com.ar\/infraestructura-tecnologica\/television-digital-abierta\/proyectos\/\">Proyectos<\/a><\/li>\n\t<\/ul>\n<\/li>\n\t<li class=\"page_item page-item-300 page_item_has_children\"><a href=\"https:\/\/\/web.devops.arsat.com.ar\/infraestructura-tecnologica\/datacenter\/\">Datacenter<\/a>\n\t<ul class='children'>\n\t\t<li class=\"page_item page-item-305\"><a href=\"https:\/\/\/web.devops.arsat.com.ar\/infraestructura-tecnologica\/datacenter\/certificaciones\/\">Certificaciones<\/a><\/li>\n\t\t<li class=\"page_item page-item-309 page_item_has_children\"><a href=\"https:\/\/\/web.devops.arsat.com.ar\/infraestructura-tecnologica\/datacenter\/proyectos\/\">Proyectos<\/a>\n\t\t<ul class='children'>\n\t\t\t<li class=\"page_item page-item-322 page_item_has_children\"><a href=\"https:\/\/\/web.devops.arsat.com.ar\/infraestructura-tecnologica\/datacenter\/proyectos\/cinear-play\/\">CINE.AR PLAY<\/a>\n\t\t\t<ul class='children'>\n\t\t\t\t<li class=\"page_item page-item-1226\"><a href=\"https:\/\/\/web.devops.arsat.com.ar\/infraestructura-tecnologica\/datacenter\/proyectos\/cinear-play\/mision-y-vision\/\">Misi\u00f3n y visi\u00f3n<\/a><\/li>\n\t\t\t\t<li class=\"page_item page-item-1384\"><a href=\"https:\/\/\/web.devops.arsat.com.ar\/infraestructura-tecnologica\/datacenter\/proyectos\/cinear-play\/menciones\/\">Menciones<\/a><\/li>\n\t\t\t\t<li class=\"page_item page-item-326\"><a href=\"https:\/\/\/web.devops.arsat.com.ar\/infraestructura-tecnologica\/datacenter\/proyectos\/cinear-play\/audiencia-y-metricas\/\">Audiencia y M\u00e9tricas<\/a><\/li>\n\t\t\t<\/ul>\n<\/li>\n\t\t<\/ul>\n<\/li>\n\t<\/ul>\n<\/li>\n<\/ul>\n<\/li>\n<li class=\"page_item page-item-9050\"><a href=\"https:\/\/\/web.devops.arsat.com.ar\/alta-clientes\/\">Alta Clientes<\/a><\/li>\n<li class=\"page_item page-item-9072\"><a href=\"https:\/\/\/web.devops.arsat.com.ar\/alta-de-proveedores\/\">Alta de Proveedores<\/a><\/li>\n<li class=\"page_item page-item-9132\"><a href=\"https:\/\/\/web.devops.arsat.com.ar\/soluciones-comerciales2\/\">Soluciones comerciales2<\/a><\/li>\n<li class=\"page_item page-item-7886 page_item_has_children\"><a href=\"https:\/\/\/web.devops.arsat.com.ar\/soluciones-comerciales\/\">Soluciones comerciales<\/a>\n<ul class='children'>\n\t<li class=\"page_item page-item-7905\"><a href=\"https:\/\/\/web.devops.arsat.com.ar\/soluciones-comerciales\/tv-y-streaming\/\">TV y Streaming<\/a><\/li>\n\t<li class=\"page_item page-item-8067 page_item_has_children\"><a href=\"https:\/\/\/web.devops.arsat.com.ar\/soluciones-comerciales\/conectividad\/\">Conectividad<\/a>\n\t<ul class='children'>\n\t\t<li class=\"page_item page-item-7897\"><a href=\"https:\/\/\/web.devops.arsat.com.ar\/soluciones-comerciales\/conectividad\/satelital\/\">Conectividad Satelital<\/a><\/li>\n\t\t<li class=\"page_item page-item-7892\"><a href=\"https:\/\/\/web.devops.arsat.com.ar\/soluciones-comerciales\/conectividad\/terrestre\/\">Conectividad Terrestre<\/a><\/li>\n\t<\/ul>\n<\/li>\n\t<li class=\"page_item page-item-7901 page_item_has_children\"><a href=\"https:\/\/\/web.devops.arsat.com.ar\/soluciones-comerciales\/nube-y-datacenter\/\">Nube y Datacenter<\/a>\n\t<ul class='children'>\n\t\t<li class=\"page_item page-item-7712\"><a href=\"https:\/\/\/web.devops.arsat.com.ar\/soluciones-comerciales\/nube-y-datacenter\/nube-arsat-terminos-y-condiciones\/\">Nube ARSAT \u2013 T\u00e9rminos y condiciones<\/a><\/li>\n\t<\/ul>\n<\/li>\n<\/ul>\n<\/li>\n<li class=\"page_item page-item-2 page_item_has_children\"><a href=\"https:\/\/\/web.devops.arsat.com.ar\/acerca-de-arsat\/\">Acerca de ARSAT<\/a>\n<ul class='children'>\n\t<li class=\"page_item page-item-202\"><a href=\"https:\/\/\/web.devops.arsat.com.ar\/acerca-de-arsat\/directorio\/\">Directorio<\/a><\/li>\n\t<li class=\"page_item page-item-206\"><a href=\"https:\/\/\/web.devops.arsat.com.ar\/acerca-de-arsat\/estructura-operativa\/\">Estructura Operativa<\/a><\/li>\n\t<li class=\"page_item page-item-196\"><a href=\"https:\/\/\/web.devops.arsat.com.ar\/acerca-de-arsat\/mision-y-vision\/\">Misi\u00f3n y Visi\u00f3n<\/a><\/li>\n\t<li class=\"page_item page-item-200\"><a href=\"https:\/\/\/web.devops.arsat.com.ar\/acerca-de-arsat\/politica-rse\/\">Pol\u00edtica RSE<\/a><\/li>\n\t<li class=\"page_item page-item-198 page_item_has_children\"><a href=\"https:\/\/\/web.devops.arsat.com.ar\/acerca-de-arsat\/transparencia-activa\/\">Transparencia activa<\/a>\n\t<ul class='children'>\n\t\t<li class=\"page_item page-item-763\"><a href=\"https:\/\/\/web.devops.arsat.com.ar\/acerca-de-arsat\/transparencia-activa\/solicitud-de-acceso-a-la-informacion-publica\/\">Acceso a la Informaci\u00f3n P\u00fablica<\/a><\/li>\n\t\t<li class=\"page_item page-item-771\"><a href=\"https:\/\/\/web.devops.arsat.com.ar\/acerca-de-arsat\/transparencia-activa\/compras-y-contrataciones\/\">Compras y contrataciones<\/a><\/li>\n\t\t<li class=\"page_item page-item-765\"><a href=\"https:\/\/\/web.devops.arsat.com.ar\/acerca-de-arsat\/transparencia-activa\/autoridades-y-personal\/\">Autoridades y personal<\/a><\/li>\n\t\t<li class=\"page_item page-item-767\"><a href=\"https:\/\/\/web.devops.arsat.com.ar\/acerca-de-arsat\/transparencia-activa\/escalas-salariales\/\">Escalas salariales<\/a><\/li>\n\t\t<li class=\"page_item page-item-769\"><a href=\"https:\/\/\/web.devops.arsat.com.ar\/acerca-de-arsat\/transparencia-activa\/declaraciones-juradas\/\">Declaraciones juradas<\/a><\/li>\n\t\t<li class=\"page_item page-item-773\"><a href=\"https:\/\/\/web.devops.arsat.com.ar\/acerca-de-arsat\/transparencia-activa\/presupuesto\/\">Presupuesto<\/a><\/li>\n\t\t<li class=\"page_item page-item-775\"><a href=\"https:\/\/\/web.devops.arsat.com.ar\/acerca-de-arsat\/transparencia-activa\/subsidios-y-otras-transferencias\/\">Subsidios y otras transferencias<\/a><\/li>\n\t\t<li class=\"page_item page-item-777\"><a href=\"https:\/\/\/web.devops.arsat.com.ar\/acerca-de-arsat\/transparencia-activa\/marco-normativo\/\">Marco normativo<\/a><\/li>\n\t\t<li class=\"page_item page-item-779\"><a href=\"https:\/\/\/web.devops.arsat.com.ar\/acerca-de-arsat\/transparencia-activa\/gestion-de-la-informacion\/\">Gesti\u00f3n de la informaci\u00f3n<\/a><\/li>\n\t\t<li class=\"page_item page-item-781\"><a href=\"https:\/\/\/web.devops.arsat.com.ar\/acerca-de-arsat\/transparencia-activa\/permisos-y-concesiones\/\">Permisos y concesiones<\/a><\/li>\n\t\t<li class=\"page_item page-item-783\"><a href=\"https:\/\/\/web.devops.arsat.com.ar\/acerca-de-arsat\/transparencia-activa\/auditorias\/\">Auditor\u00eda Interna<\/a><\/li>\n\t\t<li class=\"page_item page-item-785\"><a href=\"https:\/\/\/web.devops.arsat.com.ar\/acerca-de-arsat\/transparencia-activa\/tramites-y-servicios\/\">Tr\u00e1mites y servicios<\/a><\/li>\n\t\t<li class=\"page_item page-item-787\"><a href=\"https:\/\/\/web.devops.arsat.com.ar\/acerca-de-arsat\/transparencia-activa\/acordadas-y-sentencias\/\">Acordadas y sentencias<\/a><\/li>\n\t\t<li class=\"page_item page-item-789\"><a href=\"https:\/\/\/web.devops.arsat.com.ar\/acerca-de-arsat\/transparencia-activa\/portal-de-datos-abiertos\/\">Portal de Datos Abiertos<\/a><\/li>\n\t\t<li class=\"page_item page-item-791\"><a href=\"https:\/\/\/web.devops.arsat.com.ar\/acerca-de-arsat\/transparencia-activa\/audiencias\/\">Audiencias<\/a><\/li>\n\t\t<li class=\"page_item page-item-793\"><a href=\"https:\/\/\/web.devops.arsat.com.ar\/acerca-de-arsat\/transparencia-activa\/registro-de-viajes-y-obsequios\/\">Registro de viajes y obsequios<\/a><\/li>\n\t<\/ul>\n<\/li>\n\t<li class=\"page_item page-item-220\"><a href=\"https:\/\/\/web.devops.arsat.com.ar\/acerca-de-arsat\/programa-de-genero\/\">Programa de G\u00e9nero<\/a><\/li>\n<\/ul>\n<\/li>\n<li class=\"page_item page-item-37 page_item_has_children\"><a href=\"https:\/\/\/web.devops.arsat.com.ar\">Estamos conectados<\/a>\n<ul class='children'>\n\t<li class=\"page_item page-item-5314\"><a href=\"https:\/\/\/web.devops.arsat.com.ar\/estamos-contectados\/requisito-de-informacion-rfi-conectar-escuelas\/\">Requerimiento de informaci\u00f3n (RFI) &#8211; Conectar Escuelas<\/a><\/li>\n<\/ul>\n<\/li>\n<li class=\"page_item page-item-722\"><a href=\"https:\/\/\/web.devops.arsat.com.ar\/interferencias\/\">Interferencias<\/a><\/li>\n<li class=\"page_item page-item-725\"><a href=\"https:\/\/\/web.devops.arsat.com.ar\/atencion-al-cliente\/\">Atenci\u00f3n al cliente<\/a><\/li>\n<li class=\"page_item page-item-212 page_item_has_children\"><a href=\"https:\/\/\/web.devops.arsat.com.ar\/multimedia\/\">Multimedia<\/a>\n<ul class='children'>\n\t<li class=\"page_item page-item-5394\"><a href=\"https:\/\/\/web.devops.arsat.com.ar\/multimedia\/comunicaciones-seguras-expositores\/\">Expositores<\/a><\/li>\n\t<li class=\"page_item page-item-7000\"><a href=\"https:\/\/\/web.devops.arsat.com.ar\/multimedia\/comunicaciones-seguras\/\">Comunicaciones seguras: M\u00e9todos Cu\u00e1nticos y Poscu\u00e1nticos 2022<\/a><\/li>\n\t<li class=\"page_item page-item-4781\"><a href=\"https:\/\/\/web.devops.arsat.com.ar\/multimedia\/nuestra-sede\/\">Nuestra Sede<\/a><\/li>\n\t<li class=\"page_item page-item-2259\"><a href=\"https:\/\/\/web.devops.arsat.com.ar\/multimedia\/contenido-educativo\/\">Contenido educativo<\/a><\/li>\n\t<li class=\"page_item page-item-3476\"><a href=\"https:\/\/\/web.devops.arsat.com.ar\/multimedia\/caminodelafibra\/\">El camino de la fibra<\/a><\/li>\n\t<li class=\"page_item page-item-2153\"><a href=\"https:\/\/\/web.devops.arsat.com.ar\/multimedia\/podcast\/\">Podcast<\/a><\/li>\n\t<li class=\"page_item page-item-216\"><a href=\"https:\/\/\/web.devops.arsat.com.ar\/multimedia\/arsat-en-el-tiempo\/\">ARSAT en el tiempo<\/a><\/li>\n<\/ul>\n<\/li>\n<li class=\"page_item page-item-210\"><a href=\"https:\/\/\/web.devops.arsat.com.ar\/sala-de-prensa\/\">Sala de prensa<\/a><\/li>\n<li class=\"page_item page-item-727\"><a href=\"https:\/\/\/web.devops.arsat.com.ar\/solicitud-de-acceso-a-la-informacion-publica\/\">Solicitud de acceso a la informaci\u00f3n p\u00fablica<\/a><\/li>\n<li class=\"page_item page-item-208\"><a href=\"https:\/\/\/web.devops.arsat.com.ar\/trabajar-en-arsat\/\">Trabaj\u00e1 con nosotros<\/a><\/li>\n<li class=\"page_item page-item-246\"><a href=\"https:\/\/\/web.devops.arsat.com.ar\/contacto\/\">Contacto<\/a><\/li>\n<li class=\"page_item page-item-750\"><a href=\"https:\/\/\/web.devops.arsat.com.ar\/visita-arsat\/\">Visitas Educativas<\/a><\/li>\n<\/ul>\n<\/div><br \/>\n<div class=\"wsp-container\"><h2 class=\"wsp-categories-title\">Categor\u00edas<\/h2>\n<ul class=\"wsp-categories-list\">\n\t<li><a href=\"https:\/web.devops.arsat.com.ar\/category\/noticias\/archivo-de-noticias\/\">Archivo de noticias<\/a><\/li>\n\t<li><a href=\"https:\/web.devops.arsat.com.ar\/category\/noticias\/arsat-en-los-medios\/\">Arsat en los medios<\/a><\/li>\n\t<li><a href=\"https:\/web.devops.arsat.com.ar\/category\/multimedia\/entrevista-a-directivos\/\">Entrevista a directivos<\/a><\/li>\n\t<li><a href=\"https:\/web.devops.arsat.com.ar\/category\/multimedia\/equipo-arsat\/\">Equipo ARSAT<\/a><\/li>\n\t<li><a href=\"https:\/web.devops.arsat.com.ar\/category\/noticias\/novedades\/genero\/\">G\u00e9nero<\/a><\/li>\n\t<li><a href=\"https:\/web.devops.arsat.com.ar\/category\/multimedia\/\">Multimedia<\/a><\/li>\n\t<li><a href=\"https:\/web.devops.arsat.com.ar\/category\/noticias\/\">Noticias<\/a><\/li>\n\t<li><a href=\"https:\/web.devops.arsat.com.ar\/category\/noticias\/novedades\/\">Novedades<\/a><\/li>\n\t<li><a href=\"https:\/web.devops.arsat.com.ar\/category\/noticias\/novedades\/satelital\/\">Satelital<\/a><\/li>\n\t<li><a href=\"https:\/web.devops.arsat.com.ar\/category\/sin-categorizar\/\">Sin categorizar<\/a><\/li>\n\t<li><a href=\"https:\/web.devops.arsat.com.ar\/category\/noticias\/novedades\/television-digital-abierta\/\">Televisi\u00f3n digital abierta<\/a><\/li>\n\t<li><a href=\"https:\/web.devops.arsat.com.ar\/category\/multimedia\/tutoriales\/\">Tutoriales<\/a><\/li>\n<\/ul>\n<\/div><\/p>\n","protected":false},"excerpt":{"rendered":"","protected":false},"author":1,"featured_media":0,"parent":0,"menu_order":35,"comment_status":"closed","ping_status":"closed","template":"","meta":{"footnotes":""},"class_list":["post-3514","page","type-page","status-publish","hentry"],"acf":[],"yoast_head":"<!-- This site is optimized with the Yoast SEO plugin v19.7.2 - https:\/\/yoast.com\/wordpress\/plugins\/seo\/ -->\n<title>Mapa del sitio - Arsat<\/title>\n<meta name=\"robots\" content=\"index, follow, max-snippet:-1, max-image-preview:large, max-video-preview:-1\" \/>\n<link rel=\"canonical\" href=\"https:\/\/web.devops.arsat.com.ar\/mapa-del-sitio\/\" \/>\n<meta property=\"og:locale\" content=\"es_ES\" \/>\n<meta property=\"og:type\" content=\"article\" \/>\n<meta property=\"og:title\" content=\"Mapa del sitio - Arsat\" \/>\n<meta property=\"og:url\" content=\"https:\/\/\/web.devops.arsat.com.ar\/mapa-del-sitio\/\" \/>\n<meta property=\"og:site_name\" content=\"Arsat\" \/>\n<meta property=\"article:publisher\" content=\"https:\/\/www.facebook.com\/arsatsa\/\" \/>\n<meta name=\"twitter:card\" content=\"summary_large_image\" \/>\n<meta name=\"twitter:site\" content=\"@ARSATSA\" \/>\n<meta name=\"twitter:label1\" content=\"Tiempo de lectura\" \/>\n\t<meta name=\"twitter:data1\" content=\"1 minuto\" \/>\n<script type=\"application\/ld+json\" class=\"yoast-schema-graph\">{\"@context\":\"https:\/\/schema.org\",\"@graph\":[{\"@type\":\"WebPage\",\"@id\":\"https:\/\/\/web.devops.arsat.com.ar\/mapa-del-sitio\/\",\"url\":\"https:\/\/\/web.devops.arsat.com.ar\/mapa-del-sitio\/\",\"name\":\"Mapa del sitio - Arsat\",\"isPartOf\":{\"@id\":\"https:\/\/\/web.devops.arsat.com.ar\/#website\"},\"datePublished\":\"2021-07-19T21:20:42+00:00\",\"dateModified\":\"2021-07-19T21:20:42+00:00\",\"breadcrumb\":{\"@id\":\"https:\/\/\/web.devops.arsat.com.ar\/mapa-del-sitio\/#breadcrumb\"},\"inLanguage\":\"es\",\"potentialAction\":[{\"@type\":\"ReadAction\",\"target\":[\"https:\/\/\/web.devops.arsat.com.ar\/mapa-del-sitio\/\"]}]},{\"@type\":\"BreadcrumbList\",\"@id\":\"https:\/\/\/web.devops.arsat.com.ar\/mapa-del-sitio\/#breadcrumb\",\"itemListElement\":[{\"@type\":\"ListItem\",\"position\":1,\"name\":\"Inicio\",\"item\":\"\/\"},{\"@type\":\"ListItem\",\"position\":2,\"name\":\"Mapa del sitio\"}]},{\"@type\":\"WebSite\",\"@id\":\"https:\/\/\/web.devops.arsat.com.ar\/#website\",\"url\":\"https:\/\/\/web.devops.arsat.com.ar\/\",\"name\":\"Arsat\",\"description\":\"Estamos conectados\",\"publisher\":{\"@id\":\"https:\/\/\/web.devops.arsat.com.ar\/#organization\"},\"potentialAction\":[{\"@type\":\"SearchAction\",\"target\":{\"@type\":\"EntryPoint\",\"urlTemplate\":\"https:\/\/\/web.devops.arsat.com.ar\/?s={search_term_string}\"},\"query-input\":\"required name=search_term_string\"}],\"inLanguage\":\"es\"},{\"@type\":\"Organization\",\"@id\":\"https:\/\/\/web.devops.arsat.com.ar\/#organization\",\"name\":\"ARSAT\",\"url\":\"https:\/\/\/web.devops.arsat.com.ar\/\",\"sameAs\":[\"https:\/\/www.instagram.com\/arsatok\/\",\"https:\/\/www.youtube.com\/channel\/UCzMa-rxDrzoFGPdmhsewDiA\",\"https:\/\/www.facebook.com\/arsatsa\/\",\"https:\/\/twitter.com\/ARSATSA\"],\"logo\":{\"@type\":\"ImageObject\",\"inLanguage\":\"es\",\"@id\":\"https:\/\/\/web.devops.arsat.com.ar\/#\/schema\/logo\/image\/\",\"url\":\"https:\/\/www.arsat.com.ar\/wp-content\/uploads\/2021\/03\/Antena-desde-aire.jpg\",\"contentUrl\":\"https:\/\/www.arsat.com.ar\/wp-content\/uploads\/2021\/03\/Antena-desde-aire.jpg\",\"width\":1750,\"height\":984,\"caption\":\"ARSAT\"},\"image\":{\"@id\":\"https:\/\/\/web.devops.arsat.com.ar\/#\/schema\/logo\/image\/\"}}]}<\/script>\n<!-- \/ Yoast SEO plugin. -->","yoast_head_json":{"title":"Mapa del sitio - Arsat","robots":{"index":"index","follow":"follow","max-snippet":"max-snippet:-1","max-image-preview":"max-image-preview:large","max-video-preview":"max-video-preview:-1"},"canonical":"https:\/\/web.devops.arsat.com.ar\/mapa-del-sitio\/","og_locale":"es_ES","og_type":"article","og_title":"Mapa del sitio - Arsat","og_url":"https:\/\/\/web.devops.arsat.com.ar\/mapa-del-sitio\/","og_site_name":"Arsat","article_publisher":"https:\/\/www.facebook.com\/arsatsa\/","twitter_card":"summary_large_image","twitter_site":"@ARSATSA","twitter_misc":{"Tiempo de lectura":"1 minuto"},"schema":{"@context":"https:\/\/schema.org","@graph":[{"@type":"WebPage","@id":"https:\/\/\/web.devops.arsat.com.ar\/mapa-del-sitio\/","url":"https:\/\/\/web.devops.arsat.com.ar\/mapa-del-sitio\/","name":"Mapa del sitio - Arsat","isPartOf":{"@id":"https:\/\/\/web.devops.arsat.com.ar\/#website"},"datePublished":"2021-07-19T21:20:42+00:00","dateModified":"2021-07-19T21:20:42+00:00","breadcrumb":{"@id":"https:\/\/\/web.devops.arsat.com.ar\/mapa-del-sitio\/#breadcrumb"},"inLanguage":"es","potentialAction":[{"@type":"ReadAction","target":["https:\/\/\/web.devops.arsat.com.ar\/mapa-del-sitio\/"]}]},{"@type":"BreadcrumbList","@id":"https:\/\/\/web.devops.arsat.com.ar\/mapa-del-sitio\/#breadcrumb","itemListElement":[{"@type":"ListItem","position":1,"name":"Inicio","item":"\/"},{"@type":"ListItem","position":2,"name":"Mapa del sitio"}]},{"@type":"WebSite","@id":"https:\/\/\/web.devops.arsat.com.ar\/#website","url":"https:\/\/\/web.devops.arsat.com.ar\/","name":"Arsat","description":"Estamos conectados","publisher":{"@id":"https:\/\/\/web.devops.arsat.com.ar\/#organization"},"potentialAction":[{"@type":"SearchAction","target":{"@type":"EntryPoint","urlTemplate":"https:\/\/\/web.devops.arsat.com.ar\/?s={search_term_string}"},"query-input":"required name=search_term_string"}],"inLanguage":"es"},{"@type":"Organization","@id":"https:\/\/\/web.devops.arsat.com.ar\/#organization","name":"ARSAT","url":"https:\/\/\/web.devops.arsat.com.ar\/","sameAs":["https:\/\/www.instagram.com\/arsatok\/","https:\/\/www.youtube.com\/channel\/UCzMa-rxDrzoFGPdmhsewDiA","https:\/\/www.facebook.com\/arsatsa\/","https:\/\/twitter.com\/ARSATSA"],"logo":{"@type":"ImageObject","inLanguage":"es","@id":"https:\/\/\/web.devops.arsat.com.ar\/#\/schema\/logo\/image\/","url":"https:\/\/www.arsat.com.ar\/wp-content\/uploads\/2021\/03\/Antena-desde-aire.jpg","contentUrl":"https:\/\/www.arsat.com.ar\/wp-content\/uploads\/2021\/03\/Antena-desde-aire.jpg","width":1750,"height":984,"caption":"ARSAT"},"image":{"@id":"https:\/\/\/web.devops.arsat.com.ar\/#\/schema\/logo\/image\/"}}]}},"_links":{"self":[{"href":"https:\/\/\/web.devops.arsat.com.ar\/wp-json\/wp\/v2\/pages\/3514","targetHints":{"allow":["GET"]}}],"collection":[{"href":"https:\/\/\/web.devops.arsat.com.ar\/wp-json\/wp\/v2\/pages"}],"about":[{"href":"https:\/\/\/web.devops.arsat.com.ar\/wp-json\/wp\/v2\/types\/page"}],"author":[{"embeddable":true,"href":"https:\/\/\/web.devops.arsat.com.ar\/wp-json\/wp\/v2\/users\/1"}],"replies":[{"embeddable":true,"href":"https:\/\/\/web.devops.arsat.com.ar\/wp-json\/wp\/v2\/comments?post=3514"}],"version-history":[{"count":1,"href":"https:\/\/\/web.devops.arsat.com.ar\/wp-json\/wp\/v2\/pages\/3514\/revisions"}],"predecessor-version":[{"id":3515,"href":"https:\/\/\/web.devops.arsat.com.ar\/wp-json\/wp\/v2\/pages\/3514\/revisions\/3515"}],"wp:attachment":[{"href":"https:\/\/\/web.devops.arsat.com.ar\/wp-json\/wp\/v2\/media?parent=3514"}],"curies":[{"name":"wp","href":"https:\/\/api.w.org\/{rel}","templated":true}]}}