{"id":5394,"date":"2022-06-10T07:23:03","date_gmt":"2022-06-10T10:23:03","guid":{"rendered":"https:\/\/www.web.devops.arsat.com.ar\/?page_id=5394"},"modified":"2023-01-24T15:03:32","modified_gmt":"2023-01-24T18:03:32","slug":"comunicaciones-seguras-expositores","status":"publish","type":"page","link":"https:\/\/\/web.devops.arsat.com.ar\/multimedia\/comunicaciones-seguras-expositores\/","title":{"rendered":"Expositores"},"content":{"rendered":"<h4><strong>ARSAT\/UBA <\/strong>Hugo Scolnik<\/h4>\n<p><img loading=\"lazy\" decoding=\"async\" class=\"alignleft wp-image-2454\" src=\"https:\/\/www.web.devops.web.devops.web.devops.arsat.com.ar\/wp-content\/uploads\/2022\/06\/HScolnik.jpg\" alt=\"\" width=\"200\" height=\"200\" \/>Licenciado en Ciencias Matem\u00e1ticas (UBA, 1964) y Doctor en Matem\u00e1tica por la Universidad de Zurich (1973). Fue nombrado Gran Maestro de la UBA (2014), Doctor honoris causa \u2013 Universidad de Cuyo \u2013 2014. Premio Konex de Platino 2003. Jurado Premios Konex 2013 y 2007. Premio Dr.Manuel Sadosky en 2005.<br \/>\nInvestiga sobre criptograf\u00eda, rob\u00f3tica, optimizaci\u00f3n no lineal, modelos matem\u00e1ticos y m\u00e9todos num\u00e9ricos. Referee y miembro del Editorial Board de diversas publicaciones internacionales. Cre\u00f3 el Departamento de Computaci\u00f3n de la Facultad de Ciencias Exactas UBA, en 1985.<br \/>\nProfesor Consulto Titular del Departamento de Computaci\u00f3n de la Facultad de Ciencias<br \/>\nDirector del Posgrado en Seguridad Inform\u00e1tica de la UBA:<br \/>\nPublic\u00f3 trabajos sobre modelos matem\u00e1ticos, inteligencia artificial, teor\u00eda de aut\u00f3matas, an\u00e1lisis num\u00e9rico y aplicaciones a la Econom\u00eda y Sociolog\u00eda. Dirigi\u00f3 80 tesis de Licenciatura en Computaci\u00f3n y Matem\u00e1tica Aplicada , 6 tesis de doctorado y 6 tesis de maestr\u00eda. Dict\u00f3 conferencias en la UBA y en las Universidades de Alicante, Campinas, Cambridge, Chile, Columbia, CUNY, Londres (Imperial College), Minnesota, MIT, Porto Alegre, Rice, R\u00edo de Janeiro, San Pablo, Stanford, Southampton, Sussex, Tokio, Tucum\u00e1n, Universidad Nacional Aut\u00f3noma de M\u00e9xico y Zurich, entre otras.<\/p>\n<p><a class=\"btn\" href=\"https:\/\/www.web.devops.web.devops.web.devops.arsat.com.ar\/wp-content\/uploads\/2022\/06\/Hugo-Scolnik-Criptografia-militar.pdf\" target=\"_blank\" rel=\"noopener\">Ver presentaci\u00f3n<\/a><\/p>\n<p>&nbsp;<\/p>\n<h4><strong>CITEDEF <\/strong>Laura Knoll<\/h4>\n<p><img loading=\"lazy\" decoding=\"async\" class=\"alignleft wp-image-2458\" src=\"https:\/\/www.web.devops.web.devops.web.devops.arsat.com.ar\/wp-content\/uploads\/2022\/06\/LKnoll.jpg\" alt=\"\" width=\"200\" height=\"200\" \/>La divisi\u00f3n \u00d3ptica Cu\u00e1ntica del DEILAP (en CITEDEF, Instituto de investigaciones cient\u00edficas y t\u00e9cnicas para la defensa) inici\u00f3 sus actividades en el a\u00f1o 2008; se dedica a estudiar implementaciones de protocolos de procesamiento cu\u00e1ntico de la informaci\u00f3n en sistemas fot\u00f3nicos. En particular estudia en forma experimental procesos fundamentales de la mec\u00e1nica cu\u00e1ntica, aplicaciones de la \u00f3ptica cu\u00e1ntica a la metrolog\u00eda, y a las comunicaciones. En el grupo se han desarrollado sistemas de Distribuci\u00f3n Cu\u00e1ntica de claves con propagaci\u00f3n por aire (comunicaciones por l\u00ednea de visi\u00f3n) y propagaci\u00f3n en fibra, usando distintas codificaciones para los estados cu\u00e1nticos de variable discreta (polarizaci\u00f3n, caminos, time bin, etc).<\/p>\n<p><a class=\"btn\" href=\"https:\/\/www.web.devops.web.devops.web.devops.arsat.com.ar\/wp-content\/uploads\/2022\/06\/Laura-Knoll-Claves-criptograficas.pdf\" target=\"_blank\" rel=\"noopener\">Ver presentaci\u00f3n<\/a><\/p>\n<h4><strong>Centro At\u00f3mico Bariloche <\/strong>Juan Bonetti<\/h4>\n<p><img loading=\"lazy\" decoding=\"async\" class=\"alignleft wp-image-2458\" src=\"https:\/\/www.web.devops.web.devops.web.devops.arsat.com.ar\/wp-content\/uploads\/2022\/06\/Juan-Bonetti.png\" alt=\"\" width=\"200\" height=\"200\" \/>El Grupo de Comunicaciones \u00d3pticas (GCO), del Departamento de Ingenier\u00eda en Telecomunicaciones del Centro At\u00f3mico Bariloche (CNEA), inici\u00f3 sus actividades en 2014 y se dedica al estudio de los sistemas de comunicaci\u00f3n \u00f3ptica de alta capacidad, a los efectos no lineales en la propagaci\u00f3n de la luz en fibras \u00f3pticas y en \u00f3ptica integrada y a las aplicaciones a dispositivos fot\u00f3nicos.<br \/>\nJuan Bonetti es Ingeniero Electr\u00f3nico (Universidad de Mor\u00f3n, 2015) y Doctor en Ciencias de la Ingenier\u00eda (Instituto Balseiro, 2021). Sus \u00e1reas de inter\u00e9s son las comunicaciones \u00f3pticas de alta capacidad, la aplicaci\u00f3n de fen\u00f3menos de la \u00f3ptica no lineal y cu\u00e1ntica a dispositivos fot\u00f3nicos y, m\u00e1s recientemente, los sistemas de comunicaci\u00f3n cu\u00e1ntica.<\/p>\n<p><a class=\"btn\" href=\"https:\/\/www.web.devops.web.devops.web.devops.arsat.com.ar\/wp-content\/uploads\/2022\/06\/Juan-Bonetti-Comunicaciones-Cuanticas-en-Bariloche.pdf\" target=\"_blank\" rel=\"noopener\">Ver presentaci\u00f3n<\/a><\/p>\n<h4><strong>CONICET\/UNLP<\/strong>Mat\u00edas Bola\u00f1os<\/h4>\n<p>Mat\u00edas Bola\u00f1os es becario doctoral de CONICET (Temas Estrat\u00e9gicos) en el Grupo de Fot\u00f3nica Integrada, Centro de Investigaciones \u00d3pticas, UNLP. Adem\u00e1s, posee una beca Externa para Estudios en Tem\u00e1ticas Espaciales del Gobierno Italiano con la que est\u00e1 realizando una estancia de investigaci\u00f3n en el Grupo de Ottica Applicata, Universit\u00e0 degli Studi di Padova.<\/p>\n<p><a class=\"btn\" href=\"https:\/\/www.web.devops.web.devops.web.devops.arsat.com.ar\/wp-content\/uploads\/2022\/06\/Matias-Bolanos-Distribucion-cuantica-de-claves.pdf\" target=\"_blank\" rel=\"noopener\">Ver presentaci\u00f3n<\/a><\/p>\n<h4><strong>CONICET-ICC\/UNQ<\/strong>Alejandro D\u00edaz-Caro<\/h4>\n<p><img loading=\"lazy\" decoding=\"async\" class=\"alignleft wp-image-2465\" src=\"https:\/\/www.web.devops.web.devops.web.devops.arsat.com.ar\/wp-content\/uploads\/2022\/06\/Optimized-Diaz-Caro.jpg\" alt=\"\" width=\"200\" height=\"200\" \/>Alejandro D\u00edaz-Caro es Licenciado en Ciencias de la Computaci\u00f3n por la Universidad Nacional de Rosario y Doctor en Ciencias de la Computaci\u00f3n por la Universidad de Grenoble, Francia. Realiz\u00f3 estancias posdoctorales en universidades parisinas y la universidad de Tur\u00edn, y retorn\u00f3 al pa\u00eds por medio del programa Ra\u00edces de repatriaci\u00f3n de cient\u00edficos en 2014. Actualmente, es investigador de CONICET en el Instituto de Ciencias de la Computaci\u00f3n de la Universidad de Buenos Aires y profesor en la Universidad Nacional de Quilmes. Su tema de investigaci\u00f3n son los fundamentos de los lenguajes de programaci\u00f3n para computaci\u00f3n cu\u00e1ntica.<\/p>\n<p>&nbsp;<\/p>\n<p><a class=\"btn\" href=\"https:\/\/www.web.devops.web.devops.web.devops.arsat.com.ar\/wp-content\/uploads\/2022\/06\/Alejandro-Diaz-Caro-Superposicion-postcuantica.pdf\" target=\"_blank\" rel=\"noopener\">Ver presentaci\u00f3n<\/a><\/p>\n<p>&nbsp;<\/p>\n<h4><strong>UBA\/UNQ<\/strong>Pedro Hecht<\/h4>\n<p><img loading=\"lazy\" decoding=\"async\" class=\"alignleft wp-image-2468\" src=\"https:\/\/www.web.devops.web.devops.web.devops.arsat.com.ar\/wp-content\/uploads\/2022\/06\/PedroH.png\" alt=\"\" width=\"200\" height=\"200\" \/>Docente e investigador en modelos matem\u00e1ticos y particularmente en criptograf\u00eda durante las \u00faltimas dos d\u00e9cadas, licenciado en sistemas y doctorado en la UBA, exdirector titular de EUDEBA, se desempe\u00f1a hoy d\u00eda como consultor y profesor de criptograf\u00eda en la maestr\u00eda en seguridad inform\u00e1tica de la UBA y en otros institutos oficiales de formaci\u00f3n TIC. Su \u00e1rea de inter\u00e9s actual corresponde al desarrollo de protocolos criptogr\u00e1ficos postcu\u00e1nticos basados en \u00e1lgebra no-conmutativa.<\/p>\n<p>&nbsp;<\/p>\n<p><a class=\"btn\" href=\"https:\/\/www.web.devops.web.devops.web.devops.arsat.com.ar\/wp-content\/uploads\/2022\/06\/Pedro-Hecht-Intro-Cripto-Postcuantica.pdf\" target=\"_blank\" rel=\"noopener\">Ver presentaci\u00f3n I<\/a><\/p>\n<p><a class=\"btn\" href=\"https:\/\/www.web.devops.web.devops.web.devops.arsat.com.ar\/wp-content\/uploads\/2022\/06\/Cryptocomm-Fundamentos-Algebraicos.pdf\" target=\"_blank\" rel=\"noopener\">Ver Presentaci\u00f3n II<\/a><\/p>\n<p>&nbsp;<\/p>\n","protected":false},"excerpt":{"rendered":"ARSAT\/UBA Hugo Scolnik Licenciado en Ciencias Matem\u00e1ticas (UBA, 1964) y Doctor en Matem\u00e1tica por la Universidad de Zurich (1973). Fue nombrado Gran Maestro de la UBA (2014), Doctor honoris causa \u2013 Universidad de Cuyo \u2013 2014. Premio Konex de Platino 2003. Jurado Premios Konex 2013 y 2007. Premio Dr.Manuel Sadosky en 2005. Investiga sobre criptograf\u00eda,&#8230; <a class=\"view-article\" href=\"https:\/\/\/web.devops.arsat.com.ar\/multimedia\/comunicaciones-seguras-expositores\/\">View Article<\/a>","protected":false},"author":15,"featured_media":5390,"parent":212,"menu_order":30,"comment_status":"closed","ping_status":"closed","template":"","meta":{"footnotes":""},"class_list":["post-5394","page","type-page","status-publish","has-post-thumbnail","hentry"],"acf":[],"yoast_head":"<!-- This site is optimized with the Yoast SEO plugin v19.7.2 - https:\/\/yoast.com\/wordpress\/plugins\/seo\/ -->\n<title>Expositores - Arsat<\/title>\n<meta name=\"robots\" content=\"index, follow, max-snippet:-1, max-image-preview:large, max-video-preview:-1\" \/>\n<link rel=\"canonical\" href=\"https:\/\/web.devops.arsat.com.ar\/multimedia\/comunicaciones-seguras-expositores\/\" \/>\n<meta property=\"og:locale\" content=\"es_ES\" \/>\n<meta property=\"og:type\" content=\"article\" \/>\n<meta property=\"og:title\" content=\"Expositores - Arsat\" \/>\n<meta property=\"og:description\" content=\"ARSAT\/UBA Hugo Scolnik Licenciado en Ciencias Matem\u00e1ticas (UBA, 1964) y Doctor en Matem\u00e1tica por la Universidad de Zurich (1973). Fue nombrado Gran Maestro de la UBA (2014), Doctor honoris causa \u2013 Universidad de Cuyo \u2013 2014. Premio Konex de Platino 2003. Jurado Premios Konex 2013 y 2007. Premio Dr.Manuel Sadosky en 2005. Investiga sobre criptograf\u00eda,... View Article\" \/>\n<meta property=\"og:url\" content=\"https:\/\/\/web.devops.arsat.com.ar\/multimedia\/comunicaciones-seguras-expositores\/\" \/>\n<meta property=\"og:site_name\" content=\"Arsat\" \/>\n<meta property=\"article:publisher\" content=\"https:\/\/www.facebook.com\/arsatsa\/\" \/>\n<meta property=\"article:modified_time\" content=\"2023-01-24T18:03:32+00:00\" \/>\n<meta property=\"og:image\" content=\"https:\/\/web.devops.arsat.com.ar\/wp-content\/uploads\/2022\/06\/CIBERSEGURIDAD-COMUNICACIONES-SEGURAS_F-1750x1093.jpg\" \/>\n\t<meta property=\"og:image:width\" content=\"2560\" \/>\n\t<meta property=\"og:image:height\" content=\"1600\" \/>\n\t<meta property=\"og:image:type\" content=\"image\/jpeg\" \/>\n<meta name=\"twitter:card\" content=\"summary_large_image\" \/>\n<meta name=\"twitter:site\" content=\"@ARSATSA\" \/>\n<meta name=\"twitter:label1\" content=\"Tiempo de lectura\" \/>\n\t<meta name=\"twitter:data1\" content=\"5 minutos\" \/>\n<script type=\"application\/ld+json\" class=\"yoast-schema-graph\">{\"@context\":\"https:\/\/schema.org\",\"@graph\":[{\"@type\":\"WebPage\",\"@id\":\"https:\/\/\/web.devops.arsat.com.ar\/multimedia\/comunicaciones-seguras-expositores\/\",\"url\":\"https:\/\/\/web.devops.arsat.com.ar\/multimedia\/comunicaciones-seguras-expositores\/\",\"name\":\"Expositores - Arsat\",\"isPartOf\":{\"@id\":\"https:\/\/\/web.devops.arsat.com.ar\/#website\"},\"datePublished\":\"2022-06-10T10:23:03+00:00\",\"dateModified\":\"2023-01-24T18:03:32+00:00\",\"breadcrumb\":{\"@id\":\"https:\/\/\/web.devops.arsat.com.ar\/multimedia\/comunicaciones-seguras-expositores\/#breadcrumb\"},\"inLanguage\":\"es\",\"potentialAction\":[{\"@type\":\"ReadAction\",\"target\":[\"https:\/\/\/web.devops.arsat.com.ar\/multimedia\/comunicaciones-seguras-expositores\/\"]}]},{\"@type\":\"BreadcrumbList\",\"@id\":\"https:\/\/\/web.devops.arsat.com.ar\/multimedia\/comunicaciones-seguras-expositores\/#breadcrumb\",\"itemListElement\":[{\"@type\":\"ListItem\",\"position\":1,\"name\":\"Inicio\",\"item\":\"\/\"},{\"@type\":\"ListItem\",\"position\":2,\"name\":\"Multimedia\",\"item\":\"\/\"},{\"@type\":\"ListItem\",\"position\":3,\"name\":\"Expositores\"}]},{\"@type\":\"WebSite\",\"@id\":\"https:\/\/\/web.devops.arsat.com.ar\/#website\",\"url\":\"https:\/\/\/web.devops.arsat.com.ar\/\",\"name\":\"Arsat\",\"description\":\"Estamos conectados\",\"publisher\":{\"@id\":\"https:\/\/\/web.devops.arsat.com.ar\/#organization\"},\"potentialAction\":[{\"@type\":\"SearchAction\",\"target\":{\"@type\":\"EntryPoint\",\"urlTemplate\":\"https:\/\/\/web.devops.arsat.com.ar\/?s={search_term_string}\"},\"query-input\":\"required name=search_term_string\"}],\"inLanguage\":\"es\"},{\"@type\":\"Organization\",\"@id\":\"https:\/\/\/web.devops.arsat.com.ar\/#organization\",\"name\":\"ARSAT\",\"url\":\"https:\/\/\/web.devops.arsat.com.ar\/\",\"sameAs\":[\"https:\/\/www.instagram.com\/arsatok\/\",\"https:\/\/www.youtube.com\/channel\/UCzMa-rxDrzoFGPdmhsewDiA\",\"https:\/\/www.facebook.com\/arsatsa\/\",\"https:\/\/twitter.com\/ARSATSA\"],\"logo\":{\"@type\":\"ImageObject\",\"inLanguage\":\"es\",\"@id\":\"https:\/\/\/web.devops.arsat.com.ar\/#\/schema\/logo\/image\/\",\"url\":\"https:\/\/www.arsat.com.ar\/wp-content\/uploads\/2021\/03\/Antena-desde-aire.jpg\",\"contentUrl\":\"https:\/\/www.arsat.com.ar\/wp-content\/uploads\/2021\/03\/Antena-desde-aire.jpg\",\"width\":1750,\"height\":984,\"caption\":\"ARSAT\"},\"image\":{\"@id\":\"https:\/\/\/web.devops.arsat.com.ar\/#\/schema\/logo\/image\/\"}}]}<\/script>\n<!-- \/ Yoast SEO plugin. -->","yoast_head_json":{"title":"Expositores - Arsat","robots":{"index":"index","follow":"follow","max-snippet":"max-snippet:-1","max-image-preview":"max-image-preview:large","max-video-preview":"max-video-preview:-1"},"canonical":"https:\/\/web.devops.arsat.com.ar\/multimedia\/comunicaciones-seguras-expositores\/","og_locale":"es_ES","og_type":"article","og_title":"Expositores - Arsat","og_description":"ARSAT\/UBA Hugo Scolnik Licenciado en Ciencias Matem\u00e1ticas (UBA, 1964) y Doctor en Matem\u00e1tica por la Universidad de Zurich (1973). Fue nombrado Gran Maestro de la UBA (2014), Doctor honoris causa \u2013 Universidad de Cuyo \u2013 2014. Premio Konex de Platino 2003. Jurado Premios Konex 2013 y 2007. Premio Dr.Manuel Sadosky en 2005. Investiga sobre criptograf\u00eda,... View Article","og_url":"https:\/\/\/web.devops.arsat.com.ar\/multimedia\/comunicaciones-seguras-expositores\/","og_site_name":"Arsat","article_publisher":"https:\/\/www.facebook.com\/arsatsa\/","article_modified_time":"2023-01-24T18:03:32+00:00","og_image":[{"width":2560,"height":1600,"url":"https:\/\/web.devops.arsat.com.ar\/wp-content\/uploads\/2022\/06\/CIBERSEGURIDAD-COMUNICACIONES-SEGURAS_F-1750x1093.jpg","type":"image\/jpeg"}],"twitter_card":"summary_large_image","twitter_site":"@ARSATSA","twitter_misc":{"Tiempo de lectura":"5 minutos"},"schema":{"@context":"https:\/\/schema.org","@graph":[{"@type":"WebPage","@id":"https:\/\/\/web.devops.arsat.com.ar\/multimedia\/comunicaciones-seguras-expositores\/","url":"https:\/\/\/web.devops.arsat.com.ar\/multimedia\/comunicaciones-seguras-expositores\/","name":"Expositores - Arsat","isPartOf":{"@id":"https:\/\/\/web.devops.arsat.com.ar\/#website"},"datePublished":"2022-06-10T10:23:03+00:00","dateModified":"2023-01-24T18:03:32+00:00","breadcrumb":{"@id":"https:\/\/\/web.devops.arsat.com.ar\/multimedia\/comunicaciones-seguras-expositores\/#breadcrumb"},"inLanguage":"es","potentialAction":[{"@type":"ReadAction","target":["https:\/\/\/web.devops.arsat.com.ar\/multimedia\/comunicaciones-seguras-expositores\/"]}]},{"@type":"BreadcrumbList","@id":"https:\/\/\/web.devops.arsat.com.ar\/multimedia\/comunicaciones-seguras-expositores\/#breadcrumb","itemListElement":[{"@type":"ListItem","position":1,"name":"Inicio","item":"\/"},{"@type":"ListItem","position":2,"name":"Multimedia","item":"\/"},{"@type":"ListItem","position":3,"name":"Expositores"}]},{"@type":"WebSite","@id":"https:\/\/\/web.devops.arsat.com.ar\/#website","url":"https:\/\/\/web.devops.arsat.com.ar\/","name":"Arsat","description":"Estamos conectados","publisher":{"@id":"https:\/\/\/web.devops.arsat.com.ar\/#organization"},"potentialAction":[{"@type":"SearchAction","target":{"@type":"EntryPoint","urlTemplate":"https:\/\/\/web.devops.arsat.com.ar\/?s={search_term_string}"},"query-input":"required name=search_term_string"}],"inLanguage":"es"},{"@type":"Organization","@id":"https:\/\/\/web.devops.arsat.com.ar\/#organization","name":"ARSAT","url":"https:\/\/\/web.devops.arsat.com.ar\/","sameAs":["https:\/\/www.instagram.com\/arsatok\/","https:\/\/www.youtube.com\/channel\/UCzMa-rxDrzoFGPdmhsewDiA","https:\/\/www.facebook.com\/arsatsa\/","https:\/\/twitter.com\/ARSATSA"],"logo":{"@type":"ImageObject","inLanguage":"es","@id":"https:\/\/\/web.devops.arsat.com.ar\/#\/schema\/logo\/image\/","url":"https:\/\/www.arsat.com.ar\/wp-content\/uploads\/2021\/03\/Antena-desde-aire.jpg","contentUrl":"https:\/\/www.arsat.com.ar\/wp-content\/uploads\/2021\/03\/Antena-desde-aire.jpg","width":1750,"height":984,"caption":"ARSAT"},"image":{"@id":"https:\/\/\/web.devops.arsat.com.ar\/#\/schema\/logo\/image\/"}}]}},"_links":{"self":[{"href":"https:\/\/\/web.devops.arsat.com.ar\/wp-json\/wp\/v2\/pages\/5394","targetHints":{"allow":["GET"]}}],"collection":[{"href":"https:\/\/\/web.devops.arsat.com.ar\/wp-json\/wp\/v2\/pages"}],"about":[{"href":"https:\/\/\/web.devops.arsat.com.ar\/wp-json\/wp\/v2\/types\/page"}],"author":[{"embeddable":true,"href":"https:\/\/\/web.devops.arsat.com.ar\/wp-json\/wp\/v2\/users\/15"}],"replies":[{"embeddable":true,"href":"https:\/\/\/web.devops.arsat.com.ar\/wp-json\/wp\/v2\/comments?post=5394"}],"version-history":[{"count":8,"href":"https:\/\/\/web.devops.arsat.com.ar\/wp-json\/wp\/v2\/pages\/5394\/revisions"}],"predecessor-version":[{"id":7032,"href":"https:\/\/\/web.devops.arsat.com.ar\/wp-json\/wp\/v2\/pages\/5394\/revisions\/7032"}],"up":[{"embeddable":true,"href":"https:\/\/\/web.devops.arsat.com.ar\/wp-json\/wp\/v2\/pages\/212"}],"wp:featuredmedia":[{"embeddable":true,"href":"https:\/\/\/web.devops.arsat.com.ar\/wp-json\/wp\/v2\/media\/5390"}],"wp:attachment":[{"href":"https:\/\/\/web.devops.arsat.com.ar\/wp-json\/wp\/v2\/media?parent=5394"}],"curies":[{"name":"wp","href":"https:\/\/api.w.org\/{rel}","templated":true}]}}