{"id":555,"date":"2021-03-03T15:37:27","date_gmt":"2021-03-03T18:37:27","guid":{"rendered":"http:\/\/web.web.devops.arsat.com.ar\/?page_id=555"},"modified":"2022-08-29T18:51:12","modified_gmt":"2022-08-29T21:51:12","slug":"wi-fi-en-plazas-municipales","status":"publish","type":"page","link":"https:\/\/\/web.devops.arsat.com.ar\/infraestructura-tecnologica\/satelital\/proyectos\/wi-fi-en-plazas-municipales\/","title":{"rendered":"Wi- Fi en plazas municipales"},"content":{"rendered":"<p>Dichos puntos de red wifi se encuentran instalados en sedes municipales, centros comunitarios, hospitales, centros de salud, espacios p\u00fablicos, plazas, centros comerciales, espacios culturales, calles y avenidas y transportes p\u00fablicos<\/p>\n<p>El despliegue lo realizamos en las provincias de: Buenos Aires, Catamarca, Chaco, Chubut, C\u00f3rdoba, Corrientes, Entre R\u00edos, Formosa, Jujuy, La Pampa, La Rioja, Mendoza, Misiones, Neuqu\u00e9n, Rio Negro, Salta, San Juan, San Luis, Santa Cruz, Santa Fe, Santiago del Estero, Tierra del Fuego, Tucum\u00e1n.<\/p>\n","protected":false},"excerpt":{"rendered":"Dichos puntos de red wifi se encuentran instalados en sedes municipales, centros comunitarios, hospitales, centros de salud, espacios p\u00fablicos, plazas, centros comerciales, espacios culturales, calles y avenidas y transportes p\u00fablicos El despliegue lo realizamos en las provincias de: Buenos Aires, Catamarca, Chaco, Chubut, C\u00f3rdoba, Corrientes, Entre R\u00edos, Formosa, Jujuy, La Pampa, La Rioja, Mendoza, Misiones,&#8230; <a class=\"view-article\" href=\"https:\/\/\/web.devops.arsat.com.ar\/infraestructura-tecnologica\/satelital\/proyectos\/wi-fi-en-plazas-municipales\/\">View Article<\/a>","protected":false},"author":15,"featured_media":556,"parent":226,"menu_order":219,"comment_status":"closed","ping_status":"closed","template":"template-producto-servicio.php","meta":{"footnotes":""},"class_list":["post-555","page","type-page","status-publish","has-post-thumbnail","hentry"],"acf":[],"yoast_head":"<!-- This site is optimized with the Yoast SEO plugin v19.7.2 - https:\/\/yoast.com\/wordpress\/plugins\/seo\/ -->\n<title>Wi- Fi en plazas municipales - Arsat<\/title>\n<meta name=\"robots\" content=\"index, follow, max-snippet:-1, max-image-preview:large, max-video-preview:-1\" \/>\n<link rel=\"canonical\" href=\"https:\/\/web.devops.arsat.com.ar\/infraestructura-tecnologica\/satelital\/proyectos\/wi-fi-en-plazas-municipales\/\" \/>\n<meta property=\"og:locale\" content=\"es_ES\" \/>\n<meta property=\"og:type\" content=\"article\" \/>\n<meta property=\"og:title\" content=\"Wi- Fi en plazas municipales - Arsat\" \/>\n<meta property=\"og:description\" content=\"Dichos puntos de red wifi se encuentran instalados en sedes municipales, centros comunitarios, hospitales, centros de salud, espacios p\u00fablicos, plazas, centros comerciales, espacios culturales, calles y avenidas y transportes p\u00fablicos El despliegue lo realizamos en las provincias de: Buenos Aires, Catamarca, Chaco, Chubut, C\u00f3rdoba, Corrientes, Entre R\u00edos, Formosa, Jujuy, La Pampa, La Rioja, Mendoza, Misiones,... View Article\" \/>\n<meta property=\"og:url\" content=\"https:\/\/\/web.devops.arsat.com.ar\/infraestructura-tecnologica\/satelital\/proyectos\/wi-fi-en-plazas-municipales\/\" \/>\n<meta property=\"og:site_name\" content=\"Arsat\" \/>\n<meta property=\"article:publisher\" content=\"https:\/\/www.facebook.com\/arsatsa\/\" \/>\n<meta property=\"article:modified_time\" content=\"2022-08-29T21:51:12+00:00\" \/>\n<meta property=\"og:image\" content=\"https:\/\/web.devops.arsat.com.ar\/wp-content\/uploads\/2021\/03\/wifi-plaza1.jpg\" \/>\n\t<meta property=\"og:image:width\" content=\"1300\" \/>\n\t<meta property=\"og:image:height\" content=\"868\" \/>\n\t<meta property=\"og:image:type\" content=\"image\/jpeg\" \/>\n<meta name=\"twitter:card\" content=\"summary_large_image\" \/>\n<meta name=\"twitter:site\" content=\"@ARSATSA\" \/>\n<meta name=\"twitter:label1\" content=\"Tiempo de lectura\" \/>\n\t<meta name=\"twitter:data1\" content=\"1 minuto\" \/>\n<script type=\"application\/ld+json\" class=\"yoast-schema-graph\">{\"@context\":\"https:\/\/schema.org\",\"@graph\":[{\"@type\":\"WebPage\",\"@id\":\"https:\/\/\/web.devops.arsat.com.ar\/infraestructura-tecnologica\/satelital\/proyectos\/wi-fi-en-plazas-municipales\/\",\"url\":\"https:\/\/\/web.devops.arsat.com.ar\/infraestructura-tecnologica\/satelital\/proyectos\/wi-fi-en-plazas-municipales\/\",\"name\":\"Wi- Fi en plazas municipales - Arsat\",\"isPartOf\":{\"@id\":\"https:\/\/\/web.devops.arsat.com.ar\/#website\"},\"datePublished\":\"2021-03-03T18:37:27+00:00\",\"dateModified\":\"2022-08-29T21:51:12+00:00\",\"breadcrumb\":{\"@id\":\"https:\/\/\/web.devops.arsat.com.ar\/infraestructura-tecnologica\/satelital\/proyectos\/wi-fi-en-plazas-municipales\/#breadcrumb\"},\"inLanguage\":\"es\",\"potentialAction\":[{\"@type\":\"ReadAction\",\"target\":[\"https:\/\/\/web.devops.arsat.com.ar\/infraestructura-tecnologica\/satelital\/proyectos\/wi-fi-en-plazas-municipales\/\"]}]},{\"@type\":\"BreadcrumbList\",\"@id\":\"https:\/\/\/web.devops.arsat.com.ar\/infraestructura-tecnologica\/satelital\/proyectos\/wi-fi-en-plazas-municipales\/#breadcrumb\",\"itemListElement\":[{\"@type\":\"ListItem\",\"position\":1,\"name\":\"Inicio\",\"item\":\"\/\"},{\"@type\":\"ListItem\",\"position\":2,\"name\":\"Infraestructura Tecnol\u00f3gica\",\"item\":\"\/\"},{\"@type\":\"ListItem\",\"position\":3,\"name\":\"Satelital\",\"item\":\"\/\"},{\"@type\":\"ListItem\",\"position\":4,\"name\":\"Proyectos\",\"item\":\"\/\"},{\"@type\":\"ListItem\",\"position\":5,\"name\":\"Wi- Fi en plazas municipales\"}]},{\"@type\":\"WebSite\",\"@id\":\"https:\/\/\/web.devops.arsat.com.ar\/#website\",\"url\":\"https:\/\/\/web.devops.arsat.com.ar\/\",\"name\":\"Arsat\",\"description\":\"Estamos conectados\",\"publisher\":{\"@id\":\"https:\/\/\/web.devops.arsat.com.ar\/#organization\"},\"potentialAction\":[{\"@type\":\"SearchAction\",\"target\":{\"@type\":\"EntryPoint\",\"urlTemplate\":\"https:\/\/\/web.devops.arsat.com.ar\/?s={search_term_string}\"},\"query-input\":\"required name=search_term_string\"}],\"inLanguage\":\"es\"},{\"@type\":\"Organization\",\"@id\":\"https:\/\/\/web.devops.arsat.com.ar\/#organization\",\"name\":\"ARSAT\",\"url\":\"https:\/\/\/web.devops.arsat.com.ar\/\",\"sameAs\":[\"https:\/\/www.instagram.com\/arsatok\/\",\"https:\/\/www.youtube.com\/channel\/UCzMa-rxDrzoFGPdmhsewDiA\",\"https:\/\/www.facebook.com\/arsatsa\/\",\"https:\/\/twitter.com\/ARSATSA\"],\"logo\":{\"@type\":\"ImageObject\",\"inLanguage\":\"es\",\"@id\":\"https:\/\/\/web.devops.arsat.com.ar\/#\/schema\/logo\/image\/\",\"url\":\"https:\/\/www.arsat.com.ar\/wp-content\/uploads\/2021\/03\/Antena-desde-aire.jpg\",\"contentUrl\":\"https:\/\/www.arsat.com.ar\/wp-content\/uploads\/2021\/03\/Antena-desde-aire.jpg\",\"width\":1750,\"height\":984,\"caption\":\"ARSAT\"},\"image\":{\"@id\":\"https:\/\/\/web.devops.arsat.com.ar\/#\/schema\/logo\/image\/\"}}]}<\/script>\n<!-- \/ Yoast SEO plugin. -->","yoast_head_json":{"title":"Wi- Fi en plazas municipales - Arsat","robots":{"index":"index","follow":"follow","max-snippet":"max-snippet:-1","max-image-preview":"max-image-preview:large","max-video-preview":"max-video-preview:-1"},"canonical":"https:\/\/web.devops.arsat.com.ar\/infraestructura-tecnologica\/satelital\/proyectos\/wi-fi-en-plazas-municipales\/","og_locale":"es_ES","og_type":"article","og_title":"Wi- Fi en plazas municipales - Arsat","og_description":"Dichos puntos de red wifi se encuentran instalados en sedes municipales, centros comunitarios, hospitales, centros de salud, espacios p\u00fablicos, plazas, centros comerciales, espacios culturales, calles y avenidas y transportes p\u00fablicos El despliegue lo realizamos en las provincias de: Buenos Aires, Catamarca, Chaco, Chubut, C\u00f3rdoba, Corrientes, Entre R\u00edos, Formosa, Jujuy, La Pampa, La Rioja, Mendoza, Misiones,... View Article","og_url":"https:\/\/\/web.devops.arsat.com.ar\/infraestructura-tecnologica\/satelital\/proyectos\/wi-fi-en-plazas-municipales\/","og_site_name":"Arsat","article_publisher":"https:\/\/www.facebook.com\/arsatsa\/","article_modified_time":"2022-08-29T21:51:12+00:00","og_image":[{"width":1300,"height":868,"url":"https:\/\/web.devops.arsat.com.ar\/wp-content\/uploads\/2021\/03\/wifi-plaza1.jpg","type":"image\/jpeg"}],"twitter_card":"summary_large_image","twitter_site":"@ARSATSA","twitter_misc":{"Tiempo de lectura":"1 minuto"},"schema":{"@context":"https:\/\/schema.org","@graph":[{"@type":"WebPage","@id":"https:\/\/\/web.devops.arsat.com.ar\/infraestructura-tecnologica\/satelital\/proyectos\/wi-fi-en-plazas-municipales\/","url":"https:\/\/\/web.devops.arsat.com.ar\/infraestructura-tecnologica\/satelital\/proyectos\/wi-fi-en-plazas-municipales\/","name":"Wi- Fi en plazas municipales - Arsat","isPartOf":{"@id":"https:\/\/\/web.devops.arsat.com.ar\/#website"},"datePublished":"2021-03-03T18:37:27+00:00","dateModified":"2022-08-29T21:51:12+00:00","breadcrumb":{"@id":"https:\/\/\/web.devops.arsat.com.ar\/infraestructura-tecnologica\/satelital\/proyectos\/wi-fi-en-plazas-municipales\/#breadcrumb"},"inLanguage":"es","potentialAction":[{"@type":"ReadAction","target":["https:\/\/\/web.devops.arsat.com.ar\/infraestructura-tecnologica\/satelital\/proyectos\/wi-fi-en-plazas-municipales\/"]}]},{"@type":"BreadcrumbList","@id":"https:\/\/\/web.devops.arsat.com.ar\/infraestructura-tecnologica\/satelital\/proyectos\/wi-fi-en-plazas-municipales\/#breadcrumb","itemListElement":[{"@type":"ListItem","position":1,"name":"Inicio","item":"\/"},{"@type":"ListItem","position":2,"name":"Infraestructura Tecnol\u00f3gica","item":"\/"},{"@type":"ListItem","position":3,"name":"Satelital","item":"\/"},{"@type":"ListItem","position":4,"name":"Proyectos","item":"\/"},{"@type":"ListItem","position":5,"name":"Wi- Fi en plazas municipales"}]},{"@type":"WebSite","@id":"https:\/\/\/web.devops.arsat.com.ar\/#website","url":"https:\/\/\/web.devops.arsat.com.ar\/","name":"Arsat","description":"Estamos conectados","publisher":{"@id":"https:\/\/\/web.devops.arsat.com.ar\/#organization"},"potentialAction":[{"@type":"SearchAction","target":{"@type":"EntryPoint","urlTemplate":"https:\/\/\/web.devops.arsat.com.ar\/?s={search_term_string}"},"query-input":"required name=search_term_string"}],"inLanguage":"es"},{"@type":"Organization","@id":"https:\/\/\/web.devops.arsat.com.ar\/#organization","name":"ARSAT","url":"https:\/\/\/web.devops.arsat.com.ar\/","sameAs":["https:\/\/www.instagram.com\/arsatok\/","https:\/\/www.youtube.com\/channel\/UCzMa-rxDrzoFGPdmhsewDiA","https:\/\/www.facebook.com\/arsatsa\/","https:\/\/twitter.com\/ARSATSA"],"logo":{"@type":"ImageObject","inLanguage":"es","@id":"https:\/\/\/web.devops.arsat.com.ar\/#\/schema\/logo\/image\/","url":"https:\/\/www.arsat.com.ar\/wp-content\/uploads\/2021\/03\/Antena-desde-aire.jpg","contentUrl":"https:\/\/www.arsat.com.ar\/wp-content\/uploads\/2021\/03\/Antena-desde-aire.jpg","width":1750,"height":984,"caption":"ARSAT"},"image":{"@id":"https:\/\/\/web.devops.arsat.com.ar\/#\/schema\/logo\/image\/"}}]}},"_links":{"self":[{"href":"https:\/\/\/web.devops.arsat.com.ar\/wp-json\/wp\/v2\/pages\/555","targetHints":{"allow":["GET"]}}],"collection":[{"href":"https:\/\/\/web.devops.arsat.com.ar\/wp-json\/wp\/v2\/pages"}],"about":[{"href":"https:\/\/\/web.devops.arsat.com.ar\/wp-json\/wp\/v2\/types\/page"}],"author":[{"embeddable":true,"href":"https:\/\/\/web.devops.arsat.com.ar\/wp-json\/wp\/v2\/users\/15"}],"replies":[{"embeddable":true,"href":"https:\/\/\/web.devops.arsat.com.ar\/wp-json\/wp\/v2\/comments?post=555"}],"version-history":[{"count":3,"href":"https:\/\/\/web.devops.arsat.com.ar\/wp-json\/wp\/v2\/pages\/555\/revisions"}],"predecessor-version":[{"id":7498,"href":"https:\/\/\/web.devops.arsat.com.ar\/wp-json\/wp\/v2\/pages\/555\/revisions\/7498"}],"up":[{"embeddable":true,"href":"https:\/\/\/web.devops.arsat.com.ar\/wp-json\/wp\/v2\/pages\/226"}],"wp:featuredmedia":[{"embeddable":true,"href":"https:\/\/\/web.devops.arsat.com.ar\/wp-json\/wp\/v2\/media\/556"}],"wp:attachment":[{"href":"https:\/\/\/web.devops.arsat.com.ar\/wp-json\/wp\/v2\/media?parent=555"}],"curies":[{"name":"wp","href":"https:\/\/api.w.org\/{rel}","templated":true}]}}