{"id":7000,"date":"2022-06-29T15:34:26","date_gmt":"2022-06-29T18:34:26","guid":{"rendered":"https:\/\/www.web.devops.arsat.com.ar\/?page_id=7000"},"modified":"2023-01-24T15:02:58","modified_gmt":"2023-01-24T18:02:58","slug":"comunicaciones-seguras","status":"publish","type":"page","link":"https:\/\/\/web.devops.arsat.com.ar\/multimedia\/comunicaciones-seguras\/","title":{"rendered":"Comunicaciones seguras: M\u00e9todos Cu\u00e1nticos y Poscu\u00e1nticos 2022"},"content":{"rendered":"<p>Las comunicaciones, y en particular la permanente necesidad de intercambiar informaci\u00f3n reservada por medios inseguros, plantean un desaf\u00edo tecnol\u00f3gico de seguridad. En los \u00faltimos a\u00f1os apareci\u00f3 un nuevo actor en este escenario, la computadora cu\u00e1ntica. El desarrollo de esta tecnolog\u00eda pone en riesgo todas las herramientas actuales para asegurar la confidencialidad del tr\u00e1fico en internet. T\u00e9cnicamente amenaza con hacer desaparecer la criptograf\u00eda asim\u00e9trica (de clave p\u00fablica) vigente, y debilita sensiblemente a la criptograf\u00eda sim\u00e9trica (de clave \u00fanica). El resultado no puede ser m\u00e1s inquietante: todo lo que transcurre en esa red de uso universal se vuelve potencialmente inseguro, desde los certificados digitales, las criptomonedas, los protocolos de acceso y tr\u00e1fico entre sitios de la administraci\u00f3n central, de las FFAA y FFSS, comunicaciones diplom\u00e1ticas, gesti\u00f3n de la ciberdefensa nacional, etc. Para enfrentar este panorama se est\u00e1n desarrollando herramientas de defensa que puedan demostrarse inmunes frente a los ataques cu\u00e1nticos conocidos. Es en esta l\u00ednea que ARSAT se aboc\u00f3 al desarrollo de un sistema de comunicaciones seguras.<\/p>\n<p>Un problema relacionado muy importante es el de la distribuci\u00f3n de claves en forma inviolable mediante tecnolog\u00edas cu\u00e1nticas, tema desarrollado en diversos pa\u00edses, utilizando incluso comunicaciones satelitales, y por grupos de investigaci\u00f3n en la Argentina.<\/p>\n<p>Dado el inter\u00e9s y la necesidad perentoria de disponer y desarrollar estas tecnolog\u00edas en nuestro pa\u00eds, hemos organizado la CONFERENCIA DEM\u00c9TODOS CU\u00c1NTICOS Y POSCU\u00c1NTICOS 2022.<\/p>\n<p><a href=\"https:\/\/www.web.devops.web.devops.web.devops.arsat.com.ar\/estamos-contectados\/comunicaciones-seguras-expositores\/\"><strong>Conoc\u00e9 a los expositores y sus presentaciones<\/strong><\/a><\/p>\n<div class=\"video-container\"><iframe loading=\"lazy\" title=\"Jornada de Comunicaciones Seguras - D\u00eda 1\" width=\"930\" height=\"523\" src=\"https:\/\/www.youtube.com\/embed\/WmHxu6tSU9c?feature=oembed\" frameborder=\"0\" allow=\"accelerometer; autoplay; clipboard-write; encrypted-media; gyroscope; picture-in-picture\" allowfullscreen><\/iframe><\/div>\n<div class=\"video-container\"><iframe loading=\"lazy\" title=\"Jornada de Comunicaciones Seguras - D\u00eda 2\" width=\"930\" height=\"523\" src=\"https:\/\/www.youtube.com\/embed\/W_496uhQAyM?feature=oembed\" frameborder=\"0\" allow=\"accelerometer; autoplay; clipboard-write; encrypted-media; gyroscope; picture-in-picture\" allowfullscreen><\/iframe><\/div>\n<p>&nbsp;<\/p>\n","protected":false},"excerpt":{"rendered":"Las comunicaciones, y en particular la permanente necesidad de intercambiar informaci\u00f3n reservada por medios inseguros, plantean un desaf\u00edo tecnol\u00f3gico de seguridad. En los \u00faltimos a\u00f1os apareci\u00f3 un nuevo actor en este escenario, la computadora cu\u00e1ntica. El desarrollo de esta tecnolog\u00eda pone en riesgo todas las herramientas actuales para asegurar la confidencialidad del tr\u00e1fico en internet&#8230;. <a class=\"view-article\" href=\"https:\/\/\/web.devops.arsat.com.ar\/multimedia\/comunicaciones-seguras\/\">View Article<\/a>","protected":false},"author":3,"featured_media":5390,"parent":212,"menu_order":31,"comment_status":"closed","ping_status":"closed","template":"","meta":{"footnotes":""},"class_list":["post-7000","page","type-page","status-publish","has-post-thumbnail","hentry"],"acf":[],"yoast_head":"<!-- This site is optimized with the Yoast SEO plugin v19.7.2 - https:\/\/yoast.com\/wordpress\/plugins\/seo\/ -->\n<title>Comunicaciones seguras: M\u00e9todos Cu\u00e1nticos y Poscu\u00e1nticos 2022 - Arsat<\/title>\n<meta name=\"robots\" content=\"index, follow, max-snippet:-1, max-image-preview:large, max-video-preview:-1\" \/>\n<link rel=\"canonical\" href=\"https:\/\/web.devops.arsat.com.ar\/multimedia\/comunicaciones-seguras\/\" \/>\n<meta property=\"og:locale\" content=\"es_ES\" \/>\n<meta property=\"og:type\" content=\"article\" \/>\n<meta property=\"og:title\" content=\"Comunicaciones seguras: M\u00e9todos Cu\u00e1nticos y Poscu\u00e1nticos 2022 - Arsat\" \/>\n<meta property=\"og:description\" content=\"Las comunicaciones, y en particular la permanente necesidad de intercambiar informaci\u00f3n reservada por medios inseguros, plantean un desaf\u00edo tecnol\u00f3gico de seguridad. En los \u00faltimos a\u00f1os apareci\u00f3 un nuevo actor en este escenario, la computadora cu\u00e1ntica. El desarrollo de esta tecnolog\u00eda pone en riesgo todas las herramientas actuales para asegurar la confidencialidad del tr\u00e1fico en internet.... View Article\" \/>\n<meta property=\"og:url\" content=\"https:\/\/\/web.devops.arsat.com.ar\/multimedia\/comunicaciones-seguras\/\" \/>\n<meta property=\"og:site_name\" content=\"Arsat\" \/>\n<meta property=\"article:publisher\" content=\"https:\/\/www.facebook.com\/arsatsa\/\" \/>\n<meta property=\"article:modified_time\" content=\"2023-01-24T18:02:58+00:00\" \/>\n<meta property=\"og:image\" content=\"https:\/\/web.devops.arsat.com.ar\/wp-content\/uploads\/2022\/06\/CIBERSEGURIDAD-COMUNICACIONES-SEGURAS_F-1750x1093.jpg\" \/>\n\t<meta property=\"og:image:width\" content=\"2560\" \/>\n\t<meta property=\"og:image:height\" content=\"1600\" \/>\n\t<meta property=\"og:image:type\" content=\"image\/jpeg\" \/>\n<meta name=\"twitter:card\" content=\"summary_large_image\" \/>\n<meta name=\"twitter:site\" content=\"@ARSATSA\" \/>\n<meta name=\"twitter:label1\" content=\"Tiempo de lectura\" \/>\n\t<meta name=\"twitter:data1\" content=\"2 minutos\" \/>\n<script type=\"application\/ld+json\" class=\"yoast-schema-graph\">{\"@context\":\"https:\/\/schema.org\",\"@graph\":[{\"@type\":\"WebPage\",\"@id\":\"https:\/\/\/web.devops.arsat.com.ar\/multimedia\/comunicaciones-seguras\/\",\"url\":\"https:\/\/\/web.devops.arsat.com.ar\/multimedia\/comunicaciones-seguras\/\",\"name\":\"Comunicaciones seguras: M\u00e9todos Cu\u00e1nticos y Poscu\u00e1nticos 2022 - Arsat\",\"isPartOf\":{\"@id\":\"https:\/\/\/web.devops.arsat.com.ar\/#website\"},\"datePublished\":\"2022-06-29T18:34:26+00:00\",\"dateModified\":\"2023-01-24T18:02:58+00:00\",\"breadcrumb\":{\"@id\":\"https:\/\/\/web.devops.arsat.com.ar\/multimedia\/comunicaciones-seguras\/#breadcrumb\"},\"inLanguage\":\"es\",\"potentialAction\":[{\"@type\":\"ReadAction\",\"target\":[\"https:\/\/\/web.devops.arsat.com.ar\/multimedia\/comunicaciones-seguras\/\"]}]},{\"@type\":\"BreadcrumbList\",\"@id\":\"https:\/\/\/web.devops.arsat.com.ar\/multimedia\/comunicaciones-seguras\/#breadcrumb\",\"itemListElement\":[{\"@type\":\"ListItem\",\"position\":1,\"name\":\"Inicio\",\"item\":\"\/\"},{\"@type\":\"ListItem\",\"position\":2,\"name\":\"Multimedia\",\"item\":\"\/\"},{\"@type\":\"ListItem\",\"position\":3,\"name\":\"Comunicaciones seguras: M\u00e9todos Cu\u00e1nticos y Poscu\u00e1nticos 2022\"}]},{\"@type\":\"WebSite\",\"@id\":\"https:\/\/\/web.devops.arsat.com.ar\/#website\",\"url\":\"https:\/\/\/web.devops.arsat.com.ar\/\",\"name\":\"Arsat\",\"description\":\"Estamos conectados\",\"publisher\":{\"@id\":\"https:\/\/\/web.devops.arsat.com.ar\/#organization\"},\"potentialAction\":[{\"@type\":\"SearchAction\",\"target\":{\"@type\":\"EntryPoint\",\"urlTemplate\":\"https:\/\/\/web.devops.arsat.com.ar\/?s={search_term_string}\"},\"query-input\":\"required name=search_term_string\"}],\"inLanguage\":\"es\"},{\"@type\":\"Organization\",\"@id\":\"https:\/\/\/web.devops.arsat.com.ar\/#organization\",\"name\":\"ARSAT\",\"url\":\"https:\/\/\/web.devops.arsat.com.ar\/\",\"sameAs\":[\"https:\/\/www.instagram.com\/arsatok\/\",\"https:\/\/www.youtube.com\/channel\/UCzMa-rxDrzoFGPdmhsewDiA\",\"https:\/\/www.facebook.com\/arsatsa\/\",\"https:\/\/twitter.com\/ARSATSA\"],\"logo\":{\"@type\":\"ImageObject\",\"inLanguage\":\"es\",\"@id\":\"https:\/\/\/web.devops.arsat.com.ar\/#\/schema\/logo\/image\/\",\"url\":\"https:\/\/www.arsat.com.ar\/wp-content\/uploads\/2021\/03\/Antena-desde-aire.jpg\",\"contentUrl\":\"https:\/\/www.arsat.com.ar\/wp-content\/uploads\/2021\/03\/Antena-desde-aire.jpg\",\"width\":1750,\"height\":984,\"caption\":\"ARSAT\"},\"image\":{\"@id\":\"https:\/\/\/web.devops.arsat.com.ar\/#\/schema\/logo\/image\/\"}}]}<\/script>\n<!-- \/ Yoast SEO plugin. -->","yoast_head_json":{"title":"Comunicaciones seguras: M\u00e9todos Cu\u00e1nticos y Poscu\u00e1nticos 2022 - Arsat","robots":{"index":"index","follow":"follow","max-snippet":"max-snippet:-1","max-image-preview":"max-image-preview:large","max-video-preview":"max-video-preview:-1"},"canonical":"https:\/\/web.devops.arsat.com.ar\/multimedia\/comunicaciones-seguras\/","og_locale":"es_ES","og_type":"article","og_title":"Comunicaciones seguras: M\u00e9todos Cu\u00e1nticos y Poscu\u00e1nticos 2022 - Arsat","og_description":"Las comunicaciones, y en particular la permanente necesidad de intercambiar informaci\u00f3n reservada por medios inseguros, plantean un desaf\u00edo tecnol\u00f3gico de seguridad. En los \u00faltimos a\u00f1os apareci\u00f3 un nuevo actor en este escenario, la computadora cu\u00e1ntica. El desarrollo de esta tecnolog\u00eda pone en riesgo todas las herramientas actuales para asegurar la confidencialidad del tr\u00e1fico en internet.... View Article","og_url":"https:\/\/\/web.devops.arsat.com.ar\/multimedia\/comunicaciones-seguras\/","og_site_name":"Arsat","article_publisher":"https:\/\/www.facebook.com\/arsatsa\/","article_modified_time":"2023-01-24T18:02:58+00:00","og_image":[{"width":2560,"height":1600,"url":"https:\/\/web.devops.arsat.com.ar\/wp-content\/uploads\/2022\/06\/CIBERSEGURIDAD-COMUNICACIONES-SEGURAS_F-1750x1093.jpg","type":"image\/jpeg"}],"twitter_card":"summary_large_image","twitter_site":"@ARSATSA","twitter_misc":{"Tiempo de lectura":"2 minutos"},"schema":{"@context":"https:\/\/schema.org","@graph":[{"@type":"WebPage","@id":"https:\/\/\/web.devops.arsat.com.ar\/multimedia\/comunicaciones-seguras\/","url":"https:\/\/\/web.devops.arsat.com.ar\/multimedia\/comunicaciones-seguras\/","name":"Comunicaciones seguras: M\u00e9todos Cu\u00e1nticos y Poscu\u00e1nticos 2022 - Arsat","isPartOf":{"@id":"https:\/\/\/web.devops.arsat.com.ar\/#website"},"datePublished":"2022-06-29T18:34:26+00:00","dateModified":"2023-01-24T18:02:58+00:00","breadcrumb":{"@id":"https:\/\/\/web.devops.arsat.com.ar\/multimedia\/comunicaciones-seguras\/#breadcrumb"},"inLanguage":"es","potentialAction":[{"@type":"ReadAction","target":["https:\/\/\/web.devops.arsat.com.ar\/multimedia\/comunicaciones-seguras\/"]}]},{"@type":"BreadcrumbList","@id":"https:\/\/\/web.devops.arsat.com.ar\/multimedia\/comunicaciones-seguras\/#breadcrumb","itemListElement":[{"@type":"ListItem","position":1,"name":"Inicio","item":"\/"},{"@type":"ListItem","position":2,"name":"Multimedia","item":"\/"},{"@type":"ListItem","position":3,"name":"Comunicaciones seguras: M\u00e9todos Cu\u00e1nticos y Poscu\u00e1nticos 2022"}]},{"@type":"WebSite","@id":"https:\/\/\/web.devops.arsat.com.ar\/#website","url":"https:\/\/\/web.devops.arsat.com.ar\/","name":"Arsat","description":"Estamos conectados","publisher":{"@id":"https:\/\/\/web.devops.arsat.com.ar\/#organization"},"potentialAction":[{"@type":"SearchAction","target":{"@type":"EntryPoint","urlTemplate":"https:\/\/\/web.devops.arsat.com.ar\/?s={search_term_string}"},"query-input":"required name=search_term_string"}],"inLanguage":"es"},{"@type":"Organization","@id":"https:\/\/\/web.devops.arsat.com.ar\/#organization","name":"ARSAT","url":"https:\/\/\/web.devops.arsat.com.ar\/","sameAs":["https:\/\/www.instagram.com\/arsatok\/","https:\/\/www.youtube.com\/channel\/UCzMa-rxDrzoFGPdmhsewDiA","https:\/\/www.facebook.com\/arsatsa\/","https:\/\/twitter.com\/ARSATSA"],"logo":{"@type":"ImageObject","inLanguage":"es","@id":"https:\/\/\/web.devops.arsat.com.ar\/#\/schema\/logo\/image\/","url":"https:\/\/www.arsat.com.ar\/wp-content\/uploads\/2021\/03\/Antena-desde-aire.jpg","contentUrl":"https:\/\/www.arsat.com.ar\/wp-content\/uploads\/2021\/03\/Antena-desde-aire.jpg","width":1750,"height":984,"caption":"ARSAT"},"image":{"@id":"https:\/\/\/web.devops.arsat.com.ar\/#\/schema\/logo\/image\/"}}]}},"_links":{"self":[{"href":"https:\/\/\/web.devops.arsat.com.ar\/wp-json\/wp\/v2\/pages\/7000","targetHints":{"allow":["GET"]}}],"collection":[{"href":"https:\/\/\/web.devops.arsat.com.ar\/wp-json\/wp\/v2\/pages"}],"about":[{"href":"https:\/\/\/web.devops.arsat.com.ar\/wp-json\/wp\/v2\/types\/page"}],"author":[{"embeddable":true,"href":"https:\/\/\/web.devops.arsat.com.ar\/wp-json\/wp\/v2\/users\/3"}],"replies":[{"embeddable":true,"href":"https:\/\/\/web.devops.arsat.com.ar\/wp-json\/wp\/v2\/comments?post=7000"}],"version-history":[{"count":15,"href":"https:\/\/\/web.devops.arsat.com.ar\/wp-json\/wp\/v2\/pages\/7000\/revisions"}],"predecessor-version":[{"id":7047,"href":"https:\/\/\/web.devops.arsat.com.ar\/wp-json\/wp\/v2\/pages\/7000\/revisions\/7047"}],"up":[{"embeddable":true,"href":"https:\/\/\/web.devops.arsat.com.ar\/wp-json\/wp\/v2\/pages\/212"}],"wp:featuredmedia":[{"embeddable":true,"href":"https:\/\/\/web.devops.arsat.com.ar\/wp-json\/wp\/v2\/media\/5390"}],"wp:attachment":[{"href":"https:\/\/\/web.devops.arsat.com.ar\/wp-json\/wp\/v2\/media?parent=7000"}],"curies":[{"name":"wp","href":"https:\/\/api.w.org\/{rel}","templated":true}]}}