{"id":7374,"date":"2022-08-17T15:44:48","date_gmt":"2022-08-17T18:44:48","guid":{"rendered":"https:\/\/www.web.devops.arsat.com.ar\/?page_id=7374"},"modified":"2023-02-02T17:14:04","modified_gmt":"2023-02-02T20:14:04","slug":"nuestros-satelites","status":"publish","type":"page","link":"https:\/\/\/web.devops.arsat.com.ar\/infraestructura-tecnologica\/satelital\/nuestros-satelites\/","title":{"rendered":"Nuestros Sat\u00e9lites"},"content":{"rendered":"<h4><strong>ARSAT-1<\/strong><\/h4>\n<p>El ARSAT-1, primer sat\u00e9lite geoestacionario argentino, con el que prestamos servicios en la posici\u00f3n 72\u00b0 Oeste en banda Ku. Fue dise\u00f1ado para transportar se\u00f1ales de video y brindar servicios de televisi\u00f3n directa al hogar y de acceso a Internet para su recepci\u00f3n en antenas VSAT y servicios de datos y telefon\u00eda sobre IP a toda la Argentina y pa\u00edses lim\u00edtrofes.<\/p>\n<h4><img loading=\"lazy\" decoding=\"async\" width=\"700\" height=\"235\" class=\"alignnone size-medium wp-image-7405\" src=\"https:\/\/www.web.devops.web.devops.web.devops.arsat.com.ar\/wp-content\/uploads\/2022\/08\/Arsat-1-pisada-1-700x235.jpg\" alt=\"\" srcset=\"https:\/\/web.devops.arsat.com.ar\/wp-content\/uploads\/2022\/08\/Arsat-1-pisada-1-700x235.jpg 700w, https:\/\/web.devops.arsat.com.ar\/wp-content\/uploads\/2022\/08\/Arsat-1-pisada-1-768x258.jpg 768w, https:\/\/web.devops.arsat.com.ar\/wp-content\/uploads\/2022\/08\/Arsat-1-pisada-1-250x84.jpg 250w, https:\/\/web.devops.arsat.com.ar\/wp-content\/uploads\/2022\/08\/Arsat-1-pisada-1.jpg 1018w\" sizes=\"auto, (max-width: 700px) 100vw, 700px\" \/><\/h4>\n<h4><strong>ARSAT-2<\/strong><\/h4>\n<p>El ARSAT-2 se ubica en la posici\u00f3n orbital 81\u00b0 Oeste y cuenta con 3 antenas que emiten en banda Ku y C. Fue desarrollado para brindar servicios de telecomunicaciones sobre el continente americano en tres coberturas: sudamericana, norteamericana y hemisf\u00e9rica.<\/p>\n<p><img loading=\"lazy\" decoding=\"async\" width=\"700\" height=\"235\" class=\"alignnone size-medium wp-image-7400\" src=\"https:\/\/www.web.devops.web.devops.web.devops.arsat.com.ar\/wp-content\/uploads\/2022\/08\/arsat-2-pisada-700x235.jpg\" alt=\"\" srcset=\"https:\/\/web.devops.arsat.com.ar\/wp-content\/uploads\/2022\/08\/arsat-2-pisada-700x235.jpg 700w, https:\/\/web.devops.arsat.com.ar\/wp-content\/uploads\/2022\/08\/arsat-2-pisada-768x258.jpg 768w, https:\/\/web.devops.arsat.com.ar\/wp-content\/uploads\/2022\/08\/arsat-2-pisada-250x84.jpg 250w, https:\/\/web.devops.arsat.com.ar\/wp-content\/uploads\/2022\/08\/arsat-2-pisada.jpg 1018w\" sizes=\"auto, (max-width: 700px) 100vw, 700px\" \/><\/p>\n<h4><strong>ARSAT-SG1<\/strong><\/h4>\n<p>Ubicado en la posici\u00f3n geoestacionaria 81\u00b0O y co-ubicado con el ARSAT-2, ser\u00e1 el primero de alto rendimiento con la tecnolog\u00eda HTS, y el primer sat\u00e9lite nacional en operar una carga \u00fatil en banda Ka.<br \/>\nBrindar\u00e1 banda ancha satelital confiable y de alta calidad en zonas rurales de baja densidad de poblaci\u00f3n donde no sea conveniente el despliegue de infraestructura terrestre. Se estima que se alcanzar\u00e1 a m\u00e1s de 200 mil hogares en la Argentina y pa\u00edses lim\u00edtrofes. Adem\u00e1s, puntualmente podremos ampliar las redes de los operadores de comunicaciones m\u00f3viles tambi\u00e9n en zonas rurales.<\/p>\n<p><img loading=\"lazy\" decoding=\"async\" width=\"700\" height=\"235\" class=\"alignnone size-medium wp-image-7398\" src=\"https:\/\/www.web.devops.web.devops.web.devops.arsat.com.ar\/wp-content\/uploads\/2022\/08\/arsat-sg1-700x235.jpg\" alt=\"\" srcset=\"https:\/\/web.devops.arsat.com.ar\/wp-content\/uploads\/2022\/08\/arsat-sg1-700x235.jpg 700w, https:\/\/web.devops.arsat.com.ar\/wp-content\/uploads\/2022\/08\/arsat-sg1-768x258.jpg 768w, https:\/\/web.devops.arsat.com.ar\/wp-content\/uploads\/2022\/08\/arsat-sg1-250x84.jpg 250w, https:\/\/web.devops.arsat.com.ar\/wp-content\/uploads\/2022\/08\/arsat-sg1.jpg 1018w\" sizes=\"auto, (max-width: 700px) 100vw, 700px\" \/><\/p>\n<h4><a href=\"https:\/\/www.web.devops.web.devops.web.devops.arsat.com.ar\/infraestructura-tecnologica\/satelital\/nuestros-satelites\/historia-de-las-posiciones-orbitales\/\"><strong>HISTORIA DE LAS POSICIONES ORBITALES<\/strong><\/a><\/h4>\n","protected":false},"excerpt":{"rendered":"ARSAT-1 El ARSAT-1, primer sat\u00e9lite geoestacionario argentino, con el que prestamos servicios en la posici\u00f3n 72\u00b0 Oeste en banda Ku. Fue dise\u00f1ado para transportar se\u00f1ales de video y brindar servicios de televisi\u00f3n directa al hogar y de acceso a Internet para su recepci\u00f3n en antenas VSAT y servicios de datos y telefon\u00eda sobre IP a&#8230; <a class=\"view-article\" href=\"https:\/\/\/web.devops.arsat.com.ar\/infraestructura-tecnologica\/satelital\/nuestros-satelites\/\">View Article<\/a>","protected":false},"author":3,"featured_media":7413,"parent":221,"menu_order":61,"comment_status":"closed","ping_status":"closed","template":"template-producto-servicio.php","meta":{"footnotes":""},"class_list":["post-7374","page","type-page","status-publish","has-post-thumbnail","hentry"],"acf":[],"yoast_head":"<!-- This site is optimized with the Yoast SEO plugin v19.7.2 - https:\/\/yoast.com\/wordpress\/plugins\/seo\/ -->\n<title>Nuestros Sat\u00e9lites - Arsat<\/title>\n<meta name=\"robots\" content=\"index, follow, max-snippet:-1, max-image-preview:large, max-video-preview:-1\" \/>\n<link rel=\"canonical\" href=\"https:\/\/web.devops.arsat.com.ar\/infraestructura-tecnologica\/satelital\/nuestros-satelites\/\" \/>\n<meta property=\"og:locale\" content=\"es_ES\" \/>\n<meta property=\"og:type\" content=\"article\" \/>\n<meta property=\"og:title\" content=\"Nuestros Sat\u00e9lites - Arsat\" \/>\n<meta property=\"og:description\" content=\"ARSAT-1 El ARSAT-1, primer sat\u00e9lite geoestacionario argentino, con el que prestamos servicios en la posici\u00f3n 72\u00b0 Oeste en banda Ku. Fue dise\u00f1ado para transportar se\u00f1ales de video y brindar servicios de televisi\u00f3n directa al hogar y de acceso a Internet para su recepci\u00f3n en antenas VSAT y servicios de datos y telefon\u00eda sobre IP a... View Article\" \/>\n<meta property=\"og:url\" content=\"https:\/\/\/web.devops.arsat.com.ar\/infraestructura-tecnologica\/satelital\/nuestros-satelites\/\" \/>\n<meta property=\"og:site_name\" content=\"Arsat\" \/>\n<meta property=\"article:publisher\" content=\"https:\/\/www.facebook.com\/arsatsa\/\" \/>\n<meta property=\"article:modified_time\" content=\"2023-02-02T20:14:04+00:00\" \/>\n<meta property=\"og:image\" content=\"https:\/\/web.devops.arsat.com.ar\/wp-content\/uploads\/2022\/08\/Decollage-plan-large_109-1-1750x1238.jpg\" \/>\n\t<meta property=\"og:image:width\" content=\"2560\" \/>\n\t<meta property=\"og:image:height\" content=\"1810\" \/>\n\t<meta property=\"og:image:type\" content=\"image\/jpeg\" \/>\n<meta name=\"twitter:card\" content=\"summary_large_image\" \/>\n<meta name=\"twitter:site\" content=\"@ARSATSA\" \/>\n<meta name=\"twitter:label1\" content=\"Tiempo de lectura\" \/>\n\t<meta name=\"twitter:data1\" content=\"2 minutos\" \/>\n<script type=\"application\/ld+json\" class=\"yoast-schema-graph\">{\"@context\":\"https:\/\/schema.org\",\"@graph\":[{\"@type\":\"WebPage\",\"@id\":\"https:\/\/\/web.devops.arsat.com.ar\/infraestructura-tecnologica\/satelital\/nuestros-satelites\/\",\"url\":\"https:\/\/\/web.devops.arsat.com.ar\/infraestructura-tecnologica\/satelital\/nuestros-satelites\/\",\"name\":\"Nuestros Sat\u00e9lites - Arsat\",\"isPartOf\":{\"@id\":\"https:\/\/\/web.devops.arsat.com.ar\/#website\"},\"datePublished\":\"2022-08-17T18:44:48+00:00\",\"dateModified\":\"2023-02-02T20:14:04+00:00\",\"breadcrumb\":{\"@id\":\"https:\/\/\/web.devops.arsat.com.ar\/infraestructura-tecnologica\/satelital\/nuestros-satelites\/#breadcrumb\"},\"inLanguage\":\"es\",\"potentialAction\":[{\"@type\":\"ReadAction\",\"target\":[\"https:\/\/\/web.devops.arsat.com.ar\/infraestructura-tecnologica\/satelital\/nuestros-satelites\/\"]}]},{\"@type\":\"BreadcrumbList\",\"@id\":\"https:\/\/\/web.devops.arsat.com.ar\/infraestructura-tecnologica\/satelital\/nuestros-satelites\/#breadcrumb\",\"itemListElement\":[{\"@type\":\"ListItem\",\"position\":1,\"name\":\"Inicio\",\"item\":\"\/\"},{\"@type\":\"ListItem\",\"position\":2,\"name\":\"Infraestructura Tecnol\u00f3gica\",\"item\":\"\/\"},{\"@type\":\"ListItem\",\"position\":3,\"name\":\"Satelital\",\"item\":\"\/\"},{\"@type\":\"ListItem\",\"position\":4,\"name\":\"Nuestros Sat\u00e9lites\"}]},{\"@type\":\"WebSite\",\"@id\":\"https:\/\/\/web.devops.arsat.com.ar\/#website\",\"url\":\"https:\/\/\/web.devops.arsat.com.ar\/\",\"name\":\"Arsat\",\"description\":\"Estamos conectados\",\"publisher\":{\"@id\":\"https:\/\/\/web.devops.arsat.com.ar\/#organization\"},\"potentialAction\":[{\"@type\":\"SearchAction\",\"target\":{\"@type\":\"EntryPoint\",\"urlTemplate\":\"https:\/\/\/web.devops.arsat.com.ar\/?s={search_term_string}\"},\"query-input\":\"required name=search_term_string\"}],\"inLanguage\":\"es\"},{\"@type\":\"Organization\",\"@id\":\"https:\/\/\/web.devops.arsat.com.ar\/#organization\",\"name\":\"ARSAT\",\"url\":\"https:\/\/\/web.devops.arsat.com.ar\/\",\"sameAs\":[\"https:\/\/www.instagram.com\/arsatok\/\",\"https:\/\/www.youtube.com\/channel\/UCzMa-rxDrzoFGPdmhsewDiA\",\"https:\/\/www.facebook.com\/arsatsa\/\",\"https:\/\/twitter.com\/ARSATSA\"],\"logo\":{\"@type\":\"ImageObject\",\"inLanguage\":\"es\",\"@id\":\"https:\/\/\/web.devops.arsat.com.ar\/#\/schema\/logo\/image\/\",\"url\":\"https:\/\/www.arsat.com.ar\/wp-content\/uploads\/2021\/03\/Antena-desde-aire.jpg\",\"contentUrl\":\"https:\/\/www.arsat.com.ar\/wp-content\/uploads\/2021\/03\/Antena-desde-aire.jpg\",\"width\":1750,\"height\":984,\"caption\":\"ARSAT\"},\"image\":{\"@id\":\"https:\/\/\/web.devops.arsat.com.ar\/#\/schema\/logo\/image\/\"}}]}<\/script>\n<!-- \/ Yoast SEO plugin. -->","yoast_head_json":{"title":"Nuestros Sat\u00e9lites - Arsat","robots":{"index":"index","follow":"follow","max-snippet":"max-snippet:-1","max-image-preview":"max-image-preview:large","max-video-preview":"max-video-preview:-1"},"canonical":"https:\/\/web.devops.arsat.com.ar\/infraestructura-tecnologica\/satelital\/nuestros-satelites\/","og_locale":"es_ES","og_type":"article","og_title":"Nuestros Sat\u00e9lites - Arsat","og_description":"ARSAT-1 El ARSAT-1, primer sat\u00e9lite geoestacionario argentino, con el que prestamos servicios en la posici\u00f3n 72\u00b0 Oeste en banda Ku. Fue dise\u00f1ado para transportar se\u00f1ales de video y brindar servicios de televisi\u00f3n directa al hogar y de acceso a Internet para su recepci\u00f3n en antenas VSAT y servicios de datos y telefon\u00eda sobre IP a... View Article","og_url":"https:\/\/\/web.devops.arsat.com.ar\/infraestructura-tecnologica\/satelital\/nuestros-satelites\/","og_site_name":"Arsat","article_publisher":"https:\/\/www.facebook.com\/arsatsa\/","article_modified_time":"2023-02-02T20:14:04+00:00","og_image":[{"width":2560,"height":1810,"url":"https:\/\/web.devops.arsat.com.ar\/wp-content\/uploads\/2022\/08\/Decollage-plan-large_109-1-1750x1238.jpg","type":"image\/jpeg"}],"twitter_card":"summary_large_image","twitter_site":"@ARSATSA","twitter_misc":{"Tiempo de lectura":"2 minutos"},"schema":{"@context":"https:\/\/schema.org","@graph":[{"@type":"WebPage","@id":"https:\/\/\/web.devops.arsat.com.ar\/infraestructura-tecnologica\/satelital\/nuestros-satelites\/","url":"https:\/\/\/web.devops.arsat.com.ar\/infraestructura-tecnologica\/satelital\/nuestros-satelites\/","name":"Nuestros Sat\u00e9lites - Arsat","isPartOf":{"@id":"https:\/\/\/web.devops.arsat.com.ar\/#website"},"datePublished":"2022-08-17T18:44:48+00:00","dateModified":"2023-02-02T20:14:04+00:00","breadcrumb":{"@id":"https:\/\/\/web.devops.arsat.com.ar\/infraestructura-tecnologica\/satelital\/nuestros-satelites\/#breadcrumb"},"inLanguage":"es","potentialAction":[{"@type":"ReadAction","target":["https:\/\/\/web.devops.arsat.com.ar\/infraestructura-tecnologica\/satelital\/nuestros-satelites\/"]}]},{"@type":"BreadcrumbList","@id":"https:\/\/\/web.devops.arsat.com.ar\/infraestructura-tecnologica\/satelital\/nuestros-satelites\/#breadcrumb","itemListElement":[{"@type":"ListItem","position":1,"name":"Inicio","item":"\/"},{"@type":"ListItem","position":2,"name":"Infraestructura Tecnol\u00f3gica","item":"\/"},{"@type":"ListItem","position":3,"name":"Satelital","item":"\/"},{"@type":"ListItem","position":4,"name":"Nuestros Sat\u00e9lites"}]},{"@type":"WebSite","@id":"https:\/\/\/web.devops.arsat.com.ar\/#website","url":"https:\/\/\/web.devops.arsat.com.ar\/","name":"Arsat","description":"Estamos conectados","publisher":{"@id":"https:\/\/\/web.devops.arsat.com.ar\/#organization"},"potentialAction":[{"@type":"SearchAction","target":{"@type":"EntryPoint","urlTemplate":"https:\/\/\/web.devops.arsat.com.ar\/?s={search_term_string}"},"query-input":"required name=search_term_string"}],"inLanguage":"es"},{"@type":"Organization","@id":"https:\/\/\/web.devops.arsat.com.ar\/#organization","name":"ARSAT","url":"https:\/\/\/web.devops.arsat.com.ar\/","sameAs":["https:\/\/www.instagram.com\/arsatok\/","https:\/\/www.youtube.com\/channel\/UCzMa-rxDrzoFGPdmhsewDiA","https:\/\/www.facebook.com\/arsatsa\/","https:\/\/twitter.com\/ARSATSA"],"logo":{"@type":"ImageObject","inLanguage":"es","@id":"https:\/\/\/web.devops.arsat.com.ar\/#\/schema\/logo\/image\/","url":"https:\/\/www.arsat.com.ar\/wp-content\/uploads\/2021\/03\/Antena-desde-aire.jpg","contentUrl":"https:\/\/www.arsat.com.ar\/wp-content\/uploads\/2021\/03\/Antena-desde-aire.jpg","width":1750,"height":984,"caption":"ARSAT"},"image":{"@id":"https:\/\/\/web.devops.arsat.com.ar\/#\/schema\/logo\/image\/"}}]}},"_links":{"self":[{"href":"https:\/\/\/web.devops.arsat.com.ar\/wp-json\/wp\/v2\/pages\/7374","targetHints":{"allow":["GET"]}}],"collection":[{"href":"https:\/\/\/web.devops.arsat.com.ar\/wp-json\/wp\/v2\/pages"}],"about":[{"href":"https:\/\/\/web.devops.arsat.com.ar\/wp-json\/wp\/v2\/types\/page"}],"author":[{"embeddable":true,"href":"https:\/\/\/web.devops.arsat.com.ar\/wp-json\/wp\/v2\/users\/3"}],"replies":[{"embeddable":true,"href":"https:\/\/\/web.devops.arsat.com.ar\/wp-json\/wp\/v2\/comments?post=7374"}],"version-history":[{"count":14,"href":"https:\/\/\/web.devops.arsat.com.ar\/wp-json\/wp\/v2\/pages\/7374\/revisions"}],"predecessor-version":[{"id":8230,"href":"https:\/\/\/web.devops.arsat.com.ar\/wp-json\/wp\/v2\/pages\/7374\/revisions\/8230"}],"up":[{"embeddable":true,"href":"https:\/\/\/web.devops.arsat.com.ar\/wp-json\/wp\/v2\/pages\/221"}],"wp:featuredmedia":[{"embeddable":true,"href":"https:\/\/\/web.devops.arsat.com.ar\/wp-json\/wp\/v2\/media\/7413"}],"wp:attachment":[{"href":"https:\/\/\/web.devops.arsat.com.ar\/wp-json\/wp\/v2\/media?parent=7374"}],"curies":[{"name":"wp","href":"https:\/\/api.w.org\/{rel}","templated":true}]}}