{"id":7408,"date":"2022-08-17T15:47:18","date_gmt":"2022-08-17T18:47:18","guid":{"rendered":"https:\/\/www.web.devops.arsat.com.ar\/?page_id=7408"},"modified":"2022-08-17T15:49:49","modified_gmt":"2022-08-17T18:49:49","slug":"historia-de-las-posiciones-orbitales","status":"publish","type":"page","link":"https:\/\/\/web.devops.arsat.com.ar\/infraestructura-tecnologica\/satelital\/nuestros-satelites\/historia-de-las-posiciones-orbitales\/","title":{"rendered":"Historia de las posiciones orbitales"},"content":{"rendered":"<p>Durante la d\u00e9cada de 1990, las posiciones orbitales asignadas a la Argentina hab\u00edan quedado en manos de Nahuelsat, empresa de capitales extranjeros que a\u00f1os m\u00e1s tarde no lograr\u00eda cumplir con su obligaci\u00f3n de poner un sat\u00e9lite en \u00f3rbita en la posici\u00f3n 81\u2070 Oeste. Las gestiones ante la U.I.T. fueron exitosas para la Argentina, las cuales preservaron la posici\u00f3n orbital que actualmente ocupa el sat\u00e9lite Arsat -2.<\/p>\n<p>Por otra parte, el sat\u00e9lite Nahuel 1 A, que la misma empresa utilizaba para prestar servicios desde la posici\u00f3n geoestacionaria 72\u2070 Oeste se acercaba al final de su vida \u00fatil, lo que puso nuevamente en riesgo una posici\u00f3n orbital asignada a nuestro pa\u00eds.<\/p>\n<p>En agosto de 2007 se produjo una falla irreversible en el Nahuel-1. Para afrontar este problema, el equipo de ingenieros satelitales de Nahuelsat desarroll\u00f3 un procedimiento manual de orientaci\u00f3n y control de \u00f3rbita con el que se pudo preservar a los clientes y permitir una migraci\u00f3n controlada a otro sat\u00e9lite adyacente.<\/p>\n<p>Ese mismo a\u00f1o, ante la creaci\u00f3n de Arsat, la Argentina rescindi\u00f3 el contrato con Nahuelsat y dispuso la transferencia de sus activos al Estado nacional. Entre ellos, la posici\u00f3n 72\u00b0 de longitud Oeste que el ARSAT-1 utiliza para brindar servicios desde 2014.<\/p>\n","protected":false},"excerpt":{"rendered":"Durante la d\u00e9cada de 1990, las posiciones orbitales asignadas a la Argentina hab\u00edan quedado en manos de Nahuelsat, empresa de capitales extranjeros que a\u00f1os m\u00e1s tarde no lograr\u00eda cumplir con su obligaci\u00f3n de poner un sat\u00e9lite en \u00f3rbita en la posici\u00f3n 81\u2070 Oeste. Las gestiones ante la U.I.T. fueron exitosas para la Argentina, las cuales&#8230; <a class=\"view-article\" href=\"https:\/\/\/web.devops.arsat.com.ar\/infraestructura-tecnologica\/satelital\/nuestros-satelites\/historia-de-las-posiciones-orbitales\/\">View Article<\/a>","protected":false},"author":3,"featured_media":527,"parent":7374,"menu_order":62,"comment_status":"closed","ping_status":"closed","template":"template-producto-servicio.php","meta":{"footnotes":""},"class_list":["post-7408","page","type-page","status-publish","has-post-thumbnail","hentry"],"acf":[],"yoast_head":"<!-- This site is optimized with the Yoast SEO plugin v19.7.2 - https:\/\/yoast.com\/wordpress\/plugins\/seo\/ -->\n<title>Historia de las posiciones orbitales - Arsat<\/title>\n<meta name=\"robots\" content=\"index, follow, max-snippet:-1, max-image-preview:large, max-video-preview:-1\" \/>\n<link rel=\"canonical\" href=\"https:\/\/web.devops.arsat.com.ar\/infraestructura-tecnologica\/satelital\/nuestros-satelites\/historia-de-las-posiciones-orbitales\/\" \/>\n<meta property=\"og:locale\" content=\"es_ES\" \/>\n<meta property=\"og:type\" content=\"article\" \/>\n<meta property=\"og:title\" content=\"Historia de las posiciones orbitales - Arsat\" \/>\n<meta property=\"og:description\" content=\"Durante la d\u00e9cada de 1990, las posiciones orbitales asignadas a la Argentina hab\u00edan quedado en manos de Nahuelsat, empresa de capitales extranjeros que a\u00f1os m\u00e1s tarde no lograr\u00eda cumplir con su obligaci\u00f3n de poner un sat\u00e9lite en \u00f3rbita en la posici\u00f3n 81\u2070 Oeste. Las gestiones ante la U.I.T. fueron exitosas para la Argentina, las cuales... View Article\" \/>\n<meta property=\"og:url\" content=\"https:\/\/\/web.devops.arsat.com.ar\/infraestructura-tecnologica\/satelital\/nuestros-satelites\/historia-de-las-posiciones-orbitales\/\" \/>\n<meta property=\"og:site_name\" content=\"Arsat\" \/>\n<meta property=\"article:publisher\" content=\"https:\/\/www.facebook.com\/arsatsa\/\" \/>\n<meta property=\"article:modified_time\" content=\"2022-08-17T18:49:49+00:00\" \/>\n<meta property=\"og:image\" content=\"https:\/\/web.devops.arsat.com.ar\/wp-content\/uploads\/2021\/03\/arsat1.jpg\" \/>\n\t<meta property=\"og:image:width\" content=\"1437\" \/>\n\t<meta property=\"og:image:height\" content=\"796\" \/>\n\t<meta property=\"og:image:type\" content=\"image\/jpeg\" \/>\n<meta name=\"twitter:card\" content=\"summary_large_image\" \/>\n<meta name=\"twitter:site\" content=\"@ARSATSA\" \/>\n<meta name=\"twitter:label1\" content=\"Tiempo de lectura\" \/>\n\t<meta name=\"twitter:data1\" content=\"1 minuto\" \/>\n<script type=\"application\/ld+json\" class=\"yoast-schema-graph\">{\"@context\":\"https:\/\/schema.org\",\"@graph\":[{\"@type\":\"WebPage\",\"@id\":\"https:\/\/\/web.devops.arsat.com.ar\/infraestructura-tecnologica\/satelital\/nuestros-satelites\/historia-de-las-posiciones-orbitales\/\",\"url\":\"https:\/\/\/web.devops.arsat.com.ar\/infraestructura-tecnologica\/satelital\/nuestros-satelites\/historia-de-las-posiciones-orbitales\/\",\"name\":\"Historia de las posiciones orbitales - Arsat\",\"isPartOf\":{\"@id\":\"https:\/\/\/web.devops.arsat.com.ar\/#website\"},\"datePublished\":\"2022-08-17T18:47:18+00:00\",\"dateModified\":\"2022-08-17T18:49:49+00:00\",\"breadcrumb\":{\"@id\":\"https:\/\/\/web.devops.arsat.com.ar\/infraestructura-tecnologica\/satelital\/nuestros-satelites\/historia-de-las-posiciones-orbitales\/#breadcrumb\"},\"inLanguage\":\"es\",\"potentialAction\":[{\"@type\":\"ReadAction\",\"target\":[\"https:\/\/\/web.devops.arsat.com.ar\/infraestructura-tecnologica\/satelital\/nuestros-satelites\/historia-de-las-posiciones-orbitales\/\"]}]},{\"@type\":\"BreadcrumbList\",\"@id\":\"https:\/\/\/web.devops.arsat.com.ar\/infraestructura-tecnologica\/satelital\/nuestros-satelites\/historia-de-las-posiciones-orbitales\/#breadcrumb\",\"itemListElement\":[{\"@type\":\"ListItem\",\"position\":1,\"name\":\"Inicio\",\"item\":\"\/\"},{\"@type\":\"ListItem\",\"position\":2,\"name\":\"Infraestructura Tecnol\u00f3gica\",\"item\":\"\/\"},{\"@type\":\"ListItem\",\"position\":3,\"name\":\"Satelital\",\"item\":\"\/\"},{\"@type\":\"ListItem\",\"position\":4,\"name\":\"Nuestros Sat\u00e9lites\",\"item\":\"\/\"},{\"@type\":\"ListItem\",\"position\":5,\"name\":\"Historia de las posiciones orbitales\"}]},{\"@type\":\"WebSite\",\"@id\":\"https:\/\/\/web.devops.arsat.com.ar\/#website\",\"url\":\"https:\/\/\/web.devops.arsat.com.ar\/\",\"name\":\"Arsat\",\"description\":\"Estamos conectados\",\"publisher\":{\"@id\":\"https:\/\/\/web.devops.arsat.com.ar\/#organization\"},\"potentialAction\":[{\"@type\":\"SearchAction\",\"target\":{\"@type\":\"EntryPoint\",\"urlTemplate\":\"https:\/\/\/web.devops.arsat.com.ar\/?s={search_term_string}\"},\"query-input\":\"required name=search_term_string\"}],\"inLanguage\":\"es\"},{\"@type\":\"Organization\",\"@id\":\"https:\/\/\/web.devops.arsat.com.ar\/#organization\",\"name\":\"ARSAT\",\"url\":\"https:\/\/\/web.devops.arsat.com.ar\/\",\"sameAs\":[\"https:\/\/www.instagram.com\/arsatok\/\",\"https:\/\/www.youtube.com\/channel\/UCzMa-rxDrzoFGPdmhsewDiA\",\"https:\/\/www.facebook.com\/arsatsa\/\",\"https:\/\/twitter.com\/ARSATSA\"],\"logo\":{\"@type\":\"ImageObject\",\"inLanguage\":\"es\",\"@id\":\"https:\/\/\/web.devops.arsat.com.ar\/#\/schema\/logo\/image\/\",\"url\":\"https:\/\/www.arsat.com.ar\/wp-content\/uploads\/2021\/03\/Antena-desde-aire.jpg\",\"contentUrl\":\"https:\/\/www.arsat.com.ar\/wp-content\/uploads\/2021\/03\/Antena-desde-aire.jpg\",\"width\":1750,\"height\":984,\"caption\":\"ARSAT\"},\"image\":{\"@id\":\"https:\/\/\/web.devops.arsat.com.ar\/#\/schema\/logo\/image\/\"}}]}<\/script>\n<!-- \/ Yoast SEO plugin. -->","yoast_head_json":{"title":"Historia de las posiciones orbitales - Arsat","robots":{"index":"index","follow":"follow","max-snippet":"max-snippet:-1","max-image-preview":"max-image-preview:large","max-video-preview":"max-video-preview:-1"},"canonical":"https:\/\/web.devops.arsat.com.ar\/infraestructura-tecnologica\/satelital\/nuestros-satelites\/historia-de-las-posiciones-orbitales\/","og_locale":"es_ES","og_type":"article","og_title":"Historia de las posiciones orbitales - Arsat","og_description":"Durante la d\u00e9cada de 1990, las posiciones orbitales asignadas a la Argentina hab\u00edan quedado en manos de Nahuelsat, empresa de capitales extranjeros que a\u00f1os m\u00e1s tarde no lograr\u00eda cumplir con su obligaci\u00f3n de poner un sat\u00e9lite en \u00f3rbita en la posici\u00f3n 81\u2070 Oeste. Las gestiones ante la U.I.T. fueron exitosas para la Argentina, las cuales... View Article","og_url":"https:\/\/\/web.devops.arsat.com.ar\/infraestructura-tecnologica\/satelital\/nuestros-satelites\/historia-de-las-posiciones-orbitales\/","og_site_name":"Arsat","article_publisher":"https:\/\/www.facebook.com\/arsatsa\/","article_modified_time":"2022-08-17T18:49:49+00:00","og_image":[{"width":1437,"height":796,"url":"https:\/\/web.devops.arsat.com.ar\/wp-content\/uploads\/2021\/03\/arsat1.jpg","type":"image\/jpeg"}],"twitter_card":"summary_large_image","twitter_site":"@ARSATSA","twitter_misc":{"Tiempo de lectura":"1 minuto"},"schema":{"@context":"https:\/\/schema.org","@graph":[{"@type":"WebPage","@id":"https:\/\/\/web.devops.arsat.com.ar\/infraestructura-tecnologica\/satelital\/nuestros-satelites\/historia-de-las-posiciones-orbitales\/","url":"https:\/\/\/web.devops.arsat.com.ar\/infraestructura-tecnologica\/satelital\/nuestros-satelites\/historia-de-las-posiciones-orbitales\/","name":"Historia de las posiciones orbitales - Arsat","isPartOf":{"@id":"https:\/\/\/web.devops.arsat.com.ar\/#website"},"datePublished":"2022-08-17T18:47:18+00:00","dateModified":"2022-08-17T18:49:49+00:00","breadcrumb":{"@id":"https:\/\/\/web.devops.arsat.com.ar\/infraestructura-tecnologica\/satelital\/nuestros-satelites\/historia-de-las-posiciones-orbitales\/#breadcrumb"},"inLanguage":"es","potentialAction":[{"@type":"ReadAction","target":["https:\/\/\/web.devops.arsat.com.ar\/infraestructura-tecnologica\/satelital\/nuestros-satelites\/historia-de-las-posiciones-orbitales\/"]}]},{"@type":"BreadcrumbList","@id":"https:\/\/\/web.devops.arsat.com.ar\/infraestructura-tecnologica\/satelital\/nuestros-satelites\/historia-de-las-posiciones-orbitales\/#breadcrumb","itemListElement":[{"@type":"ListItem","position":1,"name":"Inicio","item":"\/"},{"@type":"ListItem","position":2,"name":"Infraestructura Tecnol\u00f3gica","item":"\/"},{"@type":"ListItem","position":3,"name":"Satelital","item":"\/"},{"@type":"ListItem","position":4,"name":"Nuestros Sat\u00e9lites","item":"\/"},{"@type":"ListItem","position":5,"name":"Historia de las posiciones orbitales"}]},{"@type":"WebSite","@id":"https:\/\/\/web.devops.arsat.com.ar\/#website","url":"https:\/\/\/web.devops.arsat.com.ar\/","name":"Arsat","description":"Estamos conectados","publisher":{"@id":"https:\/\/\/web.devops.arsat.com.ar\/#organization"},"potentialAction":[{"@type":"SearchAction","target":{"@type":"EntryPoint","urlTemplate":"https:\/\/\/web.devops.arsat.com.ar\/?s={search_term_string}"},"query-input":"required name=search_term_string"}],"inLanguage":"es"},{"@type":"Organization","@id":"https:\/\/\/web.devops.arsat.com.ar\/#organization","name":"ARSAT","url":"https:\/\/\/web.devops.arsat.com.ar\/","sameAs":["https:\/\/www.instagram.com\/arsatok\/","https:\/\/www.youtube.com\/channel\/UCzMa-rxDrzoFGPdmhsewDiA","https:\/\/www.facebook.com\/arsatsa\/","https:\/\/twitter.com\/ARSATSA"],"logo":{"@type":"ImageObject","inLanguage":"es","@id":"https:\/\/\/web.devops.arsat.com.ar\/#\/schema\/logo\/image\/","url":"https:\/\/www.arsat.com.ar\/wp-content\/uploads\/2021\/03\/Antena-desde-aire.jpg","contentUrl":"https:\/\/www.arsat.com.ar\/wp-content\/uploads\/2021\/03\/Antena-desde-aire.jpg","width":1750,"height":984,"caption":"ARSAT"},"image":{"@id":"https:\/\/\/web.devops.arsat.com.ar\/#\/schema\/logo\/image\/"}}]}},"_links":{"self":[{"href":"https:\/\/\/web.devops.arsat.com.ar\/wp-json\/wp\/v2\/pages\/7408","targetHints":{"allow":["GET"]}}],"collection":[{"href":"https:\/\/\/web.devops.arsat.com.ar\/wp-json\/wp\/v2\/pages"}],"about":[{"href":"https:\/\/\/web.devops.arsat.com.ar\/wp-json\/wp\/v2\/types\/page"}],"author":[{"embeddable":true,"href":"https:\/\/\/web.devops.arsat.com.ar\/wp-json\/wp\/v2\/users\/3"}],"replies":[{"embeddable":true,"href":"https:\/\/\/web.devops.arsat.com.ar\/wp-json\/wp\/v2\/comments?post=7408"}],"version-history":[{"count":2,"href":"https:\/\/\/web.devops.arsat.com.ar\/wp-json\/wp\/v2\/pages\/7408\/revisions"}],"predecessor-version":[{"id":7411,"href":"https:\/\/\/web.devops.arsat.com.ar\/wp-json\/wp\/v2\/pages\/7408\/revisions\/7411"}],"up":[{"embeddable":true,"href":"https:\/\/\/web.devops.arsat.com.ar\/wp-json\/wp\/v2\/pages\/7374"}],"wp:featuredmedia":[{"embeddable":true,"href":"https:\/\/\/web.devops.arsat.com.ar\/wp-json\/wp\/v2\/media\/527"}],"wp:attachment":[{"href":"https:\/\/\/web.devops.arsat.com.ar\/wp-json\/wp\/v2\/media?parent=7408"}],"curies":[{"name":"wp","href":"https:\/\/api.w.org\/{rel}","templated":true}]}}