{"id":763,"date":"2021-03-22T16:17:00","date_gmt":"2021-03-22T19:17:00","guid":{"rendered":"http:\/\/web.web.devops.arsat.com.ar\/?page_id=763"},"modified":"2022-10-06T16:40:07","modified_gmt":"2022-10-06T19:40:07","slug":"solicitud-de-acceso-a-la-informacion-publica","status":"publish","type":"page","link":"https:\/\/\/web.devops.arsat.com.ar\/acerca-de-arsat\/transparencia-activa\/solicitud-de-acceso-a-la-informacion-publica\/","title":{"rendered":"Acceso a la Informaci\u00f3n P\u00fablica"},"content":{"rendered":"<p>Todas las personas, humanas o jur\u00eddicas, tienen derecho a acceder a la informaci\u00f3n p\u00fablica sin necesidad de explicar el motivo de su pedido. Usted puede solicitar a ARSAT cualquier dato contenido en documentos de cualquier formato que este Organismo genere, obtenga, transforme, controle o custodie, en los t\u00e9rminos de la Ley N\u00b0 27.275.<\/p>\n<p>Al respecto, existen dos opciones de tr\u00e1mite:<\/p>\n<p><strong>1. Tr\u00e1mite presencial<\/strong><\/p>\n<p>Present\u00e1 un pedido en las oficinas de nuestro organismo: Av. Juan D. Per\u00f3n 7934, Benavidez PBA, Argentina. CP: B1621BGY Horario de Atenci\u00f3n: Lunes a Viernes de 9:00 a 18:00 horas<\/p>\n<p><strong>2. Tr\u00e1mite on-line<\/strong><\/p>\n<p>Dicha solicitud puede realizarse v\u00eda web completando el\u00a0<a href=\"https:\/\/www.web.devops.web.devops.web.devops.arsat.com.ar\/solicitud-de-acceso-a-la-informacion-publica\/\" target=\"_blank\" rel=\"noopener\">siguiente formulario<\/a>.<br \/>\nRecuerde detallar claramente la informaci\u00f3n que necesite y poner sus datos de contacto. Usted recibir\u00e1 la respuesta dentro de los pr\u00f3ximos 15 d\u00edas h\u00e1biles. No olvide tener en cuenta que, en los t\u00e9rminos de la Ley N\u00b0 27.275, ARSAT puede requerir otros 15 d\u00edas para terminar de procesar su pedido explic\u00e1ndole claramente los motivos.<\/p>\n","protected":false},"excerpt":{"rendered":"Todas las personas, humanas o jur\u00eddicas, tienen derecho a acceder a la informaci\u00f3n p\u00fablica sin necesidad de explicar el motivo de su pedido. Usted puede solicitar a ARSAT cualquier dato contenido en documentos de cualquier formato que este Organismo genere, obtenga, transforme, controle o custodie, en los t\u00e9rminos de la Ley N\u00b0 27.275. Al respecto,&#8230; <a class=\"view-article\" href=\"https:\/\/\/web.devops.arsat.com.ar\/acerca-de-arsat\/transparencia-activa\/solicitud-de-acceso-a-la-informacion-publica\/\">View Article<\/a>","protected":false},"author":1,"featured_media":983,"parent":198,"menu_order":84,"comment_status":"closed","ping_status":"closed","template":"","meta":{"footnotes":""},"class_list":["post-763","page","type-page","status-publish","has-post-thumbnail","hentry"],"acf":[],"yoast_head":"<!-- This site is optimized with the Yoast SEO plugin v19.7.2 - https:\/\/yoast.com\/wordpress\/plugins\/seo\/ -->\n<title>Acceso a la Informaci\u00f3n P\u00fablica - Arsat<\/title>\n<meta name=\"robots\" content=\"index, follow, max-snippet:-1, max-image-preview:large, max-video-preview:-1\" \/>\n<link rel=\"canonical\" href=\"https:\/\/web.devops.arsat.com.ar\/acerca-de-arsat\/transparencia-activa\/solicitud-de-acceso-a-la-informacion-publica\/\" \/>\n<meta property=\"og:locale\" content=\"es_ES\" \/>\n<meta property=\"og:type\" content=\"article\" \/>\n<meta property=\"og:title\" content=\"Acceso a la Informaci\u00f3n P\u00fablica - Arsat\" \/>\n<meta property=\"og:description\" content=\"Todas las personas, humanas o jur\u00eddicas, tienen derecho a acceder a la informaci\u00f3n p\u00fablica sin necesidad de explicar el motivo de su pedido. Usted puede solicitar a ARSAT cualquier dato contenido en documentos de cualquier formato que este Organismo genere, obtenga, transforme, controle o custodie, en los t\u00e9rminos de la Ley N\u00b0 27.275. Al respecto,... View Article\" \/>\n<meta property=\"og:url\" content=\"https:\/\/\/web.devops.arsat.com.ar\/acerca-de-arsat\/transparencia-activa\/solicitud-de-acceso-a-la-informacion-publica\/\" \/>\n<meta property=\"og:site_name\" content=\"Arsat\" \/>\n<meta property=\"article:publisher\" content=\"https:\/\/www.facebook.com\/arsatsa\/\" \/>\n<meta property=\"article:modified_time\" content=\"2022-10-06T19:40:07+00:00\" \/>\n<meta property=\"og:image\" content=\"https:\/\/web.devops.arsat.com.ar\/wp-content\/uploads\/2021\/03\/transparencia-activa-02.jpg\" \/>\n\t<meta property=\"og:image:width\" content=\"1280\" \/>\n\t<meta property=\"og:image:height\" content=\"853\" \/>\n\t<meta property=\"og:image:type\" content=\"image\/jpeg\" \/>\n<meta name=\"twitter:card\" content=\"summary_large_image\" \/>\n<meta name=\"twitter:site\" content=\"@ARSATSA\" \/>\n<meta name=\"twitter:label1\" content=\"Tiempo de lectura\" \/>\n\t<meta name=\"twitter:data1\" content=\"1 minuto\" \/>\n<script type=\"application\/ld+json\" class=\"yoast-schema-graph\">{\"@context\":\"https:\/\/schema.org\",\"@graph\":[{\"@type\":\"WebPage\",\"@id\":\"https:\/\/\/web.devops.arsat.com.ar\/acerca-de-arsat\/transparencia-activa\/solicitud-de-acceso-a-la-informacion-publica\/\",\"url\":\"https:\/\/\/web.devops.arsat.com.ar\/acerca-de-arsat\/transparencia-activa\/solicitud-de-acceso-a-la-informacion-publica\/\",\"name\":\"Acceso a la Informaci\u00f3n P\u00fablica - Arsat\",\"isPartOf\":{\"@id\":\"https:\/\/\/web.devops.arsat.com.ar\/#website\"},\"datePublished\":\"2021-03-22T19:17:00+00:00\",\"dateModified\":\"2022-10-06T19:40:07+00:00\",\"breadcrumb\":{\"@id\":\"https:\/\/\/web.devops.arsat.com.ar\/acerca-de-arsat\/transparencia-activa\/solicitud-de-acceso-a-la-informacion-publica\/#breadcrumb\"},\"inLanguage\":\"es\",\"potentialAction\":[{\"@type\":\"ReadAction\",\"target\":[\"https:\/\/\/web.devops.arsat.com.ar\/acerca-de-arsat\/transparencia-activa\/solicitud-de-acceso-a-la-informacion-publica\/\"]}]},{\"@type\":\"BreadcrumbList\",\"@id\":\"https:\/\/\/web.devops.arsat.com.ar\/acerca-de-arsat\/transparencia-activa\/solicitud-de-acceso-a-la-informacion-publica\/#breadcrumb\",\"itemListElement\":[{\"@type\":\"ListItem\",\"position\":1,\"name\":\"Inicio\",\"item\":\"\/\"},{\"@type\":\"ListItem\",\"position\":2,\"name\":\"Acerca de ARSAT\",\"item\":\"\/\"},{\"@type\":\"ListItem\",\"position\":3,\"name\":\"Transparencia activa\",\"item\":\"\/\"},{\"@type\":\"ListItem\",\"position\":4,\"name\":\"Acceso a la Informaci\u00f3n P\u00fablica\"}]},{\"@type\":\"WebSite\",\"@id\":\"https:\/\/\/web.devops.arsat.com.ar\/#website\",\"url\":\"https:\/\/\/web.devops.arsat.com.ar\/\",\"name\":\"Arsat\",\"description\":\"Estamos conectados\",\"publisher\":{\"@id\":\"https:\/\/\/web.devops.arsat.com.ar\/#organization\"},\"potentialAction\":[{\"@type\":\"SearchAction\",\"target\":{\"@type\":\"EntryPoint\",\"urlTemplate\":\"https:\/\/\/web.devops.arsat.com.ar\/?s={search_term_string}\"},\"query-input\":\"required name=search_term_string\"}],\"inLanguage\":\"es\"},{\"@type\":\"Organization\",\"@id\":\"https:\/\/\/web.devops.arsat.com.ar\/#organization\",\"name\":\"ARSAT\",\"url\":\"https:\/\/\/web.devops.arsat.com.ar\/\",\"sameAs\":[\"https:\/\/www.instagram.com\/arsatok\/\",\"https:\/\/www.youtube.com\/channel\/UCzMa-rxDrzoFGPdmhsewDiA\",\"https:\/\/www.facebook.com\/arsatsa\/\",\"https:\/\/twitter.com\/ARSATSA\"],\"logo\":{\"@type\":\"ImageObject\",\"inLanguage\":\"es\",\"@id\":\"https:\/\/\/web.devops.arsat.com.ar\/#\/schema\/logo\/image\/\",\"url\":\"https:\/\/www.arsat.com.ar\/wp-content\/uploads\/2021\/03\/Antena-desde-aire.jpg\",\"contentUrl\":\"https:\/\/www.arsat.com.ar\/wp-content\/uploads\/2021\/03\/Antena-desde-aire.jpg\",\"width\":1750,\"height\":984,\"caption\":\"ARSAT\"},\"image\":{\"@id\":\"https:\/\/\/web.devops.arsat.com.ar\/#\/schema\/logo\/image\/\"}}]}<\/script>\n<!-- \/ Yoast SEO plugin. -->","yoast_head_json":{"title":"Acceso a la Informaci\u00f3n P\u00fablica - Arsat","robots":{"index":"index","follow":"follow","max-snippet":"max-snippet:-1","max-image-preview":"max-image-preview:large","max-video-preview":"max-video-preview:-1"},"canonical":"https:\/\/web.devops.arsat.com.ar\/acerca-de-arsat\/transparencia-activa\/solicitud-de-acceso-a-la-informacion-publica\/","og_locale":"es_ES","og_type":"article","og_title":"Acceso a la Informaci\u00f3n P\u00fablica - Arsat","og_description":"Todas las personas, humanas o jur\u00eddicas, tienen derecho a acceder a la informaci\u00f3n p\u00fablica sin necesidad de explicar el motivo de su pedido. Usted puede solicitar a ARSAT cualquier dato contenido en documentos de cualquier formato que este Organismo genere, obtenga, transforme, controle o custodie, en los t\u00e9rminos de la Ley N\u00b0 27.275. Al respecto,... View Article","og_url":"https:\/\/\/web.devops.arsat.com.ar\/acerca-de-arsat\/transparencia-activa\/solicitud-de-acceso-a-la-informacion-publica\/","og_site_name":"Arsat","article_publisher":"https:\/\/www.facebook.com\/arsatsa\/","article_modified_time":"2022-10-06T19:40:07+00:00","og_image":[{"width":1280,"height":853,"url":"https:\/\/web.devops.arsat.com.ar\/wp-content\/uploads\/2021\/03\/transparencia-activa-02.jpg","type":"image\/jpeg"}],"twitter_card":"summary_large_image","twitter_site":"@ARSATSA","twitter_misc":{"Tiempo de lectura":"1 minuto"},"schema":{"@context":"https:\/\/schema.org","@graph":[{"@type":"WebPage","@id":"https:\/\/\/web.devops.arsat.com.ar\/acerca-de-arsat\/transparencia-activa\/solicitud-de-acceso-a-la-informacion-publica\/","url":"https:\/\/\/web.devops.arsat.com.ar\/acerca-de-arsat\/transparencia-activa\/solicitud-de-acceso-a-la-informacion-publica\/","name":"Acceso a la Informaci\u00f3n P\u00fablica - Arsat","isPartOf":{"@id":"https:\/\/\/web.devops.arsat.com.ar\/#website"},"datePublished":"2021-03-22T19:17:00+00:00","dateModified":"2022-10-06T19:40:07+00:00","breadcrumb":{"@id":"https:\/\/\/web.devops.arsat.com.ar\/acerca-de-arsat\/transparencia-activa\/solicitud-de-acceso-a-la-informacion-publica\/#breadcrumb"},"inLanguage":"es","potentialAction":[{"@type":"ReadAction","target":["https:\/\/\/web.devops.arsat.com.ar\/acerca-de-arsat\/transparencia-activa\/solicitud-de-acceso-a-la-informacion-publica\/"]}]},{"@type":"BreadcrumbList","@id":"https:\/\/\/web.devops.arsat.com.ar\/acerca-de-arsat\/transparencia-activa\/solicitud-de-acceso-a-la-informacion-publica\/#breadcrumb","itemListElement":[{"@type":"ListItem","position":1,"name":"Inicio","item":"\/"},{"@type":"ListItem","position":2,"name":"Acerca de ARSAT","item":"\/"},{"@type":"ListItem","position":3,"name":"Transparencia activa","item":"\/"},{"@type":"ListItem","position":4,"name":"Acceso a la Informaci\u00f3n P\u00fablica"}]},{"@type":"WebSite","@id":"https:\/\/\/web.devops.arsat.com.ar\/#website","url":"https:\/\/\/web.devops.arsat.com.ar\/","name":"Arsat","description":"Estamos conectados","publisher":{"@id":"https:\/\/\/web.devops.arsat.com.ar\/#organization"},"potentialAction":[{"@type":"SearchAction","target":{"@type":"EntryPoint","urlTemplate":"https:\/\/\/web.devops.arsat.com.ar\/?s={search_term_string}"},"query-input":"required name=search_term_string"}],"inLanguage":"es"},{"@type":"Organization","@id":"https:\/\/\/web.devops.arsat.com.ar\/#organization","name":"ARSAT","url":"https:\/\/\/web.devops.arsat.com.ar\/","sameAs":["https:\/\/www.instagram.com\/arsatok\/","https:\/\/www.youtube.com\/channel\/UCzMa-rxDrzoFGPdmhsewDiA","https:\/\/www.facebook.com\/arsatsa\/","https:\/\/twitter.com\/ARSATSA"],"logo":{"@type":"ImageObject","inLanguage":"es","@id":"https:\/\/\/web.devops.arsat.com.ar\/#\/schema\/logo\/image\/","url":"https:\/\/www.arsat.com.ar\/wp-content\/uploads\/2021\/03\/Antena-desde-aire.jpg","contentUrl":"https:\/\/www.arsat.com.ar\/wp-content\/uploads\/2021\/03\/Antena-desde-aire.jpg","width":1750,"height":984,"caption":"ARSAT"},"image":{"@id":"https:\/\/\/web.devops.arsat.com.ar\/#\/schema\/logo\/image\/"}}]}},"_links":{"self":[{"href":"https:\/\/\/web.devops.arsat.com.ar\/wp-json\/wp\/v2\/pages\/763","targetHints":{"allow":["GET"]}}],"collection":[{"href":"https:\/\/\/web.devops.arsat.com.ar\/wp-json\/wp\/v2\/pages"}],"about":[{"href":"https:\/\/\/web.devops.arsat.com.ar\/wp-json\/wp\/v2\/types\/page"}],"author":[{"embeddable":true,"href":"https:\/\/\/web.devops.arsat.com.ar\/wp-json\/wp\/v2\/users\/1"}],"replies":[{"embeddable":true,"href":"https:\/\/\/web.devops.arsat.com.ar\/wp-json\/wp\/v2\/comments?post=763"}],"version-history":[{"count":23,"href":"https:\/\/\/web.devops.arsat.com.ar\/wp-json\/wp\/v2\/pages\/763\/revisions"}],"predecessor-version":[{"id":7696,"href":"https:\/\/\/web.devops.arsat.com.ar\/wp-json\/wp\/v2\/pages\/763\/revisions\/7696"}],"up":[{"embeddable":true,"href":"https:\/\/\/web.devops.arsat.com.ar\/wp-json\/wp\/v2\/pages\/198"}],"wp:featuredmedia":[{"embeddable":true,"href":"https:\/\/\/web.devops.arsat.com.ar\/wp-json\/wp\/v2\/media\/983"}],"wp:attachment":[{"href":"https:\/\/\/web.devops.arsat.com.ar\/wp-json\/wp\/v2\/media?parent=763"}],"curies":[{"name":"wp","href":"https:\/\/api.w.org\/{rel}","templated":true}]}}