{"id":771,"date":"2021-03-22T16:18:27","date_gmt":"2021-03-22T19:18:27","guid":{"rendered":"http:\/\/web.web.devops.arsat.com.ar\/?page_id=771"},"modified":"2024-03-05T17:20:03","modified_gmt":"2024-03-05T20:20:03","slug":"compras-y-contrataciones","status":"publish","type":"page","link":"https:\/\/\/web.devops.arsat.com.ar\/acerca-de-arsat\/transparencia-activa\/compras-y-contrataciones\/","title":{"rendered":"Compras y contrataciones"},"content":{"rendered":"<p><span style=\"font-weight: 400;\">Alineado a los valores y obligaciones de ARSAT, es clave\/cr\u00edtico dotar de transparencia a estos procesos, garantizando que se obtenga la mejor calidad de los servicios prestados y una adecuada asignaci\u00f3n de los recursos.<\/span><\/p>\n<p><span style=\"font-weight: 400;\">Si ten\u00e9s otras consultas, envi\u00e1 un e-mail a <\/span><a href=\"mailto:compras@web.devops.web.devops.web.devops.arsat.com.ar\"><span style=\"font-weight: 400;\">compras@web.devops.web.devops.web.devops.arsat.com.ar<\/span><\/a><\/p>\n","protected":false},"excerpt":{"rendered":"Alineado a los valores y obligaciones de ARSAT, es clave\/cr\u00edtico dotar de transparencia a estos procesos, garantizando que se obtenga la mejor calidad de los servicios prestados y una adecuada asignaci\u00f3n de los recursos. Si ten\u00e9s otras consultas, envi\u00e1 un e-mail a compras@web.devops.web.devops.web.devops.arsat.com.ar","protected":false},"author":1,"featured_media":983,"parent":198,"menu_order":86,"comment_status":"closed","ping_status":"closed","template":"","meta":{"footnotes":""},"class_list":["post-771","page","type-page","status-publish","has-post-thumbnail","hentry"],"acf":[],"yoast_head":"<!-- This site is optimized with the Yoast SEO plugin v19.7.2 - https:\/\/yoast.com\/wordpress\/plugins\/seo\/ -->\n<title>Compras y contrataciones - Arsat<\/title>\n<meta name=\"robots\" content=\"index, follow, max-snippet:-1, max-image-preview:large, max-video-preview:-1\" \/>\n<link rel=\"canonical\" href=\"https:\/\/web.devops.arsat.com.ar\/acerca-de-arsat\/transparencia-activa\/compras-y-contrataciones\/\" \/>\n<meta property=\"og:locale\" content=\"es_ES\" \/>\n<meta property=\"og:type\" content=\"article\" \/>\n<meta property=\"og:title\" content=\"Compras y contrataciones - Arsat\" \/>\n<meta property=\"og:description\" content=\"Alineado a los valores y obligaciones de ARSAT, es clave\/cr\u00edtico dotar de transparencia a estos procesos, garantizando que se obtenga la mejor calidad de los servicios prestados y una adecuada asignaci\u00f3n de los recursos. Si ten\u00e9s otras consultas, envi\u00e1 un e-mail a compras@web.devops.web.devops.web.devops.arsat.com.ar\" \/>\n<meta property=\"og:url\" content=\"https:\/\/\/web.devops.arsat.com.ar\/acerca-de-arsat\/transparencia-activa\/compras-y-contrataciones\/\" \/>\n<meta property=\"og:site_name\" content=\"Arsat\" \/>\n<meta property=\"article:publisher\" content=\"https:\/\/www.facebook.com\/arsatsa\/\" \/>\n<meta property=\"article:modified_time\" content=\"2024-03-05T20:20:03+00:00\" \/>\n<meta property=\"og:image\" content=\"https:\/\/web.devops.arsat.com.ar\/wp-content\/uploads\/2021\/03\/transparencia-activa-02.jpg\" \/>\n\t<meta property=\"og:image:width\" content=\"1280\" \/>\n\t<meta property=\"og:image:height\" content=\"853\" \/>\n\t<meta property=\"og:image:type\" content=\"image\/jpeg\" \/>\n<meta name=\"twitter:card\" content=\"summary_large_image\" \/>\n<meta name=\"twitter:site\" content=\"@ARSATSA\" \/>\n<meta name=\"twitter:label1\" content=\"Tiempo de lectura\" \/>\n\t<meta name=\"twitter:data1\" content=\"1 minuto\" \/>\n<script type=\"application\/ld+json\" class=\"yoast-schema-graph\">{\"@context\":\"https:\/\/schema.org\",\"@graph\":[{\"@type\":\"WebPage\",\"@id\":\"https:\/\/\/web.devops.arsat.com.ar\/acerca-de-arsat\/transparencia-activa\/compras-y-contrataciones\/\",\"url\":\"https:\/\/\/web.devops.arsat.com.ar\/acerca-de-arsat\/transparencia-activa\/compras-y-contrataciones\/\",\"name\":\"Compras y contrataciones - Arsat\",\"isPartOf\":{\"@id\":\"https:\/\/\/web.devops.arsat.com.ar\/#website\"},\"datePublished\":\"2021-03-22T19:18:27+00:00\",\"dateModified\":\"2024-03-05T20:20:03+00:00\",\"breadcrumb\":{\"@id\":\"https:\/\/\/web.devops.arsat.com.ar\/acerca-de-arsat\/transparencia-activa\/compras-y-contrataciones\/#breadcrumb\"},\"inLanguage\":\"es\",\"potentialAction\":[{\"@type\":\"ReadAction\",\"target\":[\"https:\/\/\/web.devops.arsat.com.ar\/acerca-de-arsat\/transparencia-activa\/compras-y-contrataciones\/\"]}]},{\"@type\":\"BreadcrumbList\",\"@id\":\"https:\/\/\/web.devops.arsat.com.ar\/acerca-de-arsat\/transparencia-activa\/compras-y-contrataciones\/#breadcrumb\",\"itemListElement\":[{\"@type\":\"ListItem\",\"position\":1,\"name\":\"Inicio\",\"item\":\"\/\"},{\"@type\":\"ListItem\",\"position\":2,\"name\":\"Acerca de ARSAT\",\"item\":\"\/\"},{\"@type\":\"ListItem\",\"position\":3,\"name\":\"Transparencia activa\",\"item\":\"\/\"},{\"@type\":\"ListItem\",\"position\":4,\"name\":\"Compras y contrataciones\"}]},{\"@type\":\"WebSite\",\"@id\":\"https:\/\/\/web.devops.arsat.com.ar\/#website\",\"url\":\"https:\/\/\/web.devops.arsat.com.ar\/\",\"name\":\"Arsat\",\"description\":\"Estamos conectados\",\"publisher\":{\"@id\":\"https:\/\/\/web.devops.arsat.com.ar\/#organization\"},\"potentialAction\":[{\"@type\":\"SearchAction\",\"target\":{\"@type\":\"EntryPoint\",\"urlTemplate\":\"https:\/\/\/web.devops.arsat.com.ar\/?s={search_term_string}\"},\"query-input\":\"required name=search_term_string\"}],\"inLanguage\":\"es\"},{\"@type\":\"Organization\",\"@id\":\"https:\/\/\/web.devops.arsat.com.ar\/#organization\",\"name\":\"ARSAT\",\"url\":\"https:\/\/\/web.devops.arsat.com.ar\/\",\"sameAs\":[\"https:\/\/www.instagram.com\/arsatok\/\",\"https:\/\/www.youtube.com\/channel\/UCzMa-rxDrzoFGPdmhsewDiA\",\"https:\/\/www.facebook.com\/arsatsa\/\",\"https:\/\/twitter.com\/ARSATSA\"],\"logo\":{\"@type\":\"ImageObject\",\"inLanguage\":\"es\",\"@id\":\"https:\/\/\/web.devops.arsat.com.ar\/#\/schema\/logo\/image\/\",\"url\":\"https:\/\/www.arsat.com.ar\/wp-content\/uploads\/2021\/03\/Antena-desde-aire.jpg\",\"contentUrl\":\"https:\/\/www.arsat.com.ar\/wp-content\/uploads\/2021\/03\/Antena-desde-aire.jpg\",\"width\":1750,\"height\":984,\"caption\":\"ARSAT\"},\"image\":{\"@id\":\"https:\/\/\/web.devops.arsat.com.ar\/#\/schema\/logo\/image\/\"}}]}<\/script>\n<!-- \/ Yoast SEO plugin. -->","yoast_head_json":{"title":"Compras y contrataciones - Arsat","robots":{"index":"index","follow":"follow","max-snippet":"max-snippet:-1","max-image-preview":"max-image-preview:large","max-video-preview":"max-video-preview:-1"},"canonical":"https:\/\/web.devops.arsat.com.ar\/acerca-de-arsat\/transparencia-activa\/compras-y-contrataciones\/","og_locale":"es_ES","og_type":"article","og_title":"Compras y contrataciones - Arsat","og_description":"Alineado a los valores y obligaciones de ARSAT, es clave\/cr\u00edtico dotar de transparencia a estos procesos, garantizando que se obtenga la mejor calidad de los servicios prestados y una adecuada asignaci\u00f3n de los recursos. Si ten\u00e9s otras consultas, envi\u00e1 un e-mail a compras@web.devops.web.devops.web.devops.arsat.com.ar","og_url":"https:\/\/\/web.devops.arsat.com.ar\/acerca-de-arsat\/transparencia-activa\/compras-y-contrataciones\/","og_site_name":"Arsat","article_publisher":"https:\/\/www.facebook.com\/arsatsa\/","article_modified_time":"2024-03-05T20:20:03+00:00","og_image":[{"width":1280,"height":853,"url":"https:\/\/web.devops.arsat.com.ar\/wp-content\/uploads\/2021\/03\/transparencia-activa-02.jpg","type":"image\/jpeg"}],"twitter_card":"summary_large_image","twitter_site":"@ARSATSA","twitter_misc":{"Tiempo de lectura":"1 minuto"},"schema":{"@context":"https:\/\/schema.org","@graph":[{"@type":"WebPage","@id":"https:\/\/\/web.devops.arsat.com.ar\/acerca-de-arsat\/transparencia-activa\/compras-y-contrataciones\/","url":"https:\/\/\/web.devops.arsat.com.ar\/acerca-de-arsat\/transparencia-activa\/compras-y-contrataciones\/","name":"Compras y contrataciones - Arsat","isPartOf":{"@id":"https:\/\/\/web.devops.arsat.com.ar\/#website"},"datePublished":"2021-03-22T19:18:27+00:00","dateModified":"2024-03-05T20:20:03+00:00","breadcrumb":{"@id":"https:\/\/\/web.devops.arsat.com.ar\/acerca-de-arsat\/transparencia-activa\/compras-y-contrataciones\/#breadcrumb"},"inLanguage":"es","potentialAction":[{"@type":"ReadAction","target":["https:\/\/\/web.devops.arsat.com.ar\/acerca-de-arsat\/transparencia-activa\/compras-y-contrataciones\/"]}]},{"@type":"BreadcrumbList","@id":"https:\/\/\/web.devops.arsat.com.ar\/acerca-de-arsat\/transparencia-activa\/compras-y-contrataciones\/#breadcrumb","itemListElement":[{"@type":"ListItem","position":1,"name":"Inicio","item":"\/"},{"@type":"ListItem","position":2,"name":"Acerca de ARSAT","item":"\/"},{"@type":"ListItem","position":3,"name":"Transparencia activa","item":"\/"},{"@type":"ListItem","position":4,"name":"Compras y contrataciones"}]},{"@type":"WebSite","@id":"https:\/\/\/web.devops.arsat.com.ar\/#website","url":"https:\/\/\/web.devops.arsat.com.ar\/","name":"Arsat","description":"Estamos conectados","publisher":{"@id":"https:\/\/\/web.devops.arsat.com.ar\/#organization"},"potentialAction":[{"@type":"SearchAction","target":{"@type":"EntryPoint","urlTemplate":"https:\/\/\/web.devops.arsat.com.ar\/?s={search_term_string}"},"query-input":"required name=search_term_string"}],"inLanguage":"es"},{"@type":"Organization","@id":"https:\/\/\/web.devops.arsat.com.ar\/#organization","name":"ARSAT","url":"https:\/\/\/web.devops.arsat.com.ar\/","sameAs":["https:\/\/www.instagram.com\/arsatok\/","https:\/\/www.youtube.com\/channel\/UCzMa-rxDrzoFGPdmhsewDiA","https:\/\/www.facebook.com\/arsatsa\/","https:\/\/twitter.com\/ARSATSA"],"logo":{"@type":"ImageObject","inLanguage":"es","@id":"https:\/\/\/web.devops.arsat.com.ar\/#\/schema\/logo\/image\/","url":"https:\/\/www.arsat.com.ar\/wp-content\/uploads\/2021\/03\/Antena-desde-aire.jpg","contentUrl":"https:\/\/www.arsat.com.ar\/wp-content\/uploads\/2021\/03\/Antena-desde-aire.jpg","width":1750,"height":984,"caption":"ARSAT"},"image":{"@id":"https:\/\/\/web.devops.arsat.com.ar\/#\/schema\/logo\/image\/"}}]}},"_links":{"self":[{"href":"https:\/\/\/web.devops.arsat.com.ar\/wp-json\/wp\/v2\/pages\/771","targetHints":{"allow":["GET"]}}],"collection":[{"href":"https:\/\/\/web.devops.arsat.com.ar\/wp-json\/wp\/v2\/pages"}],"about":[{"href":"https:\/\/\/web.devops.arsat.com.ar\/wp-json\/wp\/v2\/types\/page"}],"author":[{"embeddable":true,"href":"https:\/\/\/web.devops.arsat.com.ar\/wp-json\/wp\/v2\/users\/1"}],"replies":[{"embeddable":true,"href":"https:\/\/\/web.devops.arsat.com.ar\/wp-json\/wp\/v2\/comments?post=771"}],"version-history":[{"count":266,"href":"https:\/\/\/web.devops.arsat.com.ar\/wp-json\/wp\/v2\/pages\/771\/revisions"}],"predecessor-version":[{"id":9124,"href":"https:\/\/\/web.devops.arsat.com.ar\/wp-json\/wp\/v2\/pages\/771\/revisions\/9124"}],"up":[{"embeddable":true,"href":"https:\/\/\/web.devops.arsat.com.ar\/wp-json\/wp\/v2\/pages\/198"}],"wp:featuredmedia":[{"embeddable":true,"href":"https:\/\/\/web.devops.arsat.com.ar\/wp-json\/wp\/v2\/media\/983"}],"wp:attachment":[{"href":"https:\/\/\/web.devops.arsat.com.ar\/wp-json\/wp\/v2\/media?parent=771"}],"curies":[{"name":"wp","href":"https:\/\/api.w.org\/{rel}","templated":true}]}}