{"id":773,"date":"2021-03-22T16:18:45","date_gmt":"2021-03-22T19:18:45","guid":{"rendered":"http:\/\/web.web.devops.arsat.com.ar\/?page_id=773"},"modified":"2023-03-08T17:45:56","modified_gmt":"2023-03-08T20:45:56","slug":"presupuesto","status":"publish","type":"page","link":"https:\/\/\/web.devops.arsat.com.ar\/acerca-de-arsat\/transparencia-activa\/presupuesto\/","title":{"rendered":"Presupuesto"},"content":{"rendered":"<p>Como empresa de telecomunicaciones del Estado Nacional, ARSAT asume la obligaci\u00f3n de rendir cuentas a los ciudadanos y de transparentar la gesti\u00f3n de la empresa brindando informaci\u00f3n acerca de su desempe\u00f1o, de las decisiones adoptadas y de los resultados obtenidos. La publicaci\u00f3n del Presupuesto Anual, y Ejecuciones Presupuestarias, responden a esta obligaci\u00f3n asumida:<\/p>\n<h4>Presupuestos Anuales<\/h4>\n<p><a class=\"btn\" href=\"https:\/\/www.web.devops.web.devops.web.devops.arsat.com.ar\/wp-content\/uploads\/2021\/04\/presupuesto-arsat-2019.zip\" target=\"_blank\" rel=\"noopener\">2019<\/a> <a class=\"btn\" href=\"https:\/\/www.web.devops.web.devops.web.devops.arsat.com.ar\/wp-content\/uploads\/2021\/04\/presupuesto-arsat-2018.zip\" target=\"_blank\" rel=\"noopener\">2018<\/a> <a class=\"btn\" href=\"https:\/\/www.web.devops.web.devops.web.devops.arsat.com.ar\/wp-content\/uploads\/2021\/04\/resolucion-583-e-presup-2017.zip\" target=\"_blank\" rel=\"noopener\">2017<\/a>\u00a0<a class=\"btn\" href=\"https:\/\/www.web.devops.web.devops.web.devops.arsat.com.ar\/wp-content\/uploads\/2021\/04\/nota-arsat-no-214-2016-modificacion-presupuesto-2016.pdf\" target=\"_blank\" rel=\"noopener\">2016<\/a>\u00a0<a class=\"btn\" href=\"https:\/\/www.web.devops.web.devops.web.devops.arsat.com.ar\/wp-content\/uploads\/2021\/04\/presupuesto-2015.pdf\" target=\"_blank\" rel=\"noopener\">2015<\/a>\u00a0<a class=\"btn\" href=\"https:\/\/www.web.devops.web.devops.web.devops.arsat.com.ar\/wp-content\/uploads\/2021\/04\/g-1.-presupuesto-arsat-2014.pdf\" target=\"_blank\" rel=\"noopener\">2014<\/a>\u00a0<a class=\"btn\" href=\"https:\/\/www.web.devops.web.devops.web.devops.arsat.com.ar\/wp-content\/uploads\/2021\/04\/g-1.-presupuesto-arsat-2013.pdf\" target=\"_blank\" rel=\"noopener\">2013<\/a>\u00a0<a class=\"btn\" href=\"https:\/\/www.web.devops.web.devops.web.devops.arsat.com.ar\/wp-content\/uploads\/2021\/04\/presupuesto-arsat-2012.zip\" target=\"_blank\" rel=\"noopener\">2012<\/a> <a class=\"btn\" href=\"https:\/\/www.web.devops.web.devops.web.devops.arsat.com.ar\/wp-content\/uploads\/2021\/04\/resolucion-213-2011-presupuesto-arsat-2011-con-anexos.pdf\" target=\"_blank\" rel=\"noopener\">2011<\/a> <a class=\"btn\" href=\"https:\/\/www.web.devops.web.devops.web.devops.arsat.com.ar\/wp-content\/uploads\/2021\/04\/resolucion-402-2009-presupuesto-arsat-2010-con-anexos.pdf\" target=\"_blank\" rel=\"noopener\">2010<\/a>\u00a0<a class=\"btn\" href=\"https:\/\/www.web.devops.web.devops.web.devops.arsat.com.ar\/wp-content\/uploads\/2021\/04\/resolucion-44-2008-presupuesto-arsat-2009-con-anexos.pdf\" target=\"_blank\" rel=\"noopener\">2009<\/a>\u00a0<a class=\"btn\" href=\"https:\/\/www.web.devops.web.devops.web.devops.arsat.com.ar\/wp-content\/uploads\/2021\/04\/resolucion-43-2007-presupuesto-arsat-2008-con-anexos.pdf\" target=\"_blank\" rel=\"noopener\">2008<\/a>\u00a0<a class=\"btn\" href=\"https:\/\/www.web.devops.web.devops.web.devops.arsat.com.ar\/wp-content\/uploads\/2021\/04\/resolucion-960-2006-presupuesto-arsat-2007-con-anexos.pdf\" target=\"_blank\" rel=\"noopener\">2007<\/a>\u00a0<a class=\"btn\" href=\"https:\/\/www.web.devops.web.devops.web.devops.arsat.com.ar\/wp-content\/uploads\/2021\/04\/resolucion-793-2006-presupuesto-arsat-2006-con-anexos-1.pdf\" target=\"_blank\" rel=\"noopener\">2006<\/a><\/p>\n<h4>Ejecuciones Presupuestarias<\/h4>\n<p><a class=\"btn\" href=\"https:\/\/datos.web.devops.web.devops.web.devops.arsat.com.ar\/dataset\/ejecuciones-presupuestarias\/archivo\/11ee4311-893b-4a0d-bf7e-cf5af4e99f32\" target=\"_blank\" rel=\"noopener\">2023<\/a> <a class=\"btn\" href=\"https:\/\/datos.web.devops.web.devops.web.devops.arsat.com.ar\/dataset\/ejecuciones-presupuestarias\/archivo\/6de867cd-def4-440f-9700-ad63a650f2f5\" target=\"_blank\" rel=\"noopener\">2022<\/a> <a class=\"btn\" href=\"https:\/\/datos.web.devops.web.devops.web.devops.arsat.com.ar\/dataset\/ejecuciones-presupuestarias\/archivo\/04b37ef9-83fb-4dce-b776-a2ca7f1d9b6f\" target=\"_blank\" rel=\"noopener\">2021\u00a0<\/a> <a class=\"btn\" href=\"https:\/\/datos.web.devops.web.devops.web.devops.arsat.com.ar\/dataset\/ejecuciones-presupuestarias\/archivo\/ae914747-8a27-40e6-8d38-c131cc95e16a\" target=\"_blank\" rel=\"noopener\">2020<\/a>\u00a0<a class=\"btn\" href=\"https:\/\/datos.web.devops.web.devops.web.devops.arsat.com.ar\/dataset\/ejecuciones-presupuestarias\/archivo\/47a20d5e-9ef5-4fd0-a8fa-1389510b53e7\" target=\"_blank\" rel=\"noopener\">2019<\/a>\u00a0<a class=\"btn\" href=\"https:\/\/datos.web.devops.web.devops.web.devops.arsat.com.ar\/dataset\/ejecuciones-presupuestarias\/archivo\/3bf86cd2-1429-4d2e-a91d-460cc5b6b8fb\" target=\"_blank\" rel=\"noopener\">2018<\/a>\u00a0<a class=\"btn\" href=\"https:\/\/www.web.devops.web.devops.web.devops.arsat.com.ar\/wp-content\/uploads\/2021\/04\/resolucion-583-e-presup-2017.zip\">2017<\/a>\u00a0<a class=\"btn\" href=\"https:\/\/datos.web.devops.web.devops.web.devops.arsat.com.ar\/dataset\/ejecuciones-presupuestarias\/archivo\/ec78f073-3b33-43a0-9eca-4d9169082491\" target=\"_blank\" rel=\"noopener\">2016<\/a>\u00a0<a class=\"btn\" href=\"https:\/\/www.web.devops.web.devops.web.devops.arsat.com.ar\/wp-content\/uploads\/2021\/04\/ejecuciones-presupuestarias-2015-.zip\">2015<\/a>\u00a0<a class=\"btn\" href=\"https:\/\/www.web.devops.web.devops.web.devops.arsat.com.ar\/wp-content\/uploads\/2021\/04\/ejecuciones-presupuestarias-2014.zip\">2014<\/a>\u00a0<a class=\"btn\" href=\"https:\/\/www.web.devops.web.devops.web.devops.arsat.com.ar\/wp-content\/uploads\/2021\/04\/ejecuciones-presupuestarias-2013.zip\">2013<\/a><\/p>\n","protected":false},"excerpt":{"rendered":"Como empresa de telecomunicaciones del Estado Nacional, ARSAT asume la obligaci\u00f3n de rendir cuentas a los ciudadanos y de transparentar la gesti\u00f3n de la empresa brindando informaci\u00f3n acerca de su desempe\u00f1o, de las decisiones adoptadas y de los resultados obtenidos. La publicaci\u00f3n del Presupuesto Anual, y Ejecuciones Presupuestarias, responden a esta obligaci\u00f3n asumida: Presupuestos Anuales&#8230; <a class=\"view-article\" href=\"https:\/\/\/web.devops.arsat.com.ar\/acerca-de-arsat\/transparencia-activa\/presupuesto\/\">View Article<\/a>","protected":false},"author":1,"featured_media":983,"parent":198,"menu_order":96,"comment_status":"closed","ping_status":"closed","template":"","meta":{"footnotes":""},"class_list":["post-773","page","type-page","status-publish","has-post-thumbnail","hentry"],"acf":[],"yoast_head":"<!-- This site is optimized with the Yoast SEO plugin v19.7.2 - https:\/\/yoast.com\/wordpress\/plugins\/seo\/ -->\n<title>Presupuesto - Arsat<\/title>\n<meta name=\"robots\" content=\"index, follow, max-snippet:-1, max-image-preview:large, max-video-preview:-1\" \/>\n<link rel=\"canonical\" href=\"https:\/\/web.devops.arsat.com.ar\/acerca-de-arsat\/transparencia-activa\/presupuesto\/\" \/>\n<meta property=\"og:locale\" content=\"es_ES\" \/>\n<meta property=\"og:type\" content=\"article\" \/>\n<meta property=\"og:title\" content=\"Presupuesto - Arsat\" \/>\n<meta property=\"og:description\" content=\"Como empresa de telecomunicaciones del Estado Nacional, ARSAT asume la obligaci\u00f3n de rendir cuentas a los ciudadanos y de transparentar la gesti\u00f3n de la empresa brindando informaci\u00f3n acerca de su desempe\u00f1o, de las decisiones adoptadas y de los resultados obtenidos. La publicaci\u00f3n del Presupuesto Anual, y Ejecuciones Presupuestarias, responden a esta obligaci\u00f3n asumida: Presupuestos Anuales... View Article\" \/>\n<meta property=\"og:url\" content=\"https:\/\/\/web.devops.arsat.com.ar\/acerca-de-arsat\/transparencia-activa\/presupuesto\/\" \/>\n<meta property=\"og:site_name\" content=\"Arsat\" \/>\n<meta property=\"article:publisher\" content=\"https:\/\/www.facebook.com\/arsatsa\/\" \/>\n<meta property=\"article:modified_time\" content=\"2023-03-08T20:45:56+00:00\" \/>\n<meta property=\"og:image\" content=\"https:\/\/web.devops.arsat.com.ar\/wp-content\/uploads\/2021\/03\/transparencia-activa-02.jpg\" \/>\n\t<meta property=\"og:image:width\" content=\"1280\" \/>\n\t<meta property=\"og:image:height\" content=\"853\" \/>\n\t<meta property=\"og:image:type\" content=\"image\/jpeg\" \/>\n<meta name=\"twitter:card\" content=\"summary_large_image\" \/>\n<meta name=\"twitter:site\" content=\"@ARSATSA\" \/>\n<meta name=\"twitter:label1\" content=\"Tiempo de lectura\" \/>\n\t<meta name=\"twitter:data1\" content=\"1 minuto\" \/>\n<script type=\"application\/ld+json\" class=\"yoast-schema-graph\">{\"@context\":\"https:\/\/schema.org\",\"@graph\":[{\"@type\":\"WebPage\",\"@id\":\"https:\/\/\/web.devops.arsat.com.ar\/acerca-de-arsat\/transparencia-activa\/presupuesto\/\",\"url\":\"https:\/\/\/web.devops.arsat.com.ar\/acerca-de-arsat\/transparencia-activa\/presupuesto\/\",\"name\":\"Presupuesto - Arsat\",\"isPartOf\":{\"@id\":\"https:\/\/\/web.devops.arsat.com.ar\/#website\"},\"datePublished\":\"2021-03-22T19:18:45+00:00\",\"dateModified\":\"2023-03-08T20:45:56+00:00\",\"breadcrumb\":{\"@id\":\"https:\/\/\/web.devops.arsat.com.ar\/acerca-de-arsat\/transparencia-activa\/presupuesto\/#breadcrumb\"},\"inLanguage\":\"es\",\"potentialAction\":[{\"@type\":\"ReadAction\",\"target\":[\"https:\/\/\/web.devops.arsat.com.ar\/acerca-de-arsat\/transparencia-activa\/presupuesto\/\"]}]},{\"@type\":\"BreadcrumbList\",\"@id\":\"https:\/\/\/web.devops.arsat.com.ar\/acerca-de-arsat\/transparencia-activa\/presupuesto\/#breadcrumb\",\"itemListElement\":[{\"@type\":\"ListItem\",\"position\":1,\"name\":\"Inicio\",\"item\":\"\/\"},{\"@type\":\"ListItem\",\"position\":2,\"name\":\"Acerca de ARSAT\",\"item\":\"\/\"},{\"@type\":\"ListItem\",\"position\":3,\"name\":\"Transparencia activa\",\"item\":\"\/\"},{\"@type\":\"ListItem\",\"position\":4,\"name\":\"Presupuesto\"}]},{\"@type\":\"WebSite\",\"@id\":\"https:\/\/\/web.devops.arsat.com.ar\/#website\",\"url\":\"https:\/\/\/web.devops.arsat.com.ar\/\",\"name\":\"Arsat\",\"description\":\"Estamos conectados\",\"publisher\":{\"@id\":\"https:\/\/\/web.devops.arsat.com.ar\/#organization\"},\"potentialAction\":[{\"@type\":\"SearchAction\",\"target\":{\"@type\":\"EntryPoint\",\"urlTemplate\":\"https:\/\/\/web.devops.arsat.com.ar\/?s={search_term_string}\"},\"query-input\":\"required name=search_term_string\"}],\"inLanguage\":\"es\"},{\"@type\":\"Organization\",\"@id\":\"https:\/\/\/web.devops.arsat.com.ar\/#organization\",\"name\":\"ARSAT\",\"url\":\"https:\/\/\/web.devops.arsat.com.ar\/\",\"sameAs\":[\"https:\/\/www.instagram.com\/arsatok\/\",\"https:\/\/www.youtube.com\/channel\/UCzMa-rxDrzoFGPdmhsewDiA\",\"https:\/\/www.facebook.com\/arsatsa\/\",\"https:\/\/twitter.com\/ARSATSA\"],\"logo\":{\"@type\":\"ImageObject\",\"inLanguage\":\"es\",\"@id\":\"https:\/\/\/web.devops.arsat.com.ar\/#\/schema\/logo\/image\/\",\"url\":\"https:\/\/www.arsat.com.ar\/wp-content\/uploads\/2021\/03\/Antena-desde-aire.jpg\",\"contentUrl\":\"https:\/\/www.arsat.com.ar\/wp-content\/uploads\/2021\/03\/Antena-desde-aire.jpg\",\"width\":1750,\"height\":984,\"caption\":\"ARSAT\"},\"image\":{\"@id\":\"https:\/\/\/web.devops.arsat.com.ar\/#\/schema\/logo\/image\/\"}}]}<\/script>\n<!-- \/ Yoast SEO plugin. -->","yoast_head_json":{"title":"Presupuesto - Arsat","robots":{"index":"index","follow":"follow","max-snippet":"max-snippet:-1","max-image-preview":"max-image-preview:large","max-video-preview":"max-video-preview:-1"},"canonical":"https:\/\/web.devops.arsat.com.ar\/acerca-de-arsat\/transparencia-activa\/presupuesto\/","og_locale":"es_ES","og_type":"article","og_title":"Presupuesto - Arsat","og_description":"Como empresa de telecomunicaciones del Estado Nacional, ARSAT asume la obligaci\u00f3n de rendir cuentas a los ciudadanos y de transparentar la gesti\u00f3n de la empresa brindando informaci\u00f3n acerca de su desempe\u00f1o, de las decisiones adoptadas y de los resultados obtenidos. La publicaci\u00f3n del Presupuesto Anual, y Ejecuciones Presupuestarias, responden a esta obligaci\u00f3n asumida: Presupuestos Anuales... View Article","og_url":"https:\/\/\/web.devops.arsat.com.ar\/acerca-de-arsat\/transparencia-activa\/presupuesto\/","og_site_name":"Arsat","article_publisher":"https:\/\/www.facebook.com\/arsatsa\/","article_modified_time":"2023-03-08T20:45:56+00:00","og_image":[{"width":1280,"height":853,"url":"https:\/\/web.devops.arsat.com.ar\/wp-content\/uploads\/2021\/03\/transparencia-activa-02.jpg","type":"image\/jpeg"}],"twitter_card":"summary_large_image","twitter_site":"@ARSATSA","twitter_misc":{"Tiempo de lectura":"1 minuto"},"schema":{"@context":"https:\/\/schema.org","@graph":[{"@type":"WebPage","@id":"https:\/\/\/web.devops.arsat.com.ar\/acerca-de-arsat\/transparencia-activa\/presupuesto\/","url":"https:\/\/\/web.devops.arsat.com.ar\/acerca-de-arsat\/transparencia-activa\/presupuesto\/","name":"Presupuesto - Arsat","isPartOf":{"@id":"https:\/\/\/web.devops.arsat.com.ar\/#website"},"datePublished":"2021-03-22T19:18:45+00:00","dateModified":"2023-03-08T20:45:56+00:00","breadcrumb":{"@id":"https:\/\/\/web.devops.arsat.com.ar\/acerca-de-arsat\/transparencia-activa\/presupuesto\/#breadcrumb"},"inLanguage":"es","potentialAction":[{"@type":"ReadAction","target":["https:\/\/\/web.devops.arsat.com.ar\/acerca-de-arsat\/transparencia-activa\/presupuesto\/"]}]},{"@type":"BreadcrumbList","@id":"https:\/\/\/web.devops.arsat.com.ar\/acerca-de-arsat\/transparencia-activa\/presupuesto\/#breadcrumb","itemListElement":[{"@type":"ListItem","position":1,"name":"Inicio","item":"\/"},{"@type":"ListItem","position":2,"name":"Acerca de ARSAT","item":"\/"},{"@type":"ListItem","position":3,"name":"Transparencia activa","item":"\/"},{"@type":"ListItem","position":4,"name":"Presupuesto"}]},{"@type":"WebSite","@id":"https:\/\/\/web.devops.arsat.com.ar\/#website","url":"https:\/\/\/web.devops.arsat.com.ar\/","name":"Arsat","description":"Estamos conectados","publisher":{"@id":"https:\/\/\/web.devops.arsat.com.ar\/#organization"},"potentialAction":[{"@type":"SearchAction","target":{"@type":"EntryPoint","urlTemplate":"https:\/\/\/web.devops.arsat.com.ar\/?s={search_term_string}"},"query-input":"required name=search_term_string"}],"inLanguage":"es"},{"@type":"Organization","@id":"https:\/\/\/web.devops.arsat.com.ar\/#organization","name":"ARSAT","url":"https:\/\/\/web.devops.arsat.com.ar\/","sameAs":["https:\/\/www.instagram.com\/arsatok\/","https:\/\/www.youtube.com\/channel\/UCzMa-rxDrzoFGPdmhsewDiA","https:\/\/www.facebook.com\/arsatsa\/","https:\/\/twitter.com\/ARSATSA"],"logo":{"@type":"ImageObject","inLanguage":"es","@id":"https:\/\/\/web.devops.arsat.com.ar\/#\/schema\/logo\/image\/","url":"https:\/\/www.arsat.com.ar\/wp-content\/uploads\/2021\/03\/Antena-desde-aire.jpg","contentUrl":"https:\/\/www.arsat.com.ar\/wp-content\/uploads\/2021\/03\/Antena-desde-aire.jpg","width":1750,"height":984,"caption":"ARSAT"},"image":{"@id":"https:\/\/\/web.devops.arsat.com.ar\/#\/schema\/logo\/image\/"}}]}},"_links":{"self":[{"href":"https:\/\/\/web.devops.arsat.com.ar\/wp-json\/wp\/v2\/pages\/773","targetHints":{"allow":["GET"]}}],"collection":[{"href":"https:\/\/\/web.devops.arsat.com.ar\/wp-json\/wp\/v2\/pages"}],"about":[{"href":"https:\/\/\/web.devops.arsat.com.ar\/wp-json\/wp\/v2\/types\/page"}],"author":[{"embeddable":true,"href":"https:\/\/\/web.devops.arsat.com.ar\/wp-json\/wp\/v2\/users\/1"}],"replies":[{"embeddable":true,"href":"https:\/\/\/web.devops.arsat.com.ar\/wp-json\/wp\/v2\/comments?post=773"}],"version-history":[{"count":24,"href":"https:\/\/\/web.devops.arsat.com.ar\/wp-json\/wp\/v2\/pages\/773\/revisions"}],"predecessor-version":[{"id":8310,"href":"https:\/\/\/web.devops.arsat.com.ar\/wp-json\/wp\/v2\/pages\/773\/revisions\/8310"}],"up":[{"embeddable":true,"href":"https:\/\/\/web.devops.arsat.com.ar\/wp-json\/wp\/v2\/pages\/198"}],"wp:featuredmedia":[{"embeddable":true,"href":"https:\/\/\/web.devops.arsat.com.ar\/wp-json\/wp\/v2\/media\/983"}],"wp:attachment":[{"href":"https:\/\/\/web.devops.arsat.com.ar\/wp-json\/wp\/v2\/media?parent=773"}],"curies":[{"name":"wp","href":"https:\/\/api.w.org\/{rel}","templated":true}]}}