{"id":777,"date":"2021-03-22T16:20:30","date_gmt":"2021-03-22T19:20:30","guid":{"rendered":"http:\/\/web.web.devops.arsat.com.ar\/?page_id=777"},"modified":"2022-05-12T15:08:08","modified_gmt":"2022-05-12T18:08:08","slug":"marco-normativo","status":"publish","type":"page","link":"https:\/\/\/web.devops.arsat.com.ar\/acerca-de-arsat\/transparencia-activa\/marco-normativo\/","title":{"rendered":"Marco normativo"},"content":{"rendered":"<p>Leyes, Decretos y Reglamentaciones referidas a la constituci\u00f3n y al funcionamiento de Arsat<\/p>\n<ul>\n<li><a href=\"http:\/\/servicios.infoleg.gob.ar\/infolegInternet\/anexos\/115000-119999\/115886\/texact.htm\" target=\"_blank\" rel=\"noopener\">Ley N\u00b0 26.092<\/a>. crea ARSAT.<\/li>\n<li><a href=\"http:\/\/servicios.infoleg.gob.ar\/infolegInternet\/verNorma.do?id=206490\" target=\"_blank\" rel=\"noopener\">Resoluci\u00f3n N\u00b0 222\/2009<\/a>\u00a0de la Secretaria de Comunicaciones<\/li>\n<li><a href=\"http:\/\/servicios.infoleg.gob.ar\/infolegInternet\/anexos\/310000-314999\/314080\/norma.htm\" target=\"_blank\" rel=\"noopener\">Art. 8 del Decreto PEN 802\/2018<\/a>, tiene a su cargo administrar las participaciones del Estado en ARSAT.<\/li>\n<li>Sistema Argentino de Televisi\u00f3n Digital Terrestre (SATVD-T).\u00a0<a href=\"http:\/\/servicios.infoleg.gob.ar\/infolegInternet\/verNorma.do?id=157212\" target=\"_blank\" rel=\"noopener\">Decreto N\u00b0 1148\/2009<\/a><\/li>\n<li>Declaraci\u00f3n de inter\u00e9s p\u00fablico de la Plataforma Nacional de Televisi\u00f3n Digital Terrestre.\u00a0<a href=\"http:\/\/servicios.infoleg.gob.ar\/infolegInternet\/verNorma.do?id=165234\" target=\"_blank\" rel=\"noopener\">Decreto N\u00b0 364\/2010<\/a><\/li>\n<li>Creaci\u00f3n del Programa Conectar Igualdad.\u00a0<a href=\"http:\/\/servicios.infoleg.gob.ar\/infolegInternet\/verNorma.do?id=165807\" target=\"_blank\" rel=\"noopener\">Decreto N\u00b0 459\/2010<\/a><\/li>\n<li>Plan Nacional de Telecomunicaciones Argentina.\u00a0<a href=\"http:\/\/servicios.infoleg.gob.ar\/infolegInternet\/verNorma.do?id=174110\" target=\"_blank\" rel=\"noopener\">Decreto N\u00b0 1552\/2010<\/a><\/li>\n<li>El Poder Ejecutivo autoriza a ARSAT a prestar los servicios de uso de infraestructura, multiplexado y transmisi\u00f3n para la Televisi\u00f3n Digital Terrestre en todo el territorio nacional.\u00a0<a href=\"http:\/\/servicios.infoleg.gob.ar\/infolegInternet\/verNorma.do?id=183617\" target=\"_blank\" rel=\"noopener\">Decreto N\u00b0 835\/2011<\/a><\/li>\n<li>Plan Nacional Igualdad Cultural.\u00a0<a href=\"http:\/\/servicios.infoleg.gob.ar\/infolegInternet\/verNorma.do?id=194854\" target=\"_blank\" rel=\"noopener\">Decreto N\u00b0 345\/2012<\/a><\/li>\n<li>Declaraci\u00f3n de inter\u00e9s p\u00fablico del desarrollo, implementaci\u00f3n y operaci\u00f3n de la Red Federal inal\u00e1mbrica.\u00a0<a href=\"http:\/\/servicios.infoleg.gob.ar\/infolegInternet\/verNorma.do?id=206136\" target=\"_blank\" rel=\"noopener\">Decreto N\u00b0 2427\/2012<\/a><\/li>\n<li>Declaraci\u00f3n de inter\u00e9s p\u00fablico del desarrollo de la industria satelital como pol\u00edtica de Estado y aprobaci\u00f3n del \u00abPlan Satelital Geoestacionario Argentino 2015-2035.<a href=\"http:\/\/servicios.infoleg.gob.ar\/infolegInternet\/verNorma.do?id=254823\" target=\"_blank\" rel=\"noopener\">\u00a0Ley 27.208<\/a>\u00a0Plan Geosatelital Estacionario<\/li>\n<\/ul>\n<p>&nbsp;<\/p>\n<div class=\"text-inner\">\n<h4 class=\"pane-title\">C\u00f3digo de \u00c9tica ARSAT<\/h4>\n<\/div>\n<div class=\"pane-content\">\n<p>El C\u00f3digo de \u00c9tica establece las pautas m\u00ednimas de conducta que deben guiar a la totalidad de los empleados y personal jer\u00e1rquico de ARSAT, independientemente de su funci\u00f3n o jerarqu\u00eda, sirviendo tambi\u00e9n de gu\u00eda para aquellos que proveen servicios, productos y bienes.<\/p>\n<p><a href=\"https:\/\/www.web.devops.web.devops.web.devops.arsat.com.ar\/wp-content\/uploads\/2022\/05\/Codigo-de-Etica-ARSAT-y-Anexos-mayo2022-1.pdf\" target=\"_blank\" rel=\"noopener\">Descargar C\u00f3digo de \u00c9tica<\/a><\/p>\n<p>&nbsp;<\/p>\n<\/div>\n","protected":false},"excerpt":{"rendered":"Leyes, Decretos y Reglamentaciones referidas a la constituci\u00f3n y al funcionamiento de Arsat Ley N\u00b0 26.092. crea ARSAT. Resoluci\u00f3n N\u00b0 222\/2009\u00a0de la Secretaria de Comunicaciones Art. 8 del Decreto PEN 802\/2018, tiene a su cargo administrar las participaciones del Estado en ARSAT. Sistema Argentino de Televisi\u00f3n Digital Terrestre (SATVD-T).\u00a0Decreto N\u00b0 1148\/2009 Declaraci\u00f3n de inter\u00e9s p\u00fablico&#8230; <a class=\"view-article\" href=\"https:\/\/\/web.devops.arsat.com.ar\/acerca-de-arsat\/transparencia-activa\/marco-normativo\/\">View Article<\/a>","protected":false},"author":1,"featured_media":983,"parent":198,"menu_order":100,"comment_status":"closed","ping_status":"closed","template":"","meta":{"footnotes":""},"class_list":["post-777","page","type-page","status-publish","has-post-thumbnail","hentry"],"acf":[],"yoast_head":"<!-- This site is optimized with the Yoast SEO plugin v19.7.2 - https:\/\/yoast.com\/wordpress\/plugins\/seo\/ -->\n<title>Marco normativo - Arsat<\/title>\n<meta name=\"robots\" content=\"index, follow, max-snippet:-1, max-image-preview:large, max-video-preview:-1\" \/>\n<link rel=\"canonical\" href=\"https:\/\/web.devops.arsat.com.ar\/acerca-de-arsat\/transparencia-activa\/marco-normativo\/\" \/>\n<meta property=\"og:locale\" content=\"es_ES\" \/>\n<meta property=\"og:type\" content=\"article\" \/>\n<meta property=\"og:title\" content=\"Marco normativo - Arsat\" \/>\n<meta property=\"og:description\" content=\"Leyes, Decretos y Reglamentaciones referidas a la constituci\u00f3n y al funcionamiento de Arsat Ley N\u00b0 26.092. crea ARSAT. Resoluci\u00f3n N\u00b0 222\/2009\u00a0de la Secretaria de Comunicaciones Art. 8 del Decreto PEN 802\/2018, tiene a su cargo administrar las participaciones del Estado en ARSAT. Sistema Argentino de Televisi\u00f3n Digital Terrestre (SATVD-T).\u00a0Decreto N\u00b0 1148\/2009 Declaraci\u00f3n de inter\u00e9s p\u00fablico... View Article\" \/>\n<meta property=\"og:url\" content=\"https:\/\/\/web.devops.arsat.com.ar\/acerca-de-arsat\/transparencia-activa\/marco-normativo\/\" \/>\n<meta property=\"og:site_name\" content=\"Arsat\" \/>\n<meta property=\"article:publisher\" content=\"https:\/\/www.facebook.com\/arsatsa\/\" \/>\n<meta property=\"article:modified_time\" content=\"2022-05-12T18:08:08+00:00\" \/>\n<meta property=\"og:image\" content=\"https:\/\/web.devops.arsat.com.ar\/wp-content\/uploads\/2021\/03\/transparencia-activa-02.jpg\" \/>\n\t<meta property=\"og:image:width\" content=\"1280\" \/>\n\t<meta property=\"og:image:height\" content=\"853\" \/>\n\t<meta property=\"og:image:type\" content=\"image\/jpeg\" \/>\n<meta name=\"twitter:card\" content=\"summary_large_image\" \/>\n<meta name=\"twitter:site\" content=\"@ARSATSA\" \/>\n<meta name=\"twitter:label1\" content=\"Tiempo de lectura\" \/>\n\t<meta name=\"twitter:data1\" content=\"1 minuto\" \/>\n<script type=\"application\/ld+json\" class=\"yoast-schema-graph\">{\"@context\":\"https:\/\/schema.org\",\"@graph\":[{\"@type\":\"WebPage\",\"@id\":\"https:\/\/\/web.devops.arsat.com.ar\/acerca-de-arsat\/transparencia-activa\/marco-normativo\/\",\"url\":\"https:\/\/\/web.devops.arsat.com.ar\/acerca-de-arsat\/transparencia-activa\/marco-normativo\/\",\"name\":\"Marco normativo - Arsat\",\"isPartOf\":{\"@id\":\"https:\/\/\/web.devops.arsat.com.ar\/#website\"},\"datePublished\":\"2021-03-22T19:20:30+00:00\",\"dateModified\":\"2022-05-12T18:08:08+00:00\",\"breadcrumb\":{\"@id\":\"https:\/\/\/web.devops.arsat.com.ar\/acerca-de-arsat\/transparencia-activa\/marco-normativo\/#breadcrumb\"},\"inLanguage\":\"es\",\"potentialAction\":[{\"@type\":\"ReadAction\",\"target\":[\"https:\/\/\/web.devops.arsat.com.ar\/acerca-de-arsat\/transparencia-activa\/marco-normativo\/\"]}]},{\"@type\":\"BreadcrumbList\",\"@id\":\"https:\/\/\/web.devops.arsat.com.ar\/acerca-de-arsat\/transparencia-activa\/marco-normativo\/#breadcrumb\",\"itemListElement\":[{\"@type\":\"ListItem\",\"position\":1,\"name\":\"Inicio\",\"item\":\"\/\"},{\"@type\":\"ListItem\",\"position\":2,\"name\":\"Acerca de ARSAT\",\"item\":\"\/\"},{\"@type\":\"ListItem\",\"position\":3,\"name\":\"Transparencia activa\",\"item\":\"\/\"},{\"@type\":\"ListItem\",\"position\":4,\"name\":\"Marco normativo\"}]},{\"@type\":\"WebSite\",\"@id\":\"https:\/\/\/web.devops.arsat.com.ar\/#website\",\"url\":\"https:\/\/\/web.devops.arsat.com.ar\/\",\"name\":\"Arsat\",\"description\":\"Estamos conectados\",\"publisher\":{\"@id\":\"https:\/\/\/web.devops.arsat.com.ar\/#organization\"},\"potentialAction\":[{\"@type\":\"SearchAction\",\"target\":{\"@type\":\"EntryPoint\",\"urlTemplate\":\"https:\/\/\/web.devops.arsat.com.ar\/?s={search_term_string}\"},\"query-input\":\"required name=search_term_string\"}],\"inLanguage\":\"es\"},{\"@type\":\"Organization\",\"@id\":\"https:\/\/\/web.devops.arsat.com.ar\/#organization\",\"name\":\"ARSAT\",\"url\":\"https:\/\/\/web.devops.arsat.com.ar\/\",\"sameAs\":[\"https:\/\/www.instagram.com\/arsatok\/\",\"https:\/\/www.youtube.com\/channel\/UCzMa-rxDrzoFGPdmhsewDiA\",\"https:\/\/www.facebook.com\/arsatsa\/\",\"https:\/\/twitter.com\/ARSATSA\"],\"logo\":{\"@type\":\"ImageObject\",\"inLanguage\":\"es\",\"@id\":\"https:\/\/\/web.devops.arsat.com.ar\/#\/schema\/logo\/image\/\",\"url\":\"https:\/\/www.arsat.com.ar\/wp-content\/uploads\/2021\/03\/Antena-desde-aire.jpg\",\"contentUrl\":\"https:\/\/www.arsat.com.ar\/wp-content\/uploads\/2021\/03\/Antena-desde-aire.jpg\",\"width\":1750,\"height\":984,\"caption\":\"ARSAT\"},\"image\":{\"@id\":\"https:\/\/\/web.devops.arsat.com.ar\/#\/schema\/logo\/image\/\"}}]}<\/script>\n<!-- \/ Yoast SEO plugin. -->","yoast_head_json":{"title":"Marco normativo - Arsat","robots":{"index":"index","follow":"follow","max-snippet":"max-snippet:-1","max-image-preview":"max-image-preview:large","max-video-preview":"max-video-preview:-1"},"canonical":"https:\/\/web.devops.arsat.com.ar\/acerca-de-arsat\/transparencia-activa\/marco-normativo\/","og_locale":"es_ES","og_type":"article","og_title":"Marco normativo - Arsat","og_description":"Leyes, Decretos y Reglamentaciones referidas a la constituci\u00f3n y al funcionamiento de Arsat Ley N\u00b0 26.092. crea ARSAT. Resoluci\u00f3n N\u00b0 222\/2009\u00a0de la Secretaria de Comunicaciones Art. 8 del Decreto PEN 802\/2018, tiene a su cargo administrar las participaciones del Estado en ARSAT. Sistema Argentino de Televisi\u00f3n Digital Terrestre (SATVD-T).\u00a0Decreto N\u00b0 1148\/2009 Declaraci\u00f3n de inter\u00e9s p\u00fablico... View Article","og_url":"https:\/\/\/web.devops.arsat.com.ar\/acerca-de-arsat\/transparencia-activa\/marco-normativo\/","og_site_name":"Arsat","article_publisher":"https:\/\/www.facebook.com\/arsatsa\/","article_modified_time":"2022-05-12T18:08:08+00:00","og_image":[{"width":1280,"height":853,"url":"https:\/\/web.devops.arsat.com.ar\/wp-content\/uploads\/2021\/03\/transparencia-activa-02.jpg","type":"image\/jpeg"}],"twitter_card":"summary_large_image","twitter_site":"@ARSATSA","twitter_misc":{"Tiempo de lectura":"1 minuto"},"schema":{"@context":"https:\/\/schema.org","@graph":[{"@type":"WebPage","@id":"https:\/\/\/web.devops.arsat.com.ar\/acerca-de-arsat\/transparencia-activa\/marco-normativo\/","url":"https:\/\/\/web.devops.arsat.com.ar\/acerca-de-arsat\/transparencia-activa\/marco-normativo\/","name":"Marco normativo - Arsat","isPartOf":{"@id":"https:\/\/\/web.devops.arsat.com.ar\/#website"},"datePublished":"2021-03-22T19:20:30+00:00","dateModified":"2022-05-12T18:08:08+00:00","breadcrumb":{"@id":"https:\/\/\/web.devops.arsat.com.ar\/acerca-de-arsat\/transparencia-activa\/marco-normativo\/#breadcrumb"},"inLanguage":"es","potentialAction":[{"@type":"ReadAction","target":["https:\/\/\/web.devops.arsat.com.ar\/acerca-de-arsat\/transparencia-activa\/marco-normativo\/"]}]},{"@type":"BreadcrumbList","@id":"https:\/\/\/web.devops.arsat.com.ar\/acerca-de-arsat\/transparencia-activa\/marco-normativo\/#breadcrumb","itemListElement":[{"@type":"ListItem","position":1,"name":"Inicio","item":"\/"},{"@type":"ListItem","position":2,"name":"Acerca de ARSAT","item":"\/"},{"@type":"ListItem","position":3,"name":"Transparencia activa","item":"\/"},{"@type":"ListItem","position":4,"name":"Marco normativo"}]},{"@type":"WebSite","@id":"https:\/\/\/web.devops.arsat.com.ar\/#website","url":"https:\/\/\/web.devops.arsat.com.ar\/","name":"Arsat","description":"Estamos conectados","publisher":{"@id":"https:\/\/\/web.devops.arsat.com.ar\/#organization"},"potentialAction":[{"@type":"SearchAction","target":{"@type":"EntryPoint","urlTemplate":"https:\/\/\/web.devops.arsat.com.ar\/?s={search_term_string}"},"query-input":"required name=search_term_string"}],"inLanguage":"es"},{"@type":"Organization","@id":"https:\/\/\/web.devops.arsat.com.ar\/#organization","name":"ARSAT","url":"https:\/\/\/web.devops.arsat.com.ar\/","sameAs":["https:\/\/www.instagram.com\/arsatok\/","https:\/\/www.youtube.com\/channel\/UCzMa-rxDrzoFGPdmhsewDiA","https:\/\/www.facebook.com\/arsatsa\/","https:\/\/twitter.com\/ARSATSA"],"logo":{"@type":"ImageObject","inLanguage":"es","@id":"https:\/\/\/web.devops.arsat.com.ar\/#\/schema\/logo\/image\/","url":"https:\/\/www.arsat.com.ar\/wp-content\/uploads\/2021\/03\/Antena-desde-aire.jpg","contentUrl":"https:\/\/www.arsat.com.ar\/wp-content\/uploads\/2021\/03\/Antena-desde-aire.jpg","width":1750,"height":984,"caption":"ARSAT"},"image":{"@id":"https:\/\/\/web.devops.arsat.com.ar\/#\/schema\/logo\/image\/"}}]}},"_links":{"self":[{"href":"https:\/\/\/web.devops.arsat.com.ar\/wp-json\/wp\/v2\/pages\/777","targetHints":{"allow":["GET"]}}],"collection":[{"href":"https:\/\/\/web.devops.arsat.com.ar\/wp-json\/wp\/v2\/pages"}],"about":[{"href":"https:\/\/\/web.devops.arsat.com.ar\/wp-json\/wp\/v2\/types\/page"}],"author":[{"embeddable":true,"href":"https:\/\/\/web.devops.arsat.com.ar\/wp-json\/wp\/v2\/users\/1"}],"replies":[{"embeddable":true,"href":"https:\/\/\/web.devops.arsat.com.ar\/wp-json\/wp\/v2\/comments?post=777"}],"version-history":[{"count":9,"href":"https:\/\/\/web.devops.arsat.com.ar\/wp-json\/wp\/v2\/pages\/777\/revisions"}],"predecessor-version":[{"id":5263,"href":"https:\/\/\/web.devops.arsat.com.ar\/wp-json\/wp\/v2\/pages\/777\/revisions\/5263"}],"up":[{"embeddable":true,"href":"https:\/\/\/web.devops.arsat.com.ar\/wp-json\/wp\/v2\/pages\/198"}],"wp:featuredmedia":[{"embeddable":true,"href":"https:\/\/\/web.devops.arsat.com.ar\/wp-json\/wp\/v2\/media\/983"}],"wp:attachment":[{"href":"https:\/\/\/web.devops.arsat.com.ar\/wp-json\/wp\/v2\/media?parent=777"}],"curies":[{"name":"wp","href":"https:\/\/api.w.org\/{rel}","templated":true}]}}