{"id":7905,"date":"2023-01-21T07:37:02","date_gmt":"2023-01-21T10:37:02","guid":{"rendered":"https:\/\/www.web.devops.arsat.com.ar\/?page_id=7905"},"modified":"2023-09-20T13:14:18","modified_gmt":"2023-09-20T16:14:18","slug":"tv-y-streaming","status":"publish","type":"page","link":"https:\/\/\/web.devops.arsat.com.ar\/soluciones-comerciales\/tv-y-streaming\/","title":{"rendered":"TV y Streaming"},"content":{"rendered":"<h3 id=\"emisiones\">Emisiones de canales en TDT<\/h3>\n<p>Brindamos el servicio de infraestructura, multiplexado y transmisi\u00f3n para se\u00f1ales de televisi\u00f3n digital en la norma ISDB-T. Nuestra plataforma cuenta con 101 Estaciones Digitales de Transmisi\u00f3n (EDT), distribuidas en las 24 provincias de Argentina.<\/p>\n<h5><strong>Modalidades<\/strong><\/h5>\n<ul>\n<li>Transmisores de 1 kW<\/li>\n<li>Transmisores de 300 W<\/li>\n<\/ul>\n<h3 id=\"multicast\">Multicast<\/h3>\n<p>Ofrecemos el servicio de transmisi\u00f3n de televisi\u00f3n a trav\u00e9s de Internet en modalidad Multicast.<\/p>\n<h3 id=\"uplink\">Uplink de se\u00f1ales<\/h3>\n<p>Brindamos el servicio de transmisi\u00f3n de se\u00f1al de video, a trav\u00e9s de nuestra plataforma satelital.<\/p>\n<h5><strong>Modalidades<\/strong><\/h5>\n<ul>\n<li>Se\u00f1ales HD<\/li>\n<li>Se\u00f1ales SD<\/li>\n<\/ul>\n<h3 id=\"streaming\">Streaming y CDN<\/h3>\n<p>Capacidad de transmitir contenido de video a trav\u00e9s de plataformas digitales.<\/p>\n<h5><strong>Modalidades<\/strong><\/h5>\n<ul>\n<li>CDN (Content Delivery Network)<\/li>\n<li>Publicaci\u00f3n de eventos<\/li>\n<li>Transcodificaci\u00f3n en vivo<\/li>\n<li>VOD (Video on Demand)<\/li>\n<\/ul>\n","protected":false},"excerpt":{"rendered":"Emisiones de canales en TDT Brindamos el servicio de infraestructura, multiplexado y transmisi\u00f3n para se\u00f1ales de televisi\u00f3n digital en la norma ISDB-T. Nuestra plataforma cuenta con 101 Estaciones Digitales de Transmisi\u00f3n (EDT), distribuidas en las 24 provincias de Argentina. Modalidades Transmisores de 1 kW Transmisores de 300 W Multicast Ofrecemos el servicio de transmisi\u00f3n de&#8230; <a class=\"view-article\" href=\"https:\/\/\/web.devops.arsat.com.ar\/soluciones-comerciales\/tv-y-streaming\/\">View Article<\/a>","protected":false},"author":15,"featured_media":8256,"parent":7886,"menu_order":7,"comment_status":"closed","ping_status":"closed","template":"template-soluciones.php","meta":{"footnotes":""},"class_list":["post-7905","page","type-page","status-publish","has-post-thumbnail","hentry"],"acf":[],"yoast_head":"<!-- This site is optimized with the Yoast SEO plugin v19.7.2 - https:\/\/yoast.com\/wordpress\/plugins\/seo\/ -->\n<title>TV y Streaming - Arsat<\/title>\n<meta name=\"robots\" content=\"index, follow, max-snippet:-1, max-image-preview:large, max-video-preview:-1\" \/>\n<link rel=\"canonical\" href=\"https:\/\/web.devops.arsat.com.ar\/soluciones-comerciales\/tv-y-streaming\/\" \/>\n<meta property=\"og:locale\" content=\"es_ES\" \/>\n<meta property=\"og:type\" content=\"article\" \/>\n<meta property=\"og:title\" content=\"TV y Streaming - Arsat\" \/>\n<meta property=\"og:description\" content=\"Emisiones de canales en TDT Brindamos el servicio de infraestructura, multiplexado y transmisi\u00f3n para se\u00f1ales de televisi\u00f3n digital en la norma ISDB-T. Nuestra plataforma cuenta con 101 Estaciones Digitales de Transmisi\u00f3n (EDT), distribuidas en las 24 provincias de Argentina. Modalidades Transmisores de 1 kW Transmisores de 300 W Multicast Ofrecemos el servicio de transmisi\u00f3n de... View Article\" \/>\n<meta property=\"og:url\" content=\"https:\/\/\/web.devops.arsat.com.ar\/soluciones-comerciales\/tv-y-streaming\/\" \/>\n<meta property=\"og:site_name\" content=\"Arsat\" \/>\n<meta property=\"article:publisher\" content=\"https:\/\/www.facebook.com\/arsatsa\/\" \/>\n<meta property=\"article:modified_time\" content=\"2023-09-20T16:14:18+00:00\" \/>\n<meta property=\"og:image\" content=\"https:\/\/web.devops.arsat.com.ar\/wp-content\/uploads\/2023\/02\/soluciones-comerciales-tv-streaming.png\" \/>\n\t<meta property=\"og:image:width\" content=\"512\" \/>\n\t<meta property=\"og:image:height\" content=\"512\" \/>\n\t<meta property=\"og:image:type\" content=\"image\/png\" \/>\n<meta name=\"twitter:card\" content=\"summary_large_image\" \/>\n<meta name=\"twitter:site\" content=\"@ARSATSA\" \/>\n<meta name=\"twitter:label1\" content=\"Tiempo de lectura\" \/>\n\t<meta name=\"twitter:data1\" content=\"1 minuto\" \/>\n<script type=\"application\/ld+json\" class=\"yoast-schema-graph\">{\"@context\":\"https:\/\/schema.org\",\"@graph\":[{\"@type\":\"WebPage\",\"@id\":\"https:\/\/\/web.devops.arsat.com.ar\/soluciones-comerciales\/tv-y-streaming\/\",\"url\":\"https:\/\/\/web.devops.arsat.com.ar\/soluciones-comerciales\/tv-y-streaming\/\",\"name\":\"TV y Streaming - Arsat\",\"isPartOf\":{\"@id\":\"https:\/\/\/web.devops.arsat.com.ar\/#website\"},\"datePublished\":\"2023-01-21T10:37:02+00:00\",\"dateModified\":\"2023-09-20T16:14:18+00:00\",\"breadcrumb\":{\"@id\":\"https:\/\/\/web.devops.arsat.com.ar\/soluciones-comerciales\/tv-y-streaming\/#breadcrumb\"},\"inLanguage\":\"es\",\"potentialAction\":[{\"@type\":\"ReadAction\",\"target\":[\"https:\/\/\/web.devops.arsat.com.ar\/soluciones-comerciales\/tv-y-streaming\/\"]}]},{\"@type\":\"BreadcrumbList\",\"@id\":\"https:\/\/\/web.devops.arsat.com.ar\/soluciones-comerciales\/tv-y-streaming\/#breadcrumb\",\"itemListElement\":[{\"@type\":\"ListItem\",\"position\":1,\"name\":\"Inicio\",\"item\":\"\/\"},{\"@type\":\"ListItem\",\"position\":2,\"name\":\"Soluciones comerciales\",\"item\":\"\/\"},{\"@type\":\"ListItem\",\"position\":3,\"name\":\"TV y Streaming\"}]},{\"@type\":\"WebSite\",\"@id\":\"https:\/\/\/web.devops.arsat.com.ar\/#website\",\"url\":\"https:\/\/\/web.devops.arsat.com.ar\/\",\"name\":\"Arsat\",\"description\":\"Estamos conectados\",\"publisher\":{\"@id\":\"https:\/\/\/web.devops.arsat.com.ar\/#organization\"},\"potentialAction\":[{\"@type\":\"SearchAction\",\"target\":{\"@type\":\"EntryPoint\",\"urlTemplate\":\"https:\/\/\/web.devops.arsat.com.ar\/?s={search_term_string}\"},\"query-input\":\"required name=search_term_string\"}],\"inLanguage\":\"es\"},{\"@type\":\"Organization\",\"@id\":\"https:\/\/\/web.devops.arsat.com.ar\/#organization\",\"name\":\"ARSAT\",\"url\":\"https:\/\/\/web.devops.arsat.com.ar\/\",\"sameAs\":[\"https:\/\/www.instagram.com\/arsatok\/\",\"https:\/\/www.youtube.com\/channel\/UCzMa-rxDrzoFGPdmhsewDiA\",\"https:\/\/www.facebook.com\/arsatsa\/\",\"https:\/\/twitter.com\/ARSATSA\"],\"logo\":{\"@type\":\"ImageObject\",\"inLanguage\":\"es\",\"@id\":\"https:\/\/\/web.devops.arsat.com.ar\/#\/schema\/logo\/image\/\",\"url\":\"https:\/\/www.arsat.com.ar\/wp-content\/uploads\/2021\/03\/Antena-desde-aire.jpg\",\"contentUrl\":\"https:\/\/www.arsat.com.ar\/wp-content\/uploads\/2021\/03\/Antena-desde-aire.jpg\",\"width\":1750,\"height\":984,\"caption\":\"ARSAT\"},\"image\":{\"@id\":\"https:\/\/\/web.devops.arsat.com.ar\/#\/schema\/logo\/image\/\"}}]}<\/script>\n<!-- \/ Yoast SEO plugin. -->","yoast_head_json":{"title":"TV y Streaming - Arsat","robots":{"index":"index","follow":"follow","max-snippet":"max-snippet:-1","max-image-preview":"max-image-preview:large","max-video-preview":"max-video-preview:-1"},"canonical":"https:\/\/web.devops.arsat.com.ar\/soluciones-comerciales\/tv-y-streaming\/","og_locale":"es_ES","og_type":"article","og_title":"TV y Streaming - Arsat","og_description":"Emisiones de canales en TDT Brindamos el servicio de infraestructura, multiplexado y transmisi\u00f3n para se\u00f1ales de televisi\u00f3n digital en la norma ISDB-T. Nuestra plataforma cuenta con 101 Estaciones Digitales de Transmisi\u00f3n (EDT), distribuidas en las 24 provincias de Argentina. Modalidades Transmisores de 1 kW Transmisores de 300 W Multicast Ofrecemos el servicio de transmisi\u00f3n de... View Article","og_url":"https:\/\/\/web.devops.arsat.com.ar\/soluciones-comerciales\/tv-y-streaming\/","og_site_name":"Arsat","article_publisher":"https:\/\/www.facebook.com\/arsatsa\/","article_modified_time":"2023-09-20T16:14:18+00:00","og_image":[{"width":512,"height":512,"url":"https:\/\/web.devops.arsat.com.ar\/wp-content\/uploads\/2023\/02\/soluciones-comerciales-tv-streaming.png","type":"image\/png"}],"twitter_card":"summary_large_image","twitter_site":"@ARSATSA","twitter_misc":{"Tiempo de lectura":"1 minuto"},"schema":{"@context":"https:\/\/schema.org","@graph":[{"@type":"WebPage","@id":"https:\/\/\/web.devops.arsat.com.ar\/soluciones-comerciales\/tv-y-streaming\/","url":"https:\/\/\/web.devops.arsat.com.ar\/soluciones-comerciales\/tv-y-streaming\/","name":"TV y Streaming - Arsat","isPartOf":{"@id":"https:\/\/\/web.devops.arsat.com.ar\/#website"},"datePublished":"2023-01-21T10:37:02+00:00","dateModified":"2023-09-20T16:14:18+00:00","breadcrumb":{"@id":"https:\/\/\/web.devops.arsat.com.ar\/soluciones-comerciales\/tv-y-streaming\/#breadcrumb"},"inLanguage":"es","potentialAction":[{"@type":"ReadAction","target":["https:\/\/\/web.devops.arsat.com.ar\/soluciones-comerciales\/tv-y-streaming\/"]}]},{"@type":"BreadcrumbList","@id":"https:\/\/\/web.devops.arsat.com.ar\/soluciones-comerciales\/tv-y-streaming\/#breadcrumb","itemListElement":[{"@type":"ListItem","position":1,"name":"Inicio","item":"\/"},{"@type":"ListItem","position":2,"name":"Soluciones comerciales","item":"\/"},{"@type":"ListItem","position":3,"name":"TV y Streaming"}]},{"@type":"WebSite","@id":"https:\/\/\/web.devops.arsat.com.ar\/#website","url":"https:\/\/\/web.devops.arsat.com.ar\/","name":"Arsat","description":"Estamos conectados","publisher":{"@id":"https:\/\/\/web.devops.arsat.com.ar\/#organization"},"potentialAction":[{"@type":"SearchAction","target":{"@type":"EntryPoint","urlTemplate":"https:\/\/\/web.devops.arsat.com.ar\/?s={search_term_string}"},"query-input":"required name=search_term_string"}],"inLanguage":"es"},{"@type":"Organization","@id":"https:\/\/\/web.devops.arsat.com.ar\/#organization","name":"ARSAT","url":"https:\/\/\/web.devops.arsat.com.ar\/","sameAs":["https:\/\/www.instagram.com\/arsatok\/","https:\/\/www.youtube.com\/channel\/UCzMa-rxDrzoFGPdmhsewDiA","https:\/\/www.facebook.com\/arsatsa\/","https:\/\/twitter.com\/ARSATSA"],"logo":{"@type":"ImageObject","inLanguage":"es","@id":"https:\/\/\/web.devops.arsat.com.ar\/#\/schema\/logo\/image\/","url":"https:\/\/www.arsat.com.ar\/wp-content\/uploads\/2021\/03\/Antena-desde-aire.jpg","contentUrl":"https:\/\/www.arsat.com.ar\/wp-content\/uploads\/2021\/03\/Antena-desde-aire.jpg","width":1750,"height":984,"caption":"ARSAT"},"image":{"@id":"https:\/\/\/web.devops.arsat.com.ar\/#\/schema\/logo\/image\/"}}]}},"_links":{"self":[{"href":"https:\/\/\/web.devops.arsat.com.ar\/wp-json\/wp\/v2\/pages\/7905","targetHints":{"allow":["GET"]}}],"collection":[{"href":"https:\/\/\/web.devops.arsat.com.ar\/wp-json\/wp\/v2\/pages"}],"about":[{"href":"https:\/\/\/web.devops.arsat.com.ar\/wp-json\/wp\/v2\/types\/page"}],"author":[{"embeddable":true,"href":"https:\/\/\/web.devops.arsat.com.ar\/wp-json\/wp\/v2\/users\/15"}],"replies":[{"embeddable":true,"href":"https:\/\/\/web.devops.arsat.com.ar\/wp-json\/wp\/v2\/comments?post=7905"}],"version-history":[{"count":9,"href":"https:\/\/\/web.devops.arsat.com.ar\/wp-json\/wp\/v2\/pages\/7905\/revisions"}],"predecessor-version":[{"id":8859,"href":"https:\/\/\/web.devops.arsat.com.ar\/wp-json\/wp\/v2\/pages\/7905\/revisions\/8859"}],"up":[{"embeddable":true,"href":"https:\/\/\/web.devops.arsat.com.ar\/wp-json\/wp\/v2\/pages\/7886"}],"wp:featuredmedia":[{"embeddable":true,"href":"https:\/\/\/web.devops.arsat.com.ar\/wp-json\/wp\/v2\/media\/8256"}],"wp:attachment":[{"href":"https:\/\/\/web.devops.arsat.com.ar\/wp-json\/wp\/v2\/media?parent=7905"}],"curies":[{"name":"wp","href":"https:\/\/api.w.org\/{rel}","templated":true}]}}